{"id":3327,"date":"2026-05-07T16:07:13","date_gmt":"2026-05-07T15:07:13","guid":{"rendered":"https:\/\/www.qevsolutions.be\/?post_type=product&#038;p=3327"},"modified":"2026-05-07T16:29:48","modified_gmt":"2026-05-07T15:29:48","slug":"cheergy-pq-22kw-chargeur-portable","status":"publish","type":"product","link":"https:\/\/www.qevsolutions.be\/fr\/produit\/cheergy-pq-22kw-chargeur-portable\/","title":{"rendered":"Cheergy PQ 22KW chargeur portable"},"content":{"rendered":"<p>Cheergy est un fabricant belge, ce qui nous permet de vous offrir un excellent service.<\/p>\n<p>En tant que distributeur en Belgique, chez Q ev solutions, nous sommes fiers de commercialiser ce produit.<\/p>\n<p>Ce chargeur professionnel offre une puissance de sortie allant jusqu&rsquo;\u00e0 22 kW.<\/p>\n<p>Ce chargeur mobile est id\u00e9al pour les entreprises de construction qui souhaitent recharger leurs v\u00e9hicules sur les chantiers et \u00e0 domicile.<br \/>\nIl convient \u00e9galement parfaitement \u00e0 une utilisation domestique, fix\u00e9 au mur.<\/p>\n<p>Fabriqu\u00e9s en polycarbonate robuste, les chargeurs PQ r\u00e9pondent aux normes IP67 et IK08. Ils sont donc \u00e9tanches \u00e0 la poussi\u00e8re et \u00e0 l&rsquo;eau, et r\u00e9sistent aux chocs importants.<\/p>\n<p>Vous pouvez \u00e9galement l&rsquo;int\u00e9grer \u00e0 votre syst\u00e8me CPo pour le rendre public ou enregistrer les sessions de recharge de tous les utilisateurs.<\/p>\n<p>Un syst\u00e8me de suivi antivol exclusif, accessible via l&rsquo;application et fonctionnant par satellite, est inclus.<\/p>\n<p>Demandez des informations d\u00e8s aujourd&rsquo;hui.<\/p>\n","protected":false},"excerpt":{"rendered":"<p>Cheergy est un fabricant belge, ce qui nous permet de vous offrir un excellent service. En tant que distributeur en Belgique, chez Q ev solutions, nous sommes fiers de commercialiser ce produit. Ce chargeur professionnel offre une puissance de sortie allant jusqu&rsquo;\u00e0 22 kW. Ce chargeur mobile est id\u00e9al pour les entreprises de construction qui [&hellip;]<\/p>\n","protected":false},"featured_media":3306,"template":"","meta":[],"product_brand":[],"product_cat":[319,322],"product_tag":[],"class_list":{"0":"post-3327","1":"product","2":"type-product","3":"status-publish","4":"has-post-thumbnail","6":"product_cat-bornes-de-recharge","7":"product_cat-chargeurs-dentreprise","9":"first","10":"outofstock","11":"taxable","12":"shipping-taxable","13":"purchasable","14":"product-type-simple"},"yoast_head":"<!-- This site is optimized with the Yoast SEO plugin v27.5 - https:\/\/yoast.com\/product\/yoast-seo-wordpress\/ -->\n<title>Cheergy PQ 22KW chargeur portable - Q.Ev. Solutions and distributions<\/title>\n<meta name=\"description\" content=\"Chargeur commercial Cheergy jusqu&#039;\u00e0 22 kW, transportable sur diff\u00e9rents sites\u00a0: un seul chargeur pour diff\u00e9rents lieux, id\u00e9al pour les entreprises de construction.\" \/>\n<meta name=\"robots\" content=\"index, follow, max-snippet:-1, max-image-preview:large, max-video-preview:-1\" \/>\n<link rel=\"canonical\" href=\"https:\/\/www.qevsolutions.be\/fr\/produit\/cheergy-pq-22kw-chargeur-portable\/\" \/>\n<meta property=\"og:locale\" content=\"fr_FR\" \/>\n<meta property=\"og:type\" content=\"article\" \/>\n<meta property=\"og:title\" content=\"Cheergy PQ 22KW chargeur portable - Q.Ev. Solutions and distributions\" \/>\n<meta property=\"og:description\" content=\"Chargeur commercial Cheergy jusqu&#039;\u00e0 22 kW, transportable sur diff\u00e9rents sites\u00a0: un seul chargeur pour diff\u00e9rents lieux, id\u00e9al pour les entreprises de construction.\" \/>\n<meta property=\"og:url\" content=\"https:\/\/www.qevsolutions.be\/fr\/produit\/cheergy-pq-22kw-chargeur-portable\/\" \/>\n<meta property=\"og:site_name\" content=\"Q.Ev. Solutions and distributions\" \/>\n<meta property=\"article:modified_time\" content=\"2026-05-07T15:29:48+00:00\" \/>\n<meta property=\"og:image\" content=\"https:\/\/www.qevsolutions.be\/wp-content\/uploads\/2026\/05\/Schermafbeelding-2026-05-07-155129.png\" \/>\n\t<meta property=\"og:image:width\" content=\"367\" \/>\n\t<meta property=\"og:image:height\" content=\"397\" \/>\n\t<meta property=\"og:image:type\" content=\"image\/png\" \/>\n<meta name=\"twitter:card\" content=\"summary_large_image\" \/>\n<meta name=\"twitter:label1\" content=\"Dur\u00e9e de lecture estim\u00e9e\" \/>\n\t<meta name=\"twitter:data1\" content=\"1 minute\" \/>\n<script type=\"application\/ld+json\" class=\"yoast-schema-graph\">{\"@context\":\"https:\\\/\\\/schema.org\",\"@graph\":[{\"@type\":\"WebPage\",\"@id\":\"https:\\\/\\\/www.qevsolutions.be\\\/fr\\\/produit\\\/cheergy-pq-22kw-chargeur-portable\\\/\",\"url\":\"https:\\\/\\\/www.qevsolutions.be\\\/fr\\\/produit\\\/cheergy-pq-22kw-chargeur-portable\\\/\",\"name\":\"Cheergy PQ 22KW chargeur portable - Q.Ev. Solutions and distributions\",\"isPartOf\":{\"@id\":\"https:\\\/\\\/www.qevsolutions.be\\\/fr\\\/#website\"},\"primaryImageOfPage\":{\"@id\":\"https:\\\/\\\/www.qevsolutions.be\\\/fr\\\/produit\\\/cheergy-pq-22kw-chargeur-portable\\\/#primaryimage\"},\"image\":{\"@id\":\"https:\\\/\\\/www.qevsolutions.be\\\/fr\\\/produit\\\/cheergy-pq-22kw-chargeur-portable\\\/#primaryimage\"},\"thumbnailUrl\":\"https:\\\/\\\/www.qevsolutions.be\\\/wp-content\\\/uploads\\\/2026\\\/05\\\/Schermafbeelding-2026-05-07-155129.png\",\"datePublished\":\"2026-05-07T15:07:13+00:00\",\"dateModified\":\"2026-05-07T15:29:48+00:00\",\"description\":\"Chargeur commercial Cheergy jusqu'\u00e0 22 kW, transportable sur diff\u00e9rents sites\u00a0: un seul chargeur pour diff\u00e9rents lieux, id\u00e9al pour les entreprises de construction.\",\"breadcrumb\":{\"@id\":\"https:\\\/\\\/www.qevsolutions.be\\\/fr\\\/produit\\\/cheergy-pq-22kw-chargeur-portable\\\/#breadcrumb\"},\"inLanguage\":\"fr-FR\",\"potentialAction\":[{\"@type\":\"ReadAction\",\"target\":[\"https:\\\/\\\/www.qevsolutions.be\\\/fr\\\/produit\\\/cheergy-pq-22kw-chargeur-portable\\\/\"]}]},{\"@type\":\"ImageObject\",\"inLanguage\":\"fr-FR\",\"@id\":\"https:\\\/\\\/www.qevsolutions.be\\\/fr\\\/produit\\\/cheergy-pq-22kw-chargeur-portable\\\/#primaryimage\",\"url\":\"https:\\\/\\\/www.qevsolutions.be\\\/wp-content\\\/uploads\\\/2026\\\/05\\\/Schermafbeelding-2026-05-07-155129.png\",\"contentUrl\":\"https:\\\/\\\/www.qevsolutions.be\\\/wp-content\\\/uploads\\\/2026\\\/05\\\/Schermafbeelding-2026-05-07-155129.png\",\"width\":367,\"height\":397},{\"@type\":\"BreadcrumbList\",\"@id\":\"https:\\\/\\\/www.qevsolutions.be\\\/fr\\\/produit\\\/cheergy-pq-22kw-chargeur-portable\\\/#breadcrumb\",\"itemListElement\":[{\"@type\":\"ListItem\",\"position\":1,\"name\":\"Home\",\"item\":\"https:\\\/\\\/www.qevsolutions.be\\\/fr\\\/\"},{\"@type\":\"ListItem\",\"position\":2,\"name\":\"Commandez vos bornes de recharge et accessoires en ligne\",\"item\":\"https:\\\/\\\/www.qevsolutions.be\\\/fr\\\/boutique\\\/\"},{\"@type\":\"ListItem\",\"position\":3,\"name\":\"Cheergy PQ 22KW chargeur portable\"}]},{\"@type\":\"WebSite\",\"@id\":\"https:\\\/\\\/www.qevsolutions.be\\\/fr\\\/#website\",\"url\":\"https:\\\/\\\/www.qevsolutions.be\\\/fr\\\/\",\"name\":\"Q.Ev. Solutions and distributions\",\"description\":\"\",\"potentialAction\":[{\"@type\":\"SearchAction\",\"target\":{\"@type\":\"EntryPoint\",\"urlTemplate\":\"https:\\\/\\\/www.qevsolutions.be\\\/fr\\\/?s={search_term_string}\"},\"query-input\":{\"@type\":\"PropertyValueSpecification\",\"valueRequired\":true,\"valueName\":\"search_term_string\"}}],\"inLanguage\":\"fr-FR\"}]}<\/script>\n<!-- \/ Yoast SEO plugin. -->","yoast_head_json":{"title":"Cheergy PQ 22KW chargeur portable - Q.Ev. Solutions and distributions","description":"Chargeur commercial Cheergy jusqu'\u00e0 22 kW, transportable sur diff\u00e9rents sites\u00a0: un seul chargeur pour diff\u00e9rents lieux, id\u00e9al pour les entreprises de construction.","robots":{"index":"index","follow":"follow","max-snippet":"max-snippet:-1","max-image-preview":"max-image-preview:large","max-video-preview":"max-video-preview:-1"},"canonical":"https:\/\/www.qevsolutions.be\/fr\/produit\/cheergy-pq-22kw-chargeur-portable\/","og_locale":"fr_FR","og_type":"article","og_title":"Cheergy PQ 22KW chargeur portable - Q.Ev. Solutions and distributions","og_description":"Chargeur commercial Cheergy jusqu'\u00e0 22 kW, transportable sur diff\u00e9rents sites\u00a0: un seul chargeur pour diff\u00e9rents lieux, id\u00e9al pour les entreprises de construction.","og_url":"https:\/\/www.qevsolutions.be\/fr\/produit\/cheergy-pq-22kw-chargeur-portable\/","og_site_name":"Q.Ev. Solutions and distributions","article_modified_time":"2026-05-07T15:29:48+00:00","og_image":[{"width":367,"height":397,"url":"https:\/\/www.qevsolutions.be\/wp-content\/uploads\/2026\/05\/Schermafbeelding-2026-05-07-155129.png","type":"image\/png"}],"twitter_card":"summary_large_image","twitter_misc":{"Dur\u00e9e de lecture estim\u00e9e":"1 minute"},"schema":{"@context":"https:\/\/schema.org","@graph":[{"@type":"WebPage","@id":"https:\/\/www.qevsolutions.be\/fr\/produit\/cheergy-pq-22kw-chargeur-portable\/","url":"https:\/\/www.qevsolutions.be\/fr\/produit\/cheergy-pq-22kw-chargeur-portable\/","name":"Cheergy PQ 22KW chargeur portable - Q.Ev. Solutions and distributions","isPartOf":{"@id":"https:\/\/www.qevsolutions.be\/fr\/#website"},"primaryImageOfPage":{"@id":"https:\/\/www.qevsolutions.be\/fr\/produit\/cheergy-pq-22kw-chargeur-portable\/#primaryimage"},"image":{"@id":"https:\/\/www.qevsolutions.be\/fr\/produit\/cheergy-pq-22kw-chargeur-portable\/#primaryimage"},"thumbnailUrl":"https:\/\/www.qevsolutions.be\/wp-content\/uploads\/2026\/05\/Schermafbeelding-2026-05-07-155129.png","datePublished":"2026-05-07T15:07:13+00:00","dateModified":"2026-05-07T15:29:48+00:00","description":"Chargeur commercial Cheergy jusqu'\u00e0 22 kW, transportable sur diff\u00e9rents sites\u00a0: un seul chargeur pour diff\u00e9rents lieux, id\u00e9al pour les entreprises de construction.","breadcrumb":{"@id":"https:\/\/www.qevsolutions.be\/fr\/produit\/cheergy-pq-22kw-chargeur-portable\/#breadcrumb"},"inLanguage":"fr-FR","potentialAction":[{"@type":"ReadAction","target":["https:\/\/www.qevsolutions.be\/fr\/produit\/cheergy-pq-22kw-chargeur-portable\/"]}]},{"@type":"ImageObject","inLanguage":"fr-FR","@id":"https:\/\/www.qevsolutions.be\/fr\/produit\/cheergy-pq-22kw-chargeur-portable\/#primaryimage","url":"https:\/\/www.qevsolutions.be\/wp-content\/uploads\/2026\/05\/Schermafbeelding-2026-05-07-155129.png","contentUrl":"https:\/\/www.qevsolutions.be\/wp-content\/uploads\/2026\/05\/Schermafbeelding-2026-05-07-155129.png","width":367,"height":397},{"@type":"BreadcrumbList","@id":"https:\/\/www.qevsolutions.be\/fr\/produit\/cheergy-pq-22kw-chargeur-portable\/#breadcrumb","itemListElement":[{"@type":"ListItem","position":1,"name":"Home","item":"https:\/\/www.qevsolutions.be\/fr\/"},{"@type":"ListItem","position":2,"name":"Commandez vos bornes de recharge et accessoires en ligne","item":"https:\/\/www.qevsolutions.be\/fr\/boutique\/"},{"@type":"ListItem","position":3,"name":"Cheergy PQ 22KW chargeur portable"}]},{"@type":"WebSite","@id":"https:\/\/www.qevsolutions.be\/fr\/#website","url":"https:\/\/www.qevsolutions.be\/fr\/","name":"Q.Ev. Solutions and distributions","description":"","potentialAction":[{"@type":"SearchAction","target":{"@type":"EntryPoint","urlTemplate":"https:\/\/www.qevsolutions.be\/fr\/?s={search_term_string}"},"query-input":{"@type":"PropertyValueSpecification","valueRequired":true,"valueName":"search_term_string"}}],"inLanguage":"fr-FR"}]}},"_links":{"self":[{"href":"https:\/\/www.qevsolutions.be\/fr\/wp-json\/wp\/v2\/product\/3327","targetHints":{"allow":["GET"]}}],"collection":[{"href":"https:\/\/www.qevsolutions.be\/fr\/wp-json\/wp\/v2\/product"}],"about":[{"href":"https:\/\/www.qevsolutions.be\/fr\/wp-json\/wp\/v2\/types\/product"}],"wp:featuredmedia":[{"embeddable":true,"href":"https:\/\/www.qevsolutions.be\/fr\/wp-json\/wp\/v2\/media\/3306"}],"wp:attachment":[{"href":"https:\/\/www.qevsolutions.be\/fr\/wp-json\/wp\/v2\/media?parent=3327"}],"wp:term":[{"taxonomy":"product_brand","embeddable":true,"href":"https:\/\/www.qevsolutions.be\/fr\/wp-json\/wp\/v2\/product_brand?post=3327"},{"taxonomy":"product_cat","embeddable":true,"href":"https:\/\/www.qevsolutions.be\/fr\/wp-json\/wp\/v2\/product_cat?post=3327"},{"taxonomy":"product_tag","embeddable":true,"href":"https:\/\/www.qevsolutions.be\/fr\/wp-json\/wp\/v2\/product_tag?post=3327"}],"curies":[{"name":"wp","href":"https:\/\/api.w.org\/{rel}","templated":true}]}}