{"id":3324,"date":"2026-05-07T15:48:28","date_gmt":"2026-05-07T14:48:28","guid":{"rendered":"https:\/\/www.qevsolutions.be\/?post_type=product&#038;p=3324"},"modified":"2026-05-08T16:12:13","modified_gmt":"2026-05-08T15:12:13","slug":"cheergy-wq-40-80kw","status":"publish","type":"product","link":"https:\/\/www.qevsolutions.be\/fr\/produit\/cheergy-wq-40-80kw\/","title":{"rendered":"Cheergy WQ 40 &#8211; 80KW"},"content":{"rendered":"<p>Cheergy est un fabricant belge, ce qui nous permet de vous offrir un excellent service.<\/p>\n<p>En tant que distributeur en Belgique, Q ev solutions est fier de commercialiser ce produit.<\/p>\n<p>Cette borne de recharge rapide offre une puissance de 40 kW \u00e0 80 kW et est id\u00e9ale pour les parkings de commerces ou de cabinets m\u00e9dicaux.<br \/> <br \/>\nUn connecteur CCS pour le WQ40, deux connecteurs CCS2 pour le WQ80 et un grand \u00e9cran facilitent son utilisation par vos clients.<\/p>\n<p>Gr\u00e2ce \u00e0 sa conception compacte, elle peut \u00eatre install\u00e9e partout, des petits aux grands parkings.<br \/> <br \/>\nEn option, vous pouvez ajouter une plaque de montage pour la fixer au mur\u00a0; en version standard, elle est mont\u00e9e sur un socle.<\/p>\n<p>Demandez des informations d\u00e8s aujourd&rsquo;hui et installez cette borne de recharge rapide dans votre parking.<\/p>\n","protected":false},"excerpt":{"rendered":"<p>Cheergy est un fabricant belge, ce qui nous permet de vous offrir un excellent service. En tant que distributeur en Belgique, Q ev solutions est fier de commercialiser ce produit. Cette borne de recharge rapide offre une puissance de 40 kW \u00e0 80 kW et est id\u00e9ale pour les parkings de commerces ou de cabinets [&hellip;]<\/p>\n","protected":false},"featured_media":3321,"template":"","meta":[],"product_brand":[],"product_cat":[319,381],"product_tag":[],"class_list":{"0":"post-3324","1":"product","2":"type-product","3":"status-publish","4":"has-post-thumbnail","6":"product_cat-bornes-de-recharge","7":"product_cat-chargeur-rapide","9":"first","10":"outofstock","11":"taxable","12":"shipping-taxable","13":"product-type-simple"},"yoast_head":"<!-- This site is optimized with the Yoast SEO plugin v27.5 - https:\/\/yoast.com\/product\/yoast-seo-wordpress\/ -->\n<title>Cheergy WQ 40 - 80KW - Q.Ev. Solutions and distributions<\/title>\n<meta name=\"description\" content=\"La borne de recharge rapide Cheergy de 40 kW \u00e0 80 kW est fournie sur un socle, mais peut \u00e9galement \u00eatre fix\u00e9e au mur (en option). Design compact et \u00e9l\u00e9gant.\" \/>\n<meta name=\"robots\" content=\"index, follow, max-snippet:-1, max-image-preview:large, max-video-preview:-1\" \/>\n<link rel=\"canonical\" href=\"https:\/\/www.qevsolutions.be\/fr\/produit\/cheergy-wq-40-80kw\/\" \/>\n<meta property=\"og:locale\" content=\"fr_FR\" \/>\n<meta property=\"og:type\" content=\"article\" \/>\n<meta property=\"og:title\" content=\"Cheergy WQ 40 - 80KW - Q.Ev. Solutions and distributions\" \/>\n<meta property=\"og:description\" content=\"La borne de recharge rapide Cheergy de 40 kW \u00e0 80 kW est fournie sur un socle, mais peut \u00e9galement \u00eatre fix\u00e9e au mur (en option). Design compact et \u00e9l\u00e9gant.\" \/>\n<meta property=\"og:url\" content=\"https:\/\/www.qevsolutions.be\/fr\/produit\/cheergy-wq-40-80kw\/\" \/>\n<meta property=\"og:site_name\" content=\"Q.Ev. Solutions and distributions\" \/>\n<meta property=\"article:modified_time\" content=\"2026-05-08T15:12:13+00:00\" \/>\n<meta property=\"og:image\" content=\"https:\/\/www.qevsolutions.be\/wp-content\/uploads\/2026\/05\/WQ80kW-viz-2.jpg\" \/>\n\t<meta property=\"og:image:width\" content=\"3840\" \/>\n\t<meta property=\"og:image:height\" content=\"2160\" \/>\n\t<meta property=\"og:image:type\" content=\"image\/jpeg\" \/>\n<meta name=\"twitter:card\" content=\"summary_large_image\" \/>\n<meta name=\"twitter:label1\" content=\"Dur\u00e9e de lecture estim\u00e9e\" \/>\n\t<meta name=\"twitter:data1\" content=\"1 minute\" \/>\n<script type=\"application\/ld+json\" class=\"yoast-schema-graph\">{\"@context\":\"https:\\\/\\\/schema.org\",\"@graph\":[{\"@type\":\"WebPage\",\"@id\":\"https:\\\/\\\/www.qevsolutions.be\\\/fr\\\/produit\\\/cheergy-wq-40-80kw\\\/\",\"url\":\"https:\\\/\\\/www.qevsolutions.be\\\/fr\\\/produit\\\/cheergy-wq-40-80kw\\\/\",\"name\":\"Cheergy WQ 40 - 80KW - Q.Ev. Solutions and distributions\",\"isPartOf\":{\"@id\":\"https:\\\/\\\/www.qevsolutions.be\\\/fr\\\/#website\"},\"primaryImageOfPage\":{\"@id\":\"https:\\\/\\\/www.qevsolutions.be\\\/fr\\\/produit\\\/cheergy-wq-40-80kw\\\/#primaryimage\"},\"image\":{\"@id\":\"https:\\\/\\\/www.qevsolutions.be\\\/fr\\\/produit\\\/cheergy-wq-40-80kw\\\/#primaryimage\"},\"thumbnailUrl\":\"https:\\\/\\\/www.qevsolutions.be\\\/wp-content\\\/uploads\\\/2026\\\/05\\\/WQ80kW-viz-2.jpg\",\"datePublished\":\"2026-05-07T14:48:28+00:00\",\"dateModified\":\"2026-05-08T15:12:13+00:00\",\"description\":\"La borne de recharge rapide Cheergy de 40 kW \u00e0 80 kW est fournie sur un socle, mais peut \u00e9galement \u00eatre fix\u00e9e au mur (en option). Design compact et \u00e9l\u00e9gant.\",\"breadcrumb\":{\"@id\":\"https:\\\/\\\/www.qevsolutions.be\\\/fr\\\/produit\\\/cheergy-wq-40-80kw\\\/#breadcrumb\"},\"inLanguage\":\"fr-FR\",\"potentialAction\":[{\"@type\":\"ReadAction\",\"target\":[\"https:\\\/\\\/www.qevsolutions.be\\\/fr\\\/produit\\\/cheergy-wq-40-80kw\\\/\"]}]},{\"@type\":\"ImageObject\",\"inLanguage\":\"fr-FR\",\"@id\":\"https:\\\/\\\/www.qevsolutions.be\\\/fr\\\/produit\\\/cheergy-wq-40-80kw\\\/#primaryimage\",\"url\":\"https:\\\/\\\/www.qevsolutions.be\\\/wp-content\\\/uploads\\\/2026\\\/05\\\/WQ80kW-viz-2.jpg\",\"contentUrl\":\"https:\\\/\\\/www.qevsolutions.be\\\/wp-content\\\/uploads\\\/2026\\\/05\\\/WQ80kW-viz-2.jpg\",\"width\":3840,\"height\":2160},{\"@type\":\"BreadcrumbList\",\"@id\":\"https:\\\/\\\/www.qevsolutions.be\\\/fr\\\/produit\\\/cheergy-wq-40-80kw\\\/#breadcrumb\",\"itemListElement\":[{\"@type\":\"ListItem\",\"position\":1,\"name\":\"Home\",\"item\":\"https:\\\/\\\/www.qevsolutions.be\\\/fr\\\/\"},{\"@type\":\"ListItem\",\"position\":2,\"name\":\"Commandez vos bornes de recharge et accessoires en ligne\",\"item\":\"https:\\\/\\\/www.qevsolutions.be\\\/fr\\\/boutique\\\/\"},{\"@type\":\"ListItem\",\"position\":3,\"name\":\"Cheergy WQ 40 &#8211; 80KW\"}]},{\"@type\":\"WebSite\",\"@id\":\"https:\\\/\\\/www.qevsolutions.be\\\/fr\\\/#website\",\"url\":\"https:\\\/\\\/www.qevsolutions.be\\\/fr\\\/\",\"name\":\"Q.Ev. Solutions and distributions\",\"description\":\"\",\"potentialAction\":[{\"@type\":\"SearchAction\",\"target\":{\"@type\":\"EntryPoint\",\"urlTemplate\":\"https:\\\/\\\/www.qevsolutions.be\\\/fr\\\/?s={search_term_string}\"},\"query-input\":{\"@type\":\"PropertyValueSpecification\",\"valueRequired\":true,\"valueName\":\"search_term_string\"}}],\"inLanguage\":\"fr-FR\"}]}<\/script>\n<!-- \/ Yoast SEO plugin. -->","yoast_head_json":{"title":"Cheergy WQ 40 - 80KW - Q.Ev. Solutions and distributions","description":"La borne de recharge rapide Cheergy de 40 kW \u00e0 80 kW est fournie sur un socle, mais peut \u00e9galement \u00eatre fix\u00e9e au mur (en option). Design compact et \u00e9l\u00e9gant.","robots":{"index":"index","follow":"follow","max-snippet":"max-snippet:-1","max-image-preview":"max-image-preview:large","max-video-preview":"max-video-preview:-1"},"canonical":"https:\/\/www.qevsolutions.be\/fr\/produit\/cheergy-wq-40-80kw\/","og_locale":"fr_FR","og_type":"article","og_title":"Cheergy WQ 40 - 80KW - Q.Ev. Solutions and distributions","og_description":"La borne de recharge rapide Cheergy de 40 kW \u00e0 80 kW est fournie sur un socle, mais peut \u00e9galement \u00eatre fix\u00e9e au mur (en option). Design compact et \u00e9l\u00e9gant.","og_url":"https:\/\/www.qevsolutions.be\/fr\/produit\/cheergy-wq-40-80kw\/","og_site_name":"Q.Ev. Solutions and distributions","article_modified_time":"2026-05-08T15:12:13+00:00","og_image":[{"width":3840,"height":2160,"url":"https:\/\/www.qevsolutions.be\/wp-content\/uploads\/2026\/05\/WQ80kW-viz-2.jpg","type":"image\/jpeg"}],"twitter_card":"summary_large_image","twitter_misc":{"Dur\u00e9e de lecture estim\u00e9e":"1 minute"},"schema":{"@context":"https:\/\/schema.org","@graph":[{"@type":"WebPage","@id":"https:\/\/www.qevsolutions.be\/fr\/produit\/cheergy-wq-40-80kw\/","url":"https:\/\/www.qevsolutions.be\/fr\/produit\/cheergy-wq-40-80kw\/","name":"Cheergy WQ 40 - 80KW - Q.Ev. Solutions and distributions","isPartOf":{"@id":"https:\/\/www.qevsolutions.be\/fr\/#website"},"primaryImageOfPage":{"@id":"https:\/\/www.qevsolutions.be\/fr\/produit\/cheergy-wq-40-80kw\/#primaryimage"},"image":{"@id":"https:\/\/www.qevsolutions.be\/fr\/produit\/cheergy-wq-40-80kw\/#primaryimage"},"thumbnailUrl":"https:\/\/www.qevsolutions.be\/wp-content\/uploads\/2026\/05\/WQ80kW-viz-2.jpg","datePublished":"2026-05-07T14:48:28+00:00","dateModified":"2026-05-08T15:12:13+00:00","description":"La borne de recharge rapide Cheergy de 40 kW \u00e0 80 kW est fournie sur un socle, mais peut \u00e9galement \u00eatre fix\u00e9e au mur (en option). Design compact et \u00e9l\u00e9gant.","breadcrumb":{"@id":"https:\/\/www.qevsolutions.be\/fr\/produit\/cheergy-wq-40-80kw\/#breadcrumb"},"inLanguage":"fr-FR","potentialAction":[{"@type":"ReadAction","target":["https:\/\/www.qevsolutions.be\/fr\/produit\/cheergy-wq-40-80kw\/"]}]},{"@type":"ImageObject","inLanguage":"fr-FR","@id":"https:\/\/www.qevsolutions.be\/fr\/produit\/cheergy-wq-40-80kw\/#primaryimage","url":"https:\/\/www.qevsolutions.be\/wp-content\/uploads\/2026\/05\/WQ80kW-viz-2.jpg","contentUrl":"https:\/\/www.qevsolutions.be\/wp-content\/uploads\/2026\/05\/WQ80kW-viz-2.jpg","width":3840,"height":2160},{"@type":"BreadcrumbList","@id":"https:\/\/www.qevsolutions.be\/fr\/produit\/cheergy-wq-40-80kw\/#breadcrumb","itemListElement":[{"@type":"ListItem","position":1,"name":"Home","item":"https:\/\/www.qevsolutions.be\/fr\/"},{"@type":"ListItem","position":2,"name":"Commandez vos bornes de recharge et accessoires en ligne","item":"https:\/\/www.qevsolutions.be\/fr\/boutique\/"},{"@type":"ListItem","position":3,"name":"Cheergy WQ 40 &#8211; 80KW"}]},{"@type":"WebSite","@id":"https:\/\/www.qevsolutions.be\/fr\/#website","url":"https:\/\/www.qevsolutions.be\/fr\/","name":"Q.Ev. Solutions and distributions","description":"","potentialAction":[{"@type":"SearchAction","target":{"@type":"EntryPoint","urlTemplate":"https:\/\/www.qevsolutions.be\/fr\/?s={search_term_string}"},"query-input":{"@type":"PropertyValueSpecification","valueRequired":true,"valueName":"search_term_string"}}],"inLanguage":"fr-FR"}]}},"_links":{"self":[{"href":"https:\/\/www.qevsolutions.be\/fr\/wp-json\/wp\/v2\/product\/3324","targetHints":{"allow":["GET"]}}],"collection":[{"href":"https:\/\/www.qevsolutions.be\/fr\/wp-json\/wp\/v2\/product"}],"about":[{"href":"https:\/\/www.qevsolutions.be\/fr\/wp-json\/wp\/v2\/types\/product"}],"wp:featuredmedia":[{"embeddable":true,"href":"https:\/\/www.qevsolutions.be\/fr\/wp-json\/wp\/v2\/media\/3321"}],"wp:attachment":[{"href":"https:\/\/www.qevsolutions.be\/fr\/wp-json\/wp\/v2\/media?parent=3324"}],"wp:term":[{"taxonomy":"product_brand","embeddable":true,"href":"https:\/\/www.qevsolutions.be\/fr\/wp-json\/wp\/v2\/product_brand?post=3324"},{"taxonomy":"product_cat","embeddable":true,"href":"https:\/\/www.qevsolutions.be\/fr\/wp-json\/wp\/v2\/product_cat?post=3324"},{"taxonomy":"product_tag","embeddable":true,"href":"https:\/\/www.qevsolutions.be\/fr\/wp-json\/wp\/v2\/product_tag?post=3324"}],"curies":[{"name":"wp","href":"https:\/\/api.w.org\/{rel}","templated":true}]}}