{"id":3291,"date":"2026-05-07T15:25:29","date_gmt":"2026-05-07T14:25:29","guid":{"rendered":"https:\/\/www.qevsolutions.be\/?post_type=product&#038;p=3291"},"modified":"2026-05-08T16:05:39","modified_gmt":"2026-05-08T15:05:39","slug":"cheergy-lq-40kw-240kw","status":"publish","type":"product","link":"https:\/\/www.qevsolutions.be\/fr\/produit\/cheergy-lq-40kw-240kw\/","title":{"rendered":"Cheergy LQ 40KW &#8211; 240KW"},"content":{"rendered":"<p>Cheergy est un fabricant belge, ce qui nous permet de vous offrir un service d&rsquo;excellence.<\/p>\n<p>En tant que distributeur en Belgique, Q ev solutions est fier de commercialiser ce produit.<\/p>\n<p>Son design moderne et sa puissance de charge de 40 kW \u00e0 240 kW font de cette borne de recharge rapide un incontournable pour toute entreprise.<br \/> <br \/>\nVous avez le choix entre 1 ou 2 connecteurs CCS2 \u00e0 partir du mod\u00e8le LQ80\u00a0; de plus, vous pouvez commencer avec 40 kW et \u00e9voluer jusqu&rsquo;\u00e0 240 kW ult\u00e9rieurement (le nombre de connecteurs et la version \u00e9volutive standard doivent \u00eatre d\u00e9finis lors de la commande).<\/p>\n<p>Un grand \u00e9cran facilite son utilisation par vos clients.<\/p>\n<p>La personnalisation des couleurs et de l&rsquo;\u00e9clairage est possible \u00e0 partir de 5 unit\u00e9s, enti\u00e8rement adapt\u00e9e \u00e0 votre image de marque.<\/p>\n<p>Demandez des informations d\u00e8s aujourd&rsquo;hui et installez cette \u00e9l\u00e9gante borne de recharge rapide sur votre parking.<br \/>\nSi vous savez que 95 % des voitures ne peuvent pas se charger \u00e0 plus de 200 kW, alors ce chargeur est id\u00e9al pour vous .<\/p>\n","protected":false},"excerpt":{"rendered":"<p>Cheergy est un fabricant belge, ce qui nous permet de vous offrir un service d&rsquo;excellence. En tant que distributeur en Belgique, Q ev solutions est fier de commercialiser ce produit. Son design moderne et sa puissance de charge de 40 kW \u00e0 240 kW font de cette borne de recharge rapide un incontournable pour toute [&hellip;]<\/p>\n","protected":false},"featured_media":3294,"template":"","meta":[],"product_brand":[],"product_cat":[319,381],"product_tag":[],"class_list":{"0":"post-3291","1":"product","2":"type-product","3":"status-publish","4":"has-post-thumbnail","6":"product_cat-bornes-de-recharge","7":"product_cat-chargeur-rapide","9":"first","10":"outofstock","11":"taxable","12":"shipping-taxable","13":"product-type-simple"},"yoast_head":"<!-- This site is optimized with the Yoast SEO plugin v27.5 - https:\/\/yoast.com\/product\/yoast-seo-wordpress\/ -->\n<title>Cheergy LQ 40KW - 240KW - Q.Ev. Solutions and distributions<\/title>\n<meta name=\"description\" content=\"Chargeur rapide Cheergy, \u00e9volutif de 40 kW \u00e0 240 kW\u00a0; de fabrication belge. Son design \u00e9l\u00e9gant et son grand \u00e9cran en font le chargeur id\u00e9al pour votre entreprise.\" \/>\n<meta name=\"robots\" content=\"index, follow, max-snippet:-1, max-image-preview:large, max-video-preview:-1\" \/>\n<link rel=\"canonical\" href=\"https:\/\/www.qevsolutions.be\/fr\/produit\/cheergy-lq-40kw-240kw\/\" \/>\n<meta property=\"og:locale\" content=\"fr_FR\" \/>\n<meta property=\"og:type\" content=\"article\" \/>\n<meta property=\"og:title\" content=\"Cheergy LQ 40KW - 240KW - Q.Ev. Solutions and distributions\" \/>\n<meta property=\"og:description\" content=\"Chargeur rapide Cheergy, \u00e9volutif de 40 kW \u00e0 240 kW\u00a0; de fabrication belge. Son design \u00e9l\u00e9gant et son grand \u00e9cran en font le chargeur id\u00e9al pour votre entreprise.\" \/>\n<meta property=\"og:url\" content=\"https:\/\/www.qevsolutions.be\/fr\/produit\/cheergy-lq-40kw-240kw\/\" \/>\n<meta property=\"og:site_name\" content=\"Q.Ev. Solutions and distributions\" \/>\n<meta property=\"article:modified_time\" content=\"2026-05-08T15:05:39+00:00\" \/>\n<meta property=\"og:image\" content=\"https:\/\/www.qevsolutions.be\/wp-content\/uploads\/2026\/05\/3-correct-kopia.png\" \/>\n\t<meta property=\"og:image:width\" content=\"2000\" \/>\n\t<meta property=\"og:image:height\" content=\"1500\" \/>\n\t<meta property=\"og:image:type\" content=\"image\/png\" \/>\n<meta name=\"twitter:card\" content=\"summary_large_image\" \/>\n<meta name=\"twitter:label1\" content=\"Dur\u00e9e de lecture estim\u00e9e\" \/>\n\t<meta name=\"twitter:data1\" content=\"1 minute\" \/>\n<script type=\"application\/ld+json\" class=\"yoast-schema-graph\">{\"@context\":\"https:\\\/\\\/schema.org\",\"@graph\":[{\"@type\":\"WebPage\",\"@id\":\"https:\\\/\\\/www.qevsolutions.be\\\/fr\\\/produit\\\/cheergy-lq-40kw-240kw\\\/\",\"url\":\"https:\\\/\\\/www.qevsolutions.be\\\/fr\\\/produit\\\/cheergy-lq-40kw-240kw\\\/\",\"name\":\"Cheergy LQ 40KW - 240KW - Q.Ev. Solutions and distributions\",\"isPartOf\":{\"@id\":\"https:\\\/\\\/www.qevsolutions.be\\\/fr\\\/#website\"},\"primaryImageOfPage\":{\"@id\":\"https:\\\/\\\/www.qevsolutions.be\\\/fr\\\/produit\\\/cheergy-lq-40kw-240kw\\\/#primaryimage\"},\"image\":{\"@id\":\"https:\\\/\\\/www.qevsolutions.be\\\/fr\\\/produit\\\/cheergy-lq-40kw-240kw\\\/#primaryimage\"},\"thumbnailUrl\":\"https:\\\/\\\/www.qevsolutions.be\\\/wp-content\\\/uploads\\\/2026\\\/05\\\/3-correct-kopia.png\",\"datePublished\":\"2026-05-07T14:25:29+00:00\",\"dateModified\":\"2026-05-08T15:05:39+00:00\",\"description\":\"Chargeur rapide Cheergy, \u00e9volutif de 40 kW \u00e0 240 kW\u00a0; de fabrication belge. Son design \u00e9l\u00e9gant et son grand \u00e9cran en font le chargeur id\u00e9al pour votre entreprise.\",\"breadcrumb\":{\"@id\":\"https:\\\/\\\/www.qevsolutions.be\\\/fr\\\/produit\\\/cheergy-lq-40kw-240kw\\\/#breadcrumb\"},\"inLanguage\":\"fr-FR\",\"potentialAction\":[{\"@type\":\"ReadAction\",\"target\":[\"https:\\\/\\\/www.qevsolutions.be\\\/fr\\\/produit\\\/cheergy-lq-40kw-240kw\\\/\"]}]},{\"@type\":\"ImageObject\",\"inLanguage\":\"fr-FR\",\"@id\":\"https:\\\/\\\/www.qevsolutions.be\\\/fr\\\/produit\\\/cheergy-lq-40kw-240kw\\\/#primaryimage\",\"url\":\"https:\\\/\\\/www.qevsolutions.be\\\/wp-content\\\/uploads\\\/2026\\\/05\\\/3-correct-kopia.png\",\"contentUrl\":\"https:\\\/\\\/www.qevsolutions.be\\\/wp-content\\\/uploads\\\/2026\\\/05\\\/3-correct-kopia.png\",\"width\":2000,\"height\":1500},{\"@type\":\"BreadcrumbList\",\"@id\":\"https:\\\/\\\/www.qevsolutions.be\\\/fr\\\/produit\\\/cheergy-lq-40kw-240kw\\\/#breadcrumb\",\"itemListElement\":[{\"@type\":\"ListItem\",\"position\":1,\"name\":\"Home\",\"item\":\"https:\\\/\\\/www.qevsolutions.be\\\/fr\\\/\"},{\"@type\":\"ListItem\",\"position\":2,\"name\":\"Commandez vos bornes de recharge et accessoires en ligne\",\"item\":\"https:\\\/\\\/www.qevsolutions.be\\\/fr\\\/boutique\\\/\"},{\"@type\":\"ListItem\",\"position\":3,\"name\":\"Cheergy LQ 40KW &#8211; 240KW\"}]},{\"@type\":\"WebSite\",\"@id\":\"https:\\\/\\\/www.qevsolutions.be\\\/fr\\\/#website\",\"url\":\"https:\\\/\\\/www.qevsolutions.be\\\/fr\\\/\",\"name\":\"Q.Ev. Solutions and distributions\",\"description\":\"\",\"potentialAction\":[{\"@type\":\"SearchAction\",\"target\":{\"@type\":\"EntryPoint\",\"urlTemplate\":\"https:\\\/\\\/www.qevsolutions.be\\\/fr\\\/?s={search_term_string}\"},\"query-input\":{\"@type\":\"PropertyValueSpecification\",\"valueRequired\":true,\"valueName\":\"search_term_string\"}}],\"inLanguage\":\"fr-FR\"}]}<\/script>\n<!-- \/ Yoast SEO plugin. -->","yoast_head_json":{"title":"Cheergy LQ 40KW - 240KW - Q.Ev. Solutions and distributions","description":"Chargeur rapide Cheergy, \u00e9volutif de 40 kW \u00e0 240 kW\u00a0; de fabrication belge. Son design \u00e9l\u00e9gant et son grand \u00e9cran en font le chargeur id\u00e9al pour votre entreprise.","robots":{"index":"index","follow":"follow","max-snippet":"max-snippet:-1","max-image-preview":"max-image-preview:large","max-video-preview":"max-video-preview:-1"},"canonical":"https:\/\/www.qevsolutions.be\/fr\/produit\/cheergy-lq-40kw-240kw\/","og_locale":"fr_FR","og_type":"article","og_title":"Cheergy LQ 40KW - 240KW - Q.Ev. Solutions and distributions","og_description":"Chargeur rapide Cheergy, \u00e9volutif de 40 kW \u00e0 240 kW\u00a0; de fabrication belge. Son design \u00e9l\u00e9gant et son grand \u00e9cran en font le chargeur id\u00e9al pour votre entreprise.","og_url":"https:\/\/www.qevsolutions.be\/fr\/produit\/cheergy-lq-40kw-240kw\/","og_site_name":"Q.Ev. Solutions and distributions","article_modified_time":"2026-05-08T15:05:39+00:00","og_image":[{"width":2000,"height":1500,"url":"https:\/\/www.qevsolutions.be\/wp-content\/uploads\/2026\/05\/3-correct-kopia.png","type":"image\/png"}],"twitter_card":"summary_large_image","twitter_misc":{"Dur\u00e9e de lecture estim\u00e9e":"1 minute"},"schema":{"@context":"https:\/\/schema.org","@graph":[{"@type":"WebPage","@id":"https:\/\/www.qevsolutions.be\/fr\/produit\/cheergy-lq-40kw-240kw\/","url":"https:\/\/www.qevsolutions.be\/fr\/produit\/cheergy-lq-40kw-240kw\/","name":"Cheergy LQ 40KW - 240KW - Q.Ev. Solutions and distributions","isPartOf":{"@id":"https:\/\/www.qevsolutions.be\/fr\/#website"},"primaryImageOfPage":{"@id":"https:\/\/www.qevsolutions.be\/fr\/produit\/cheergy-lq-40kw-240kw\/#primaryimage"},"image":{"@id":"https:\/\/www.qevsolutions.be\/fr\/produit\/cheergy-lq-40kw-240kw\/#primaryimage"},"thumbnailUrl":"https:\/\/www.qevsolutions.be\/wp-content\/uploads\/2026\/05\/3-correct-kopia.png","datePublished":"2026-05-07T14:25:29+00:00","dateModified":"2026-05-08T15:05:39+00:00","description":"Chargeur rapide Cheergy, \u00e9volutif de 40 kW \u00e0 240 kW\u00a0; de fabrication belge. Son design \u00e9l\u00e9gant et son grand \u00e9cran en font le chargeur id\u00e9al pour votre entreprise.","breadcrumb":{"@id":"https:\/\/www.qevsolutions.be\/fr\/produit\/cheergy-lq-40kw-240kw\/#breadcrumb"},"inLanguage":"fr-FR","potentialAction":[{"@type":"ReadAction","target":["https:\/\/www.qevsolutions.be\/fr\/produit\/cheergy-lq-40kw-240kw\/"]}]},{"@type":"ImageObject","inLanguage":"fr-FR","@id":"https:\/\/www.qevsolutions.be\/fr\/produit\/cheergy-lq-40kw-240kw\/#primaryimage","url":"https:\/\/www.qevsolutions.be\/wp-content\/uploads\/2026\/05\/3-correct-kopia.png","contentUrl":"https:\/\/www.qevsolutions.be\/wp-content\/uploads\/2026\/05\/3-correct-kopia.png","width":2000,"height":1500},{"@type":"BreadcrumbList","@id":"https:\/\/www.qevsolutions.be\/fr\/produit\/cheergy-lq-40kw-240kw\/#breadcrumb","itemListElement":[{"@type":"ListItem","position":1,"name":"Home","item":"https:\/\/www.qevsolutions.be\/fr\/"},{"@type":"ListItem","position":2,"name":"Commandez vos bornes de recharge et accessoires en ligne","item":"https:\/\/www.qevsolutions.be\/fr\/boutique\/"},{"@type":"ListItem","position":3,"name":"Cheergy LQ 40KW &#8211; 240KW"}]},{"@type":"WebSite","@id":"https:\/\/www.qevsolutions.be\/fr\/#website","url":"https:\/\/www.qevsolutions.be\/fr\/","name":"Q.Ev. Solutions and distributions","description":"","potentialAction":[{"@type":"SearchAction","target":{"@type":"EntryPoint","urlTemplate":"https:\/\/www.qevsolutions.be\/fr\/?s={search_term_string}"},"query-input":{"@type":"PropertyValueSpecification","valueRequired":true,"valueName":"search_term_string"}}],"inLanguage":"fr-FR"}]}},"_links":{"self":[{"href":"https:\/\/www.qevsolutions.be\/fr\/wp-json\/wp\/v2\/product\/3291","targetHints":{"allow":["GET"]}}],"collection":[{"href":"https:\/\/www.qevsolutions.be\/fr\/wp-json\/wp\/v2\/product"}],"about":[{"href":"https:\/\/www.qevsolutions.be\/fr\/wp-json\/wp\/v2\/types\/product"}],"wp:featuredmedia":[{"embeddable":true,"href":"https:\/\/www.qevsolutions.be\/fr\/wp-json\/wp\/v2\/media\/3294"}],"wp:attachment":[{"href":"https:\/\/www.qevsolutions.be\/fr\/wp-json\/wp\/v2\/media?parent=3291"}],"wp:term":[{"taxonomy":"product_brand","embeddable":true,"href":"https:\/\/www.qevsolutions.be\/fr\/wp-json\/wp\/v2\/product_brand?post=3291"},{"taxonomy":"product_cat","embeddable":true,"href":"https:\/\/www.qevsolutions.be\/fr\/wp-json\/wp\/v2\/product_cat?post=3291"},{"taxonomy":"product_tag","embeddable":true,"href":"https:\/\/www.qevsolutions.be\/fr\/wp-json\/wp\/v2\/product_tag?post=3291"}],"curies":[{"name":"wp","href":"https:\/\/api.w.org\/{rel}","templated":true}]}}