{"id":3005,"date":"2025-08-22T10:15:09","date_gmt":"2025-08-22T09:15:09","guid":{"rendered":"https:\/\/www.qevsolutions.be\/?post_type=product&#038;p=3005"},"modified":"2025-08-22T10:19:58","modified_gmt":"2025-08-22T09:19:58","slug":"etrel-inch-duo-2-x-22-kw-32-a-blanc-kopie","status":"publish","type":"product","link":"https:\/\/www.qevsolutions.be\/fr\/produit\/etrel-inch-duo-2-x-22-kw-32-a-blanc-kopie\/","title":{"rendered":"Etrel Inch Duo 2 x 22 kW &#8211; 32 A gris"},"content":{"rendered":"<p>La borne de recharge Etrel Inch Duo est le mod\u00e8le id\u00e9al pour les lieux publics. De qualit\u00e9 sup\u00e9rieure celle-ci pr\u00e9sente plusieurs avantages.<\/p>\n<p>Elle est fabriqu\u00e9e dans un mat\u00e9riau robuste et durable.<\/p>\n<p>Le chargeur est \u00e9quip\u00e9 de deux connecteurs int\u00e9gr\u00e9s.<\/p>\n<p>L&rsquo;\u00e9cran LCD affiche clairement tout ce que vous devez savoir sur la charge. Vous pouvez \u00e9galement connecter en option un terminal de paiement \u00e0 cet appareil, ce qui est id\u00e9al en combinaison avec un r\u00e9seau de chargeurs (pensez \u00e0 une station-service).<\/p>\n<p>Les chargeurs sont parfaits pour fonctionner seuls mais ils peuvent \u00e9galement fonctionner en r\u00e9seau avec plusieurs chargeurs en m\u00eame temps.<\/p>\n<p>Lorsque vous achetez cette borne de recharge, vous pouvez encore b\u00e9n\u00e9ficier d&rsquo;une belle subvention de notre gouvernement, rendez-vous sur la page des subventions de notre site.<\/p>\n<p>Nous pouvons personnaliser le chargeur selon vos souhaits (option).<\/p>\n","protected":false},"excerpt":{"rendered":"<p>La borne de recharge Etrel Inch Duo est le mod\u00e8le id\u00e9al pour les lieux publics. De qualit\u00e9 sup\u00e9rieure celle-ci pr\u00e9sente plusieurs avantages. Elle est fabriqu\u00e9e dans un mat\u00e9riau robuste et durable. Le chargeur est \u00e9quip\u00e9 de deux connecteurs int\u00e9gr\u00e9s. L&rsquo;\u00e9cran LCD affiche clairement tout ce que vous devez savoir sur la charge. Vous pouvez \u00e9galement [&hellip;]<\/p>\n","protected":false},"featured_media":596,"template":"","meta":[],"product_brand":[],"product_cat":[322],"product_tag":[],"class_list":{"0":"post-3005","1":"product","2":"type-product","3":"status-publish","4":"has-post-thumbnail","6":"product_cat-chargeurs-dentreprise","8":"first","9":"outofstock","10":"taxable","11":"shipping-taxable","12":"purchasable","13":"product-type-simple"},"yoast_head":"<!-- This site is optimized with the Yoast SEO plugin v27.3 - https:\/\/yoast.com\/product\/yoast-seo-wordpress\/ -->\n<title>Etrel Inch Duo 2 x 22 kW - 32 A gris - Q.Ev. Solutions and distributions<\/title>\n<meta name=\"robots\" content=\"index, follow, max-snippet:-1, max-image-preview:large, max-video-preview:-1\" \/>\n<link rel=\"canonical\" href=\"https:\/\/www.qevsolutions.be\/fr\/produit\/etrel-inch-duo-2-x-22-kw-32-a-blanc-kopie\/\" \/>\n<meta property=\"og:locale\" content=\"fr_FR\" \/>\n<meta property=\"og:type\" content=\"article\" \/>\n<meta property=\"og:title\" content=\"Etrel Inch Duo 2 x 22 kW - 32 A gris - Q.Ev. Solutions and distributions\" \/>\n<meta property=\"og:description\" content=\"La borne de recharge Etrel Inch Duo est le mod\u00e8le id\u00e9al pour les lieux publics. De qualit\u00e9 sup\u00e9rieure celle-ci pr\u00e9sente plusieurs avantages. Elle est fabriqu\u00e9e dans un mat\u00e9riau robuste et durable. Le chargeur est \u00e9quip\u00e9 de deux connecteurs int\u00e9gr\u00e9s. L&rsquo;\u00e9cran LCD affiche clairement tout ce que vous devez savoir sur la charge. Vous pouvez \u00e9galement [&hellip;]\" \/>\n<meta property=\"og:url\" content=\"https:\/\/www.qevsolutions.be\/fr\/produit\/etrel-inch-duo-2-x-22-kw-32-a-blanc-kopie\/\" \/>\n<meta property=\"og:site_name\" content=\"Q.Ev. Solutions and distributions\" \/>\n<meta property=\"article:modified_time\" content=\"2025-08-22T09:19:58+00:00\" \/>\n<meta property=\"og:image\" content=\"https:\/\/www.qevsolutions.be\/wp-content\/uploads\/2022\/02\/Etrel-Inch-Duo-2x22KW-\u2013-32A2.webp\" \/>\n\t<meta property=\"og:image:width\" content=\"124\" \/>\n\t<meta property=\"og:image:height\" content=\"363\" \/>\n\t<meta property=\"og:image:type\" content=\"image\/webp\" \/>\n<meta name=\"twitter:card\" content=\"summary_large_image\" \/>\n<meta name=\"twitter:label1\" content=\"Dur\u00e9e de lecture estim\u00e9e\" \/>\n\t<meta name=\"twitter:data1\" content=\"1 minute\" \/>\n<script type=\"application\/ld+json\" class=\"yoast-schema-graph\">{\"@context\":\"https:\\\/\\\/schema.org\",\"@graph\":[{\"@type\":\"WebPage\",\"@id\":\"https:\\\/\\\/www.qevsolutions.be\\\/fr\\\/produit\\\/etrel-inch-duo-2-x-22-kw-32-a-blanc-kopie\\\/\",\"url\":\"https:\\\/\\\/www.qevsolutions.be\\\/fr\\\/produit\\\/etrel-inch-duo-2-x-22-kw-32-a-blanc-kopie\\\/\",\"name\":\"Etrel Inch Duo 2 x 22 kW - 32 A gris - Q.Ev. Solutions and distributions\",\"isPartOf\":{\"@id\":\"https:\\\/\\\/www.qevsolutions.be\\\/fr\\\/#website\"},\"primaryImageOfPage\":{\"@id\":\"https:\\\/\\\/www.qevsolutions.be\\\/fr\\\/produit\\\/etrel-inch-duo-2-x-22-kw-32-a-blanc-kopie\\\/#primaryimage\"},\"image\":{\"@id\":\"https:\\\/\\\/www.qevsolutions.be\\\/fr\\\/produit\\\/etrel-inch-duo-2-x-22-kw-32-a-blanc-kopie\\\/#primaryimage\"},\"thumbnailUrl\":\"https:\\\/\\\/www.qevsolutions.be\\\/wp-content\\\/uploads\\\/2022\\\/02\\\/Etrel-Inch-Duo-2x22KW-\u2013-32A2.webp\",\"datePublished\":\"2025-08-22T09:15:09+00:00\",\"dateModified\":\"2025-08-22T09:19:58+00:00\",\"breadcrumb\":{\"@id\":\"https:\\\/\\\/www.qevsolutions.be\\\/fr\\\/produit\\\/etrel-inch-duo-2-x-22-kw-32-a-blanc-kopie\\\/#breadcrumb\"},\"inLanguage\":\"fr-FR\",\"potentialAction\":[{\"@type\":\"ReadAction\",\"target\":[\"https:\\\/\\\/www.qevsolutions.be\\\/fr\\\/produit\\\/etrel-inch-duo-2-x-22-kw-32-a-blanc-kopie\\\/\"]}]},{\"@type\":\"ImageObject\",\"inLanguage\":\"fr-FR\",\"@id\":\"https:\\\/\\\/www.qevsolutions.be\\\/fr\\\/produit\\\/etrel-inch-duo-2-x-22-kw-32-a-blanc-kopie\\\/#primaryimage\",\"url\":\"https:\\\/\\\/www.qevsolutions.be\\\/wp-content\\\/uploads\\\/2022\\\/02\\\/Etrel-Inch-Duo-2x22KW-\u2013-32A2.webp\",\"contentUrl\":\"https:\\\/\\\/www.qevsolutions.be\\\/wp-content\\\/uploads\\\/2022\\\/02\\\/Etrel-Inch-Duo-2x22KW-\u2013-32A2.webp\",\"width\":124,\"height\":363,\"caption\":\"Etrel Inch Duo laadpaal\"},{\"@type\":\"BreadcrumbList\",\"@id\":\"https:\\\/\\\/www.qevsolutions.be\\\/fr\\\/produit\\\/etrel-inch-duo-2-x-22-kw-32-a-blanc-kopie\\\/#breadcrumb\",\"itemListElement\":[{\"@type\":\"ListItem\",\"position\":1,\"name\":\"Home\",\"item\":\"https:\\\/\\\/www.qevsolutions.be\\\/fr\\\/\"},{\"@type\":\"ListItem\",\"position\":2,\"name\":\"Commandez vos bornes de recharge et accessoires en ligne\",\"item\":\"https:\\\/\\\/www.qevsolutions.be\\\/fr\\\/boutique\\\/\"},{\"@type\":\"ListItem\",\"position\":3,\"name\":\"Etrel Inch Duo 2 x 22 kW &#8211; 32 A gris\"}]},{\"@type\":\"WebSite\",\"@id\":\"https:\\\/\\\/www.qevsolutions.be\\\/fr\\\/#website\",\"url\":\"https:\\\/\\\/www.qevsolutions.be\\\/fr\\\/\",\"name\":\"Q.Ev. Solutions and distributions\",\"description\":\"\",\"potentialAction\":[{\"@type\":\"SearchAction\",\"target\":{\"@type\":\"EntryPoint\",\"urlTemplate\":\"https:\\\/\\\/www.qevsolutions.be\\\/fr\\\/?s={search_term_string}\"},\"query-input\":{\"@type\":\"PropertyValueSpecification\",\"valueRequired\":true,\"valueName\":\"search_term_string\"}}],\"inLanguage\":\"fr-FR\"}]}<\/script>\n<!-- \/ Yoast SEO plugin. -->","yoast_head_json":{"title":"Etrel Inch Duo 2 x 22 kW - 32 A gris - Q.Ev. Solutions and distributions","robots":{"index":"index","follow":"follow","max-snippet":"max-snippet:-1","max-image-preview":"max-image-preview:large","max-video-preview":"max-video-preview:-1"},"canonical":"https:\/\/www.qevsolutions.be\/fr\/produit\/etrel-inch-duo-2-x-22-kw-32-a-blanc-kopie\/","og_locale":"fr_FR","og_type":"article","og_title":"Etrel Inch Duo 2 x 22 kW - 32 A gris - Q.Ev. Solutions and distributions","og_description":"La borne de recharge Etrel Inch Duo est le mod\u00e8le id\u00e9al pour les lieux publics. De qualit\u00e9 sup\u00e9rieure celle-ci pr\u00e9sente plusieurs avantages. Elle est fabriqu\u00e9e dans un mat\u00e9riau robuste et durable. Le chargeur est \u00e9quip\u00e9 de deux connecteurs int\u00e9gr\u00e9s. L&rsquo;\u00e9cran LCD affiche clairement tout ce que vous devez savoir sur la charge. Vous pouvez \u00e9galement [&hellip;]","og_url":"https:\/\/www.qevsolutions.be\/fr\/produit\/etrel-inch-duo-2-x-22-kw-32-a-blanc-kopie\/","og_site_name":"Q.Ev. Solutions and distributions","article_modified_time":"2025-08-22T09:19:58+00:00","og_image":[{"width":124,"height":363,"url":"https:\/\/www.qevsolutions.be\/wp-content\/uploads\/2022\/02\/Etrel-Inch-Duo-2x22KW-\u2013-32A2.webp","type":"image\/webp"}],"twitter_card":"summary_large_image","twitter_misc":{"Dur\u00e9e de lecture estim\u00e9e":"1 minute"},"schema":{"@context":"https:\/\/schema.org","@graph":[{"@type":"WebPage","@id":"https:\/\/www.qevsolutions.be\/fr\/produit\/etrel-inch-duo-2-x-22-kw-32-a-blanc-kopie\/","url":"https:\/\/www.qevsolutions.be\/fr\/produit\/etrel-inch-duo-2-x-22-kw-32-a-blanc-kopie\/","name":"Etrel Inch Duo 2 x 22 kW - 32 A gris - Q.Ev. Solutions and distributions","isPartOf":{"@id":"https:\/\/www.qevsolutions.be\/fr\/#website"},"primaryImageOfPage":{"@id":"https:\/\/www.qevsolutions.be\/fr\/produit\/etrel-inch-duo-2-x-22-kw-32-a-blanc-kopie\/#primaryimage"},"image":{"@id":"https:\/\/www.qevsolutions.be\/fr\/produit\/etrel-inch-duo-2-x-22-kw-32-a-blanc-kopie\/#primaryimage"},"thumbnailUrl":"https:\/\/www.qevsolutions.be\/wp-content\/uploads\/2022\/02\/Etrel-Inch-Duo-2x22KW-\u2013-32A2.webp","datePublished":"2025-08-22T09:15:09+00:00","dateModified":"2025-08-22T09:19:58+00:00","breadcrumb":{"@id":"https:\/\/www.qevsolutions.be\/fr\/produit\/etrel-inch-duo-2-x-22-kw-32-a-blanc-kopie\/#breadcrumb"},"inLanguage":"fr-FR","potentialAction":[{"@type":"ReadAction","target":["https:\/\/www.qevsolutions.be\/fr\/produit\/etrel-inch-duo-2-x-22-kw-32-a-blanc-kopie\/"]}]},{"@type":"ImageObject","inLanguage":"fr-FR","@id":"https:\/\/www.qevsolutions.be\/fr\/produit\/etrel-inch-duo-2-x-22-kw-32-a-blanc-kopie\/#primaryimage","url":"https:\/\/www.qevsolutions.be\/wp-content\/uploads\/2022\/02\/Etrel-Inch-Duo-2x22KW-\u2013-32A2.webp","contentUrl":"https:\/\/www.qevsolutions.be\/wp-content\/uploads\/2022\/02\/Etrel-Inch-Duo-2x22KW-\u2013-32A2.webp","width":124,"height":363,"caption":"Etrel Inch Duo laadpaal"},{"@type":"BreadcrumbList","@id":"https:\/\/www.qevsolutions.be\/fr\/produit\/etrel-inch-duo-2-x-22-kw-32-a-blanc-kopie\/#breadcrumb","itemListElement":[{"@type":"ListItem","position":1,"name":"Home","item":"https:\/\/www.qevsolutions.be\/fr\/"},{"@type":"ListItem","position":2,"name":"Commandez vos bornes de recharge et accessoires en ligne","item":"https:\/\/www.qevsolutions.be\/fr\/boutique\/"},{"@type":"ListItem","position":3,"name":"Etrel Inch Duo 2 x 22 kW &#8211; 32 A gris"}]},{"@type":"WebSite","@id":"https:\/\/www.qevsolutions.be\/fr\/#website","url":"https:\/\/www.qevsolutions.be\/fr\/","name":"Q.Ev. Solutions and distributions","description":"","potentialAction":[{"@type":"SearchAction","target":{"@type":"EntryPoint","urlTemplate":"https:\/\/www.qevsolutions.be\/fr\/?s={search_term_string}"},"query-input":{"@type":"PropertyValueSpecification","valueRequired":true,"valueName":"search_term_string"}}],"inLanguage":"fr-FR"}]}},"_links":{"self":[{"href":"https:\/\/www.qevsolutions.be\/fr\/wp-json\/wp\/v2\/product\/3005","targetHints":{"allow":["GET"]}}],"collection":[{"href":"https:\/\/www.qevsolutions.be\/fr\/wp-json\/wp\/v2\/product"}],"about":[{"href":"https:\/\/www.qevsolutions.be\/fr\/wp-json\/wp\/v2\/types\/product"}],"wp:featuredmedia":[{"embeddable":true,"href":"https:\/\/www.qevsolutions.be\/fr\/wp-json\/wp\/v2\/media\/596"}],"wp:attachment":[{"href":"https:\/\/www.qevsolutions.be\/fr\/wp-json\/wp\/v2\/media?parent=3005"}],"wp:term":[{"taxonomy":"product_brand","embeddable":true,"href":"https:\/\/www.qevsolutions.be\/fr\/wp-json\/wp\/v2\/product_brand?post=3005"},{"taxonomy":"product_cat","embeddable":true,"href":"https:\/\/www.qevsolutions.be\/fr\/wp-json\/wp\/v2\/product_cat?post=3005"},{"taxonomy":"product_tag","embeddable":true,"href":"https:\/\/www.qevsolutions.be\/fr\/wp-json\/wp\/v2\/product_tag?post=3005"}],"curies":[{"name":"wp","href":"https:\/\/api.w.org\/{rel}","templated":true}]}}