{"id":2903,"date":"2024-09-16T09:57:44","date_gmt":"2024-09-16T08:57:44","guid":{"rendered":"https:\/\/www.qevsolutions.be\/?post_type=product&#038;p=2903"},"modified":"2025-08-22T16:11:56","modified_gmt":"2025-08-22T15:11:56","slug":"gresgying-120kw-180kw-kopie-2","status":"publish","type":"product","link":"https:\/\/www.qevsolutions.be\/fr\/produit\/gresgying-120kw-180kw-kopie-2\/","title":{"rendered":"Gresgying 480\u00a0kW charge jusqu&rsquo;\u00e0 4 voitures &#8211; avec compteur interm\u00e9diaire et gestion des c\u00e2bles et terminal de paiement"},"content":{"rendered":"<p>Ce chargeur rapide CC de 480 kW est le chargeur rapide le plus rapide de Gresgying.<\/p>\n<p>Ce chargeur rapide est sp\u00e9cialement con\u00e7u pour les bornes de recharge, les bus et les camions. Avec son design \u00e9l\u00e9gant et son contr\u00f4le intelligent, il est indispensable pour toute borne de recharge.<br \/> <br \/>\nSi votre voiture doit \u00eatre recharg\u00e9e rapidement, c&rsquo;est le chargeur id\u00e9al, r\u00e9partissant intelligemment ses kW entre ses 4 c\u00e2bles de recharge (en option), livr\u00e9s de s\u00e9rie avec 2 c\u00e2bles de recharge.<\/p>\n<p>Ils sont commercialis\u00e9s par des acteurs majeurs tels que BP et Shell.<\/p>\n<p>Ce chargeur est id\u00e9al pour votre parking, chargeant jusqu&rsquo;\u00e0 4 voitures simultan\u00e9ment \u00e0 480 kW.<\/p>\n<p>Ce chargeur est un syst\u00e8me tout-en-un.<\/p>\n<p>\u2022 Design \u00e9l\u00e9gant.<\/p>\n<p>&#8211; Syst\u00e8me de gestion des c\u00e2bles convivial.<\/p>\n<p>&#8211;<br \/>\nAffichage clair de l&rsquo;\u00e9tat de charge.<\/p>\n<p>&#8211; Double \u00e9cran tactile de 32 pouces.<\/p>\n<p>\u2022 Contr\u00f4le intelligent.<\/p>\n<p>&#8211; Syst\u00e8me de gestion des appareils. (DMS)<\/p>\n<p>&#8211; Connexion LAN, 4G et WIFI<\/p>\n<p>&#8211; Configuration Web facile<\/p>\n<p>\u2022 Hautes performances<\/p>\n<p>&#8211; Charge simultan\u00e9e jusqu&rsquo;\u00e0 4 v\u00e9hicules \u00e9lectriques<\/p>\n<p>&#8211; Sortie maximale de 800 A<\/p>\n<p>&#8211; Sortie CC : 2 \u00d7 HPC + 2 \u00d7 CCS2<\/p>\n<p>&#8211; Efficacit\u00e9 de charge jusqu&rsquo;\u00e0 95 %<\/p>\n","protected":false},"excerpt":{"rendered":"<p>Ce chargeur rapide CC de 480 kW est le chargeur rapide le plus rapide de Gresgying. Ce chargeur rapide est sp\u00e9cialement con\u00e7u pour les bornes de recharge, les bus et les camions. Avec son design \u00e9l\u00e9gant et son contr\u00f4le intelligent, il est indispensable pour toute borne de recharge. Si votre voiture doit \u00eatre recharg\u00e9e rapidement, [&hellip;]<\/p>\n","protected":false},"featured_media":3031,"template":"","meta":[],"product_brand":[],"product_cat":[319,381],"product_tag":[],"class_list":{"0":"post-2903","1":"product","2":"type-product","3":"status-publish","4":"has-post-thumbnail","6":"product_cat-bornes-de-recharge","7":"product_cat-chargeur-rapide","9":"first","10":"outofstock","11":"taxable","12":"shipping-taxable","13":"purchasable","14":"product-type-simple"},"yoast_head":"<!-- This site is optimized with the Yoast SEO plugin v27.3 - https:\/\/yoast.com\/product\/yoast-seo-wordpress\/ -->\n<title>Gresgying 480\u00a0kW charge jusqu&#039;\u00e0 4 voitures - avec compteur interm\u00e9diaire et gestion des c\u00e2bles et terminal de paiement - Q.Ev. Solutions and distributions<\/title>\n<meta name=\"description\" content=\"chargeur gresgying 480KW chargeur efficace qui s&#039;adapte \u00e0 tous les parkings de votre entreprise, ce chargeur rapide est de qualit\u00e9 sup\u00e9rieure, id\u00e9al pour recharger les bus et les camions\" \/>\n<meta name=\"robots\" content=\"index, follow, max-snippet:-1, max-image-preview:large, max-video-preview:-1\" \/>\n<link rel=\"canonical\" href=\"https:\/\/www.qevsolutions.be\/fr\/produit\/gresgying-120kw-180kw-kopie-2\/\" \/>\n<meta property=\"og:locale\" content=\"fr_FR\" \/>\n<meta property=\"og:type\" content=\"article\" \/>\n<meta property=\"og:title\" content=\"Gresgying 480\u00a0kW charge jusqu&#039;\u00e0 4 voitures - avec compteur interm\u00e9diaire et gestion des c\u00e2bles et terminal de paiement - Q.Ev. Solutions and distributions\" \/>\n<meta property=\"og:description\" content=\"chargeur gresgying 480KW chargeur efficace qui s&#039;adapte \u00e0 tous les parkings de votre entreprise, ce chargeur rapide est de qualit\u00e9 sup\u00e9rieure, id\u00e9al pour recharger les bus et les camions\" \/>\n<meta property=\"og:url\" content=\"https:\/\/www.qevsolutions.be\/fr\/produit\/gresgying-120kw-180kw-kopie-2\/\" \/>\n<meta property=\"og:site_name\" content=\"Q.Ev. Solutions and distributions\" \/>\n<meta property=\"article:modified_time\" content=\"2025-08-22T15:11:56+00:00\" \/>\n<meta property=\"og:image\" content=\"https:\/\/www.qevsolutions.be\/wp-content\/uploads\/2024\/09\/Schermafbeelding-2025-08-22-122511.png\" \/>\n\t<meta property=\"og:image:width\" content=\"376\" \/>\n\t<meta property=\"og:image:height\" content=\"562\" \/>\n\t<meta property=\"og:image:type\" content=\"image\/png\" \/>\n<meta name=\"twitter:card\" content=\"summary_large_image\" \/>\n<meta name=\"twitter:label1\" content=\"Dur\u00e9e de lecture estim\u00e9e\" \/>\n\t<meta name=\"twitter:data1\" content=\"1 minute\" \/>\n<script type=\"application\/ld+json\" class=\"yoast-schema-graph\">{\"@context\":\"https:\\\/\\\/schema.org\",\"@graph\":[{\"@type\":\"WebPage\",\"@id\":\"https:\\\/\\\/www.qevsolutions.be\\\/fr\\\/produit\\\/gresgying-120kw-180kw-kopie-2\\\/\",\"url\":\"https:\\\/\\\/www.qevsolutions.be\\\/fr\\\/produit\\\/gresgying-120kw-180kw-kopie-2\\\/\",\"name\":\"Gresgying 480\u00a0kW charge jusqu'\u00e0 4 voitures - avec compteur interm\u00e9diaire et gestion des c\u00e2bles et terminal de paiement - Q.Ev. Solutions and distributions\",\"isPartOf\":{\"@id\":\"https:\\\/\\\/www.qevsolutions.be\\\/fr\\\/#website\"},\"primaryImageOfPage\":{\"@id\":\"https:\\\/\\\/www.qevsolutions.be\\\/fr\\\/produit\\\/gresgying-120kw-180kw-kopie-2\\\/#primaryimage\"},\"image\":{\"@id\":\"https:\\\/\\\/www.qevsolutions.be\\\/fr\\\/produit\\\/gresgying-120kw-180kw-kopie-2\\\/#primaryimage\"},\"thumbnailUrl\":\"https:\\\/\\\/www.qevsolutions.be\\\/wp-content\\\/uploads\\\/2024\\\/09\\\/Schermafbeelding-2025-08-22-122511.png\",\"datePublished\":\"2024-09-16T08:57:44+00:00\",\"dateModified\":\"2025-08-22T15:11:56+00:00\",\"description\":\"chargeur gresgying 480KW chargeur efficace qui s'adapte \u00e0 tous les parkings de votre entreprise, ce chargeur rapide est de qualit\u00e9 sup\u00e9rieure, id\u00e9al pour recharger les bus et les camions\",\"breadcrumb\":{\"@id\":\"https:\\\/\\\/www.qevsolutions.be\\\/fr\\\/produit\\\/gresgying-120kw-180kw-kopie-2\\\/#breadcrumb\"},\"inLanguage\":\"fr-FR\",\"potentialAction\":[{\"@type\":\"ReadAction\",\"target\":[\"https:\\\/\\\/www.qevsolutions.be\\\/fr\\\/produit\\\/gresgying-120kw-180kw-kopie-2\\\/\"]}]},{\"@type\":\"ImageObject\",\"inLanguage\":\"fr-FR\",\"@id\":\"https:\\\/\\\/www.qevsolutions.be\\\/fr\\\/produit\\\/gresgying-120kw-180kw-kopie-2\\\/#primaryimage\",\"url\":\"https:\\\/\\\/www.qevsolutions.be\\\/wp-content\\\/uploads\\\/2024\\\/09\\\/Schermafbeelding-2025-08-22-122511.png\",\"contentUrl\":\"https:\\\/\\\/www.qevsolutions.be\\\/wp-content\\\/uploads\\\/2024\\\/09\\\/Schermafbeelding-2025-08-22-122511.png\",\"width\":376,\"height\":562},{\"@type\":\"BreadcrumbList\",\"@id\":\"https:\\\/\\\/www.qevsolutions.be\\\/fr\\\/produit\\\/gresgying-120kw-180kw-kopie-2\\\/#breadcrumb\",\"itemListElement\":[{\"@type\":\"ListItem\",\"position\":1,\"name\":\"Home\",\"item\":\"https:\\\/\\\/www.qevsolutions.be\\\/fr\\\/\"},{\"@type\":\"ListItem\",\"position\":2,\"name\":\"Commandez vos bornes de recharge et accessoires en ligne\",\"item\":\"https:\\\/\\\/www.qevsolutions.be\\\/fr\\\/boutique\\\/\"},{\"@type\":\"ListItem\",\"position\":3,\"name\":\"Gresgying 480\u00a0kW charge jusqu&#8217;\u00e0 4 voitures &#8211; avec compteur interm\u00e9diaire et gestion des c\u00e2bles et terminal de paiement\"}]},{\"@type\":\"WebSite\",\"@id\":\"https:\\\/\\\/www.qevsolutions.be\\\/fr\\\/#website\",\"url\":\"https:\\\/\\\/www.qevsolutions.be\\\/fr\\\/\",\"name\":\"Q.Ev. Solutions and distributions\",\"description\":\"\",\"potentialAction\":[{\"@type\":\"SearchAction\",\"target\":{\"@type\":\"EntryPoint\",\"urlTemplate\":\"https:\\\/\\\/www.qevsolutions.be\\\/fr\\\/?s={search_term_string}\"},\"query-input\":{\"@type\":\"PropertyValueSpecification\",\"valueRequired\":true,\"valueName\":\"search_term_string\"}}],\"inLanguage\":\"fr-FR\"}]}<\/script>\n<!-- \/ Yoast SEO plugin. -->","yoast_head_json":{"title":"Gresgying 480\u00a0kW charge jusqu'\u00e0 4 voitures - avec compteur interm\u00e9diaire et gestion des c\u00e2bles et terminal de paiement - Q.Ev. Solutions and distributions","description":"chargeur gresgying 480KW chargeur efficace qui s'adapte \u00e0 tous les parkings de votre entreprise, ce chargeur rapide est de qualit\u00e9 sup\u00e9rieure, id\u00e9al pour recharger les bus et les camions","robots":{"index":"index","follow":"follow","max-snippet":"max-snippet:-1","max-image-preview":"max-image-preview:large","max-video-preview":"max-video-preview:-1"},"canonical":"https:\/\/www.qevsolutions.be\/fr\/produit\/gresgying-120kw-180kw-kopie-2\/","og_locale":"fr_FR","og_type":"article","og_title":"Gresgying 480\u00a0kW charge jusqu'\u00e0 4 voitures - avec compteur interm\u00e9diaire et gestion des c\u00e2bles et terminal de paiement - Q.Ev. Solutions and distributions","og_description":"chargeur gresgying 480KW chargeur efficace qui s'adapte \u00e0 tous les parkings de votre entreprise, ce chargeur rapide est de qualit\u00e9 sup\u00e9rieure, id\u00e9al pour recharger les bus et les camions","og_url":"https:\/\/www.qevsolutions.be\/fr\/produit\/gresgying-120kw-180kw-kopie-2\/","og_site_name":"Q.Ev. Solutions and distributions","article_modified_time":"2025-08-22T15:11:56+00:00","og_image":[{"width":376,"height":562,"url":"https:\/\/www.qevsolutions.be\/wp-content\/uploads\/2024\/09\/Schermafbeelding-2025-08-22-122511.png","type":"image\/png"}],"twitter_card":"summary_large_image","twitter_misc":{"Dur\u00e9e de lecture estim\u00e9e":"1 minute"},"schema":{"@context":"https:\/\/schema.org","@graph":[{"@type":"WebPage","@id":"https:\/\/www.qevsolutions.be\/fr\/produit\/gresgying-120kw-180kw-kopie-2\/","url":"https:\/\/www.qevsolutions.be\/fr\/produit\/gresgying-120kw-180kw-kopie-2\/","name":"Gresgying 480\u00a0kW charge jusqu'\u00e0 4 voitures - avec compteur interm\u00e9diaire et gestion des c\u00e2bles et terminal de paiement - Q.Ev. Solutions and distributions","isPartOf":{"@id":"https:\/\/www.qevsolutions.be\/fr\/#website"},"primaryImageOfPage":{"@id":"https:\/\/www.qevsolutions.be\/fr\/produit\/gresgying-120kw-180kw-kopie-2\/#primaryimage"},"image":{"@id":"https:\/\/www.qevsolutions.be\/fr\/produit\/gresgying-120kw-180kw-kopie-2\/#primaryimage"},"thumbnailUrl":"https:\/\/www.qevsolutions.be\/wp-content\/uploads\/2024\/09\/Schermafbeelding-2025-08-22-122511.png","datePublished":"2024-09-16T08:57:44+00:00","dateModified":"2025-08-22T15:11:56+00:00","description":"chargeur gresgying 480KW chargeur efficace qui s'adapte \u00e0 tous les parkings de votre entreprise, ce chargeur rapide est de qualit\u00e9 sup\u00e9rieure, id\u00e9al pour recharger les bus et les camions","breadcrumb":{"@id":"https:\/\/www.qevsolutions.be\/fr\/produit\/gresgying-120kw-180kw-kopie-2\/#breadcrumb"},"inLanguage":"fr-FR","potentialAction":[{"@type":"ReadAction","target":["https:\/\/www.qevsolutions.be\/fr\/produit\/gresgying-120kw-180kw-kopie-2\/"]}]},{"@type":"ImageObject","inLanguage":"fr-FR","@id":"https:\/\/www.qevsolutions.be\/fr\/produit\/gresgying-120kw-180kw-kopie-2\/#primaryimage","url":"https:\/\/www.qevsolutions.be\/wp-content\/uploads\/2024\/09\/Schermafbeelding-2025-08-22-122511.png","contentUrl":"https:\/\/www.qevsolutions.be\/wp-content\/uploads\/2024\/09\/Schermafbeelding-2025-08-22-122511.png","width":376,"height":562},{"@type":"BreadcrumbList","@id":"https:\/\/www.qevsolutions.be\/fr\/produit\/gresgying-120kw-180kw-kopie-2\/#breadcrumb","itemListElement":[{"@type":"ListItem","position":1,"name":"Home","item":"https:\/\/www.qevsolutions.be\/fr\/"},{"@type":"ListItem","position":2,"name":"Commandez vos bornes de recharge et accessoires en ligne","item":"https:\/\/www.qevsolutions.be\/fr\/boutique\/"},{"@type":"ListItem","position":3,"name":"Gresgying 480\u00a0kW charge jusqu&#8217;\u00e0 4 voitures &#8211; avec compteur interm\u00e9diaire et gestion des c\u00e2bles et terminal de paiement"}]},{"@type":"WebSite","@id":"https:\/\/www.qevsolutions.be\/fr\/#website","url":"https:\/\/www.qevsolutions.be\/fr\/","name":"Q.Ev. Solutions and distributions","description":"","potentialAction":[{"@type":"SearchAction","target":{"@type":"EntryPoint","urlTemplate":"https:\/\/www.qevsolutions.be\/fr\/?s={search_term_string}"},"query-input":{"@type":"PropertyValueSpecification","valueRequired":true,"valueName":"search_term_string"}}],"inLanguage":"fr-FR"}]}},"_links":{"self":[{"href":"https:\/\/www.qevsolutions.be\/fr\/wp-json\/wp\/v2\/product\/2903","targetHints":{"allow":["GET"]}}],"collection":[{"href":"https:\/\/www.qevsolutions.be\/fr\/wp-json\/wp\/v2\/product"}],"about":[{"href":"https:\/\/www.qevsolutions.be\/fr\/wp-json\/wp\/v2\/types\/product"}],"wp:featuredmedia":[{"embeddable":true,"href":"https:\/\/www.qevsolutions.be\/fr\/wp-json\/wp\/v2\/media\/3031"}],"wp:attachment":[{"href":"https:\/\/www.qevsolutions.be\/fr\/wp-json\/wp\/v2\/media?parent=2903"}],"wp:term":[{"taxonomy":"product_brand","embeddable":true,"href":"https:\/\/www.qevsolutions.be\/fr\/wp-json\/wp\/v2\/product_brand?post=2903"},{"taxonomy":"product_cat","embeddable":true,"href":"https:\/\/www.qevsolutions.be\/fr\/wp-json\/wp\/v2\/product_cat?post=2903"},{"taxonomy":"product_tag","embeddable":true,"href":"https:\/\/www.qevsolutions.be\/fr\/wp-json\/wp\/v2\/product_tag?post=2903"}],"curies":[{"name":"wp","href":"https:\/\/api.w.org\/{rel}","templated":true}]}}