{"id":2868,"date":"2024-07-23T12:35:13","date_gmt":"2024-07-23T11:35:13","guid":{"rendered":"https:\/\/www.qevsolutions.be\/?post_type=product&#038;p=2868"},"modified":"2024-07-23T12:51:22","modified_gmt":"2024-07-23T11:51:22","slug":"alpitronic-hypercharger-hyc150-300-kopie-2","status":"publish","type":"product","link":"https:\/\/www.qevsolutions.be\/fr\/produit\/alpitronic-hypercharger-hyc150-300-kopie-2\/","title":{"rendered":"ALpitronic Hypercharger HYC200"},"content":{"rendered":"<p>    Les chargeurs DC 200KW d&rsquo;Alpitronic peuvent charger 2 voitures en m\u00eame temps \u00e0 une tension DC (2x) avec des prises de type 2.<br \/>\nIls peuvent charger 1x 200KW et 2 x 100KW par voiture simultan\u00e9ment.<br \/>\nLe chargeur convient \u00e0 une utilisation int\u00e9rieure et ext\u00e9rieure et pr\u00e9sente un niveau sonore ultra-faible.<br \/>\nLe grand \u00e9cran LCD affiche clairement toutes les donn\u00e9es n\u00e9cessaires au chargement. En Belgique il y a obligation d&rsquo;ajouter un terminal de paiement \u00e0 partir de 50KW, ce chargeur dispose donc d\u00e9j\u00e0 d&rsquo;un terminal de paiement dans l&rsquo;appareil \u00e0 l&rsquo;arriv\u00e9e.<br \/>\nLe bo\u00eetier robuste fabriqu\u00e9 \u00e0 partir de mat\u00e9riaux de haute qualit\u00e9 r\u00e9sistants \u00e0 la corrosion conf\u00e8re \u00e0 ce chargeur une longue dur\u00e9e de vie et une protection.<br \/>\nNous pouvons personnaliser tous les chargeurs Alpitronic selon vos souhaits.<br \/>\nDemandez-nous votre devis personnalis\u00e9 et nous vous contacterons pour prendre rendez-vous sur place.<\/p>\n","protected":false},"excerpt":{"rendered":"<p>ALpitronic Hypercharger HYC200<\/p>\n","protected":false},"featured_media":2871,"template":"","meta":[],"product_brand":[],"product_cat":[381],"product_tag":[],"class_list":{"0":"post-2868","1":"product","2":"type-product","3":"status-publish","4":"has-post-thumbnail","6":"product_cat-chargeur-rapide","8":"first","9":"outofstock","10":"taxable","11":"shipping-taxable","12":"product-type-simple"},"yoast_head":"<!-- This site is optimized with the Yoast SEO plugin v27.5 - https:\/\/yoast.com\/product\/yoast-seo-wordpress\/ -->\n<title>ALpitronic Hypercharger HYC200 - Q.Ev. Solutions and distributions<\/title>\n<meta name=\"description\" content=\"Hyperchargeur d&#039;Alpitronic, ce chargeur rapide DC de 200KW est un chargeur rapide pour votre entreprise. Ce chargeur rapide a un look moderne et peut \u00eatre personnalis\u00e9 selon vos go\u00fbts.\" \/>\n<meta name=\"robots\" content=\"index, follow, max-snippet:-1, max-image-preview:large, max-video-preview:-1\" \/>\n<link rel=\"canonical\" href=\"https:\/\/www.qevsolutions.be\/fr\/produit\/alpitronic-hypercharger-hyc150-300-kopie-2\/\" \/>\n<meta property=\"og:locale\" content=\"fr_FR\" \/>\n<meta property=\"og:type\" content=\"article\" \/>\n<meta property=\"og:title\" content=\"ALpitronic Hypercharger HYC200 - Q.Ev. Solutions and distributions\" \/>\n<meta property=\"og:description\" content=\"Hyperchargeur d&#039;Alpitronic, ce chargeur rapide DC de 200KW est un chargeur rapide pour votre entreprise. Ce chargeur rapide a un look moderne et peut \u00eatre personnalis\u00e9 selon vos go\u00fbts.\" \/>\n<meta property=\"og:url\" content=\"https:\/\/www.qevsolutions.be\/fr\/produit\/alpitronic-hypercharger-hyc150-300-kopie-2\/\" \/>\n<meta property=\"og:site_name\" content=\"Q.Ev. Solutions and distributions\" \/>\n<meta property=\"article:modified_time\" content=\"2024-07-23T11:51:22+00:00\" \/>\n<meta property=\"og:image\" content=\"https:\/\/www.qevsolutions.be\/wp-content\/uploads\/2024\/07\/foto-200KW.png\" \/>\n\t<meta property=\"og:image:width\" content=\"323\" \/>\n\t<meta property=\"og:image:height\" content=\"792\" \/>\n\t<meta property=\"og:image:type\" content=\"image\/png\" \/>\n<meta name=\"twitter:card\" content=\"summary_large_image\" \/>\n<meta name=\"twitter:label1\" content=\"Dur\u00e9e de lecture estim\u00e9e\" \/>\n\t<meta name=\"twitter:data1\" content=\"1 minute\" \/>\n<script type=\"application\/ld+json\" class=\"yoast-schema-graph\">{\"@context\":\"https:\\\/\\\/schema.org\",\"@graph\":[{\"@type\":\"WebPage\",\"@id\":\"https:\\\/\\\/www.qevsolutions.be\\\/fr\\\/produit\\\/alpitronic-hypercharger-hyc150-300-kopie-2\\\/\",\"url\":\"https:\\\/\\\/www.qevsolutions.be\\\/fr\\\/produit\\\/alpitronic-hypercharger-hyc150-300-kopie-2\\\/\",\"name\":\"ALpitronic Hypercharger HYC200 - Q.Ev. Solutions and distributions\",\"isPartOf\":{\"@id\":\"https:\\\/\\\/www.qevsolutions.be\\\/fr\\\/#website\"},\"primaryImageOfPage\":{\"@id\":\"https:\\\/\\\/www.qevsolutions.be\\\/fr\\\/produit\\\/alpitronic-hypercharger-hyc150-300-kopie-2\\\/#primaryimage\"},\"image\":{\"@id\":\"https:\\\/\\\/www.qevsolutions.be\\\/fr\\\/produit\\\/alpitronic-hypercharger-hyc150-300-kopie-2\\\/#primaryimage\"},\"thumbnailUrl\":\"https:\\\/\\\/www.qevsolutions.be\\\/wp-content\\\/uploads\\\/2024\\\/07\\\/foto-200KW.png\",\"datePublished\":\"2024-07-23T11:35:13+00:00\",\"dateModified\":\"2024-07-23T11:51:22+00:00\",\"description\":\"Hyperchargeur d'Alpitronic, ce chargeur rapide DC de 200KW est un chargeur rapide pour votre entreprise. Ce chargeur rapide a un look moderne et peut \u00eatre personnalis\u00e9 selon vos go\u00fbts.\",\"breadcrumb\":{\"@id\":\"https:\\\/\\\/www.qevsolutions.be\\\/fr\\\/produit\\\/alpitronic-hypercharger-hyc150-300-kopie-2\\\/#breadcrumb\"},\"inLanguage\":\"fr-FR\",\"potentialAction\":[{\"@type\":\"ReadAction\",\"target\":[\"https:\\\/\\\/www.qevsolutions.be\\\/fr\\\/produit\\\/alpitronic-hypercharger-hyc150-300-kopie-2\\\/\"]}]},{\"@type\":\"ImageObject\",\"inLanguage\":\"fr-FR\",\"@id\":\"https:\\\/\\\/www.qevsolutions.be\\\/fr\\\/produit\\\/alpitronic-hypercharger-hyc150-300-kopie-2\\\/#primaryimage\",\"url\":\"https:\\\/\\\/www.qevsolutions.be\\\/wp-content\\\/uploads\\\/2024\\\/07\\\/foto-200KW.png\",\"contentUrl\":\"https:\\\/\\\/www.qevsolutions.be\\\/wp-content\\\/uploads\\\/2024\\\/07\\\/foto-200KW.png\",\"width\":323,\"height\":792},{\"@type\":\"BreadcrumbList\",\"@id\":\"https:\\\/\\\/www.qevsolutions.be\\\/fr\\\/produit\\\/alpitronic-hypercharger-hyc150-300-kopie-2\\\/#breadcrumb\",\"itemListElement\":[{\"@type\":\"ListItem\",\"position\":1,\"name\":\"Home\",\"item\":\"https:\\\/\\\/www.qevsolutions.be\\\/fr\\\/\"},{\"@type\":\"ListItem\",\"position\":2,\"name\":\"Commandez vos bornes de recharge et accessoires en ligne\",\"item\":\"https:\\\/\\\/www.qevsolutions.be\\\/fr\\\/boutique\\\/\"},{\"@type\":\"ListItem\",\"position\":3,\"name\":\"ALpitronic Hypercharger HYC200\"}]},{\"@type\":\"WebSite\",\"@id\":\"https:\\\/\\\/www.qevsolutions.be\\\/fr\\\/#website\",\"url\":\"https:\\\/\\\/www.qevsolutions.be\\\/fr\\\/\",\"name\":\"Q.Ev. Solutions and distributions\",\"description\":\"\",\"potentialAction\":[{\"@type\":\"SearchAction\",\"target\":{\"@type\":\"EntryPoint\",\"urlTemplate\":\"https:\\\/\\\/www.qevsolutions.be\\\/fr\\\/?s={search_term_string}\"},\"query-input\":{\"@type\":\"PropertyValueSpecification\",\"valueRequired\":true,\"valueName\":\"search_term_string\"}}],\"inLanguage\":\"fr-FR\"}]}<\/script>\n<!-- \/ Yoast SEO plugin. -->","yoast_head_json":{"title":"ALpitronic Hypercharger HYC200 - Q.Ev. Solutions and distributions","description":"Hyperchargeur d'Alpitronic, ce chargeur rapide DC de 200KW est un chargeur rapide pour votre entreprise. Ce chargeur rapide a un look moderne et peut \u00eatre personnalis\u00e9 selon vos go\u00fbts.","robots":{"index":"index","follow":"follow","max-snippet":"max-snippet:-1","max-image-preview":"max-image-preview:large","max-video-preview":"max-video-preview:-1"},"canonical":"https:\/\/www.qevsolutions.be\/fr\/produit\/alpitronic-hypercharger-hyc150-300-kopie-2\/","og_locale":"fr_FR","og_type":"article","og_title":"ALpitronic Hypercharger HYC200 - Q.Ev. Solutions and distributions","og_description":"Hyperchargeur d'Alpitronic, ce chargeur rapide DC de 200KW est un chargeur rapide pour votre entreprise. Ce chargeur rapide a un look moderne et peut \u00eatre personnalis\u00e9 selon vos go\u00fbts.","og_url":"https:\/\/www.qevsolutions.be\/fr\/produit\/alpitronic-hypercharger-hyc150-300-kopie-2\/","og_site_name":"Q.Ev. Solutions and distributions","article_modified_time":"2024-07-23T11:51:22+00:00","og_image":[{"width":323,"height":792,"url":"https:\/\/www.qevsolutions.be\/wp-content\/uploads\/2024\/07\/foto-200KW.png","type":"image\/png"}],"twitter_card":"summary_large_image","twitter_misc":{"Dur\u00e9e de lecture estim\u00e9e":"1 minute"},"schema":{"@context":"https:\/\/schema.org","@graph":[{"@type":"WebPage","@id":"https:\/\/www.qevsolutions.be\/fr\/produit\/alpitronic-hypercharger-hyc150-300-kopie-2\/","url":"https:\/\/www.qevsolutions.be\/fr\/produit\/alpitronic-hypercharger-hyc150-300-kopie-2\/","name":"ALpitronic Hypercharger HYC200 - Q.Ev. Solutions and distributions","isPartOf":{"@id":"https:\/\/www.qevsolutions.be\/fr\/#website"},"primaryImageOfPage":{"@id":"https:\/\/www.qevsolutions.be\/fr\/produit\/alpitronic-hypercharger-hyc150-300-kopie-2\/#primaryimage"},"image":{"@id":"https:\/\/www.qevsolutions.be\/fr\/produit\/alpitronic-hypercharger-hyc150-300-kopie-2\/#primaryimage"},"thumbnailUrl":"https:\/\/www.qevsolutions.be\/wp-content\/uploads\/2024\/07\/foto-200KW.png","datePublished":"2024-07-23T11:35:13+00:00","dateModified":"2024-07-23T11:51:22+00:00","description":"Hyperchargeur d'Alpitronic, ce chargeur rapide DC de 200KW est un chargeur rapide pour votre entreprise. Ce chargeur rapide a un look moderne et peut \u00eatre personnalis\u00e9 selon vos go\u00fbts.","breadcrumb":{"@id":"https:\/\/www.qevsolutions.be\/fr\/produit\/alpitronic-hypercharger-hyc150-300-kopie-2\/#breadcrumb"},"inLanguage":"fr-FR","potentialAction":[{"@type":"ReadAction","target":["https:\/\/www.qevsolutions.be\/fr\/produit\/alpitronic-hypercharger-hyc150-300-kopie-2\/"]}]},{"@type":"ImageObject","inLanguage":"fr-FR","@id":"https:\/\/www.qevsolutions.be\/fr\/produit\/alpitronic-hypercharger-hyc150-300-kopie-2\/#primaryimage","url":"https:\/\/www.qevsolutions.be\/wp-content\/uploads\/2024\/07\/foto-200KW.png","contentUrl":"https:\/\/www.qevsolutions.be\/wp-content\/uploads\/2024\/07\/foto-200KW.png","width":323,"height":792},{"@type":"BreadcrumbList","@id":"https:\/\/www.qevsolutions.be\/fr\/produit\/alpitronic-hypercharger-hyc150-300-kopie-2\/#breadcrumb","itemListElement":[{"@type":"ListItem","position":1,"name":"Home","item":"https:\/\/www.qevsolutions.be\/fr\/"},{"@type":"ListItem","position":2,"name":"Commandez vos bornes de recharge et accessoires en ligne","item":"https:\/\/www.qevsolutions.be\/fr\/boutique\/"},{"@type":"ListItem","position":3,"name":"ALpitronic Hypercharger HYC200"}]},{"@type":"WebSite","@id":"https:\/\/www.qevsolutions.be\/fr\/#website","url":"https:\/\/www.qevsolutions.be\/fr\/","name":"Q.Ev. Solutions and distributions","description":"","potentialAction":[{"@type":"SearchAction","target":{"@type":"EntryPoint","urlTemplate":"https:\/\/www.qevsolutions.be\/fr\/?s={search_term_string}"},"query-input":{"@type":"PropertyValueSpecification","valueRequired":true,"valueName":"search_term_string"}}],"inLanguage":"fr-FR"}]}},"_links":{"self":[{"href":"https:\/\/www.qevsolutions.be\/fr\/wp-json\/wp\/v2\/product\/2868","targetHints":{"allow":["GET"]}}],"collection":[{"href":"https:\/\/www.qevsolutions.be\/fr\/wp-json\/wp\/v2\/product"}],"about":[{"href":"https:\/\/www.qevsolutions.be\/fr\/wp-json\/wp\/v2\/types\/product"}],"wp:featuredmedia":[{"embeddable":true,"href":"https:\/\/www.qevsolutions.be\/fr\/wp-json\/wp\/v2\/media\/2871"}],"wp:attachment":[{"href":"https:\/\/www.qevsolutions.be\/fr\/wp-json\/wp\/v2\/media?parent=2868"}],"wp:term":[{"taxonomy":"product_brand","embeddable":true,"href":"https:\/\/www.qevsolutions.be\/fr\/wp-json\/wp\/v2\/product_brand?post=2868"},{"taxonomy":"product_cat","embeddable":true,"href":"https:\/\/www.qevsolutions.be\/fr\/wp-json\/wp\/v2\/product_cat?post=2868"},{"taxonomy":"product_tag","embeddable":true,"href":"https:\/\/www.qevsolutions.be\/fr\/wp-json\/wp\/v2\/product_tag?post=2868"}],"curies":[{"name":"wp","href":"https:\/\/api.w.org\/{rel}","templated":true}]}}