{"id":2857,"date":"2024-07-18T14:30:53","date_gmt":"2024-07-18T13:30:53","guid":{"rendered":"https:\/\/www.qevsolutions.be\/?post_type=product&#038;p=2857"},"modified":"2024-07-18T15:11:05","modified_gmt":"2024-07-18T14:11:05","slug":"circontrol-raption-compact-80","status":"publish","type":"product","link":"https:\/\/www.qevsolutions.be\/fr\/produit\/circontrol-raption-compact-80\/","title":{"rendered":"Circontrol Raption compact 80"},"content":{"rendered":"<p>Cet appareil est un chargeur CC de 80 kW et est con\u00e7u pour les compagnies de taxi, les parkings, les h\u00f4tels, etc. o\u00f9 les gens doivent pouvoir \u00eatre pr\u00eats \u00e0 partir rapidement en une demi-heure.<\/p>\n<p>De cette fa\u00e7on, vous pouvez charger 80 km en 10 minutes\u00a0!<\/p>\n<p>Avec son design bicolore et son design \u00e9troit, ce n&rsquo;est pas seulement un chargeur rapide dans votre parking, nous pouvons le personnaliser pour vous afin que vous ayez votre chargeur unique.<\/p>\n<p>L&rsquo;armoire est en acier inoxydable et dispose d&rsquo;un interrupteur diff\u00e9rentiel de type B int\u00e9gr\u00e9.<\/p>\n<p>Les chargeurs sont fournis avec les options suivantes en Belgique et aux Pays-Bas<\/p>\n<p>RFID<br \/>\n4G pour le syst\u00e8me back-office<br \/>\nConnecteur anti-vandalisme<br \/>\nSyst\u00e8me de gestion des c\u00e2bles<br \/>\ndu terminal de paiement<br \/>\n\u00c9cran LCD 15&Prime;<br \/>\nCe chargeur peut charger simultan\u00e9ment 2x40KW ou 1x 80KW et dispose de 2x fiches CCS2<\/p>\n<p><iframe loading=\"lazy\" src=\"https:\/\/player.vimeo.com\/video\/914732730?h=13b582cd32\" width=\"640\" height=\"360\" frameborder=\"0\" allow=\"autoplay; fullscreen; picture-in-picture\" allowfullscreen><\/iframe><\/p>\n<p><a href=\"https:\/\/vimeo.com\/914732730\">Raption EVOLUTION &#8211; Raption Compact 80<\/a> from <a href=\"https:\/\/vimeo.com\/circontrol\">CIRCONTROL<\/a> on <a href=\"https:\/\/vimeo.com\">Vimeo<\/a>.<\/p>\n","protected":false},"excerpt":{"rendered":"<p>Cet appareil est un chargeur CC de 80 kW et est con\u00e7u pour les compagnies de taxi, les parkings, les h\u00f4tels, etc. o\u00f9 les gens doivent pouvoir \u00eatre pr\u00eats \u00e0 partir rapidement en une demi-heure. De cette fa\u00e7on, vous pouvez charger 80 km en 10 minutes\u00a0! Avec son design bicolore et son design \u00e9troit, ce [&hellip;]<\/p>\n","protected":false},"featured_media":2860,"template":"","meta":[],"product_brand":[],"product_cat":[319,381],"product_tag":[],"class_list":{"0":"post-2857","1":"product","2":"type-product","3":"status-publish","4":"has-post-thumbnail","6":"product_cat-bornes-de-recharge","7":"product_cat-chargeur-rapide","9":"first","10":"outofstock","11":"taxable","12":"shipping-taxable","13":"product-type-simple"},"yoast_head":"<!-- This site is optimized with the Yoast SEO plugin v27.3 - https:\/\/yoast.com\/product\/yoast-seo-wordpress\/ -->\n<title>Circontrol Raption compact 80 - Q.Ev. Solutions and distributions<\/title>\n<meta name=\"description\" content=\"Circontrol Raption compact 80 cet appareil convient aux parkings, compagnies de taxis, magasins, etc...\" \/>\n<meta name=\"robots\" content=\"index, follow, max-snippet:-1, max-image-preview:large, max-video-preview:-1\" \/>\n<link rel=\"canonical\" href=\"https:\/\/www.qevsolutions.be\/fr\/produit\/circontrol-raption-compact-80\/\" \/>\n<meta property=\"og:locale\" content=\"fr_FR\" \/>\n<meta property=\"og:type\" content=\"article\" \/>\n<meta property=\"og:title\" content=\"Circontrol Raption compact 80 - Q.Ev. Solutions and distributions\" \/>\n<meta property=\"og:description\" content=\"Circontrol Raption compact 80 cet appareil convient aux parkings, compagnies de taxis, magasins, etc...\" \/>\n<meta property=\"og:url\" content=\"https:\/\/www.qevsolutions.be\/fr\/produit\/circontrol-raption-compact-80\/\" \/>\n<meta property=\"og:site_name\" content=\"Q.Ev. Solutions and distributions\" \/>\n<meta property=\"article:modified_time\" content=\"2024-07-18T14:11:05+00:00\" \/>\n<meta property=\"og:image\" content=\"https:\/\/www.qevsolutions.be\/wp-content\/uploads\/2024\/07\/foto-80kw.png\" \/>\n\t<meta property=\"og:image:width\" content=\"307\" \/>\n\t<meta property=\"og:image:height\" content=\"477\" \/>\n\t<meta property=\"og:image:type\" content=\"image\/png\" \/>\n<meta name=\"twitter:card\" content=\"summary_large_image\" \/>\n<meta name=\"twitter:label1\" content=\"Dur\u00e9e de lecture estim\u00e9e\" \/>\n\t<meta name=\"twitter:data1\" content=\"1 minute\" \/>\n<script type=\"application\/ld+json\" class=\"yoast-schema-graph\">{\"@context\":\"https:\\\/\\\/schema.org\",\"@graph\":[{\"@type\":\"WebPage\",\"@id\":\"https:\\\/\\\/www.qevsolutions.be\\\/fr\\\/produit\\\/circontrol-raption-compact-80\\\/\",\"url\":\"https:\\\/\\\/www.qevsolutions.be\\\/fr\\\/produit\\\/circontrol-raption-compact-80\\\/\",\"name\":\"Circontrol Raption compact 80 - Q.Ev. Solutions and distributions\",\"isPartOf\":{\"@id\":\"https:\\\/\\\/www.qevsolutions.be\\\/fr\\\/#website\"},\"primaryImageOfPage\":{\"@id\":\"https:\\\/\\\/www.qevsolutions.be\\\/fr\\\/produit\\\/circontrol-raption-compact-80\\\/#primaryimage\"},\"image\":{\"@id\":\"https:\\\/\\\/www.qevsolutions.be\\\/fr\\\/produit\\\/circontrol-raption-compact-80\\\/#primaryimage\"},\"thumbnailUrl\":\"https:\\\/\\\/www.qevsolutions.be\\\/wp-content\\\/uploads\\\/2024\\\/07\\\/foto-80kw.png\",\"datePublished\":\"2024-07-18T13:30:53+00:00\",\"dateModified\":\"2024-07-18T14:11:05+00:00\",\"description\":\"Circontrol Raption compact 80 cet appareil convient aux parkings, compagnies de taxis, magasins, etc...\",\"breadcrumb\":{\"@id\":\"https:\\\/\\\/www.qevsolutions.be\\\/fr\\\/produit\\\/circontrol-raption-compact-80\\\/#breadcrumb\"},\"inLanguage\":\"fr-FR\",\"potentialAction\":[{\"@type\":\"ReadAction\",\"target\":[\"https:\\\/\\\/www.qevsolutions.be\\\/fr\\\/produit\\\/circontrol-raption-compact-80\\\/\"]}]},{\"@type\":\"ImageObject\",\"inLanguage\":\"fr-FR\",\"@id\":\"https:\\\/\\\/www.qevsolutions.be\\\/fr\\\/produit\\\/circontrol-raption-compact-80\\\/#primaryimage\",\"url\":\"https:\\\/\\\/www.qevsolutions.be\\\/wp-content\\\/uploads\\\/2024\\\/07\\\/foto-80kw.png\",\"contentUrl\":\"https:\\\/\\\/www.qevsolutions.be\\\/wp-content\\\/uploads\\\/2024\\\/07\\\/foto-80kw.png\",\"width\":307,\"height\":477},{\"@type\":\"BreadcrumbList\",\"@id\":\"https:\\\/\\\/www.qevsolutions.be\\\/fr\\\/produit\\\/circontrol-raption-compact-80\\\/#breadcrumb\",\"itemListElement\":[{\"@type\":\"ListItem\",\"position\":1,\"name\":\"Home\",\"item\":\"https:\\\/\\\/www.qevsolutions.be\\\/fr\\\/\"},{\"@type\":\"ListItem\",\"position\":2,\"name\":\"Commandez vos bornes de recharge et accessoires en ligne\",\"item\":\"https:\\\/\\\/www.qevsolutions.be\\\/fr\\\/boutique\\\/\"},{\"@type\":\"ListItem\",\"position\":3,\"name\":\"Circontrol Raption compact 80\"}]},{\"@type\":\"WebSite\",\"@id\":\"https:\\\/\\\/www.qevsolutions.be\\\/fr\\\/#website\",\"url\":\"https:\\\/\\\/www.qevsolutions.be\\\/fr\\\/\",\"name\":\"Q.Ev. Solutions and distributions\",\"description\":\"\",\"potentialAction\":[{\"@type\":\"SearchAction\",\"target\":{\"@type\":\"EntryPoint\",\"urlTemplate\":\"https:\\\/\\\/www.qevsolutions.be\\\/fr\\\/?s={search_term_string}\"},\"query-input\":{\"@type\":\"PropertyValueSpecification\",\"valueRequired\":true,\"valueName\":\"search_term_string\"}}],\"inLanguage\":\"fr-FR\"}]}<\/script>\n<!-- \/ Yoast SEO plugin. -->","yoast_head_json":{"title":"Circontrol Raption compact 80 - Q.Ev. Solutions and distributions","description":"Circontrol Raption compact 80 cet appareil convient aux parkings, compagnies de taxis, magasins, etc...","robots":{"index":"index","follow":"follow","max-snippet":"max-snippet:-1","max-image-preview":"max-image-preview:large","max-video-preview":"max-video-preview:-1"},"canonical":"https:\/\/www.qevsolutions.be\/fr\/produit\/circontrol-raption-compact-80\/","og_locale":"fr_FR","og_type":"article","og_title":"Circontrol Raption compact 80 - Q.Ev. Solutions and distributions","og_description":"Circontrol Raption compact 80 cet appareil convient aux parkings, compagnies de taxis, magasins, etc...","og_url":"https:\/\/www.qevsolutions.be\/fr\/produit\/circontrol-raption-compact-80\/","og_site_name":"Q.Ev. Solutions and distributions","article_modified_time":"2024-07-18T14:11:05+00:00","og_image":[{"width":307,"height":477,"url":"https:\/\/www.qevsolutions.be\/wp-content\/uploads\/2024\/07\/foto-80kw.png","type":"image\/png"}],"twitter_card":"summary_large_image","twitter_misc":{"Dur\u00e9e de lecture estim\u00e9e":"1 minute"},"schema":{"@context":"https:\/\/schema.org","@graph":[{"@type":"WebPage","@id":"https:\/\/www.qevsolutions.be\/fr\/produit\/circontrol-raption-compact-80\/","url":"https:\/\/www.qevsolutions.be\/fr\/produit\/circontrol-raption-compact-80\/","name":"Circontrol Raption compact 80 - Q.Ev. Solutions and distributions","isPartOf":{"@id":"https:\/\/www.qevsolutions.be\/fr\/#website"},"primaryImageOfPage":{"@id":"https:\/\/www.qevsolutions.be\/fr\/produit\/circontrol-raption-compact-80\/#primaryimage"},"image":{"@id":"https:\/\/www.qevsolutions.be\/fr\/produit\/circontrol-raption-compact-80\/#primaryimage"},"thumbnailUrl":"https:\/\/www.qevsolutions.be\/wp-content\/uploads\/2024\/07\/foto-80kw.png","datePublished":"2024-07-18T13:30:53+00:00","dateModified":"2024-07-18T14:11:05+00:00","description":"Circontrol Raption compact 80 cet appareil convient aux parkings, compagnies de taxis, magasins, etc...","breadcrumb":{"@id":"https:\/\/www.qevsolutions.be\/fr\/produit\/circontrol-raption-compact-80\/#breadcrumb"},"inLanguage":"fr-FR","potentialAction":[{"@type":"ReadAction","target":["https:\/\/www.qevsolutions.be\/fr\/produit\/circontrol-raption-compact-80\/"]}]},{"@type":"ImageObject","inLanguage":"fr-FR","@id":"https:\/\/www.qevsolutions.be\/fr\/produit\/circontrol-raption-compact-80\/#primaryimage","url":"https:\/\/www.qevsolutions.be\/wp-content\/uploads\/2024\/07\/foto-80kw.png","contentUrl":"https:\/\/www.qevsolutions.be\/wp-content\/uploads\/2024\/07\/foto-80kw.png","width":307,"height":477},{"@type":"BreadcrumbList","@id":"https:\/\/www.qevsolutions.be\/fr\/produit\/circontrol-raption-compact-80\/#breadcrumb","itemListElement":[{"@type":"ListItem","position":1,"name":"Home","item":"https:\/\/www.qevsolutions.be\/fr\/"},{"@type":"ListItem","position":2,"name":"Commandez vos bornes de recharge et accessoires en ligne","item":"https:\/\/www.qevsolutions.be\/fr\/boutique\/"},{"@type":"ListItem","position":3,"name":"Circontrol Raption compact 80"}]},{"@type":"WebSite","@id":"https:\/\/www.qevsolutions.be\/fr\/#website","url":"https:\/\/www.qevsolutions.be\/fr\/","name":"Q.Ev. Solutions and distributions","description":"","potentialAction":[{"@type":"SearchAction","target":{"@type":"EntryPoint","urlTemplate":"https:\/\/www.qevsolutions.be\/fr\/?s={search_term_string}"},"query-input":{"@type":"PropertyValueSpecification","valueRequired":true,"valueName":"search_term_string"}}],"inLanguage":"fr-FR"}]}},"_links":{"self":[{"href":"https:\/\/www.qevsolutions.be\/fr\/wp-json\/wp\/v2\/product\/2857","targetHints":{"allow":["GET"]}}],"collection":[{"href":"https:\/\/www.qevsolutions.be\/fr\/wp-json\/wp\/v2\/product"}],"about":[{"href":"https:\/\/www.qevsolutions.be\/fr\/wp-json\/wp\/v2\/types\/product"}],"wp:featuredmedia":[{"embeddable":true,"href":"https:\/\/www.qevsolutions.be\/fr\/wp-json\/wp\/v2\/media\/2860"}],"wp:attachment":[{"href":"https:\/\/www.qevsolutions.be\/fr\/wp-json\/wp\/v2\/media?parent=2857"}],"wp:term":[{"taxonomy":"product_brand","embeddable":true,"href":"https:\/\/www.qevsolutions.be\/fr\/wp-json\/wp\/v2\/product_brand?post=2857"},{"taxonomy":"product_cat","embeddable":true,"href":"https:\/\/www.qevsolutions.be\/fr\/wp-json\/wp\/v2\/product_cat?post=2857"},{"taxonomy":"product_tag","embeddable":true,"href":"https:\/\/www.qevsolutions.be\/fr\/wp-json\/wp\/v2\/product_tag?post=2857"}],"curies":[{"name":"wp","href":"https:\/\/api.w.org\/{rel}","templated":true}]}}