{"id":2394,"date":"2023-10-13T10:10:19","date_gmt":"2023-10-13T09:10:19","guid":{"rendered":"https:\/\/www.qevsolutions.be\/?post_type=product&#038;p=2394"},"modified":"2023-10-17T15:45:23","modified_gmt":"2023-10-17T14:45:23","slug":"gresgying-22kw-socket","status":"publish","type":"product","link":"https:\/\/www.qevsolutions.be\/fr\/produit\/gresgying-22kw-socket\/","title":{"rendered":"Gresgying 22KW socket"},"content":{"rendered":"<p>Ces chargeurs de Gresgying sont de qualit\u00e9 chinoise et sont jusqu&rsquo;\u00e0 30 % moins chers que les marques europ\u00e9ennes.<\/p>\n<p>Ce chargeur AC 22KW est un beau chargeur gr\u00e2ce \u00e0 son design \u00e9l\u00e9gant. Ce chargeur est fourni avec un c\u00e2ble de charge de type 2 (\u00e9galement disponible en version c\u00e2ble). Les<\/p>\n<p>chargeurs AC de Gresgying sont con\u00e7us aussi bien pour un usage domestique que pour votre entreprise. Ils peuvent \u00eatre contr\u00f4l\u00e9s via 4G dans notre back-office et sont donc des super chargeurs pour la recharge publique.<\/p>\n<p>Nous les vendons comme chargeurs \u00e9conomiques pour les entreprises, mais cela ne veut pas dire qu&rsquo;ils ont moins de valeur, ils sont de haute qualit\u00e9, tout comme le Chargeurs DC pour lesquels ce fabricant est connu.<\/p>\n<p>D\u00e9but 2004, des terminaux de paiement seront \u00e9galement livr\u00e9s qui fonctionneront sur ces appareils. Vous pourrez contr\u00f4ler plusieurs appareils avec un seul terminal de paiement, comme dans votre station-service de confiance, ce qui est un nouveau concept pour le monde des v\u00e9hicules \u00e9lectriques.<\/p>\n<p>Chez Q ev solutions, nous proposons le service pour la Belgique et garantissons une installation parfaite.Ces chargeurs fonctionnent parfaitement sur notre syst\u00e8me back-office, ce qui signifie que nous sommes autoris\u00e9s \u00e0 les surveiller et \u00e0 les contr\u00f4ler \u00e0 distance, ce qui facilite le travail.<\/p>\n","protected":false},"excerpt":{"rendered":"<p>Ces chargeurs de Gresgying sont de qualit\u00e9 chinoise et sont jusqu&rsquo;\u00e0 30 % moins chers que les marques europ\u00e9ennes. Ce chargeur AC 22KW est un beau chargeur gr\u00e2ce \u00e0 son design \u00e9l\u00e9gant. Ce chargeur est fourni avec un c\u00e2ble de charge de type 2 (\u00e9galement disponible en version c\u00e2ble). Les chargeurs AC de Gresgying sont [&hellip;]<\/p>\n","protected":false},"featured_media":2415,"template":"","meta":[],"product_brand":[],"product_cat":[319,322],"product_tag":[],"class_list":{"0":"post-2394","1":"product","2":"type-product","3":"status-publish","4":"has-post-thumbnail","6":"product_cat-bornes-de-recharge","7":"product_cat-chargeurs-dentreprise","9":"first","10":"outofstock","11":"taxable","12":"shipping-taxable","13":"product-type-simple"},"yoast_head":"<!-- This site is optimized with the Yoast SEO plugin v27.3 - https:\/\/yoast.com\/product\/yoast-seo-wordpress\/ -->\n<title>Gresgying 22KW socket - Q.Ev. Solutions and distributions<\/title>\n<meta name=\"description\" content=\"Chargeurs AC gresgying 22KW pour usage professionnel et priv\u00e9, disponibles avec c\u00e2ble de type 2 ou avec version prise.\" \/>\n<meta name=\"robots\" content=\"index, follow, max-snippet:-1, max-image-preview:large, max-video-preview:-1\" \/>\n<link rel=\"canonical\" href=\"https:\/\/www.qevsolutions.be\/fr\/produit\/gresgying-22kw-socket\/\" \/>\n<meta property=\"og:locale\" content=\"fr_FR\" \/>\n<meta property=\"og:type\" content=\"article\" \/>\n<meta property=\"og:title\" content=\"Gresgying 22KW socket - Q.Ev. Solutions and distributions\" \/>\n<meta property=\"og:description\" content=\"Chargeurs AC gresgying 22KW pour usage professionnel et priv\u00e9, disponibles avec c\u00e2ble de type 2 ou avec version prise.\" \/>\n<meta property=\"og:url\" content=\"https:\/\/www.qevsolutions.be\/fr\/produit\/gresgying-22kw-socket\/\" \/>\n<meta property=\"og:site_name\" content=\"Q.Ev. Solutions and distributions\" \/>\n<meta property=\"article:modified_time\" content=\"2023-10-17T14:45:23+00:00\" \/>\n<meta property=\"og:image\" content=\"https:\/\/www.qevsolutions.be\/wp-content\/uploads\/2023\/10\/\u7535\u8868\u6b63\u9762.jpg\" \/>\n\t<meta property=\"og:image:width\" content=\"800\" \/>\n\t<meta property=\"og:image:height\" content=\"450\" \/>\n\t<meta property=\"og:image:type\" content=\"image\/jpeg\" \/>\n<meta name=\"twitter:card\" content=\"summary_large_image\" \/>\n<meta name=\"twitter:label1\" content=\"Dur\u00e9e de lecture estim\u00e9e\" \/>\n\t<meta name=\"twitter:data1\" content=\"1 minute\" \/>\n<script type=\"application\/ld+json\" class=\"yoast-schema-graph\">{\"@context\":\"https:\\\/\\\/schema.org\",\"@graph\":[{\"@type\":\"WebPage\",\"@id\":\"https:\\\/\\\/www.qevsolutions.be\\\/fr\\\/produit\\\/gresgying-22kw-socket\\\/\",\"url\":\"https:\\\/\\\/www.qevsolutions.be\\\/fr\\\/produit\\\/gresgying-22kw-socket\\\/\",\"name\":\"Gresgying 22KW socket - Q.Ev. Solutions and distributions\",\"isPartOf\":{\"@id\":\"https:\\\/\\\/www.qevsolutions.be\\\/fr\\\/#website\"},\"primaryImageOfPage\":{\"@id\":\"https:\\\/\\\/www.qevsolutions.be\\\/fr\\\/produit\\\/gresgying-22kw-socket\\\/#primaryimage\"},\"image\":{\"@id\":\"https:\\\/\\\/www.qevsolutions.be\\\/fr\\\/produit\\\/gresgying-22kw-socket\\\/#primaryimage\"},\"thumbnailUrl\":\"https:\\\/\\\/www.qevsolutions.be\\\/wp-content\\\/uploads\\\/2023\\\/10\\\/\u7535\u8868\u6b63\u9762.jpg\",\"datePublished\":\"2023-10-13T09:10:19+00:00\",\"dateModified\":\"2023-10-17T14:45:23+00:00\",\"description\":\"Chargeurs AC gresgying 22KW pour usage professionnel et priv\u00e9, disponibles avec c\u00e2ble de type 2 ou avec version prise.\",\"breadcrumb\":{\"@id\":\"https:\\\/\\\/www.qevsolutions.be\\\/fr\\\/produit\\\/gresgying-22kw-socket\\\/#breadcrumb\"},\"inLanguage\":\"fr-FR\",\"potentialAction\":[{\"@type\":\"ReadAction\",\"target\":[\"https:\\\/\\\/www.qevsolutions.be\\\/fr\\\/produit\\\/gresgying-22kw-socket\\\/\"]}]},{\"@type\":\"ImageObject\",\"inLanguage\":\"fr-FR\",\"@id\":\"https:\\\/\\\/www.qevsolutions.be\\\/fr\\\/produit\\\/gresgying-22kw-socket\\\/#primaryimage\",\"url\":\"https:\\\/\\\/www.qevsolutions.be\\\/wp-content\\\/uploads\\\/2023\\\/10\\\/\u7535\u8868\u6b63\u9762.jpg\",\"contentUrl\":\"https:\\\/\\\/www.qevsolutions.be\\\/wp-content\\\/uploads\\\/2023\\\/10\\\/\u7535\u8868\u6b63\u9762.jpg\",\"width\":800,\"height\":450},{\"@type\":\"BreadcrumbList\",\"@id\":\"https:\\\/\\\/www.qevsolutions.be\\\/fr\\\/produit\\\/gresgying-22kw-socket\\\/#breadcrumb\",\"itemListElement\":[{\"@type\":\"ListItem\",\"position\":1,\"name\":\"Home\",\"item\":\"https:\\\/\\\/www.qevsolutions.be\\\/fr\\\/\"},{\"@type\":\"ListItem\",\"position\":2,\"name\":\"Commandez vos bornes de recharge et accessoires en ligne\",\"item\":\"https:\\\/\\\/www.qevsolutions.be\\\/fr\\\/boutique\\\/\"},{\"@type\":\"ListItem\",\"position\":3,\"name\":\"Gresgying 22KW socket\"}]},{\"@type\":\"WebSite\",\"@id\":\"https:\\\/\\\/www.qevsolutions.be\\\/fr\\\/#website\",\"url\":\"https:\\\/\\\/www.qevsolutions.be\\\/fr\\\/\",\"name\":\"Q.Ev. Solutions and distributions\",\"description\":\"\",\"potentialAction\":[{\"@type\":\"SearchAction\",\"target\":{\"@type\":\"EntryPoint\",\"urlTemplate\":\"https:\\\/\\\/www.qevsolutions.be\\\/fr\\\/?s={search_term_string}\"},\"query-input\":{\"@type\":\"PropertyValueSpecification\",\"valueRequired\":true,\"valueName\":\"search_term_string\"}}],\"inLanguage\":\"fr-FR\"}]}<\/script>\n<!-- \/ Yoast SEO plugin. -->","yoast_head_json":{"title":"Gresgying 22KW socket - Q.Ev. Solutions and distributions","description":"Chargeurs AC gresgying 22KW pour usage professionnel et priv\u00e9, disponibles avec c\u00e2ble de type 2 ou avec version prise.","robots":{"index":"index","follow":"follow","max-snippet":"max-snippet:-1","max-image-preview":"max-image-preview:large","max-video-preview":"max-video-preview:-1"},"canonical":"https:\/\/www.qevsolutions.be\/fr\/produit\/gresgying-22kw-socket\/","og_locale":"fr_FR","og_type":"article","og_title":"Gresgying 22KW socket - Q.Ev. Solutions and distributions","og_description":"Chargeurs AC gresgying 22KW pour usage professionnel et priv\u00e9, disponibles avec c\u00e2ble de type 2 ou avec version prise.","og_url":"https:\/\/www.qevsolutions.be\/fr\/produit\/gresgying-22kw-socket\/","og_site_name":"Q.Ev. Solutions and distributions","article_modified_time":"2023-10-17T14:45:23+00:00","og_image":[{"width":800,"height":450,"url":"https:\/\/www.qevsolutions.be\/wp-content\/uploads\/2023\/10\/\u7535\u8868\u6b63\u9762.jpg","type":"image\/jpeg"}],"twitter_card":"summary_large_image","twitter_misc":{"Dur\u00e9e de lecture estim\u00e9e":"1 minute"},"schema":{"@context":"https:\/\/schema.org","@graph":[{"@type":"WebPage","@id":"https:\/\/www.qevsolutions.be\/fr\/produit\/gresgying-22kw-socket\/","url":"https:\/\/www.qevsolutions.be\/fr\/produit\/gresgying-22kw-socket\/","name":"Gresgying 22KW socket - Q.Ev. Solutions and distributions","isPartOf":{"@id":"https:\/\/www.qevsolutions.be\/fr\/#website"},"primaryImageOfPage":{"@id":"https:\/\/www.qevsolutions.be\/fr\/produit\/gresgying-22kw-socket\/#primaryimage"},"image":{"@id":"https:\/\/www.qevsolutions.be\/fr\/produit\/gresgying-22kw-socket\/#primaryimage"},"thumbnailUrl":"https:\/\/www.qevsolutions.be\/wp-content\/uploads\/2023\/10\/\u7535\u8868\u6b63\u9762.jpg","datePublished":"2023-10-13T09:10:19+00:00","dateModified":"2023-10-17T14:45:23+00:00","description":"Chargeurs AC gresgying 22KW pour usage professionnel et priv\u00e9, disponibles avec c\u00e2ble de type 2 ou avec version prise.","breadcrumb":{"@id":"https:\/\/www.qevsolutions.be\/fr\/produit\/gresgying-22kw-socket\/#breadcrumb"},"inLanguage":"fr-FR","potentialAction":[{"@type":"ReadAction","target":["https:\/\/www.qevsolutions.be\/fr\/produit\/gresgying-22kw-socket\/"]}]},{"@type":"ImageObject","inLanguage":"fr-FR","@id":"https:\/\/www.qevsolutions.be\/fr\/produit\/gresgying-22kw-socket\/#primaryimage","url":"https:\/\/www.qevsolutions.be\/wp-content\/uploads\/2023\/10\/\u7535\u8868\u6b63\u9762.jpg","contentUrl":"https:\/\/www.qevsolutions.be\/wp-content\/uploads\/2023\/10\/\u7535\u8868\u6b63\u9762.jpg","width":800,"height":450},{"@type":"BreadcrumbList","@id":"https:\/\/www.qevsolutions.be\/fr\/produit\/gresgying-22kw-socket\/#breadcrumb","itemListElement":[{"@type":"ListItem","position":1,"name":"Home","item":"https:\/\/www.qevsolutions.be\/fr\/"},{"@type":"ListItem","position":2,"name":"Commandez vos bornes de recharge et accessoires en ligne","item":"https:\/\/www.qevsolutions.be\/fr\/boutique\/"},{"@type":"ListItem","position":3,"name":"Gresgying 22KW socket"}]},{"@type":"WebSite","@id":"https:\/\/www.qevsolutions.be\/fr\/#website","url":"https:\/\/www.qevsolutions.be\/fr\/","name":"Q.Ev. Solutions and distributions","description":"","potentialAction":[{"@type":"SearchAction","target":{"@type":"EntryPoint","urlTemplate":"https:\/\/www.qevsolutions.be\/fr\/?s={search_term_string}"},"query-input":{"@type":"PropertyValueSpecification","valueRequired":true,"valueName":"search_term_string"}}],"inLanguage":"fr-FR"}]}},"_links":{"self":[{"href":"https:\/\/www.qevsolutions.be\/fr\/wp-json\/wp\/v2\/product\/2394","targetHints":{"allow":["GET"]}}],"collection":[{"href":"https:\/\/www.qevsolutions.be\/fr\/wp-json\/wp\/v2\/product"}],"about":[{"href":"https:\/\/www.qevsolutions.be\/fr\/wp-json\/wp\/v2\/types\/product"}],"wp:featuredmedia":[{"embeddable":true,"href":"https:\/\/www.qevsolutions.be\/fr\/wp-json\/wp\/v2\/media\/2415"}],"wp:attachment":[{"href":"https:\/\/www.qevsolutions.be\/fr\/wp-json\/wp\/v2\/media?parent=2394"}],"wp:term":[{"taxonomy":"product_brand","embeddable":true,"href":"https:\/\/www.qevsolutions.be\/fr\/wp-json\/wp\/v2\/product_brand?post=2394"},{"taxonomy":"product_cat","embeddable":true,"href":"https:\/\/www.qevsolutions.be\/fr\/wp-json\/wp\/v2\/product_cat?post=2394"},{"taxonomy":"product_tag","embeddable":true,"href":"https:\/\/www.qevsolutions.be\/fr\/wp-json\/wp\/v2\/product_tag?post=2394"}],"curies":[{"name":"wp","href":"https:\/\/api.w.org\/{rel}","templated":true}]}}