{"id":2263,"date":"2023-10-12T13:51:04","date_gmt":"2023-10-12T12:51:04","guid":{"rendered":"https:\/\/www.qevsolutions.be\/?post_type=product&#038;p=2263"},"modified":"2025-08-22T16:02:13","modified_gmt":"2025-08-22T15:02:13","slug":"gesgying-120-180kw","status":"publish","type":"product","link":"https:\/\/www.qevsolutions.be\/fr\/produit\/gesgying-120-180kw\/","title":{"rendered":"Gresgying 120KW\/180KW avec compteur interm\u00e9diaire et terminal de paiement"},"content":{"rendered":"<p>Ces chargeurs de Gresgying sont de qualit\u00e9 chinoise et sont jusqu&rsquo;\u00e0 30 % moins chers que les marques europ\u00e9ennes.<\/p>\n<p>Ce chargeur rapide DC 120\/180KW est le chargeur rapide le plus vendu de Gresgying et est fourni avec 2 prises CCS2.<\/p>\n<p>Ce chargeur rapide est principalement con\u00e7u pour recharger les parkings. Avec son design \u00e9l\u00e9gant et son contr\u00f4le intelligent, c&rsquo;est un incontournable dans chaque recharge de voiture. parc.<\/p>\n<p>Ils sont mis sur le march\u00e9 par des acteurs majeurs tels que BP et Shell.<\/p>\n<p>C&rsquo;est le chargeur pour votre parking, charge rapide et au choix 120 ou 180KW (\u00e0 d\u00e9cider lors de l&rsquo;achat).<\/p>\n<p>Compteur d&rsquo;\u00e9nergie DC int\u00e9gr\u00e9 certifi\u00e9 PTB<br \/>\nFen\u00eatre pour l&rsquo;\u00e9nergie<br \/>\nterminal de paiement avec<br \/>\ncompteur Faible consommation d&rsquo;\u00e9nergie en veille<br \/>\nEfficacit\u00e9 de charge jusqu&rsquo;\u00e0 95 %<br \/>\nConnexion 4G<br \/>\nObturateur en Z tout aluminium Technologie brevet\u00e9e<br \/>\nR\u00e9partition dynamique de la puissance entre 2 connecteurs<\/p>\n","protected":false},"excerpt":{"rendered":"<p>Ces chargeurs de Gresgying sont de qualit\u00e9 chinoise et sont jusqu&rsquo;\u00e0 30 % moins chers que les marques europ\u00e9ennes. Ce chargeur rapide DC 120\/180KW est le chargeur rapide le plus vendu de Gresgying et est fourni avec 2 prises CCS2. Ce chargeur rapide est principalement con\u00e7u pour recharger les parkings. Avec son design \u00e9l\u00e9gant et [&hellip;]<\/p>\n","protected":false},"featured_media":2278,"template":"","meta":[],"product_brand":[],"product_cat":[319,381],"product_tag":[],"class_list":{"0":"post-2263","1":"product","2":"type-product","3":"status-publish","4":"has-post-thumbnail","6":"product_cat-bornes-de-recharge","7":"product_cat-chargeur-rapide","9":"first","10":"outofstock","11":"taxable","12":"shipping-taxable","13":"purchasable","14":"product-type-variable"},"yoast_head":"<!-- This site is optimized with the Yoast SEO plugin v27.3 - https:\/\/yoast.com\/product\/yoast-seo-wordpress\/ -->\n<title>Gresgying 120KW\/180KW avec compteur interm\u00e9diaire et terminal de paiement - Q.Ev. Solutions and distributions<\/title>\n<meta name=\"description\" content=\"chargeur gresgying 120KW\/180KW chargeur efficace qui s&#039;adapte \u00e0 tous les parkings de votre entreprise, ce chargeur rapide est de qualit\u00e9 sup\u00e9rieure ils sont fournis avec une prise 2x CCS2 le chargeur commercial parfait pour votre PME\" \/>\n<meta name=\"robots\" content=\"index, follow, max-snippet:-1, max-image-preview:large, max-video-preview:-1\" \/>\n<link rel=\"canonical\" href=\"https:\/\/www.qevsolutions.be\/fr\/produit\/gesgying-120-180kw\/\" \/>\n<meta property=\"og:locale\" content=\"fr_FR\" \/>\n<meta property=\"og:type\" content=\"article\" \/>\n<meta property=\"og:title\" content=\"Gresgying 120KW\/180KW avec compteur interm\u00e9diaire et terminal de paiement - Q.Ev. Solutions and distributions\" \/>\n<meta property=\"og:description\" content=\"chargeur gresgying 120KW\/180KW chargeur efficace qui s&#039;adapte \u00e0 tous les parkings de votre entreprise, ce chargeur rapide est de qualit\u00e9 sup\u00e9rieure ils sont fournis avec une prise 2x CCS2 le chargeur commercial parfait pour votre PME\" \/>\n<meta property=\"og:url\" content=\"https:\/\/www.qevsolutions.be\/fr\/produit\/gesgying-120-180kw\/\" \/>\n<meta property=\"og:site_name\" content=\"Q.Ev. Solutions and distributions\" \/>\n<meta property=\"article:modified_time\" content=\"2025-08-22T15:02:13+00:00\" \/>\n<meta property=\"og:image\" content=\"https:\/\/www.qevsolutions.be\/wp-content\/uploads\/2023\/10\/\u6b63\u9762-1.jpg\" \/>\n\t<meta property=\"og:image:width\" content=\"800\" \/>\n\t<meta property=\"og:image:height\" content=\"391\" \/>\n\t<meta property=\"og:image:type\" content=\"image\/jpeg\" \/>\n<meta name=\"twitter:card\" content=\"summary_large_image\" \/>\n<meta name=\"twitter:label1\" content=\"Dur\u00e9e de lecture estim\u00e9e\" \/>\n\t<meta name=\"twitter:data1\" content=\"1 minute\" \/>\n<script type=\"application\/ld+json\" class=\"yoast-schema-graph\">{\"@context\":\"https:\\\/\\\/schema.org\",\"@graph\":[{\"@type\":\"WebPage\",\"@id\":\"https:\\\/\\\/www.qevsolutions.be\\\/fr\\\/produit\\\/gesgying-120-180kw\\\/\",\"url\":\"https:\\\/\\\/www.qevsolutions.be\\\/fr\\\/produit\\\/gesgying-120-180kw\\\/\",\"name\":\"Gresgying 120KW\\\/180KW avec compteur interm\u00e9diaire et terminal de paiement - Q.Ev. Solutions and distributions\",\"isPartOf\":{\"@id\":\"https:\\\/\\\/www.qevsolutions.be\\\/fr\\\/#website\"},\"primaryImageOfPage\":{\"@id\":\"https:\\\/\\\/www.qevsolutions.be\\\/fr\\\/produit\\\/gesgying-120-180kw\\\/#primaryimage\"},\"image\":{\"@id\":\"https:\\\/\\\/www.qevsolutions.be\\\/fr\\\/produit\\\/gesgying-120-180kw\\\/#primaryimage\"},\"thumbnailUrl\":\"https:\\\/\\\/www.qevsolutions.be\\\/wp-content\\\/uploads\\\/2023\\\/10\\\/\u6b63\u9762-1.jpg\",\"datePublished\":\"2023-10-12T12:51:04+00:00\",\"dateModified\":\"2025-08-22T15:02:13+00:00\",\"description\":\"chargeur gresgying 120KW\\\/180KW chargeur efficace qui s'adapte \u00e0 tous les parkings de votre entreprise, ce chargeur rapide est de qualit\u00e9 sup\u00e9rieure ils sont fournis avec une prise 2x CCS2 le chargeur commercial parfait pour votre PME\",\"breadcrumb\":{\"@id\":\"https:\\\/\\\/www.qevsolutions.be\\\/fr\\\/produit\\\/gesgying-120-180kw\\\/#breadcrumb\"},\"inLanguage\":\"fr-FR\",\"potentialAction\":[{\"@type\":\"ReadAction\",\"target\":[\"https:\\\/\\\/www.qevsolutions.be\\\/fr\\\/produit\\\/gesgying-120-180kw\\\/\"]}]},{\"@type\":\"ImageObject\",\"inLanguage\":\"fr-FR\",\"@id\":\"https:\\\/\\\/www.qevsolutions.be\\\/fr\\\/produit\\\/gesgying-120-180kw\\\/#primaryimage\",\"url\":\"https:\\\/\\\/www.qevsolutions.be\\\/wp-content\\\/uploads\\\/2023\\\/10\\\/\u6b63\u9762-1.jpg\",\"contentUrl\":\"https:\\\/\\\/www.qevsolutions.be\\\/wp-content\\\/uploads\\\/2023\\\/10\\\/\u6b63\u9762-1.jpg\",\"width\":800,\"height\":391},{\"@type\":\"BreadcrumbList\",\"@id\":\"https:\\\/\\\/www.qevsolutions.be\\\/fr\\\/produit\\\/gesgying-120-180kw\\\/#breadcrumb\",\"itemListElement\":[{\"@type\":\"ListItem\",\"position\":1,\"name\":\"Home\",\"item\":\"https:\\\/\\\/www.qevsolutions.be\\\/fr\\\/\"},{\"@type\":\"ListItem\",\"position\":2,\"name\":\"Commandez vos bornes de recharge et accessoires en ligne\",\"item\":\"https:\\\/\\\/www.qevsolutions.be\\\/fr\\\/boutique\\\/\"},{\"@type\":\"ListItem\",\"position\":3,\"name\":\"Gresgying 120KW\\\/180KW avec compteur interm\u00e9diaire et terminal de paiement\"}]},{\"@type\":\"WebSite\",\"@id\":\"https:\\\/\\\/www.qevsolutions.be\\\/fr\\\/#website\",\"url\":\"https:\\\/\\\/www.qevsolutions.be\\\/fr\\\/\",\"name\":\"Q.Ev. Solutions and distributions\",\"description\":\"\",\"potentialAction\":[{\"@type\":\"SearchAction\",\"target\":{\"@type\":\"EntryPoint\",\"urlTemplate\":\"https:\\\/\\\/www.qevsolutions.be\\\/fr\\\/?s={search_term_string}\"},\"query-input\":{\"@type\":\"PropertyValueSpecification\",\"valueRequired\":true,\"valueName\":\"search_term_string\"}}],\"inLanguage\":\"fr-FR\"}]}<\/script>\n<!-- \/ Yoast SEO plugin. -->","yoast_head_json":{"title":"Gresgying 120KW\/180KW avec compteur interm\u00e9diaire et terminal de paiement - Q.Ev. Solutions and distributions","description":"chargeur gresgying 120KW\/180KW chargeur efficace qui s'adapte \u00e0 tous les parkings de votre entreprise, ce chargeur rapide est de qualit\u00e9 sup\u00e9rieure ils sont fournis avec une prise 2x CCS2 le chargeur commercial parfait pour votre PME","robots":{"index":"index","follow":"follow","max-snippet":"max-snippet:-1","max-image-preview":"max-image-preview:large","max-video-preview":"max-video-preview:-1"},"canonical":"https:\/\/www.qevsolutions.be\/fr\/produit\/gesgying-120-180kw\/","og_locale":"fr_FR","og_type":"article","og_title":"Gresgying 120KW\/180KW avec compteur interm\u00e9diaire et terminal de paiement - Q.Ev. Solutions and distributions","og_description":"chargeur gresgying 120KW\/180KW chargeur efficace qui s'adapte \u00e0 tous les parkings de votre entreprise, ce chargeur rapide est de qualit\u00e9 sup\u00e9rieure ils sont fournis avec une prise 2x CCS2 le chargeur commercial parfait pour votre PME","og_url":"https:\/\/www.qevsolutions.be\/fr\/produit\/gesgying-120-180kw\/","og_site_name":"Q.Ev. Solutions and distributions","article_modified_time":"2025-08-22T15:02:13+00:00","og_image":[{"width":800,"height":391,"url":"https:\/\/www.qevsolutions.be\/wp-content\/uploads\/2023\/10\/\u6b63\u9762-1.jpg","type":"image\/jpeg"}],"twitter_card":"summary_large_image","twitter_misc":{"Dur\u00e9e de lecture estim\u00e9e":"1 minute"},"schema":{"@context":"https:\/\/schema.org","@graph":[{"@type":"WebPage","@id":"https:\/\/www.qevsolutions.be\/fr\/produit\/gesgying-120-180kw\/","url":"https:\/\/www.qevsolutions.be\/fr\/produit\/gesgying-120-180kw\/","name":"Gresgying 120KW\/180KW avec compteur interm\u00e9diaire et terminal de paiement - Q.Ev. Solutions and distributions","isPartOf":{"@id":"https:\/\/www.qevsolutions.be\/fr\/#website"},"primaryImageOfPage":{"@id":"https:\/\/www.qevsolutions.be\/fr\/produit\/gesgying-120-180kw\/#primaryimage"},"image":{"@id":"https:\/\/www.qevsolutions.be\/fr\/produit\/gesgying-120-180kw\/#primaryimage"},"thumbnailUrl":"https:\/\/www.qevsolutions.be\/wp-content\/uploads\/2023\/10\/\u6b63\u9762-1.jpg","datePublished":"2023-10-12T12:51:04+00:00","dateModified":"2025-08-22T15:02:13+00:00","description":"chargeur gresgying 120KW\/180KW chargeur efficace qui s'adapte \u00e0 tous les parkings de votre entreprise, ce chargeur rapide est de qualit\u00e9 sup\u00e9rieure ils sont fournis avec une prise 2x CCS2 le chargeur commercial parfait pour votre PME","breadcrumb":{"@id":"https:\/\/www.qevsolutions.be\/fr\/produit\/gesgying-120-180kw\/#breadcrumb"},"inLanguage":"fr-FR","potentialAction":[{"@type":"ReadAction","target":["https:\/\/www.qevsolutions.be\/fr\/produit\/gesgying-120-180kw\/"]}]},{"@type":"ImageObject","inLanguage":"fr-FR","@id":"https:\/\/www.qevsolutions.be\/fr\/produit\/gesgying-120-180kw\/#primaryimage","url":"https:\/\/www.qevsolutions.be\/wp-content\/uploads\/2023\/10\/\u6b63\u9762-1.jpg","contentUrl":"https:\/\/www.qevsolutions.be\/wp-content\/uploads\/2023\/10\/\u6b63\u9762-1.jpg","width":800,"height":391},{"@type":"BreadcrumbList","@id":"https:\/\/www.qevsolutions.be\/fr\/produit\/gesgying-120-180kw\/#breadcrumb","itemListElement":[{"@type":"ListItem","position":1,"name":"Home","item":"https:\/\/www.qevsolutions.be\/fr\/"},{"@type":"ListItem","position":2,"name":"Commandez vos bornes de recharge et accessoires en ligne","item":"https:\/\/www.qevsolutions.be\/fr\/boutique\/"},{"@type":"ListItem","position":3,"name":"Gresgying 120KW\/180KW avec compteur interm\u00e9diaire et terminal de paiement"}]},{"@type":"WebSite","@id":"https:\/\/www.qevsolutions.be\/fr\/#website","url":"https:\/\/www.qevsolutions.be\/fr\/","name":"Q.Ev. Solutions and distributions","description":"","potentialAction":[{"@type":"SearchAction","target":{"@type":"EntryPoint","urlTemplate":"https:\/\/www.qevsolutions.be\/fr\/?s={search_term_string}"},"query-input":{"@type":"PropertyValueSpecification","valueRequired":true,"valueName":"search_term_string"}}],"inLanguage":"fr-FR"}]}},"_links":{"self":[{"href":"https:\/\/www.qevsolutions.be\/fr\/wp-json\/wp\/v2\/product\/2263","targetHints":{"allow":["GET"]}}],"collection":[{"href":"https:\/\/www.qevsolutions.be\/fr\/wp-json\/wp\/v2\/product"}],"about":[{"href":"https:\/\/www.qevsolutions.be\/fr\/wp-json\/wp\/v2\/types\/product"}],"wp:featuredmedia":[{"embeddable":true,"href":"https:\/\/www.qevsolutions.be\/fr\/wp-json\/wp\/v2\/media\/2278"}],"wp:attachment":[{"href":"https:\/\/www.qevsolutions.be\/fr\/wp-json\/wp\/v2\/media?parent=2263"}],"wp:term":[{"taxonomy":"product_brand","embeddable":true,"href":"https:\/\/www.qevsolutions.be\/fr\/wp-json\/wp\/v2\/product_brand?post=2263"},{"taxonomy":"product_cat","embeddable":true,"href":"https:\/\/www.qevsolutions.be\/fr\/wp-json\/wp\/v2\/product_cat?post=2263"},{"taxonomy":"product_tag","embeddable":true,"href":"https:\/\/www.qevsolutions.be\/fr\/wp-json\/wp\/v2\/product_tag?post=2263"}],"curies":[{"name":"wp","href":"https:\/\/api.w.org\/{rel}","templated":true}]}}