{"id":2167,"date":"2023-10-12T13:05:54","date_gmt":"2023-10-12T12:05:54","guid":{"rendered":"https:\/\/www.qevsolutions.be\/?post_type=product&#038;p=2167"},"modified":"2025-08-22T16:06:45","modified_gmt":"2025-08-22T15:06:45","slug":"gesgying-30kw","status":"publish","type":"product","link":"https:\/\/www.qevsolutions.be\/fr\/produit\/gesgying-30kw\/","title":{"rendered":"Gresgying 30 kW avec compteur interm\u00e9diaire"},"content":{"rendered":"<p>Ces chargeurs de Gresgying sont de qualit\u00e9 chinoise et sont jusqu&rsquo;\u00e0 30 % moins chers que les marques europ\u00e9ennes.<\/p>\n<p>Ce chargeur rapide DC 30KW est le mod\u00e8le d&rsquo;entr\u00e9e de gamme de Gresgying et est fourni avec une prise CCS2.<\/p>\n<p>Le chargeur est synonyme de contr\u00f4le intelligent, de placement flexible, de performances \u00e9lev\u00e9es.<\/p>\n<p>Gr\u00e2ce \u00e0 sa conception, il peut \u00eatre parfaitement plac\u00e9 dans les parkings d&rsquo;entreprise, etc.<\/p>\n<p>Compteur d&rsquo;\u00e9nergie DC int\u00e9gr\u00e9 certifi\u00e9 PTB<br \/>\nFen\u00eatre pour<br \/>\nterminal de paiement du compteur d&rsquo;\u00e9nergie<br \/>\nFaible consommation d&rsquo;\u00e9nergie<br \/>\nen veille Efficacit\u00e9 de charge jusqu&rsquo;\u00e0 95 %<br \/>\nConnexion 4G<\/p>\n","protected":false},"excerpt":{"rendered":"<p>Ces chargeurs de Gresgying sont de qualit\u00e9 chinoise et sont jusqu&rsquo;\u00e0 30 % moins chers que les marques europ\u00e9ennes. Ce chargeur rapide DC 30KW est le mod\u00e8le d&rsquo;entr\u00e9e de gamme de Gresgying et est fourni avec une prise CCS2. Le chargeur est synonyme de contr\u00f4le intelligent, de placement flexible, de performances \u00e9lev\u00e9es. Gr\u00e2ce \u00e0 sa [&hellip;]<\/p>\n","protected":false},"featured_media":2224,"template":"","meta":[],"product_brand":[],"product_cat":[319,381],"product_tag":[],"class_list":{"0":"post-2167","1":"product","2":"type-product","3":"status-publish","4":"has-post-thumbnail","6":"product_cat-bornes-de-recharge","7":"product_cat-chargeur-rapide","9":"first","10":"outofstock","11":"taxable","12":"shipping-taxable","13":"purchasable","14":"product-type-simple"},"yoast_head":"<!-- This site is optimized with the Yoast SEO plugin v27.3 - https:\/\/yoast.com\/product\/yoast-seo-wordpress\/ -->\n<title>Gresgying 30 kW avec compteur interm\u00e9diaire - Q.Ev. Solutions and distributions<\/title>\n<meta name=\"description\" content=\"chargeur gresgying 30KW chargeur efficace qui s&#039;adapte dans tous les parkings de votre entreprise, ce chargeur rapide est de top qualit\u00e9, ils sont fournis avec une prise CCS2\" \/>\n<meta name=\"robots\" content=\"index, follow, max-snippet:-1, max-image-preview:large, max-video-preview:-1\" \/>\n<link rel=\"canonical\" href=\"https:\/\/www.qevsolutions.be\/fr\/produit\/gesgying-30kw\/\" \/>\n<meta property=\"og:locale\" content=\"fr_FR\" \/>\n<meta property=\"og:type\" content=\"article\" \/>\n<meta property=\"og:title\" content=\"Gresgying 30 kW avec compteur interm\u00e9diaire - Q.Ev. Solutions and distributions\" \/>\n<meta property=\"og:description\" content=\"chargeur gresgying 30KW chargeur efficace qui s&#039;adapte dans tous les parkings de votre entreprise, ce chargeur rapide est de top qualit\u00e9, ils sont fournis avec une prise CCS2\" \/>\n<meta property=\"og:url\" content=\"https:\/\/www.qevsolutions.be\/fr\/produit\/gesgying-30kw\/\" \/>\n<meta property=\"og:site_name\" content=\"Q.Ev. Solutions and distributions\" \/>\n<meta property=\"article:modified_time\" content=\"2025-08-22T15:06:45+00:00\" \/>\n<meta property=\"og:image\" content=\"https:\/\/www.qevsolutions.be\/wp-content\/uploads\/2023\/10\/30kw.jpg\" \/>\n\t<meta property=\"og:image:width\" content=\"800\" \/>\n\t<meta property=\"og:image:height\" content=\"450\" \/>\n\t<meta property=\"og:image:type\" content=\"image\/jpeg\" \/>\n<meta name=\"twitter:card\" content=\"summary_large_image\" \/>\n<meta name=\"twitter:label1\" content=\"Dur\u00e9e de lecture estim\u00e9e\" \/>\n\t<meta name=\"twitter:data1\" content=\"1 minute\" \/>\n<script type=\"application\/ld+json\" class=\"yoast-schema-graph\">{\"@context\":\"https:\\\/\\\/schema.org\",\"@graph\":[{\"@type\":\"WebPage\",\"@id\":\"https:\\\/\\\/www.qevsolutions.be\\\/fr\\\/produit\\\/gesgying-30kw\\\/\",\"url\":\"https:\\\/\\\/www.qevsolutions.be\\\/fr\\\/produit\\\/gesgying-30kw\\\/\",\"name\":\"Gresgying 30 kW avec compteur interm\u00e9diaire - Q.Ev. Solutions and distributions\",\"isPartOf\":{\"@id\":\"https:\\\/\\\/www.qevsolutions.be\\\/fr\\\/#website\"},\"primaryImageOfPage\":{\"@id\":\"https:\\\/\\\/www.qevsolutions.be\\\/fr\\\/produit\\\/gesgying-30kw\\\/#primaryimage\"},\"image\":{\"@id\":\"https:\\\/\\\/www.qevsolutions.be\\\/fr\\\/produit\\\/gesgying-30kw\\\/#primaryimage\"},\"thumbnailUrl\":\"https:\\\/\\\/www.qevsolutions.be\\\/wp-content\\\/uploads\\\/2023\\\/10\\\/30kw.jpg\",\"datePublished\":\"2023-10-12T12:05:54+00:00\",\"dateModified\":\"2025-08-22T15:06:45+00:00\",\"description\":\"chargeur gresgying 30KW chargeur efficace qui s'adapte dans tous les parkings de votre entreprise, ce chargeur rapide est de top qualit\u00e9, ils sont fournis avec une prise CCS2\",\"breadcrumb\":{\"@id\":\"https:\\\/\\\/www.qevsolutions.be\\\/fr\\\/produit\\\/gesgying-30kw\\\/#breadcrumb\"},\"inLanguage\":\"fr-FR\",\"potentialAction\":[{\"@type\":\"ReadAction\",\"target\":[\"https:\\\/\\\/www.qevsolutions.be\\\/fr\\\/produit\\\/gesgying-30kw\\\/\"]}]},{\"@type\":\"ImageObject\",\"inLanguage\":\"fr-FR\",\"@id\":\"https:\\\/\\\/www.qevsolutions.be\\\/fr\\\/produit\\\/gesgying-30kw\\\/#primaryimage\",\"url\":\"https:\\\/\\\/www.qevsolutions.be\\\/wp-content\\\/uploads\\\/2023\\\/10\\\/30kw.jpg\",\"contentUrl\":\"https:\\\/\\\/www.qevsolutions.be\\\/wp-content\\\/uploads\\\/2023\\\/10\\\/30kw.jpg\",\"width\":800,\"height\":450},{\"@type\":\"BreadcrumbList\",\"@id\":\"https:\\\/\\\/www.qevsolutions.be\\\/fr\\\/produit\\\/gesgying-30kw\\\/#breadcrumb\",\"itemListElement\":[{\"@type\":\"ListItem\",\"position\":1,\"name\":\"Home\",\"item\":\"https:\\\/\\\/www.qevsolutions.be\\\/fr\\\/\"},{\"@type\":\"ListItem\",\"position\":2,\"name\":\"Commandez vos bornes de recharge et accessoires en ligne\",\"item\":\"https:\\\/\\\/www.qevsolutions.be\\\/fr\\\/boutique\\\/\"},{\"@type\":\"ListItem\",\"position\":3,\"name\":\"Gresgying 30 kW avec compteur interm\u00e9diaire\"}]},{\"@type\":\"WebSite\",\"@id\":\"https:\\\/\\\/www.qevsolutions.be\\\/fr\\\/#website\",\"url\":\"https:\\\/\\\/www.qevsolutions.be\\\/fr\\\/\",\"name\":\"Q.Ev. Solutions and distributions\",\"description\":\"\",\"potentialAction\":[{\"@type\":\"SearchAction\",\"target\":{\"@type\":\"EntryPoint\",\"urlTemplate\":\"https:\\\/\\\/www.qevsolutions.be\\\/fr\\\/?s={search_term_string}\"},\"query-input\":{\"@type\":\"PropertyValueSpecification\",\"valueRequired\":true,\"valueName\":\"search_term_string\"}}],\"inLanguage\":\"fr-FR\"}]}<\/script>\n<!-- \/ Yoast SEO plugin. -->","yoast_head_json":{"title":"Gresgying 30 kW avec compteur interm\u00e9diaire - Q.Ev. Solutions and distributions","description":"chargeur gresgying 30KW chargeur efficace qui s'adapte dans tous les parkings de votre entreprise, ce chargeur rapide est de top qualit\u00e9, ils sont fournis avec une prise CCS2","robots":{"index":"index","follow":"follow","max-snippet":"max-snippet:-1","max-image-preview":"max-image-preview:large","max-video-preview":"max-video-preview:-1"},"canonical":"https:\/\/www.qevsolutions.be\/fr\/produit\/gesgying-30kw\/","og_locale":"fr_FR","og_type":"article","og_title":"Gresgying 30 kW avec compteur interm\u00e9diaire - Q.Ev. Solutions and distributions","og_description":"chargeur gresgying 30KW chargeur efficace qui s'adapte dans tous les parkings de votre entreprise, ce chargeur rapide est de top qualit\u00e9, ils sont fournis avec une prise CCS2","og_url":"https:\/\/www.qevsolutions.be\/fr\/produit\/gesgying-30kw\/","og_site_name":"Q.Ev. Solutions and distributions","article_modified_time":"2025-08-22T15:06:45+00:00","og_image":[{"width":800,"height":450,"url":"https:\/\/www.qevsolutions.be\/wp-content\/uploads\/2023\/10\/30kw.jpg","type":"image\/jpeg"}],"twitter_card":"summary_large_image","twitter_misc":{"Dur\u00e9e de lecture estim\u00e9e":"1 minute"},"schema":{"@context":"https:\/\/schema.org","@graph":[{"@type":"WebPage","@id":"https:\/\/www.qevsolutions.be\/fr\/produit\/gesgying-30kw\/","url":"https:\/\/www.qevsolutions.be\/fr\/produit\/gesgying-30kw\/","name":"Gresgying 30 kW avec compteur interm\u00e9diaire - Q.Ev. Solutions and distributions","isPartOf":{"@id":"https:\/\/www.qevsolutions.be\/fr\/#website"},"primaryImageOfPage":{"@id":"https:\/\/www.qevsolutions.be\/fr\/produit\/gesgying-30kw\/#primaryimage"},"image":{"@id":"https:\/\/www.qevsolutions.be\/fr\/produit\/gesgying-30kw\/#primaryimage"},"thumbnailUrl":"https:\/\/www.qevsolutions.be\/wp-content\/uploads\/2023\/10\/30kw.jpg","datePublished":"2023-10-12T12:05:54+00:00","dateModified":"2025-08-22T15:06:45+00:00","description":"chargeur gresgying 30KW chargeur efficace qui s'adapte dans tous les parkings de votre entreprise, ce chargeur rapide est de top qualit\u00e9, ils sont fournis avec une prise CCS2","breadcrumb":{"@id":"https:\/\/www.qevsolutions.be\/fr\/produit\/gesgying-30kw\/#breadcrumb"},"inLanguage":"fr-FR","potentialAction":[{"@type":"ReadAction","target":["https:\/\/www.qevsolutions.be\/fr\/produit\/gesgying-30kw\/"]}]},{"@type":"ImageObject","inLanguage":"fr-FR","@id":"https:\/\/www.qevsolutions.be\/fr\/produit\/gesgying-30kw\/#primaryimage","url":"https:\/\/www.qevsolutions.be\/wp-content\/uploads\/2023\/10\/30kw.jpg","contentUrl":"https:\/\/www.qevsolutions.be\/wp-content\/uploads\/2023\/10\/30kw.jpg","width":800,"height":450},{"@type":"BreadcrumbList","@id":"https:\/\/www.qevsolutions.be\/fr\/produit\/gesgying-30kw\/#breadcrumb","itemListElement":[{"@type":"ListItem","position":1,"name":"Home","item":"https:\/\/www.qevsolutions.be\/fr\/"},{"@type":"ListItem","position":2,"name":"Commandez vos bornes de recharge et accessoires en ligne","item":"https:\/\/www.qevsolutions.be\/fr\/boutique\/"},{"@type":"ListItem","position":3,"name":"Gresgying 30 kW avec compteur interm\u00e9diaire"}]},{"@type":"WebSite","@id":"https:\/\/www.qevsolutions.be\/fr\/#website","url":"https:\/\/www.qevsolutions.be\/fr\/","name":"Q.Ev. Solutions and distributions","description":"","potentialAction":[{"@type":"SearchAction","target":{"@type":"EntryPoint","urlTemplate":"https:\/\/www.qevsolutions.be\/fr\/?s={search_term_string}"},"query-input":{"@type":"PropertyValueSpecification","valueRequired":true,"valueName":"search_term_string"}}],"inLanguage":"fr-FR"}]}},"_links":{"self":[{"href":"https:\/\/www.qevsolutions.be\/fr\/wp-json\/wp\/v2\/product\/2167","targetHints":{"allow":["GET"]}}],"collection":[{"href":"https:\/\/www.qevsolutions.be\/fr\/wp-json\/wp\/v2\/product"}],"about":[{"href":"https:\/\/www.qevsolutions.be\/fr\/wp-json\/wp\/v2\/types\/product"}],"wp:featuredmedia":[{"embeddable":true,"href":"https:\/\/www.qevsolutions.be\/fr\/wp-json\/wp\/v2\/media\/2224"}],"wp:attachment":[{"href":"https:\/\/www.qevsolutions.be\/fr\/wp-json\/wp\/v2\/media?parent=2167"}],"wp:term":[{"taxonomy":"product_brand","embeddable":true,"href":"https:\/\/www.qevsolutions.be\/fr\/wp-json\/wp\/v2\/product_brand?post=2167"},{"taxonomy":"product_cat","embeddable":true,"href":"https:\/\/www.qevsolutions.be\/fr\/wp-json\/wp\/v2\/product_cat?post=2167"},{"taxonomy":"product_tag","embeddable":true,"href":"https:\/\/www.qevsolutions.be\/fr\/wp-json\/wp\/v2\/product_tag?post=2167"}],"curies":[{"name":"wp","href":"https:\/\/api.w.org\/{rel}","templated":true}]}}