{"id":2122,"date":"2023-07-19T13:29:38","date_gmt":"2023-07-19T12:29:38","guid":{"rendered":"https:\/\/www.qevsolutions.be\/?post_type=product&#038;p=2122"},"modified":"2023-07-19T13:40:01","modified_gmt":"2023-07-19T12:40:01","slug":"willbert-amber-i","status":"publish","type":"product","link":"https:\/\/www.qevsolutions.be\/fr\/produit\/willbert-amber-i\/","title":{"rendered":"Willbert Amber I"},"content":{"rendered":"<p>Ce Willbert Amber I avec 2 connexions CCS2 est le petit fr\u00e8re de l&rsquo;Amber II avec 4 ou 2 connexions CCS2, cet appareil est principalement destin\u00e9 aux endroits o\u00f9 les parkings sont c\u00f4te \u00e0 c\u00f4te.Cet appareil est un chargeur DC qui peut charger \u00e0 partir de 30KW \u00e0 180KW<\/p>\n<p>.composez-vous.<\/p>\n<p>Il a un beau design avec une finition en parois de verre avec un beau design de couleur LED.Il<\/p>\n<p>est \u00e9galement compact car c&rsquo;est un syst\u00e8me tout-en-un, les blocs d&rsquo;alimentation sont dans l&rsquo;appareil.<\/p>\n<p>Gr\u00e2ce \u00e0 la technologie de commutation au carbure de silicium, 97 % de l&rsquo;\u00e9nergie convertie du courant alternatif au courant continu va \u00e0 la batterie de la voiture. Le rendement 97%+ est maintenu entre 25 et 100% du spectre de puissance.<\/p>\n<p>Les chargeurs sont fournis avec les options suivantes en Belgique et aux Pays-Bas<\/p>\n<p>: RFID<br \/>\n4G pour le syst\u00e8me back office<br \/>\nConnecteur anti-vandalisme<br \/>\nGestion des c\u00e2bles<br \/>\nde la borne de paiement<br \/>\nC\u00e2bles refroidis<\/p>\n","protected":false},"excerpt":{"rendered":"<p>Ce Willbert Amber I avec 2 connexions CCS2 est le petit fr\u00e8re de l&rsquo;Amber II avec 4 ou 2 connexions CCS2, cet appareil est principalement destin\u00e9 aux endroits o\u00f9 les parkings sont c\u00f4te \u00e0 c\u00f4te.Cet appareil est un chargeur DC qui peut charger \u00e0 partir de 30KW \u00e0 180KW .composez-vous. Il a un beau design [&hellip;]<\/p>\n","protected":false},"featured_media":2125,"template":"","meta":[],"product_brand":[],"product_cat":[319,381],"product_tag":[],"class_list":{"0":"post-2122","1":"product","2":"type-product","3":"status-publish","4":"has-post-thumbnail","6":"product_cat-bornes-de-recharge","7":"product_cat-chargeur-rapide","9":"first","10":"outofstock","11":"taxable","12":"shipping-taxable","13":"product-type-simple"},"yoast_head":"<!-- This site is optimized with the Yoast SEO plugin v27.5 - https:\/\/yoast.com\/product\/yoast-seo-wordpress\/ -->\n<title>Willbert Amber I - Q.Ev. Solutions and distributions<\/title>\n<meta name=\"description\" content=\"Ce chargeur Willbert Amber I. Prise ccs2, vous pouvez assembler vous-m\u00eame cet appareil de 30KW \u00e0 180KW, vous pouvez donc commencer petit et finir grand en fonction des rendements de votre chargeur\" \/>\n<meta name=\"robots\" content=\"index, follow, max-snippet:-1, max-image-preview:large, max-video-preview:-1\" \/>\n<link rel=\"canonical\" href=\"https:\/\/www.qevsolutions.be\/fr\/produit\/willbert-amber-i\/\" \/>\n<meta property=\"og:locale\" content=\"fr_FR\" \/>\n<meta property=\"og:type\" content=\"article\" \/>\n<meta property=\"og:title\" content=\"Willbert Amber I - Q.Ev. Solutions and distributions\" \/>\n<meta property=\"og:description\" content=\"Ce chargeur Willbert Amber I. Prise ccs2, vous pouvez assembler vous-m\u00eame cet appareil de 30KW \u00e0 180KW, vous pouvez donc commencer petit et finir grand en fonction des rendements de votre chargeur\" \/>\n<meta property=\"og:url\" content=\"https:\/\/www.qevsolutions.be\/fr\/produit\/willbert-amber-i\/\" \/>\n<meta property=\"og:site_name\" content=\"Q.Ev. Solutions and distributions\" \/>\n<meta property=\"article:modified_time\" content=\"2023-07-19T12:40:01+00:00\" \/>\n<meta property=\"og:image\" content=\"https:\/\/www.qevsolutions.be\/wp-content\/uploads\/2023\/07\/amber-1.jpg\" \/>\n\t<meta property=\"og:image:width\" content=\"297\" \/>\n\t<meta property=\"og:image:height\" content=\"645\" \/>\n\t<meta property=\"og:image:type\" content=\"image\/jpeg\" \/>\n<meta name=\"twitter:card\" content=\"summary_large_image\" \/>\n<meta name=\"twitter:label1\" content=\"Dur\u00e9e de lecture estim\u00e9e\" \/>\n\t<meta name=\"twitter:data1\" content=\"1 minute\" \/>\n<script type=\"application\/ld+json\" class=\"yoast-schema-graph\">{\"@context\":\"https:\\\/\\\/schema.org\",\"@graph\":[{\"@type\":\"WebPage\",\"@id\":\"https:\\\/\\\/www.qevsolutions.be\\\/fr\\\/produit\\\/willbert-amber-i\\\/\",\"url\":\"https:\\\/\\\/www.qevsolutions.be\\\/fr\\\/produit\\\/willbert-amber-i\\\/\",\"name\":\"Willbert Amber I - Q.Ev. Solutions and distributions\",\"isPartOf\":{\"@id\":\"https:\\\/\\\/www.qevsolutions.be\\\/fr\\\/#website\"},\"primaryImageOfPage\":{\"@id\":\"https:\\\/\\\/www.qevsolutions.be\\\/fr\\\/produit\\\/willbert-amber-i\\\/#primaryimage\"},\"image\":{\"@id\":\"https:\\\/\\\/www.qevsolutions.be\\\/fr\\\/produit\\\/willbert-amber-i\\\/#primaryimage\"},\"thumbnailUrl\":\"https:\\\/\\\/www.qevsolutions.be\\\/wp-content\\\/uploads\\\/2023\\\/07\\\/amber-1.jpg\",\"datePublished\":\"2023-07-19T12:29:38+00:00\",\"dateModified\":\"2023-07-19T12:40:01+00:00\",\"description\":\"Ce chargeur Willbert Amber I. Prise ccs2, vous pouvez assembler vous-m\u00eame cet appareil de 30KW \u00e0 180KW, vous pouvez donc commencer petit et finir grand en fonction des rendements de votre chargeur\",\"breadcrumb\":{\"@id\":\"https:\\\/\\\/www.qevsolutions.be\\\/fr\\\/produit\\\/willbert-amber-i\\\/#breadcrumb\"},\"inLanguage\":\"fr-FR\",\"potentialAction\":[{\"@type\":\"ReadAction\",\"target\":[\"https:\\\/\\\/www.qevsolutions.be\\\/fr\\\/produit\\\/willbert-amber-i\\\/\"]}]},{\"@type\":\"ImageObject\",\"inLanguage\":\"fr-FR\",\"@id\":\"https:\\\/\\\/www.qevsolutions.be\\\/fr\\\/produit\\\/willbert-amber-i\\\/#primaryimage\",\"url\":\"https:\\\/\\\/www.qevsolutions.be\\\/wp-content\\\/uploads\\\/2023\\\/07\\\/amber-1.jpg\",\"contentUrl\":\"https:\\\/\\\/www.qevsolutions.be\\\/wp-content\\\/uploads\\\/2023\\\/07\\\/amber-1.jpg\",\"width\":297,\"height\":645},{\"@type\":\"BreadcrumbList\",\"@id\":\"https:\\\/\\\/www.qevsolutions.be\\\/fr\\\/produit\\\/willbert-amber-i\\\/#breadcrumb\",\"itemListElement\":[{\"@type\":\"ListItem\",\"position\":1,\"name\":\"Home\",\"item\":\"https:\\\/\\\/www.qevsolutions.be\\\/fr\\\/\"},{\"@type\":\"ListItem\",\"position\":2,\"name\":\"Commandez vos bornes de recharge et accessoires en ligne\",\"item\":\"https:\\\/\\\/www.qevsolutions.be\\\/fr\\\/boutique\\\/\"},{\"@type\":\"ListItem\",\"position\":3,\"name\":\"Willbert Amber I\"}]},{\"@type\":\"WebSite\",\"@id\":\"https:\\\/\\\/www.qevsolutions.be\\\/fr\\\/#website\",\"url\":\"https:\\\/\\\/www.qevsolutions.be\\\/fr\\\/\",\"name\":\"Q.Ev. Solutions and distributions\",\"description\":\"\",\"potentialAction\":[{\"@type\":\"SearchAction\",\"target\":{\"@type\":\"EntryPoint\",\"urlTemplate\":\"https:\\\/\\\/www.qevsolutions.be\\\/fr\\\/?s={search_term_string}\"},\"query-input\":{\"@type\":\"PropertyValueSpecification\",\"valueRequired\":true,\"valueName\":\"search_term_string\"}}],\"inLanguage\":\"fr-FR\"}]}<\/script>\n<!-- \/ Yoast SEO plugin. -->","yoast_head_json":{"title":"Willbert Amber I - Q.Ev. Solutions and distributions","description":"Ce chargeur Willbert Amber I. Prise ccs2, vous pouvez assembler vous-m\u00eame cet appareil de 30KW \u00e0 180KW, vous pouvez donc commencer petit et finir grand en fonction des rendements de votre chargeur","robots":{"index":"index","follow":"follow","max-snippet":"max-snippet:-1","max-image-preview":"max-image-preview:large","max-video-preview":"max-video-preview:-1"},"canonical":"https:\/\/www.qevsolutions.be\/fr\/produit\/willbert-amber-i\/","og_locale":"fr_FR","og_type":"article","og_title":"Willbert Amber I - Q.Ev. Solutions and distributions","og_description":"Ce chargeur Willbert Amber I. Prise ccs2, vous pouvez assembler vous-m\u00eame cet appareil de 30KW \u00e0 180KW, vous pouvez donc commencer petit et finir grand en fonction des rendements de votre chargeur","og_url":"https:\/\/www.qevsolutions.be\/fr\/produit\/willbert-amber-i\/","og_site_name":"Q.Ev. Solutions and distributions","article_modified_time":"2023-07-19T12:40:01+00:00","og_image":[{"width":297,"height":645,"url":"https:\/\/www.qevsolutions.be\/wp-content\/uploads\/2023\/07\/amber-1.jpg","type":"image\/jpeg"}],"twitter_card":"summary_large_image","twitter_misc":{"Dur\u00e9e de lecture estim\u00e9e":"1 minute"},"schema":{"@context":"https:\/\/schema.org","@graph":[{"@type":"WebPage","@id":"https:\/\/www.qevsolutions.be\/fr\/produit\/willbert-amber-i\/","url":"https:\/\/www.qevsolutions.be\/fr\/produit\/willbert-amber-i\/","name":"Willbert Amber I - Q.Ev. Solutions and distributions","isPartOf":{"@id":"https:\/\/www.qevsolutions.be\/fr\/#website"},"primaryImageOfPage":{"@id":"https:\/\/www.qevsolutions.be\/fr\/produit\/willbert-amber-i\/#primaryimage"},"image":{"@id":"https:\/\/www.qevsolutions.be\/fr\/produit\/willbert-amber-i\/#primaryimage"},"thumbnailUrl":"https:\/\/www.qevsolutions.be\/wp-content\/uploads\/2023\/07\/amber-1.jpg","datePublished":"2023-07-19T12:29:38+00:00","dateModified":"2023-07-19T12:40:01+00:00","description":"Ce chargeur Willbert Amber I. Prise ccs2, vous pouvez assembler vous-m\u00eame cet appareil de 30KW \u00e0 180KW, vous pouvez donc commencer petit et finir grand en fonction des rendements de votre chargeur","breadcrumb":{"@id":"https:\/\/www.qevsolutions.be\/fr\/produit\/willbert-amber-i\/#breadcrumb"},"inLanguage":"fr-FR","potentialAction":[{"@type":"ReadAction","target":["https:\/\/www.qevsolutions.be\/fr\/produit\/willbert-amber-i\/"]}]},{"@type":"ImageObject","inLanguage":"fr-FR","@id":"https:\/\/www.qevsolutions.be\/fr\/produit\/willbert-amber-i\/#primaryimage","url":"https:\/\/www.qevsolutions.be\/wp-content\/uploads\/2023\/07\/amber-1.jpg","contentUrl":"https:\/\/www.qevsolutions.be\/wp-content\/uploads\/2023\/07\/amber-1.jpg","width":297,"height":645},{"@type":"BreadcrumbList","@id":"https:\/\/www.qevsolutions.be\/fr\/produit\/willbert-amber-i\/#breadcrumb","itemListElement":[{"@type":"ListItem","position":1,"name":"Home","item":"https:\/\/www.qevsolutions.be\/fr\/"},{"@type":"ListItem","position":2,"name":"Commandez vos bornes de recharge et accessoires en ligne","item":"https:\/\/www.qevsolutions.be\/fr\/boutique\/"},{"@type":"ListItem","position":3,"name":"Willbert Amber I"}]},{"@type":"WebSite","@id":"https:\/\/www.qevsolutions.be\/fr\/#website","url":"https:\/\/www.qevsolutions.be\/fr\/","name":"Q.Ev. Solutions and distributions","description":"","potentialAction":[{"@type":"SearchAction","target":{"@type":"EntryPoint","urlTemplate":"https:\/\/www.qevsolutions.be\/fr\/?s={search_term_string}"},"query-input":{"@type":"PropertyValueSpecification","valueRequired":true,"valueName":"search_term_string"}}],"inLanguage":"fr-FR"}]}},"_links":{"self":[{"href":"https:\/\/www.qevsolutions.be\/fr\/wp-json\/wp\/v2\/product\/2122","targetHints":{"allow":["GET"]}}],"collection":[{"href":"https:\/\/www.qevsolutions.be\/fr\/wp-json\/wp\/v2\/product"}],"about":[{"href":"https:\/\/www.qevsolutions.be\/fr\/wp-json\/wp\/v2\/types\/product"}],"wp:featuredmedia":[{"embeddable":true,"href":"https:\/\/www.qevsolutions.be\/fr\/wp-json\/wp\/v2\/media\/2125"}],"wp:attachment":[{"href":"https:\/\/www.qevsolutions.be\/fr\/wp-json\/wp\/v2\/media?parent=2122"}],"wp:term":[{"taxonomy":"product_brand","embeddable":true,"href":"https:\/\/www.qevsolutions.be\/fr\/wp-json\/wp\/v2\/product_brand?post=2122"},{"taxonomy":"product_cat","embeddable":true,"href":"https:\/\/www.qevsolutions.be\/fr\/wp-json\/wp\/v2\/product_cat?post=2122"},{"taxonomy":"product_tag","embeddable":true,"href":"https:\/\/www.qevsolutions.be\/fr\/wp-json\/wp\/v2\/product_tag?post=2122"}],"curies":[{"name":"wp","href":"https:\/\/api.w.org\/{rel}","templated":true}]}}