{"id":2116,"date":"2023-07-19T13:12:15","date_gmt":"2023-07-19T12:12:15","guid":{"rendered":"https:\/\/www.qevsolutions.be\/?post_type=product&#038;p=2116"},"modified":"2024-02-21T17:03:22","modified_gmt":"2024-02-21T16:03:22","slug":"willbert-amber-ii-4-ccs2-connexions-2","status":"publish","type":"product","link":"https:\/\/www.qevsolutions.be\/fr\/produit\/willbert-amber-ii-4-ccs2-connexions-2\/","title":{"rendered":"Willbert Amber II 4 CCS2 Connexions"},"content":{"rendered":"<p>Ce Willbert Amber II avec 2 connexions CCS2 est le petit fr\u00e8re du m\u00eame chargeur avec 4 connexions CCS2, cet appareil est principalement destin\u00e9 aux endroits o\u00f9 les parkings sont c\u00f4te \u00e0 c\u00f4te.Cet appareil est un chargeur DC plus rapide que rapide jusqu&rsquo;\u00e0<\/p>\n<p>720KW lors de la connexion de 2 chargeurs ensemble.<\/p>\n<p>Il a un beau design avec une finition en parois de verre avec un beau design de couleur LED.Il<\/p>\n<p>est \u00e9galement compact car c&rsquo;est un syst\u00e8me tout-en-un, les blocs d&rsquo;alimentation sont dans l&rsquo;appareil, ce qui est unique dans le monde du DC chargeurs pour ces appareils lourds<\/p>\n<p>Avec son grand \u00e9cran LED, vous pouvez lire toutes les valeurs avec pr\u00e9cision.<\/p>\n<p>&nbsp;<\/p>\n<p>Les chargeurs sont fournis avec les options suivantes en Belgique et aux Pays-Bas<\/p>\n<p>: RFID<br \/>\n4G pour le syst\u00e8me back office<br \/>\nConnecteur anti-vandalisme<br \/>\nGestion des c\u00e2bles<br \/>\ndu terminal de paiement<\/p>\n","protected":false},"excerpt":{"rendered":"<p>Ce Willbert Amber II avec 2 connexions CCS2 est le petit fr\u00e8re du m\u00eame chargeur avec 4 connexions CCS2, cet appareil est principalement destin\u00e9 aux endroits o\u00f9 les parkings sont c\u00f4te \u00e0 c\u00f4te.Cet appareil est un chargeur DC plus rapide que rapide jusqu&rsquo;\u00e0 720KW lors de la connexion de 2 chargeurs ensemble. Il a un [&hellip;]<\/p>\n","protected":false},"featured_media":2096,"template":"","meta":[],"product_brand":[],"product_cat":[319,381],"product_tag":[],"class_list":{"0":"post-2116","1":"product","2":"type-product","3":"status-publish","4":"has-post-thumbnail","6":"product_cat-bornes-de-recharge","7":"product_cat-chargeur-rapide","9":"first","10":"outofstock","11":"taxable","12":"shipping-taxable","13":"product-type-simple"},"yoast_head":"<!-- This site is optimized with the Yoast SEO plugin v27.5 - https:\/\/yoast.com\/product\/yoast-seo-wordpress\/ -->\n<title>Willbert Amber II 4 CCS2 Connexions - Q.Ev. Solutions and distributions<\/title>\n<meta name=\"description\" content=\"Ce chargeur Willbert Amber II permet de recharger 4 voitures simultan\u00e9ment en 1 seule fois. pour pouvoir le placer en duo et recharger jusqu&#039;\u00e0 720KW par prise ccs2, cet appareil dispose de 2 connexions ccs2 pour les parkings qui sont c\u00f4te \u00e0 c\u00f4te\" \/>\n<meta name=\"robots\" content=\"index, follow, max-snippet:-1, max-image-preview:large, max-video-preview:-1\" \/>\n<link rel=\"canonical\" href=\"https:\/\/www.qevsolutions.be\/fr\/produit\/willbert-amber-ii-4-ccs2-connexions-2\/\" \/>\n<meta property=\"og:locale\" content=\"fr_FR\" \/>\n<meta property=\"og:type\" content=\"article\" \/>\n<meta property=\"og:title\" content=\"Willbert Amber II 4 CCS2 Connexions - Q.Ev. Solutions and distributions\" \/>\n<meta property=\"og:description\" content=\"Ce chargeur Willbert Amber II permet de recharger 4 voitures simultan\u00e9ment en 1 seule fois. pour pouvoir le placer en duo et recharger jusqu&#039;\u00e0 720KW par prise ccs2, cet appareil dispose de 2 connexions ccs2 pour les parkings qui sont c\u00f4te \u00e0 c\u00f4te\" \/>\n<meta property=\"og:url\" content=\"https:\/\/www.qevsolutions.be\/fr\/produit\/willbert-amber-ii-4-ccs2-connexions-2\/\" \/>\n<meta property=\"og:site_name\" content=\"Q.Ev. Solutions and distributions\" \/>\n<meta property=\"article:modified_time\" content=\"2024-02-21T16:03:22+00:00\" \/>\n<meta property=\"og:image\" content=\"https:\/\/www.qevsolutions.be\/wp-content\/uploads\/2023\/07\/amber-2-met-2kabels.jpg\" \/>\n\t<meta property=\"og:image:width\" content=\"547\" \/>\n\t<meta property=\"og:image:height\" content=\"710\" \/>\n\t<meta property=\"og:image:type\" content=\"image\/jpeg\" \/>\n<meta name=\"twitter:card\" content=\"summary_large_image\" \/>\n<meta name=\"twitter:label1\" content=\"Dur\u00e9e de lecture estim\u00e9e\" \/>\n\t<meta name=\"twitter:data1\" content=\"1 minute\" \/>\n<script type=\"application\/ld+json\" class=\"yoast-schema-graph\">{\"@context\":\"https:\\\/\\\/schema.org\",\"@graph\":[{\"@type\":\"WebPage\",\"@id\":\"https:\\\/\\\/www.qevsolutions.be\\\/fr\\\/produit\\\/willbert-amber-ii-4-ccs2-connexions-2\\\/\",\"url\":\"https:\\\/\\\/www.qevsolutions.be\\\/fr\\\/produit\\\/willbert-amber-ii-4-ccs2-connexions-2\\\/\",\"name\":\"Willbert Amber II 4 CCS2 Connexions - Q.Ev. Solutions and distributions\",\"isPartOf\":{\"@id\":\"https:\\\/\\\/www.qevsolutions.be\\\/fr\\\/#website\"},\"primaryImageOfPage\":{\"@id\":\"https:\\\/\\\/www.qevsolutions.be\\\/fr\\\/produit\\\/willbert-amber-ii-4-ccs2-connexions-2\\\/#primaryimage\"},\"image\":{\"@id\":\"https:\\\/\\\/www.qevsolutions.be\\\/fr\\\/produit\\\/willbert-amber-ii-4-ccs2-connexions-2\\\/#primaryimage\"},\"thumbnailUrl\":\"https:\\\/\\\/www.qevsolutions.be\\\/wp-content\\\/uploads\\\/2023\\\/07\\\/amber-2-met-2kabels.jpg\",\"datePublished\":\"2023-07-19T12:12:15+00:00\",\"dateModified\":\"2024-02-21T16:03:22+00:00\",\"description\":\"Ce chargeur Willbert Amber II permet de recharger 4 voitures simultan\u00e9ment en 1 seule fois. pour pouvoir le placer en duo et recharger jusqu'\u00e0 720KW par prise ccs2, cet appareil dispose de 2 connexions ccs2 pour les parkings qui sont c\u00f4te \u00e0 c\u00f4te\",\"breadcrumb\":{\"@id\":\"https:\\\/\\\/www.qevsolutions.be\\\/fr\\\/produit\\\/willbert-amber-ii-4-ccs2-connexions-2\\\/#breadcrumb\"},\"inLanguage\":\"fr-FR\",\"potentialAction\":[{\"@type\":\"ReadAction\",\"target\":[\"https:\\\/\\\/www.qevsolutions.be\\\/fr\\\/produit\\\/willbert-amber-ii-4-ccs2-connexions-2\\\/\"]}]},{\"@type\":\"ImageObject\",\"inLanguage\":\"fr-FR\",\"@id\":\"https:\\\/\\\/www.qevsolutions.be\\\/fr\\\/produit\\\/willbert-amber-ii-4-ccs2-connexions-2\\\/#primaryimage\",\"url\":\"https:\\\/\\\/www.qevsolutions.be\\\/wp-content\\\/uploads\\\/2023\\\/07\\\/amber-2-met-2kabels.jpg\",\"contentUrl\":\"https:\\\/\\\/www.qevsolutions.be\\\/wp-content\\\/uploads\\\/2023\\\/07\\\/amber-2-met-2kabels.jpg\",\"width\":547,\"height\":710},{\"@type\":\"BreadcrumbList\",\"@id\":\"https:\\\/\\\/www.qevsolutions.be\\\/fr\\\/produit\\\/willbert-amber-ii-4-ccs2-connexions-2\\\/#breadcrumb\",\"itemListElement\":[{\"@type\":\"ListItem\",\"position\":1,\"name\":\"Home\",\"item\":\"https:\\\/\\\/www.qevsolutions.be\\\/fr\\\/\"},{\"@type\":\"ListItem\",\"position\":2,\"name\":\"Commandez vos bornes de recharge et accessoires en ligne\",\"item\":\"https:\\\/\\\/www.qevsolutions.be\\\/fr\\\/boutique\\\/\"},{\"@type\":\"ListItem\",\"position\":3,\"name\":\"Willbert Amber II 4 CCS2 Connexions\"}]},{\"@type\":\"WebSite\",\"@id\":\"https:\\\/\\\/www.qevsolutions.be\\\/fr\\\/#website\",\"url\":\"https:\\\/\\\/www.qevsolutions.be\\\/fr\\\/\",\"name\":\"Q.Ev. Solutions and distributions\",\"description\":\"\",\"potentialAction\":[{\"@type\":\"SearchAction\",\"target\":{\"@type\":\"EntryPoint\",\"urlTemplate\":\"https:\\\/\\\/www.qevsolutions.be\\\/fr\\\/?s={search_term_string}\"},\"query-input\":{\"@type\":\"PropertyValueSpecification\",\"valueRequired\":true,\"valueName\":\"search_term_string\"}}],\"inLanguage\":\"fr-FR\"}]}<\/script>\n<!-- \/ Yoast SEO plugin. -->","yoast_head_json":{"title":"Willbert Amber II 4 CCS2 Connexions - Q.Ev. Solutions and distributions","description":"Ce chargeur Willbert Amber II permet de recharger 4 voitures simultan\u00e9ment en 1 seule fois. pour pouvoir le placer en duo et recharger jusqu'\u00e0 720KW par prise ccs2, cet appareil dispose de 2 connexions ccs2 pour les parkings qui sont c\u00f4te \u00e0 c\u00f4te","robots":{"index":"index","follow":"follow","max-snippet":"max-snippet:-1","max-image-preview":"max-image-preview:large","max-video-preview":"max-video-preview:-1"},"canonical":"https:\/\/www.qevsolutions.be\/fr\/produit\/willbert-amber-ii-4-ccs2-connexions-2\/","og_locale":"fr_FR","og_type":"article","og_title":"Willbert Amber II 4 CCS2 Connexions - Q.Ev. Solutions and distributions","og_description":"Ce chargeur Willbert Amber II permet de recharger 4 voitures simultan\u00e9ment en 1 seule fois. pour pouvoir le placer en duo et recharger jusqu'\u00e0 720KW par prise ccs2, cet appareil dispose de 2 connexions ccs2 pour les parkings qui sont c\u00f4te \u00e0 c\u00f4te","og_url":"https:\/\/www.qevsolutions.be\/fr\/produit\/willbert-amber-ii-4-ccs2-connexions-2\/","og_site_name":"Q.Ev. Solutions and distributions","article_modified_time":"2024-02-21T16:03:22+00:00","og_image":[{"width":547,"height":710,"url":"https:\/\/www.qevsolutions.be\/wp-content\/uploads\/2023\/07\/amber-2-met-2kabels.jpg","type":"image\/jpeg"}],"twitter_card":"summary_large_image","twitter_misc":{"Dur\u00e9e de lecture estim\u00e9e":"1 minute"},"schema":{"@context":"https:\/\/schema.org","@graph":[{"@type":"WebPage","@id":"https:\/\/www.qevsolutions.be\/fr\/produit\/willbert-amber-ii-4-ccs2-connexions-2\/","url":"https:\/\/www.qevsolutions.be\/fr\/produit\/willbert-amber-ii-4-ccs2-connexions-2\/","name":"Willbert Amber II 4 CCS2 Connexions - Q.Ev. Solutions and distributions","isPartOf":{"@id":"https:\/\/www.qevsolutions.be\/fr\/#website"},"primaryImageOfPage":{"@id":"https:\/\/www.qevsolutions.be\/fr\/produit\/willbert-amber-ii-4-ccs2-connexions-2\/#primaryimage"},"image":{"@id":"https:\/\/www.qevsolutions.be\/fr\/produit\/willbert-amber-ii-4-ccs2-connexions-2\/#primaryimage"},"thumbnailUrl":"https:\/\/www.qevsolutions.be\/wp-content\/uploads\/2023\/07\/amber-2-met-2kabels.jpg","datePublished":"2023-07-19T12:12:15+00:00","dateModified":"2024-02-21T16:03:22+00:00","description":"Ce chargeur Willbert Amber II permet de recharger 4 voitures simultan\u00e9ment en 1 seule fois. pour pouvoir le placer en duo et recharger jusqu'\u00e0 720KW par prise ccs2, cet appareil dispose de 2 connexions ccs2 pour les parkings qui sont c\u00f4te \u00e0 c\u00f4te","breadcrumb":{"@id":"https:\/\/www.qevsolutions.be\/fr\/produit\/willbert-amber-ii-4-ccs2-connexions-2\/#breadcrumb"},"inLanguage":"fr-FR","potentialAction":[{"@type":"ReadAction","target":["https:\/\/www.qevsolutions.be\/fr\/produit\/willbert-amber-ii-4-ccs2-connexions-2\/"]}]},{"@type":"ImageObject","inLanguage":"fr-FR","@id":"https:\/\/www.qevsolutions.be\/fr\/produit\/willbert-amber-ii-4-ccs2-connexions-2\/#primaryimage","url":"https:\/\/www.qevsolutions.be\/wp-content\/uploads\/2023\/07\/amber-2-met-2kabels.jpg","contentUrl":"https:\/\/www.qevsolutions.be\/wp-content\/uploads\/2023\/07\/amber-2-met-2kabels.jpg","width":547,"height":710},{"@type":"BreadcrumbList","@id":"https:\/\/www.qevsolutions.be\/fr\/produit\/willbert-amber-ii-4-ccs2-connexions-2\/#breadcrumb","itemListElement":[{"@type":"ListItem","position":1,"name":"Home","item":"https:\/\/www.qevsolutions.be\/fr\/"},{"@type":"ListItem","position":2,"name":"Commandez vos bornes de recharge et accessoires en ligne","item":"https:\/\/www.qevsolutions.be\/fr\/boutique\/"},{"@type":"ListItem","position":3,"name":"Willbert Amber II 4 CCS2 Connexions"}]},{"@type":"WebSite","@id":"https:\/\/www.qevsolutions.be\/fr\/#website","url":"https:\/\/www.qevsolutions.be\/fr\/","name":"Q.Ev. Solutions and distributions","description":"","potentialAction":[{"@type":"SearchAction","target":{"@type":"EntryPoint","urlTemplate":"https:\/\/www.qevsolutions.be\/fr\/?s={search_term_string}"},"query-input":{"@type":"PropertyValueSpecification","valueRequired":true,"valueName":"search_term_string"}}],"inLanguage":"fr-FR"}]}},"_links":{"self":[{"href":"https:\/\/www.qevsolutions.be\/fr\/wp-json\/wp\/v2\/product\/2116","targetHints":{"allow":["GET"]}}],"collection":[{"href":"https:\/\/www.qevsolutions.be\/fr\/wp-json\/wp\/v2\/product"}],"about":[{"href":"https:\/\/www.qevsolutions.be\/fr\/wp-json\/wp\/v2\/types\/product"}],"wp:featuredmedia":[{"embeddable":true,"href":"https:\/\/www.qevsolutions.be\/fr\/wp-json\/wp\/v2\/media\/2096"}],"wp:attachment":[{"href":"https:\/\/www.qevsolutions.be\/fr\/wp-json\/wp\/v2\/media?parent=2116"}],"wp:term":[{"taxonomy":"product_brand","embeddable":true,"href":"https:\/\/www.qevsolutions.be\/fr\/wp-json\/wp\/v2\/product_brand?post=2116"},{"taxonomy":"product_cat","embeddable":true,"href":"https:\/\/www.qevsolutions.be\/fr\/wp-json\/wp\/v2\/product_cat?post=2116"},{"taxonomy":"product_tag","embeddable":true,"href":"https:\/\/www.qevsolutions.be\/fr\/wp-json\/wp\/v2\/product_tag?post=2116"}],"curies":[{"name":"wp","href":"https:\/\/api.w.org\/{rel}","templated":true}]}}