{"id":2113,"date":"2023-07-19T12:50:37","date_gmt":"2023-07-19T11:50:37","guid":{"rendered":"https:\/\/www.qevsolutions.be\/?post_type=product&#038;p=2113"},"modified":"2023-07-19T13:09:23","modified_gmt":"2023-07-19T12:09:23","slug":"willbert-amber-ii-4-ccs2-connexions","status":"publish","type":"product","link":"https:\/\/www.qevsolutions.be\/fr\/produit\/willbert-amber-ii-4-ccs2-connexions\/","title":{"rendered":"Willbert Amber II 4 CCS2 Connexions"},"content":{"rendered":"<p>Cet appareil est un chargeur DC plus rapide que rapide jusqu&rsquo;\u00e0 600KW lors de la connexion de 2 chargeurs l&rsquo;un \u00e0 l&rsquo;autre.<\/p>\n<p>Il a un beau design avec une finition en parois de verre avec un beau design de couleur LED.Il<\/p>\n<p>est \u00e9galement compact car c&rsquo;est un syst\u00e8me tout-en-un, les blocs d&rsquo;alimentation sont dans l&rsquo;appareil, ce qui est unique dans le monde du DC chargeurs pour ces appareils lourds<\/p>\n<p>Avec son grand \u00e9cran LED, vous pouvez lire toutes les valeurs avec pr\u00e9cision.<\/p>\n<p>&nbsp;<\/p>\n<p>Les chargeurs sont fournis avec les options suivantes en Belgique et aux Pays-Bas<\/p>\n<p>RFID<br \/>\n4G pour le syst\u00e8me de back office<br \/>\nConnecteur anti-vandalisme<br \/>\nGestion des c\u00e2bles<br \/>\ndu terminal de paiement<\/p>\n","protected":false},"excerpt":{"rendered":"<p>Cet appareil est un chargeur DC plus rapide que rapide jusqu&rsquo;\u00e0 600KW lors de la connexion de 2 chargeurs l&rsquo;un \u00e0 l&rsquo;autre. Il a un beau design avec une finition en parois de verre avec un beau design de couleur LED.Il est \u00e9galement compact car c&rsquo;est un syst\u00e8me tout-en-un, les blocs d&rsquo;alimentation sont dans l&rsquo;appareil, [&hellip;]<\/p>\n","protected":false},"featured_media":2099,"template":"","meta":[],"product_brand":[],"product_cat":[319,381],"product_tag":[],"class_list":{"0":"post-2113","1":"product","2":"type-product","3":"status-publish","4":"has-post-thumbnail","6":"product_cat-bornes-de-recharge","7":"product_cat-chargeur-rapide","9":"first","10":"outofstock","11":"taxable","12":"shipping-taxable","13":"product-type-simple"},"yoast_head":"<!-- This site is optimized with the Yoast SEO plugin v27.5 - https:\/\/yoast.com\/product\/yoast-seo-wordpress\/ -->\n<title>Willbert Amber II 4 CCS2 Connexions - Q.Ev. Solutions and distributions<\/title>\n<meta name=\"description\" content=\"Ce chargeur Willbert Amber II permet de recharger 4 voitures simultan\u00e9ment en 1 seule fois. vous pouvez donc le placer en duo et charger jusqu&#039;\u00e0 600KW par prise ccs2\" \/>\n<meta name=\"robots\" content=\"index, follow, max-snippet:-1, max-image-preview:large, max-video-preview:-1\" \/>\n<link rel=\"canonical\" href=\"https:\/\/www.qevsolutions.be\/fr\/produit\/willbert-amber-ii-4-ccs2-connexions\/\" \/>\n<meta property=\"og:locale\" content=\"fr_FR\" \/>\n<meta property=\"og:type\" content=\"article\" \/>\n<meta property=\"og:title\" content=\"Willbert Amber II 4 CCS2 Connexions - Q.Ev. Solutions and distributions\" \/>\n<meta property=\"og:description\" content=\"Ce chargeur Willbert Amber II permet de recharger 4 voitures simultan\u00e9ment en 1 seule fois. vous pouvez donc le placer en duo et charger jusqu&#039;\u00e0 600KW par prise ccs2\" \/>\n<meta property=\"og:url\" content=\"https:\/\/www.qevsolutions.be\/fr\/produit\/willbert-amber-ii-4-ccs2-connexions\/\" \/>\n<meta property=\"og:site_name\" content=\"Q.Ev. Solutions and distributions\" \/>\n<meta property=\"article:modified_time\" content=\"2023-07-19T12:09:23+00:00\" \/>\n<meta property=\"og:image\" content=\"https:\/\/www.qevsolutions.be\/wp-content\/uploads\/2023\/07\/amber-2-s-hub.jpg\" \/>\n\t<meta property=\"og:image:width\" content=\"446\" \/>\n\t<meta property=\"og:image:height\" content=\"606\" \/>\n\t<meta property=\"og:image:type\" content=\"image\/jpeg\" \/>\n<meta name=\"twitter:card\" content=\"summary_large_image\" \/>\n<meta name=\"twitter:label1\" content=\"Dur\u00e9e de lecture estim\u00e9e\" \/>\n\t<meta name=\"twitter:data1\" content=\"1 minute\" \/>\n<script type=\"application\/ld+json\" class=\"yoast-schema-graph\">{\"@context\":\"https:\\\/\\\/schema.org\",\"@graph\":[{\"@type\":\"WebPage\",\"@id\":\"https:\\\/\\\/www.qevsolutions.be\\\/fr\\\/produit\\\/willbert-amber-ii-4-ccs2-connexions\\\/\",\"url\":\"https:\\\/\\\/www.qevsolutions.be\\\/fr\\\/produit\\\/willbert-amber-ii-4-ccs2-connexions\\\/\",\"name\":\"Willbert Amber II 4 CCS2 Connexions - Q.Ev. Solutions and distributions\",\"isPartOf\":{\"@id\":\"https:\\\/\\\/www.qevsolutions.be\\\/fr\\\/#website\"},\"primaryImageOfPage\":{\"@id\":\"https:\\\/\\\/www.qevsolutions.be\\\/fr\\\/produit\\\/willbert-amber-ii-4-ccs2-connexions\\\/#primaryimage\"},\"image\":{\"@id\":\"https:\\\/\\\/www.qevsolutions.be\\\/fr\\\/produit\\\/willbert-amber-ii-4-ccs2-connexions\\\/#primaryimage\"},\"thumbnailUrl\":\"https:\\\/\\\/www.qevsolutions.be\\\/wp-content\\\/uploads\\\/2023\\\/07\\\/amber-2-s-hub.jpg\",\"datePublished\":\"2023-07-19T11:50:37+00:00\",\"dateModified\":\"2023-07-19T12:09:23+00:00\",\"description\":\"Ce chargeur Willbert Amber II permet de recharger 4 voitures simultan\u00e9ment en 1 seule fois. vous pouvez donc le placer en duo et charger jusqu'\u00e0 600KW par prise ccs2\",\"breadcrumb\":{\"@id\":\"https:\\\/\\\/www.qevsolutions.be\\\/fr\\\/produit\\\/willbert-amber-ii-4-ccs2-connexions\\\/#breadcrumb\"},\"inLanguage\":\"fr-FR\",\"potentialAction\":[{\"@type\":\"ReadAction\",\"target\":[\"https:\\\/\\\/www.qevsolutions.be\\\/fr\\\/produit\\\/willbert-amber-ii-4-ccs2-connexions\\\/\"]}]},{\"@type\":\"ImageObject\",\"inLanguage\":\"fr-FR\",\"@id\":\"https:\\\/\\\/www.qevsolutions.be\\\/fr\\\/produit\\\/willbert-amber-ii-4-ccs2-connexions\\\/#primaryimage\",\"url\":\"https:\\\/\\\/www.qevsolutions.be\\\/wp-content\\\/uploads\\\/2023\\\/07\\\/amber-2-s-hub.jpg\",\"contentUrl\":\"https:\\\/\\\/www.qevsolutions.be\\\/wp-content\\\/uploads\\\/2023\\\/07\\\/amber-2-s-hub.jpg\",\"width\":446,\"height\":606},{\"@type\":\"BreadcrumbList\",\"@id\":\"https:\\\/\\\/www.qevsolutions.be\\\/fr\\\/produit\\\/willbert-amber-ii-4-ccs2-connexions\\\/#breadcrumb\",\"itemListElement\":[{\"@type\":\"ListItem\",\"position\":1,\"name\":\"Home\",\"item\":\"https:\\\/\\\/www.qevsolutions.be\\\/fr\\\/\"},{\"@type\":\"ListItem\",\"position\":2,\"name\":\"Commandez vos bornes de recharge et accessoires en ligne\",\"item\":\"https:\\\/\\\/www.qevsolutions.be\\\/fr\\\/boutique\\\/\"},{\"@type\":\"ListItem\",\"position\":3,\"name\":\"Willbert Amber II 4 CCS2 Connexions\"}]},{\"@type\":\"WebSite\",\"@id\":\"https:\\\/\\\/www.qevsolutions.be\\\/fr\\\/#website\",\"url\":\"https:\\\/\\\/www.qevsolutions.be\\\/fr\\\/\",\"name\":\"Q.Ev. Solutions and distributions\",\"description\":\"\",\"potentialAction\":[{\"@type\":\"SearchAction\",\"target\":{\"@type\":\"EntryPoint\",\"urlTemplate\":\"https:\\\/\\\/www.qevsolutions.be\\\/fr\\\/?s={search_term_string}\"},\"query-input\":{\"@type\":\"PropertyValueSpecification\",\"valueRequired\":true,\"valueName\":\"search_term_string\"}}],\"inLanguage\":\"fr-FR\"}]}<\/script>\n<!-- \/ Yoast SEO plugin. -->","yoast_head_json":{"title":"Willbert Amber II 4 CCS2 Connexions - Q.Ev. Solutions and distributions","description":"Ce chargeur Willbert Amber II permet de recharger 4 voitures simultan\u00e9ment en 1 seule fois. vous pouvez donc le placer en duo et charger jusqu'\u00e0 600KW par prise ccs2","robots":{"index":"index","follow":"follow","max-snippet":"max-snippet:-1","max-image-preview":"max-image-preview:large","max-video-preview":"max-video-preview:-1"},"canonical":"https:\/\/www.qevsolutions.be\/fr\/produit\/willbert-amber-ii-4-ccs2-connexions\/","og_locale":"fr_FR","og_type":"article","og_title":"Willbert Amber II 4 CCS2 Connexions - Q.Ev. Solutions and distributions","og_description":"Ce chargeur Willbert Amber II permet de recharger 4 voitures simultan\u00e9ment en 1 seule fois. vous pouvez donc le placer en duo et charger jusqu'\u00e0 600KW par prise ccs2","og_url":"https:\/\/www.qevsolutions.be\/fr\/produit\/willbert-amber-ii-4-ccs2-connexions\/","og_site_name":"Q.Ev. Solutions and distributions","article_modified_time":"2023-07-19T12:09:23+00:00","og_image":[{"width":446,"height":606,"url":"https:\/\/www.qevsolutions.be\/wp-content\/uploads\/2023\/07\/amber-2-s-hub.jpg","type":"image\/jpeg"}],"twitter_card":"summary_large_image","twitter_misc":{"Dur\u00e9e de lecture estim\u00e9e":"1 minute"},"schema":{"@context":"https:\/\/schema.org","@graph":[{"@type":"WebPage","@id":"https:\/\/www.qevsolutions.be\/fr\/produit\/willbert-amber-ii-4-ccs2-connexions\/","url":"https:\/\/www.qevsolutions.be\/fr\/produit\/willbert-amber-ii-4-ccs2-connexions\/","name":"Willbert Amber II 4 CCS2 Connexions - Q.Ev. Solutions and distributions","isPartOf":{"@id":"https:\/\/www.qevsolutions.be\/fr\/#website"},"primaryImageOfPage":{"@id":"https:\/\/www.qevsolutions.be\/fr\/produit\/willbert-amber-ii-4-ccs2-connexions\/#primaryimage"},"image":{"@id":"https:\/\/www.qevsolutions.be\/fr\/produit\/willbert-amber-ii-4-ccs2-connexions\/#primaryimage"},"thumbnailUrl":"https:\/\/www.qevsolutions.be\/wp-content\/uploads\/2023\/07\/amber-2-s-hub.jpg","datePublished":"2023-07-19T11:50:37+00:00","dateModified":"2023-07-19T12:09:23+00:00","description":"Ce chargeur Willbert Amber II permet de recharger 4 voitures simultan\u00e9ment en 1 seule fois. vous pouvez donc le placer en duo et charger jusqu'\u00e0 600KW par prise ccs2","breadcrumb":{"@id":"https:\/\/www.qevsolutions.be\/fr\/produit\/willbert-amber-ii-4-ccs2-connexions\/#breadcrumb"},"inLanguage":"fr-FR","potentialAction":[{"@type":"ReadAction","target":["https:\/\/www.qevsolutions.be\/fr\/produit\/willbert-amber-ii-4-ccs2-connexions\/"]}]},{"@type":"ImageObject","inLanguage":"fr-FR","@id":"https:\/\/www.qevsolutions.be\/fr\/produit\/willbert-amber-ii-4-ccs2-connexions\/#primaryimage","url":"https:\/\/www.qevsolutions.be\/wp-content\/uploads\/2023\/07\/amber-2-s-hub.jpg","contentUrl":"https:\/\/www.qevsolutions.be\/wp-content\/uploads\/2023\/07\/amber-2-s-hub.jpg","width":446,"height":606},{"@type":"BreadcrumbList","@id":"https:\/\/www.qevsolutions.be\/fr\/produit\/willbert-amber-ii-4-ccs2-connexions\/#breadcrumb","itemListElement":[{"@type":"ListItem","position":1,"name":"Home","item":"https:\/\/www.qevsolutions.be\/fr\/"},{"@type":"ListItem","position":2,"name":"Commandez vos bornes de recharge et accessoires en ligne","item":"https:\/\/www.qevsolutions.be\/fr\/boutique\/"},{"@type":"ListItem","position":3,"name":"Willbert Amber II 4 CCS2 Connexions"}]},{"@type":"WebSite","@id":"https:\/\/www.qevsolutions.be\/fr\/#website","url":"https:\/\/www.qevsolutions.be\/fr\/","name":"Q.Ev. Solutions and distributions","description":"","potentialAction":[{"@type":"SearchAction","target":{"@type":"EntryPoint","urlTemplate":"https:\/\/www.qevsolutions.be\/fr\/?s={search_term_string}"},"query-input":{"@type":"PropertyValueSpecification","valueRequired":true,"valueName":"search_term_string"}}],"inLanguage":"fr-FR"}]}},"_links":{"self":[{"href":"https:\/\/www.qevsolutions.be\/fr\/wp-json\/wp\/v2\/product\/2113","targetHints":{"allow":["GET"]}}],"collection":[{"href":"https:\/\/www.qevsolutions.be\/fr\/wp-json\/wp\/v2\/product"}],"about":[{"href":"https:\/\/www.qevsolutions.be\/fr\/wp-json\/wp\/v2\/types\/product"}],"wp:featuredmedia":[{"embeddable":true,"href":"https:\/\/www.qevsolutions.be\/fr\/wp-json\/wp\/v2\/media\/2099"}],"wp:attachment":[{"href":"https:\/\/www.qevsolutions.be\/fr\/wp-json\/wp\/v2\/media?parent=2113"}],"wp:term":[{"taxonomy":"product_brand","embeddable":true,"href":"https:\/\/www.qevsolutions.be\/fr\/wp-json\/wp\/v2\/product_brand?post=2113"},{"taxonomy":"product_cat","embeddable":true,"href":"https:\/\/www.qevsolutions.be\/fr\/wp-json\/wp\/v2\/product_cat?post=2113"},{"taxonomy":"product_tag","embeddable":true,"href":"https:\/\/www.qevsolutions.be\/fr\/wp-json\/wp\/v2\/product_tag?post=2113"}],"curies":[{"name":"wp","href":"https:\/\/api.w.org\/{rel}","templated":true}]}}