{"id":1891,"date":"2022-10-20T14:25:58","date_gmt":"2022-10-20T13:25:58","guid":{"rendered":"https:\/\/www.qevsolutions.be\/?post_type=product&#038;p=1891"},"modified":"2025-08-22T10:47:59","modified_gmt":"2025-08-22T09:47:59","slug":"circontrol-raption-350-400-hpc","status":"publish","type":"product","link":"https:\/\/www.qevsolutions.be\/fr\/produit\/circontrol-raption-350-400-hpc\/","title":{"rendered":"Circontrol sonic one 400kw"},"content":{"rendered":"<p>La cr\u00e8me de la cr\u00e8me parmi les chargeurs DC Circontrol est ce chargeur rapide Sonic One<\/p>\n<p>Sa puissance fait de ce chargeur le chargeur rapide parfait pour les industries, les autoroutes, les zones urbaines<\/p>\n<p>Votre voiture peut \u00eatre charg\u00e9e sur 200 km en 5 minutes (selon votre voiture)<\/p>\n<p>Ce chargeur est un syst\u00e8me tout-en-un et dispose de 2 prises CCS-2 pour charger 2 voitures en m\u00eame temps<\/p>\n<p>L&rsquo;armoire est en acier inoxydable et dispose d&rsquo;un interrupteur diff\u00e9rentiel de type B int\u00e9gr\u00e9. Un \u00e9cran LCD couleur de 8 pouces affiche clairement tout \u00e0 l&rsquo;\u00e9cran et facilite l&rsquo;utilisation de ce chargeur.<\/p>\n<p>Gr\u00e2ce \u00e0 son grand \u00e9cran tactile de 32 pouces, tout est clairement affich\u00e9 \u00e0 l&rsquo;\u00e9cran et vous pouvez diffuser des publicit\u00e9s.<\/p>\n<p>Les chargeurs sont fournis avec les options suivantes en Belgique et aux Pays-Bas.<\/p>\n<p>RFID<br \/> <br \/>\n4G pour le syst\u00e8me back-office<br \/> <br \/>\nConnecteur anti-vandalisme<br \/> <br \/>\nTerminal de paiement Payter<\/p>\n<p>Le chargeur est disponible de 320 kW \u00e0 400 kW.<\/p>\n<p>Demandez-nous des informations.<\/p>\n","protected":false},"excerpt":{"rendered":"<p>La cr\u00e8me de la cr\u00e8me parmi les chargeurs DC Circontrol est ce chargeur rapide Sonic One Sa puissance fait de ce chargeur le chargeur rapide parfait pour les industries, les autoroutes, les zones urbaines Votre voiture peut \u00eatre charg\u00e9e sur 200 km en 5 minutes (selon votre voiture) Ce chargeur est un syst\u00e8me tout-en-un et [&hellip;]<\/p>\n","protected":false},"featured_media":3012,"template":"","meta":[],"product_brand":[],"product_cat":[319,381],"product_tag":[],"class_list":{"0":"post-1891","1":"product","2":"type-product","3":"status-publish","4":"has-post-thumbnail","6":"product_cat-bornes-de-recharge","7":"product_cat-chargeur-rapide","9":"first","10":"outofstock","11":"taxable","12":"shipping-taxable","13":"product-type-simple"},"yoast_head":"<!-- This site is optimized with the Yoast SEO plugin v27.3 - https:\/\/yoast.com\/product\/yoast-seo-wordpress\/ -->\n<title>Circontrol sonic one 400kw - Q.Ev. Solutions and distributions<\/title>\n<meta name=\"description\" content=\"Circontrol Sonic One vous avez la cr\u00e8me de la cr\u00e8me, ces chargeurs peuvent \u00eatre configur\u00e9s de diff\u00e9rentes mani\u00e8res, vous pouvez donc les avoir \u00e0 320KW et 400KW\" \/>\n<meta name=\"robots\" content=\"index, follow, max-snippet:-1, max-image-preview:large, max-video-preview:-1\" \/>\n<link rel=\"canonical\" href=\"https:\/\/www.qevsolutions.be\/fr\/produit\/circontrol-raption-350-400-hpc\/\" \/>\n<meta property=\"og:locale\" content=\"fr_FR\" \/>\n<meta property=\"og:type\" content=\"article\" \/>\n<meta property=\"og:title\" content=\"Circontrol sonic one 400kw - Q.Ev. Solutions and distributions\" \/>\n<meta property=\"og:description\" content=\"Circontrol Sonic One vous avez la cr\u00e8me de la cr\u00e8me, ces chargeurs peuvent \u00eatre configur\u00e9s de diff\u00e9rentes mani\u00e8res, vous pouvez donc les avoir \u00e0 320KW et 400KW\" \/>\n<meta property=\"og:url\" content=\"https:\/\/www.qevsolutions.be\/fr\/produit\/circontrol-raption-350-400-hpc\/\" \/>\n<meta property=\"og:site_name\" content=\"Q.Ev. Solutions and distributions\" \/>\n<meta property=\"article:modified_time\" content=\"2025-08-22T09:47:59+00:00\" \/>\n<meta property=\"og:image\" content=\"https:\/\/www.qevsolutions.be\/wp-content\/uploads\/2022\/10\/sonic-one.png\" \/>\n\t<meta property=\"og:image:width\" content=\"311\" \/>\n\t<meta property=\"og:image:height\" content=\"486\" \/>\n\t<meta property=\"og:image:type\" content=\"image\/png\" \/>\n<meta name=\"twitter:card\" content=\"summary_large_image\" \/>\n<meta name=\"twitter:label1\" content=\"Dur\u00e9e de lecture estim\u00e9e\" \/>\n\t<meta name=\"twitter:data1\" content=\"1 minute\" \/>\n<script type=\"application\/ld+json\" class=\"yoast-schema-graph\">{\"@context\":\"https:\\\/\\\/schema.org\",\"@graph\":[{\"@type\":\"WebPage\",\"@id\":\"https:\\\/\\\/www.qevsolutions.be\\\/fr\\\/produit\\\/circontrol-raption-350-400-hpc\\\/\",\"url\":\"https:\\\/\\\/www.qevsolutions.be\\\/fr\\\/produit\\\/circontrol-raption-350-400-hpc\\\/\",\"name\":\"Circontrol sonic one 400kw - Q.Ev. Solutions and distributions\",\"isPartOf\":{\"@id\":\"https:\\\/\\\/www.qevsolutions.be\\\/fr\\\/#website\"},\"primaryImageOfPage\":{\"@id\":\"https:\\\/\\\/www.qevsolutions.be\\\/fr\\\/produit\\\/circontrol-raption-350-400-hpc\\\/#primaryimage\"},\"image\":{\"@id\":\"https:\\\/\\\/www.qevsolutions.be\\\/fr\\\/produit\\\/circontrol-raption-350-400-hpc\\\/#primaryimage\"},\"thumbnailUrl\":\"https:\\\/\\\/www.qevsolutions.be\\\/wp-content\\\/uploads\\\/2022\\\/10\\\/sonic-one.png\",\"datePublished\":\"2022-10-20T13:25:58+00:00\",\"dateModified\":\"2025-08-22T09:47:59+00:00\",\"description\":\"Circontrol Sonic One vous avez la cr\u00e8me de la cr\u00e8me, ces chargeurs peuvent \u00eatre configur\u00e9s de diff\u00e9rentes mani\u00e8res, vous pouvez donc les avoir \u00e0 320KW et 400KW\",\"breadcrumb\":{\"@id\":\"https:\\\/\\\/www.qevsolutions.be\\\/fr\\\/produit\\\/circontrol-raption-350-400-hpc\\\/#breadcrumb\"},\"inLanguage\":\"fr-FR\",\"potentialAction\":[{\"@type\":\"ReadAction\",\"target\":[\"https:\\\/\\\/www.qevsolutions.be\\\/fr\\\/produit\\\/circontrol-raption-350-400-hpc\\\/\"]}]},{\"@type\":\"ImageObject\",\"inLanguage\":\"fr-FR\",\"@id\":\"https:\\\/\\\/www.qevsolutions.be\\\/fr\\\/produit\\\/circontrol-raption-350-400-hpc\\\/#primaryimage\",\"url\":\"https:\\\/\\\/www.qevsolutions.be\\\/wp-content\\\/uploads\\\/2022\\\/10\\\/sonic-one.png\",\"contentUrl\":\"https:\\\/\\\/www.qevsolutions.be\\\/wp-content\\\/uploads\\\/2022\\\/10\\\/sonic-one.png\",\"width\":311,\"height\":486},{\"@type\":\"BreadcrumbList\",\"@id\":\"https:\\\/\\\/www.qevsolutions.be\\\/fr\\\/produit\\\/circontrol-raption-350-400-hpc\\\/#breadcrumb\",\"itemListElement\":[{\"@type\":\"ListItem\",\"position\":1,\"name\":\"Home\",\"item\":\"https:\\\/\\\/www.qevsolutions.be\\\/fr\\\/\"},{\"@type\":\"ListItem\",\"position\":2,\"name\":\"Commandez vos bornes de recharge et accessoires en ligne\",\"item\":\"https:\\\/\\\/www.qevsolutions.be\\\/fr\\\/boutique\\\/\"},{\"@type\":\"ListItem\",\"position\":3,\"name\":\"Circontrol sonic one 400kw\"}]},{\"@type\":\"WebSite\",\"@id\":\"https:\\\/\\\/www.qevsolutions.be\\\/fr\\\/#website\",\"url\":\"https:\\\/\\\/www.qevsolutions.be\\\/fr\\\/\",\"name\":\"Q.Ev. Solutions and distributions\",\"description\":\"\",\"potentialAction\":[{\"@type\":\"SearchAction\",\"target\":{\"@type\":\"EntryPoint\",\"urlTemplate\":\"https:\\\/\\\/www.qevsolutions.be\\\/fr\\\/?s={search_term_string}\"},\"query-input\":{\"@type\":\"PropertyValueSpecification\",\"valueRequired\":true,\"valueName\":\"search_term_string\"}}],\"inLanguage\":\"fr-FR\"}]}<\/script>\n<!-- \/ Yoast SEO plugin. -->","yoast_head_json":{"title":"Circontrol sonic one 400kw - Q.Ev. Solutions and distributions","description":"Circontrol Sonic One vous avez la cr\u00e8me de la cr\u00e8me, ces chargeurs peuvent \u00eatre configur\u00e9s de diff\u00e9rentes mani\u00e8res, vous pouvez donc les avoir \u00e0 320KW et 400KW","robots":{"index":"index","follow":"follow","max-snippet":"max-snippet:-1","max-image-preview":"max-image-preview:large","max-video-preview":"max-video-preview:-1"},"canonical":"https:\/\/www.qevsolutions.be\/fr\/produit\/circontrol-raption-350-400-hpc\/","og_locale":"fr_FR","og_type":"article","og_title":"Circontrol sonic one 400kw - Q.Ev. Solutions and distributions","og_description":"Circontrol Sonic One vous avez la cr\u00e8me de la cr\u00e8me, ces chargeurs peuvent \u00eatre configur\u00e9s de diff\u00e9rentes mani\u00e8res, vous pouvez donc les avoir \u00e0 320KW et 400KW","og_url":"https:\/\/www.qevsolutions.be\/fr\/produit\/circontrol-raption-350-400-hpc\/","og_site_name":"Q.Ev. Solutions and distributions","article_modified_time":"2025-08-22T09:47:59+00:00","og_image":[{"width":311,"height":486,"url":"https:\/\/www.qevsolutions.be\/wp-content\/uploads\/2022\/10\/sonic-one.png","type":"image\/png"}],"twitter_card":"summary_large_image","twitter_misc":{"Dur\u00e9e de lecture estim\u00e9e":"1 minute"},"schema":{"@context":"https:\/\/schema.org","@graph":[{"@type":"WebPage","@id":"https:\/\/www.qevsolutions.be\/fr\/produit\/circontrol-raption-350-400-hpc\/","url":"https:\/\/www.qevsolutions.be\/fr\/produit\/circontrol-raption-350-400-hpc\/","name":"Circontrol sonic one 400kw - Q.Ev. Solutions and distributions","isPartOf":{"@id":"https:\/\/www.qevsolutions.be\/fr\/#website"},"primaryImageOfPage":{"@id":"https:\/\/www.qevsolutions.be\/fr\/produit\/circontrol-raption-350-400-hpc\/#primaryimage"},"image":{"@id":"https:\/\/www.qevsolutions.be\/fr\/produit\/circontrol-raption-350-400-hpc\/#primaryimage"},"thumbnailUrl":"https:\/\/www.qevsolutions.be\/wp-content\/uploads\/2022\/10\/sonic-one.png","datePublished":"2022-10-20T13:25:58+00:00","dateModified":"2025-08-22T09:47:59+00:00","description":"Circontrol Sonic One vous avez la cr\u00e8me de la cr\u00e8me, ces chargeurs peuvent \u00eatre configur\u00e9s de diff\u00e9rentes mani\u00e8res, vous pouvez donc les avoir \u00e0 320KW et 400KW","breadcrumb":{"@id":"https:\/\/www.qevsolutions.be\/fr\/produit\/circontrol-raption-350-400-hpc\/#breadcrumb"},"inLanguage":"fr-FR","potentialAction":[{"@type":"ReadAction","target":["https:\/\/www.qevsolutions.be\/fr\/produit\/circontrol-raption-350-400-hpc\/"]}]},{"@type":"ImageObject","inLanguage":"fr-FR","@id":"https:\/\/www.qevsolutions.be\/fr\/produit\/circontrol-raption-350-400-hpc\/#primaryimage","url":"https:\/\/www.qevsolutions.be\/wp-content\/uploads\/2022\/10\/sonic-one.png","contentUrl":"https:\/\/www.qevsolutions.be\/wp-content\/uploads\/2022\/10\/sonic-one.png","width":311,"height":486},{"@type":"BreadcrumbList","@id":"https:\/\/www.qevsolutions.be\/fr\/produit\/circontrol-raption-350-400-hpc\/#breadcrumb","itemListElement":[{"@type":"ListItem","position":1,"name":"Home","item":"https:\/\/www.qevsolutions.be\/fr\/"},{"@type":"ListItem","position":2,"name":"Commandez vos bornes de recharge et accessoires en ligne","item":"https:\/\/www.qevsolutions.be\/fr\/boutique\/"},{"@type":"ListItem","position":3,"name":"Circontrol sonic one 400kw"}]},{"@type":"WebSite","@id":"https:\/\/www.qevsolutions.be\/fr\/#website","url":"https:\/\/www.qevsolutions.be\/fr\/","name":"Q.Ev. Solutions and distributions","description":"","potentialAction":[{"@type":"SearchAction","target":{"@type":"EntryPoint","urlTemplate":"https:\/\/www.qevsolutions.be\/fr\/?s={search_term_string}"},"query-input":{"@type":"PropertyValueSpecification","valueRequired":true,"valueName":"search_term_string"}}],"inLanguage":"fr-FR"}]}},"_links":{"self":[{"href":"https:\/\/www.qevsolutions.be\/fr\/wp-json\/wp\/v2\/product\/1891","targetHints":{"allow":["GET"]}}],"collection":[{"href":"https:\/\/www.qevsolutions.be\/fr\/wp-json\/wp\/v2\/product"}],"about":[{"href":"https:\/\/www.qevsolutions.be\/fr\/wp-json\/wp\/v2\/types\/product"}],"wp:featuredmedia":[{"embeddable":true,"href":"https:\/\/www.qevsolutions.be\/fr\/wp-json\/wp\/v2\/media\/3012"}],"wp:attachment":[{"href":"https:\/\/www.qevsolutions.be\/fr\/wp-json\/wp\/v2\/media?parent=1891"}],"wp:term":[{"taxonomy":"product_brand","embeddable":true,"href":"https:\/\/www.qevsolutions.be\/fr\/wp-json\/wp\/v2\/product_brand?post=1891"},{"taxonomy":"product_cat","embeddable":true,"href":"https:\/\/www.qevsolutions.be\/fr\/wp-json\/wp\/v2\/product_cat?post=1891"},{"taxonomy":"product_tag","embeddable":true,"href":"https:\/\/www.qevsolutions.be\/fr\/wp-json\/wp\/v2\/product_tag?post=1891"}],"curies":[{"name":"wp","href":"https:\/\/api.w.org\/{rel}","templated":true}]}}