{"id":1870,"date":"2022-10-19T17:01:21","date_gmt":"2022-10-19T16:01:21","guid":{"rendered":"https:\/\/www.qevsolutions.be\/?post_type=product&#038;p=1870"},"modified":"2026-04-16T11:16:06","modified_gmt":"2026-04-16T10:16:06","slug":"wallbox-enext-elite-t","status":"publish","type":"product","link":"https:\/\/www.qevsolutions.be\/fr\/produit\/wallbox-enext-elite-t\/","title":{"rendered":"Circontrol eNext Park T two"},"content":{"rendered":"<p>Cet appareil est un chargeur con\u00e7u pour un usage professionnel\u00a0; Il est enti\u00e8rement \u00e9quip\u00e9 de toutes les options n\u00e9cessaires pour une utilisation en environnement professionnel.<\/p>\n<p>Ce chargeur poss\u00e8de 2 prises permettant de charger 2 v\u00e9hicules simultan\u00e9ment \u00e0 11 kW.<\/p>\n<p>Avec son design \u00e9l\u00e9gant et son bo\u00eetier robuste, il repr\u00e9sente un atout ind\u00e9niable pour votre entreprise.<\/p>\n<p>Parmi tous les appareils eNext, l&rsquo;Elite T est le meilleur de sa cat\u00e9gorie.<\/p>\n<p>Il est livr\u00e9 avec les fonctionnalit\u00e9s suivantes\u00a0:<\/p>\n<li>Une application pour piloter le chargeur<\/li>\n<li>Un \u00e9cran LCD couleur de 3,5 pouces<\/li>\n<li>Connexion 4G et Wi-Fi au syst\u00e8me back-office CPO<\/li>\n<li>Syst\u00e8me int\u00e9gr\u00e9 de gestion de la charge<\/li>\n<li>D\u00e9tection int\u00e9gr\u00e9e des fuites de courant continu de 6 mA<\/li>\n<li>\nCompteur certifi\u00e9 MID<\/li>\n<li>Lecteur RFID<\/li>\n<li>Version avec prise de type 2<\/li>\n<\/ul>\n<p>Avec sa puissance de 32 A sur trois phases \u00e0 400 V, Ce chargeur peut charger \u00e0 22 kW, ce qui est suffisant pour les voitures du futur.<br \/>\nAinsi, vous \u00eates pr\u00eat pour l&rsquo;avenir.<\/p>\n","protected":false},"excerpt":{"rendered":"<p>Cet appareil est un chargeur con\u00e7u pour un usage professionnel\u00a0; Il est enti\u00e8rement \u00e9quip\u00e9 de toutes les options n\u00e9cessaires pour une utilisation en environnement professionnel. Ce chargeur poss\u00e8de 2 prises permettant de charger 2 v\u00e9hicules simultan\u00e9ment \u00e0 11 kW. Avec son design \u00e9l\u00e9gant et son bo\u00eetier robuste, il repr\u00e9sente un atout ind\u00e9niable pour votre entreprise. [&hellip;]<\/p>\n","protected":false},"featured_media":1834,"template":"","meta":[],"product_brand":[],"product_cat":[319,322],"product_tag":[],"class_list":{"0":"post-1870","1":"product","2":"type-product","3":"status-publish","4":"has-post-thumbnail","6":"product_cat-bornes-de-recharge","7":"product_cat-chargeurs-dentreprise","9":"first","10":"outofstock","11":"taxable","12":"shipping-taxable","13":"purchasable","14":"product-type-simple"},"yoast_head":"<!-- This site is optimized with the Yoast SEO plugin v27.3 - https:\/\/yoast.com\/product\/yoast-seo-wordpress\/ -->\n<title>Circontrol eNext Park T two - Q.Ev. Solutions and distributions<\/title>\n<meta name=\"description\" content=\"Un chargeur commercial au design \u00e9l\u00e9gant de Circontrol, triphas\u00e9 32A 22KW avec \u00e9cran et prise, disponible en noir et blanc, en version murale mais aussi en version sur pied avec le poteau de montage en option.\" \/>\n<meta name=\"robots\" content=\"index, follow, max-snippet:-1, max-image-preview:large, max-video-preview:-1\" \/>\n<link rel=\"canonical\" href=\"https:\/\/www.qevsolutions.be\/fr\/produit\/wallbox-enext-elite-t\/\" \/>\n<meta property=\"og:locale\" content=\"fr_FR\" \/>\n<meta property=\"og:type\" content=\"article\" \/>\n<meta property=\"og:title\" content=\"Circontrol eNext Park T two - Q.Ev. Solutions and distributions\" \/>\n<meta property=\"og:description\" content=\"Un chargeur commercial au design \u00e9l\u00e9gant de Circontrol, triphas\u00e9 32A 22KW avec \u00e9cran et prise, disponible en noir et blanc, en version murale mais aussi en version sur pied avec le poteau de montage en option.\" \/>\n<meta property=\"og:url\" content=\"https:\/\/www.qevsolutions.be\/fr\/produit\/wallbox-enext-elite-t\/\" \/>\n<meta property=\"og:site_name\" content=\"Q.Ev. Solutions and distributions\" \/>\n<meta property=\"article:modified_time\" content=\"2026-04-16T10:16:06+00:00\" \/>\n<meta property=\"og:image\" content=\"https:\/\/www.qevsolutions.be\/wp-content\/uploads\/2022\/10\/enext-elite-1014x1024.jpg\" \/>\n\t<meta property=\"og:image:width\" content=\"1014\" \/>\n\t<meta property=\"og:image:height\" content=\"1024\" \/>\n\t<meta property=\"og:image:type\" content=\"image\/jpeg\" \/>\n<meta name=\"twitter:card\" content=\"summary_large_image\" \/>\n<meta name=\"twitter:label1\" content=\"Dur\u00e9e de lecture estim\u00e9e\" \/>\n\t<meta name=\"twitter:data1\" content=\"1 minute\" \/>\n<script type=\"application\/ld+json\" class=\"yoast-schema-graph\">{\"@context\":\"https:\\\/\\\/schema.org\",\"@graph\":[{\"@type\":\"WebPage\",\"@id\":\"https:\\\/\\\/www.qevsolutions.be\\\/fr\\\/produit\\\/wallbox-enext-elite-t\\\/\",\"url\":\"https:\\\/\\\/www.qevsolutions.be\\\/fr\\\/produit\\\/wallbox-enext-elite-t\\\/\",\"name\":\"Circontrol eNext Park T two - Q.Ev. Solutions and distributions\",\"isPartOf\":{\"@id\":\"https:\\\/\\\/www.qevsolutions.be\\\/fr\\\/#website\"},\"primaryImageOfPage\":{\"@id\":\"https:\\\/\\\/www.qevsolutions.be\\\/fr\\\/produit\\\/wallbox-enext-elite-t\\\/#primaryimage\"},\"image\":{\"@id\":\"https:\\\/\\\/www.qevsolutions.be\\\/fr\\\/produit\\\/wallbox-enext-elite-t\\\/#primaryimage\"},\"thumbnailUrl\":\"https:\\\/\\\/www.qevsolutions.be\\\/wp-content\\\/uploads\\\/2022\\\/10\\\/enext-elite.jpg\",\"datePublished\":\"2022-10-19T16:01:21+00:00\",\"dateModified\":\"2026-04-16T10:16:06+00:00\",\"description\":\"Un chargeur commercial au design \u00e9l\u00e9gant de Circontrol, triphas\u00e9 32A 22KW avec \u00e9cran et prise, disponible en noir et blanc, en version murale mais aussi en version sur pied avec le poteau de montage en option.\",\"breadcrumb\":{\"@id\":\"https:\\\/\\\/www.qevsolutions.be\\\/fr\\\/produit\\\/wallbox-enext-elite-t\\\/#breadcrumb\"},\"inLanguage\":\"fr-FR\",\"potentialAction\":[{\"@type\":\"ReadAction\",\"target\":[\"https:\\\/\\\/www.qevsolutions.be\\\/fr\\\/produit\\\/wallbox-enext-elite-t\\\/\"]}]},{\"@type\":\"ImageObject\",\"inLanguage\":\"fr-FR\",\"@id\":\"https:\\\/\\\/www.qevsolutions.be\\\/fr\\\/produit\\\/wallbox-enext-elite-t\\\/#primaryimage\",\"url\":\"https:\\\/\\\/www.qevsolutions.be\\\/wp-content\\\/uploads\\\/2022\\\/10\\\/enext-elite.jpg\",\"contentUrl\":\"https:\\\/\\\/www.qevsolutions.be\\\/wp-content\\\/uploads\\\/2022\\\/10\\\/enext-elite.jpg\",\"width\":4032,\"height\":4071},{\"@type\":\"BreadcrumbList\",\"@id\":\"https:\\\/\\\/www.qevsolutions.be\\\/fr\\\/produit\\\/wallbox-enext-elite-t\\\/#breadcrumb\",\"itemListElement\":[{\"@type\":\"ListItem\",\"position\":1,\"name\":\"Home\",\"item\":\"https:\\\/\\\/www.qevsolutions.be\\\/fr\\\/\"},{\"@type\":\"ListItem\",\"position\":2,\"name\":\"Commandez vos bornes de recharge et accessoires en ligne\",\"item\":\"https:\\\/\\\/www.qevsolutions.be\\\/fr\\\/boutique\\\/\"},{\"@type\":\"ListItem\",\"position\":3,\"name\":\"Circontrol eNext Park T two\"}]},{\"@type\":\"WebSite\",\"@id\":\"https:\\\/\\\/www.qevsolutions.be\\\/fr\\\/#website\",\"url\":\"https:\\\/\\\/www.qevsolutions.be\\\/fr\\\/\",\"name\":\"Q.Ev. Solutions and distributions\",\"description\":\"\",\"potentialAction\":[{\"@type\":\"SearchAction\",\"target\":{\"@type\":\"EntryPoint\",\"urlTemplate\":\"https:\\\/\\\/www.qevsolutions.be\\\/fr\\\/?s={search_term_string}\"},\"query-input\":{\"@type\":\"PropertyValueSpecification\",\"valueRequired\":true,\"valueName\":\"search_term_string\"}}],\"inLanguage\":\"fr-FR\"}]}<\/script>\n<!-- \/ Yoast SEO plugin. -->","yoast_head_json":{"title":"Circontrol eNext Park T two - Q.Ev. Solutions and distributions","description":"Un chargeur commercial au design \u00e9l\u00e9gant de Circontrol, triphas\u00e9 32A 22KW avec \u00e9cran et prise, disponible en noir et blanc, en version murale mais aussi en version sur pied avec le poteau de montage en option.","robots":{"index":"index","follow":"follow","max-snippet":"max-snippet:-1","max-image-preview":"max-image-preview:large","max-video-preview":"max-video-preview:-1"},"canonical":"https:\/\/www.qevsolutions.be\/fr\/produit\/wallbox-enext-elite-t\/","og_locale":"fr_FR","og_type":"article","og_title":"Circontrol eNext Park T two - Q.Ev. Solutions and distributions","og_description":"Un chargeur commercial au design \u00e9l\u00e9gant de Circontrol, triphas\u00e9 32A 22KW avec \u00e9cran et prise, disponible en noir et blanc, en version murale mais aussi en version sur pied avec le poteau de montage en option.","og_url":"https:\/\/www.qevsolutions.be\/fr\/produit\/wallbox-enext-elite-t\/","og_site_name":"Q.Ev. Solutions and distributions","article_modified_time":"2026-04-16T10:16:06+00:00","og_image":[{"width":1014,"height":1024,"url":"https:\/\/www.qevsolutions.be\/wp-content\/uploads\/2022\/10\/enext-elite-1014x1024.jpg","type":"image\/jpeg"}],"twitter_card":"summary_large_image","twitter_misc":{"Dur\u00e9e de lecture estim\u00e9e":"1 minute"},"schema":{"@context":"https:\/\/schema.org","@graph":[{"@type":"WebPage","@id":"https:\/\/www.qevsolutions.be\/fr\/produit\/wallbox-enext-elite-t\/","url":"https:\/\/www.qevsolutions.be\/fr\/produit\/wallbox-enext-elite-t\/","name":"Circontrol eNext Park T two - Q.Ev. Solutions and distributions","isPartOf":{"@id":"https:\/\/www.qevsolutions.be\/fr\/#website"},"primaryImageOfPage":{"@id":"https:\/\/www.qevsolutions.be\/fr\/produit\/wallbox-enext-elite-t\/#primaryimage"},"image":{"@id":"https:\/\/www.qevsolutions.be\/fr\/produit\/wallbox-enext-elite-t\/#primaryimage"},"thumbnailUrl":"https:\/\/www.qevsolutions.be\/wp-content\/uploads\/2022\/10\/enext-elite.jpg","datePublished":"2022-10-19T16:01:21+00:00","dateModified":"2026-04-16T10:16:06+00:00","description":"Un chargeur commercial au design \u00e9l\u00e9gant de Circontrol, triphas\u00e9 32A 22KW avec \u00e9cran et prise, disponible en noir et blanc, en version murale mais aussi en version sur pied avec le poteau de montage en option.","breadcrumb":{"@id":"https:\/\/www.qevsolutions.be\/fr\/produit\/wallbox-enext-elite-t\/#breadcrumb"},"inLanguage":"fr-FR","potentialAction":[{"@type":"ReadAction","target":["https:\/\/www.qevsolutions.be\/fr\/produit\/wallbox-enext-elite-t\/"]}]},{"@type":"ImageObject","inLanguage":"fr-FR","@id":"https:\/\/www.qevsolutions.be\/fr\/produit\/wallbox-enext-elite-t\/#primaryimage","url":"https:\/\/www.qevsolutions.be\/wp-content\/uploads\/2022\/10\/enext-elite.jpg","contentUrl":"https:\/\/www.qevsolutions.be\/wp-content\/uploads\/2022\/10\/enext-elite.jpg","width":4032,"height":4071},{"@type":"BreadcrumbList","@id":"https:\/\/www.qevsolutions.be\/fr\/produit\/wallbox-enext-elite-t\/#breadcrumb","itemListElement":[{"@type":"ListItem","position":1,"name":"Home","item":"https:\/\/www.qevsolutions.be\/fr\/"},{"@type":"ListItem","position":2,"name":"Commandez vos bornes de recharge et accessoires en ligne","item":"https:\/\/www.qevsolutions.be\/fr\/boutique\/"},{"@type":"ListItem","position":3,"name":"Circontrol eNext Park T two"}]},{"@type":"WebSite","@id":"https:\/\/www.qevsolutions.be\/fr\/#website","url":"https:\/\/www.qevsolutions.be\/fr\/","name":"Q.Ev. Solutions and distributions","description":"","potentialAction":[{"@type":"SearchAction","target":{"@type":"EntryPoint","urlTemplate":"https:\/\/www.qevsolutions.be\/fr\/?s={search_term_string}"},"query-input":{"@type":"PropertyValueSpecification","valueRequired":true,"valueName":"search_term_string"}}],"inLanguage":"fr-FR"}]}},"_links":{"self":[{"href":"https:\/\/www.qevsolutions.be\/fr\/wp-json\/wp\/v2\/product\/1870","targetHints":{"allow":["GET"]}}],"collection":[{"href":"https:\/\/www.qevsolutions.be\/fr\/wp-json\/wp\/v2\/product"}],"about":[{"href":"https:\/\/www.qevsolutions.be\/fr\/wp-json\/wp\/v2\/types\/product"}],"wp:featuredmedia":[{"embeddable":true,"href":"https:\/\/www.qevsolutions.be\/fr\/wp-json\/wp\/v2\/media\/1834"}],"wp:attachment":[{"href":"https:\/\/www.qevsolutions.be\/fr\/wp-json\/wp\/v2\/media?parent=1870"}],"wp:term":[{"taxonomy":"product_brand","embeddable":true,"href":"https:\/\/www.qevsolutions.be\/fr\/wp-json\/wp\/v2\/product_brand?post=1870"},{"taxonomy":"product_cat","embeddable":true,"href":"https:\/\/www.qevsolutions.be\/fr\/wp-json\/wp\/v2\/product_cat?post=1870"},{"taxonomy":"product_tag","embeddable":true,"href":"https:\/\/www.qevsolutions.be\/fr\/wp-json\/wp\/v2\/product_tag?post=1870"}],"curies":[{"name":"wp","href":"https:\/\/api.w.org\/{rel}","templated":true}]}}