{"id":1867,"date":"2022-10-19T16:52:10","date_gmt":"2022-10-19T15:52:10","guid":{"rendered":"https:\/\/www.qevsolutions.be\/?post_type=product&#038;p=1867"},"modified":"2022-10-19T17:00:15","modified_gmt":"2022-10-19T16:00:15","slug":"circontrol-post-evolve-smart-t","status":"publish","type":"product","link":"https:\/\/www.qevsolutions.be\/fr\/produit\/circontrol-post-evolve-smart-t\/","title":{"rendered":"Circontrol Post eVolve Smart T"},"content":{"rendered":"<p>Ces chargeurs duo de Circontrol ont un beau design et un bo\u00eetier solide et robuste. Nous pouvons les emballer et les personnaliser selon vos souhaits.<\/p>\n<p>Ces chargeurs sont con\u00e7us pour un usage professionnel intensif sur la voie publique, les parkings, les h\u00f4tels, etc&#8230;<\/p>\n<p>Ce mod\u00e8le peut \u00eatre mont\u00e9 debout ou au mur.<\/p>\n<p>&nbsp;<\/p>\n<p>Il peut charger 2x22KW sur 32A 400V, il est aussi disponible en 230V. Ils disposent de 2 prises pour une connexion de type 2 et d&rsquo;un indicateur LED avec \u00e9cran LCD. Le chargeur dispose d\u00e9j\u00e0 d&rsquo;un interrupteur diff\u00e9rentiel Type A en option TypeB si vous souhaitez connecter plusieurs chargeurs \u00e0 bord de 30ma, compteur MID classe 1, gestion de charge int\u00e9gr\u00e9e.<\/p>\n<p>Ces appareils existent aussi en version DC, ils peuvent donc charger plus de KM par heure que la version AC jusqu&rsquo;\u00e0 150km\/h.<\/p>\n<p>&nbsp;<\/p>\n<p>Nos chargeurs fournis en Belgique sont \u00e9quip\u00e9s des options suivantes<\/p>\n<p>&#8211; 4G pour le syst\u00e8me de back-office<\/p>\n<p>&#8211; RIFD<\/p>\n","protected":false},"excerpt":{"rendered":"<p>Ces chargeurs duo de Circontrol ont un beau design et un bo\u00eetier solide et robuste. Nous pouvons les emballer et les personnaliser selon vos souhaits. Ces chargeurs sont con\u00e7us pour un usage professionnel intensif sur la voie publique, les parkings, les h\u00f4tels, etc&#8230; Ce mod\u00e8le peut \u00eatre mont\u00e9 debout ou au mur. &nbsp; Il peut [&hellip;]<\/p>\n","protected":false},"featured_media":1856,"template":"","meta":[],"product_brand":[],"product_cat":[319,322],"product_tag":[],"class_list":{"0":"post-1867","1":"product","2":"type-product","3":"status-publish","4":"has-post-thumbnail","6":"product_cat-bornes-de-recharge","7":"product_cat-chargeurs-dentreprise","9":"first","10":"outofstock","11":"taxable","12":"shipping-taxable","13":"purchasable","14":"product-type-simple"},"yoast_head":"<!-- This site is optimized with the Yoast SEO plugin v27.5 - https:\/\/yoast.com\/product\/yoast-seo-wordpress\/ -->\n<title>Circontrol Post eVolve Smart T - Q.Ev. Solutions and distributions<\/title>\n<meta name=\"description\" content=\"Ce chargeur est un chargeur 22KW sur tension AC il permet de recharger 2 voitures simultan\u00e9ment sur 32A 400V \u00e0 22KW ils sont aussi disponible en 230V\" \/>\n<meta name=\"robots\" content=\"index, follow, max-snippet:-1, max-image-preview:large, max-video-preview:-1\" \/>\n<link rel=\"canonical\" href=\"https:\/\/www.qevsolutions.be\/fr\/produit\/circontrol-post-evolve-smart-t\/\" \/>\n<meta property=\"og:locale\" content=\"fr_FR\" \/>\n<meta property=\"og:type\" content=\"article\" \/>\n<meta property=\"og:title\" content=\"Circontrol Post eVolve Smart T - Q.Ev. Solutions and distributions\" \/>\n<meta property=\"og:description\" content=\"Ce chargeur est un chargeur 22KW sur tension AC il permet de recharger 2 voitures simultan\u00e9ment sur 32A 400V \u00e0 22KW ils sont aussi disponible en 230V\" \/>\n<meta property=\"og:url\" content=\"https:\/\/www.qevsolutions.be\/fr\/produit\/circontrol-post-evolve-smart-t\/\" \/>\n<meta property=\"og:site_name\" content=\"Q.Ev. Solutions and distributions\" \/>\n<meta property=\"article:modified_time\" content=\"2022-10-19T16:00:15+00:00\" \/>\n<meta property=\"og:image\" content=\"https:\/\/www.qevsolutions.be\/wp-content\/uploads\/2022\/10\/Post-eVolve-Smart-Frontal-Baixa-1-e1666194238754.jpg\" \/>\n\t<meta property=\"og:image:width\" content=\"40\" \/>\n\t<meta property=\"og:image:height\" content=\"102\" \/>\n\t<meta property=\"og:image:type\" content=\"image\/jpeg\" \/>\n<meta name=\"twitter:card\" content=\"summary_large_image\" \/>\n<meta name=\"twitter:label1\" content=\"Dur\u00e9e de lecture estim\u00e9e\" \/>\n\t<meta name=\"twitter:data1\" content=\"1 minute\" \/>\n<script type=\"application\/ld+json\" class=\"yoast-schema-graph\">{\"@context\":\"https:\\\/\\\/schema.org\",\"@graph\":[{\"@type\":\"WebPage\",\"@id\":\"https:\\\/\\\/www.qevsolutions.be\\\/fr\\\/produit\\\/circontrol-post-evolve-smart-t\\\/\",\"url\":\"https:\\\/\\\/www.qevsolutions.be\\\/fr\\\/produit\\\/circontrol-post-evolve-smart-t\\\/\",\"name\":\"Circontrol Post eVolve Smart T - Q.Ev. Solutions and distributions\",\"isPartOf\":{\"@id\":\"https:\\\/\\\/www.qevsolutions.be\\\/fr\\\/#website\"},\"primaryImageOfPage\":{\"@id\":\"https:\\\/\\\/www.qevsolutions.be\\\/fr\\\/produit\\\/circontrol-post-evolve-smart-t\\\/#primaryimage\"},\"image\":{\"@id\":\"https:\\\/\\\/www.qevsolutions.be\\\/fr\\\/produit\\\/circontrol-post-evolve-smart-t\\\/#primaryimage\"},\"thumbnailUrl\":\"https:\\\/\\\/www.qevsolutions.be\\\/wp-content\\\/uploads\\\/2022\\\/10\\\/Post-eVolve-Smart-Frontal-Baixa-1-e1666194238754.jpg\",\"datePublished\":\"2022-10-19T15:52:10+00:00\",\"dateModified\":\"2022-10-19T16:00:15+00:00\",\"description\":\"Ce chargeur est un chargeur 22KW sur tension AC il permet de recharger 2 voitures simultan\u00e9ment sur 32A 400V \u00e0 22KW ils sont aussi disponible en 230V\",\"breadcrumb\":{\"@id\":\"https:\\\/\\\/www.qevsolutions.be\\\/fr\\\/produit\\\/circontrol-post-evolve-smart-t\\\/#breadcrumb\"},\"inLanguage\":\"fr-FR\",\"potentialAction\":[{\"@type\":\"ReadAction\",\"target\":[\"https:\\\/\\\/www.qevsolutions.be\\\/fr\\\/produit\\\/circontrol-post-evolve-smart-t\\\/\"]}]},{\"@type\":\"ImageObject\",\"inLanguage\":\"fr-FR\",\"@id\":\"https:\\\/\\\/www.qevsolutions.be\\\/fr\\\/produit\\\/circontrol-post-evolve-smart-t\\\/#primaryimage\",\"url\":\"https:\\\/\\\/www.qevsolutions.be\\\/wp-content\\\/uploads\\\/2022\\\/10\\\/Post-eVolve-Smart-Frontal-Baixa-1-e1666194238754.jpg\",\"contentUrl\":\"https:\\\/\\\/www.qevsolutions.be\\\/wp-content\\\/uploads\\\/2022\\\/10\\\/Post-eVolve-Smart-Frontal-Baixa-1-e1666194238754.jpg\",\"width\":40,\"height\":102},{\"@type\":\"BreadcrumbList\",\"@id\":\"https:\\\/\\\/www.qevsolutions.be\\\/fr\\\/produit\\\/circontrol-post-evolve-smart-t\\\/#breadcrumb\",\"itemListElement\":[{\"@type\":\"ListItem\",\"position\":1,\"name\":\"Home\",\"item\":\"https:\\\/\\\/www.qevsolutions.be\\\/fr\\\/\"},{\"@type\":\"ListItem\",\"position\":2,\"name\":\"Commandez vos bornes de recharge et accessoires en ligne\",\"item\":\"https:\\\/\\\/www.qevsolutions.be\\\/fr\\\/boutique\\\/\"},{\"@type\":\"ListItem\",\"position\":3,\"name\":\"Circontrol Post eVolve Smart T\"}]},{\"@type\":\"WebSite\",\"@id\":\"https:\\\/\\\/www.qevsolutions.be\\\/fr\\\/#website\",\"url\":\"https:\\\/\\\/www.qevsolutions.be\\\/fr\\\/\",\"name\":\"Q.Ev. Solutions and distributions\",\"description\":\"\",\"potentialAction\":[{\"@type\":\"SearchAction\",\"target\":{\"@type\":\"EntryPoint\",\"urlTemplate\":\"https:\\\/\\\/www.qevsolutions.be\\\/fr\\\/?s={search_term_string}\"},\"query-input\":{\"@type\":\"PropertyValueSpecification\",\"valueRequired\":true,\"valueName\":\"search_term_string\"}}],\"inLanguage\":\"fr-FR\"}]}<\/script>\n<!-- \/ Yoast SEO plugin. -->","yoast_head_json":{"title":"Circontrol Post eVolve Smart T - Q.Ev. Solutions and distributions","description":"Ce chargeur est un chargeur 22KW sur tension AC il permet de recharger 2 voitures simultan\u00e9ment sur 32A 400V \u00e0 22KW ils sont aussi disponible en 230V","robots":{"index":"index","follow":"follow","max-snippet":"max-snippet:-1","max-image-preview":"max-image-preview:large","max-video-preview":"max-video-preview:-1"},"canonical":"https:\/\/www.qevsolutions.be\/fr\/produit\/circontrol-post-evolve-smart-t\/","og_locale":"fr_FR","og_type":"article","og_title":"Circontrol Post eVolve Smart T - Q.Ev. Solutions and distributions","og_description":"Ce chargeur est un chargeur 22KW sur tension AC il permet de recharger 2 voitures simultan\u00e9ment sur 32A 400V \u00e0 22KW ils sont aussi disponible en 230V","og_url":"https:\/\/www.qevsolutions.be\/fr\/produit\/circontrol-post-evolve-smart-t\/","og_site_name":"Q.Ev. Solutions and distributions","article_modified_time":"2022-10-19T16:00:15+00:00","og_image":[{"width":40,"height":102,"url":"https:\/\/www.qevsolutions.be\/wp-content\/uploads\/2022\/10\/Post-eVolve-Smart-Frontal-Baixa-1-e1666194238754.jpg","type":"image\/jpeg"}],"twitter_card":"summary_large_image","twitter_misc":{"Dur\u00e9e de lecture estim\u00e9e":"1 minute"},"schema":{"@context":"https:\/\/schema.org","@graph":[{"@type":"WebPage","@id":"https:\/\/www.qevsolutions.be\/fr\/produit\/circontrol-post-evolve-smart-t\/","url":"https:\/\/www.qevsolutions.be\/fr\/produit\/circontrol-post-evolve-smart-t\/","name":"Circontrol Post eVolve Smart T - Q.Ev. Solutions and distributions","isPartOf":{"@id":"https:\/\/www.qevsolutions.be\/fr\/#website"},"primaryImageOfPage":{"@id":"https:\/\/www.qevsolutions.be\/fr\/produit\/circontrol-post-evolve-smart-t\/#primaryimage"},"image":{"@id":"https:\/\/www.qevsolutions.be\/fr\/produit\/circontrol-post-evolve-smart-t\/#primaryimage"},"thumbnailUrl":"https:\/\/www.qevsolutions.be\/wp-content\/uploads\/2022\/10\/Post-eVolve-Smart-Frontal-Baixa-1-e1666194238754.jpg","datePublished":"2022-10-19T15:52:10+00:00","dateModified":"2022-10-19T16:00:15+00:00","description":"Ce chargeur est un chargeur 22KW sur tension AC il permet de recharger 2 voitures simultan\u00e9ment sur 32A 400V \u00e0 22KW ils sont aussi disponible en 230V","breadcrumb":{"@id":"https:\/\/www.qevsolutions.be\/fr\/produit\/circontrol-post-evolve-smart-t\/#breadcrumb"},"inLanguage":"fr-FR","potentialAction":[{"@type":"ReadAction","target":["https:\/\/www.qevsolutions.be\/fr\/produit\/circontrol-post-evolve-smart-t\/"]}]},{"@type":"ImageObject","inLanguage":"fr-FR","@id":"https:\/\/www.qevsolutions.be\/fr\/produit\/circontrol-post-evolve-smart-t\/#primaryimage","url":"https:\/\/www.qevsolutions.be\/wp-content\/uploads\/2022\/10\/Post-eVolve-Smart-Frontal-Baixa-1-e1666194238754.jpg","contentUrl":"https:\/\/www.qevsolutions.be\/wp-content\/uploads\/2022\/10\/Post-eVolve-Smart-Frontal-Baixa-1-e1666194238754.jpg","width":40,"height":102},{"@type":"BreadcrumbList","@id":"https:\/\/www.qevsolutions.be\/fr\/produit\/circontrol-post-evolve-smart-t\/#breadcrumb","itemListElement":[{"@type":"ListItem","position":1,"name":"Home","item":"https:\/\/www.qevsolutions.be\/fr\/"},{"@type":"ListItem","position":2,"name":"Commandez vos bornes de recharge et accessoires en ligne","item":"https:\/\/www.qevsolutions.be\/fr\/boutique\/"},{"@type":"ListItem","position":3,"name":"Circontrol Post eVolve Smart T"}]},{"@type":"WebSite","@id":"https:\/\/www.qevsolutions.be\/fr\/#website","url":"https:\/\/www.qevsolutions.be\/fr\/","name":"Q.Ev. Solutions and distributions","description":"","potentialAction":[{"@type":"SearchAction","target":{"@type":"EntryPoint","urlTemplate":"https:\/\/www.qevsolutions.be\/fr\/?s={search_term_string}"},"query-input":{"@type":"PropertyValueSpecification","valueRequired":true,"valueName":"search_term_string"}}],"inLanguage":"fr-FR"}]}},"_links":{"self":[{"href":"https:\/\/www.qevsolutions.be\/fr\/wp-json\/wp\/v2\/product\/1867","targetHints":{"allow":["GET"]}}],"collection":[{"href":"https:\/\/www.qevsolutions.be\/fr\/wp-json\/wp\/v2\/product"}],"about":[{"href":"https:\/\/www.qevsolutions.be\/fr\/wp-json\/wp\/v2\/types\/product"}],"wp:featuredmedia":[{"embeddable":true,"href":"https:\/\/www.qevsolutions.be\/fr\/wp-json\/wp\/v2\/media\/1856"}],"wp:attachment":[{"href":"https:\/\/www.qevsolutions.be\/fr\/wp-json\/wp\/v2\/media?parent=1867"}],"wp:term":[{"taxonomy":"product_brand","embeddable":true,"href":"https:\/\/www.qevsolutions.be\/fr\/wp-json\/wp\/v2\/product_brand?post=1867"},{"taxonomy":"product_cat","embeddable":true,"href":"https:\/\/www.qevsolutions.be\/fr\/wp-json\/wp\/v2\/product_cat?post=1867"},{"taxonomy":"product_tag","embeddable":true,"href":"https:\/\/www.qevsolutions.be\/fr\/wp-json\/wp\/v2\/product_tag?post=1867"}],"curies":[{"name":"wp","href":"https:\/\/api.w.org\/{rel}","templated":true}]}}