{"id":1849,"date":"2022-10-18T15:21:04","date_gmt":"2022-10-18T14:21:04","guid":{"rendered":"https:\/\/www.qevsolutions.be\/?post_type=product&#038;p=1849"},"modified":"2022-10-19T16:48:20","modified_gmt":"2022-10-19T15:48:20","slug":"circontrol-poteau-de-montage-pour-ehome-single","status":"publish","type":"product","link":"https:\/\/www.qevsolutions.be\/fr\/produit\/circontrol-poteau-de-montage-pour-ehome-single\/","title":{"rendered":"Circontrol Poteau de montage pour eHome Single"},"content":{"rendered":"<p>Ce support de montage est sp\u00e9cialement con\u00e7u pour les chargeurs AC circontrol. Si vous ne pouvez pas installer votre chargeur contre le mur, assurez-vous d&rsquo;utiliser ce poteau de montage personnalis\u00e9 et adapt\u00e9 \u00e0 vos besoins.<\/p>\n","protected":false},"excerpt":{"rendered":"<p>Ce support de montage est sp\u00e9cialement con\u00e7u pour les chargeurs AC circontrol. Si vous ne pouvez pas installer votre chargeur contre le mur, assurez-vous d&rsquo;utiliser ce poteau de montage personnalis\u00e9 et adapt\u00e9 \u00e0 vos besoins.<\/p>\n","protected":false},"featured_media":1852,"template":"","meta":[],"product_brand":[],"product_cat":[310],"product_tag":[],"class_list":{"0":"post-1849","1":"product","2":"type-product","3":"status-publish","4":"has-post-thumbnail","6":"product_cat-accessoires-fr","8":"first","9":"outofstock","10":"taxable","11":"shipping-taxable","12":"purchasable","13":"product-type-simple"},"yoast_head":"<!-- This site is optimized with the Yoast SEO plugin v27.5 - https:\/\/yoast.com\/product\/yoast-seo-wordpress\/ -->\n<title>Circontrol Poteau de montage pour eHome Single - Q.Ev. Solutions and distributions<\/title>\n<meta name=\"description\" content=\"Avec ce poteau de montage de Circontrol, vous pouvez rendre un chargeur mural autonome, cette pi\u00e8ce design donne au chargeur une valeur ajout\u00e9e dans votre parking\" \/>\n<meta name=\"robots\" content=\"index, follow, max-snippet:-1, max-image-preview:large, max-video-preview:-1\" \/>\n<link rel=\"canonical\" href=\"https:\/\/www.qevsolutions.be\/fr\/produit\/circontrol-poteau-de-montage-pour-ehome-single\/\" \/>\n<meta property=\"og:locale\" content=\"fr_FR\" \/>\n<meta property=\"og:type\" content=\"article\" \/>\n<meta property=\"og:title\" content=\"Circontrol Poteau de montage pour eHome Single - Q.Ev. Solutions and distributions\" \/>\n<meta property=\"og:description\" content=\"Avec ce poteau de montage de Circontrol, vous pouvez rendre un chargeur mural autonome, cette pi\u00e8ce design donne au chargeur une valeur ajout\u00e9e dans votre parking\" \/>\n<meta property=\"og:url\" content=\"https:\/\/www.qevsolutions.be\/fr\/produit\/circontrol-poteau-de-montage-pour-ehome-single\/\" \/>\n<meta property=\"og:site_name\" content=\"Q.Ev. Solutions and distributions\" \/>\n<meta property=\"article:modified_time\" content=\"2022-10-19T15:48:20+00:00\" \/>\n<meta property=\"og:image\" content=\"https:\/\/www.qevsolutions.be\/wp-content\/uploads\/2022\/10\/pole-home.jpg\" \/>\n\t<meta property=\"og:image:width\" content=\"167\" \/>\n\t<meta property=\"og:image:height\" content=\"620\" \/>\n\t<meta property=\"og:image:type\" content=\"image\/jpeg\" \/>\n<meta name=\"twitter:card\" content=\"summary_large_image\" \/>\n<meta name=\"twitter:label1\" content=\"Dur\u00e9e de lecture estim\u00e9e\" \/>\n\t<meta name=\"twitter:data1\" content=\"1 minute\" \/>\n<script type=\"application\/ld+json\" class=\"yoast-schema-graph\">{\"@context\":\"https:\\\/\\\/schema.org\",\"@graph\":[{\"@type\":\"WebPage\",\"@id\":\"https:\\\/\\\/www.qevsolutions.be\\\/fr\\\/produit\\\/circontrol-poteau-de-montage-pour-ehome-single\\\/\",\"url\":\"https:\\\/\\\/www.qevsolutions.be\\\/fr\\\/produit\\\/circontrol-poteau-de-montage-pour-ehome-single\\\/\",\"name\":\"Circontrol Poteau de montage pour eHome Single - Q.Ev. Solutions and distributions\",\"isPartOf\":{\"@id\":\"https:\\\/\\\/www.qevsolutions.be\\\/fr\\\/#website\"},\"primaryImageOfPage\":{\"@id\":\"https:\\\/\\\/www.qevsolutions.be\\\/fr\\\/produit\\\/circontrol-poteau-de-montage-pour-ehome-single\\\/#primaryimage\"},\"image\":{\"@id\":\"https:\\\/\\\/www.qevsolutions.be\\\/fr\\\/produit\\\/circontrol-poteau-de-montage-pour-ehome-single\\\/#primaryimage\"},\"thumbnailUrl\":\"https:\\\/\\\/www.qevsolutions.be\\\/wp-content\\\/uploads\\\/2022\\\/10\\\/pole-home.jpg\",\"datePublished\":\"2022-10-18T14:21:04+00:00\",\"dateModified\":\"2022-10-19T15:48:20+00:00\",\"description\":\"Avec ce poteau de montage de Circontrol, vous pouvez rendre un chargeur mural autonome, cette pi\u00e8ce design donne au chargeur une valeur ajout\u00e9e dans votre parking\",\"breadcrumb\":{\"@id\":\"https:\\\/\\\/www.qevsolutions.be\\\/fr\\\/produit\\\/circontrol-poteau-de-montage-pour-ehome-single\\\/#breadcrumb\"},\"inLanguage\":\"fr-FR\",\"potentialAction\":[{\"@type\":\"ReadAction\",\"target\":[\"https:\\\/\\\/www.qevsolutions.be\\\/fr\\\/produit\\\/circontrol-poteau-de-montage-pour-ehome-single\\\/\"]}]},{\"@type\":\"ImageObject\",\"inLanguage\":\"fr-FR\",\"@id\":\"https:\\\/\\\/www.qevsolutions.be\\\/fr\\\/produit\\\/circontrol-poteau-de-montage-pour-ehome-single\\\/#primaryimage\",\"url\":\"https:\\\/\\\/www.qevsolutions.be\\\/wp-content\\\/uploads\\\/2022\\\/10\\\/pole-home.jpg\",\"contentUrl\":\"https:\\\/\\\/www.qevsolutions.be\\\/wp-content\\\/uploads\\\/2022\\\/10\\\/pole-home.jpg\",\"width\":167,\"height\":620},{\"@type\":\"BreadcrumbList\",\"@id\":\"https:\\\/\\\/www.qevsolutions.be\\\/fr\\\/produit\\\/circontrol-poteau-de-montage-pour-ehome-single\\\/#breadcrumb\",\"itemListElement\":[{\"@type\":\"ListItem\",\"position\":1,\"name\":\"Home\",\"item\":\"https:\\\/\\\/www.qevsolutions.be\\\/fr\\\/\"},{\"@type\":\"ListItem\",\"position\":2,\"name\":\"Commandez vos bornes de recharge et accessoires en ligne\",\"item\":\"https:\\\/\\\/www.qevsolutions.be\\\/fr\\\/boutique\\\/\"},{\"@type\":\"ListItem\",\"position\":3,\"name\":\"Circontrol Poteau de montage pour eHome Single\"}]},{\"@type\":\"WebSite\",\"@id\":\"https:\\\/\\\/www.qevsolutions.be\\\/fr\\\/#website\",\"url\":\"https:\\\/\\\/www.qevsolutions.be\\\/fr\\\/\",\"name\":\"Q.Ev. Solutions and distributions\",\"description\":\"\",\"potentialAction\":[{\"@type\":\"SearchAction\",\"target\":{\"@type\":\"EntryPoint\",\"urlTemplate\":\"https:\\\/\\\/www.qevsolutions.be\\\/fr\\\/?s={search_term_string}\"},\"query-input\":{\"@type\":\"PropertyValueSpecification\",\"valueRequired\":true,\"valueName\":\"search_term_string\"}}],\"inLanguage\":\"fr-FR\"}]}<\/script>\n<!-- \/ Yoast SEO plugin. -->","yoast_head_json":{"title":"Circontrol Poteau de montage pour eHome Single - Q.Ev. Solutions and distributions","description":"Avec ce poteau de montage de Circontrol, vous pouvez rendre un chargeur mural autonome, cette pi\u00e8ce design donne au chargeur une valeur ajout\u00e9e dans votre parking","robots":{"index":"index","follow":"follow","max-snippet":"max-snippet:-1","max-image-preview":"max-image-preview:large","max-video-preview":"max-video-preview:-1"},"canonical":"https:\/\/www.qevsolutions.be\/fr\/produit\/circontrol-poteau-de-montage-pour-ehome-single\/","og_locale":"fr_FR","og_type":"article","og_title":"Circontrol Poteau de montage pour eHome Single - Q.Ev. Solutions and distributions","og_description":"Avec ce poteau de montage de Circontrol, vous pouvez rendre un chargeur mural autonome, cette pi\u00e8ce design donne au chargeur une valeur ajout\u00e9e dans votre parking","og_url":"https:\/\/www.qevsolutions.be\/fr\/produit\/circontrol-poteau-de-montage-pour-ehome-single\/","og_site_name":"Q.Ev. Solutions and distributions","article_modified_time":"2022-10-19T15:48:20+00:00","og_image":[{"width":167,"height":620,"url":"https:\/\/www.qevsolutions.be\/wp-content\/uploads\/2022\/10\/pole-home.jpg","type":"image\/jpeg"}],"twitter_card":"summary_large_image","twitter_misc":{"Dur\u00e9e de lecture estim\u00e9e":"1 minute"},"schema":{"@context":"https:\/\/schema.org","@graph":[{"@type":"WebPage","@id":"https:\/\/www.qevsolutions.be\/fr\/produit\/circontrol-poteau-de-montage-pour-ehome-single\/","url":"https:\/\/www.qevsolutions.be\/fr\/produit\/circontrol-poteau-de-montage-pour-ehome-single\/","name":"Circontrol Poteau de montage pour eHome Single - Q.Ev. Solutions and distributions","isPartOf":{"@id":"https:\/\/www.qevsolutions.be\/fr\/#website"},"primaryImageOfPage":{"@id":"https:\/\/www.qevsolutions.be\/fr\/produit\/circontrol-poteau-de-montage-pour-ehome-single\/#primaryimage"},"image":{"@id":"https:\/\/www.qevsolutions.be\/fr\/produit\/circontrol-poteau-de-montage-pour-ehome-single\/#primaryimage"},"thumbnailUrl":"https:\/\/www.qevsolutions.be\/wp-content\/uploads\/2022\/10\/pole-home.jpg","datePublished":"2022-10-18T14:21:04+00:00","dateModified":"2022-10-19T15:48:20+00:00","description":"Avec ce poteau de montage de Circontrol, vous pouvez rendre un chargeur mural autonome, cette pi\u00e8ce design donne au chargeur une valeur ajout\u00e9e dans votre parking","breadcrumb":{"@id":"https:\/\/www.qevsolutions.be\/fr\/produit\/circontrol-poteau-de-montage-pour-ehome-single\/#breadcrumb"},"inLanguage":"fr-FR","potentialAction":[{"@type":"ReadAction","target":["https:\/\/www.qevsolutions.be\/fr\/produit\/circontrol-poteau-de-montage-pour-ehome-single\/"]}]},{"@type":"ImageObject","inLanguage":"fr-FR","@id":"https:\/\/www.qevsolutions.be\/fr\/produit\/circontrol-poteau-de-montage-pour-ehome-single\/#primaryimage","url":"https:\/\/www.qevsolutions.be\/wp-content\/uploads\/2022\/10\/pole-home.jpg","contentUrl":"https:\/\/www.qevsolutions.be\/wp-content\/uploads\/2022\/10\/pole-home.jpg","width":167,"height":620},{"@type":"BreadcrumbList","@id":"https:\/\/www.qevsolutions.be\/fr\/produit\/circontrol-poteau-de-montage-pour-ehome-single\/#breadcrumb","itemListElement":[{"@type":"ListItem","position":1,"name":"Home","item":"https:\/\/www.qevsolutions.be\/fr\/"},{"@type":"ListItem","position":2,"name":"Commandez vos bornes de recharge et accessoires en ligne","item":"https:\/\/www.qevsolutions.be\/fr\/boutique\/"},{"@type":"ListItem","position":3,"name":"Circontrol Poteau de montage pour eHome Single"}]},{"@type":"WebSite","@id":"https:\/\/www.qevsolutions.be\/fr\/#website","url":"https:\/\/www.qevsolutions.be\/fr\/","name":"Q.Ev. Solutions and distributions","description":"","potentialAction":[{"@type":"SearchAction","target":{"@type":"EntryPoint","urlTemplate":"https:\/\/www.qevsolutions.be\/fr\/?s={search_term_string}"},"query-input":{"@type":"PropertyValueSpecification","valueRequired":true,"valueName":"search_term_string"}}],"inLanguage":"fr-FR"}]}},"_links":{"self":[{"href":"https:\/\/www.qevsolutions.be\/fr\/wp-json\/wp\/v2\/product\/1849","targetHints":{"allow":["GET"]}}],"collection":[{"href":"https:\/\/www.qevsolutions.be\/fr\/wp-json\/wp\/v2\/product"}],"about":[{"href":"https:\/\/www.qevsolutions.be\/fr\/wp-json\/wp\/v2\/types\/product"}],"wp:featuredmedia":[{"embeddable":true,"href":"https:\/\/www.qevsolutions.be\/fr\/wp-json\/wp\/v2\/media\/1852"}],"wp:attachment":[{"href":"https:\/\/www.qevsolutions.be\/fr\/wp-json\/wp\/v2\/media?parent=1849"}],"wp:term":[{"taxonomy":"product_brand","embeddable":true,"href":"https:\/\/www.qevsolutions.be\/fr\/wp-json\/wp\/v2\/product_brand?post=1849"},{"taxonomy":"product_cat","embeddable":true,"href":"https:\/\/www.qevsolutions.be\/fr\/wp-json\/wp\/v2\/product_cat?post=1849"},{"taxonomy":"product_tag","embeddable":true,"href":"https:\/\/www.qevsolutions.be\/fr\/wp-json\/wp\/v2\/product_tag?post=1849"}],"curies":[{"name":"wp","href":"https:\/\/api.w.org\/{rel}","templated":true}]}}