{"id":1831,"date":"2022-10-17T16:54:05","date_gmt":"2022-10-17T15:54:05","guid":{"rendered":"https:\/\/www.qevsolutions.be\/?post_type=product&#038;p=1831"},"modified":"2023-05-16T14:26:38","modified_gmt":"2023-05-16T13:26:38","slug":"circontrol-evolve-smart-t-wallbox","status":"publish","type":"product","link":"https:\/\/www.qevsolutions.be\/fr\/produit\/circontrol-evolve-smart-t-wallbox\/","title":{"rendered":"Circontrol eVolve Smart T Wallbox"},"content":{"rendered":"<p>Ces chargeurs duo de Circontrol ont un beau design et un coffret solide et robuste.Nous<\/p>\n<p>pouvons les emballer et les personnaliser enti\u00e8rement selon vos souhaits.Ces<\/p>\n<p>&nbsp;<\/p>\n<p>chargeurs sont destin\u00e9s \u00e0 un usage professionnel intensif sur la voie publique, parkings, h\u00f4tels, etc.Il<\/p>\n<p>&nbsp;<\/p>\n<p>peut charger 11KW 2x ou 1x22KW sur 32A 230V ils sont \u00e9galement disponibles en 400V<\/p>\n<p>Ils disposent de 2 prises pour branchement de type 2 et d&rsquo;un indicateur LED avec \u00e9cran LCD<\/p>\n<p>Le chargeur dispose d\u00e9j\u00e0 d&rsquo;un interrupteur diff\u00e9rentiel Type A en option typeB si vous souhaitez connecter plusieurs chargeurs \u00e0 bord de 30ma, Compteur MID classe 1, gestion de charge int\u00e9gr\u00e9e<\/p>\n<p>Nos chargeurs que nous livrons en Belgique sont \u00e9quip\u00e9s des options<\/p>\n<p>&nbsp;<\/p>\n<p>4G suivantes pour le syst\u00e8me de back office<br \/>\nRIFD<\/p>\n","protected":false},"excerpt":{"rendered":"<p>Ces chargeurs duo de Circontrol ont un beau design et un coffret solide et robuste.Nous pouvons les emballer et les personnaliser enti\u00e8rement selon vos souhaits.Ces &nbsp; chargeurs sont destin\u00e9s \u00e0 un usage professionnel intensif sur la voie publique, parkings, h\u00f4tels, etc.Il &nbsp; peut charger 11KW 2x ou 1x22KW sur 32A 230V ils sont \u00e9galement disponibles [&hellip;]<\/p>\n","protected":false},"featured_media":2070,"template":"","meta":[],"product_brand":[],"product_cat":[319,322],"product_tag":[],"class_list":{"0":"post-1831","1":"product","2":"type-product","3":"status-publish","4":"has-post-thumbnail","6":"product_cat-bornes-de-recharge","7":"product_cat-chargeurs-dentreprise","9":"first","10":"outofstock","11":"taxable","12":"shipping-taxable","13":"purchasable","14":"product-type-simple"},"yoast_head":"<!-- This site is optimized with the Yoast SEO plugin v27.3 - https:\/\/yoast.com\/product\/yoast-seo-wordpress\/ -->\n<title>Circontrol eVolve Smart T Wallbox - Q.Ev. Solutions and distributions<\/title>\n<meta name=\"description\" content=\"Ce chargeur est un chargeur 22KW sur tension AC il permet de recharger 2 voitures simultan\u00e9ment sur 32A 230V \u00e0 22KW ils sont aussi disponible en 400V\" \/>\n<meta name=\"robots\" content=\"index, follow, max-snippet:-1, max-image-preview:large, max-video-preview:-1\" \/>\n<link rel=\"canonical\" href=\"https:\/\/www.qevsolutions.be\/fr\/produit\/circontrol-evolve-smart-t-wallbox\/\" \/>\n<meta property=\"og:locale\" content=\"fr_FR\" \/>\n<meta property=\"og:type\" content=\"article\" \/>\n<meta property=\"og:title\" content=\"Circontrol eVolve Smart T Wallbox - Q.Ev. Solutions and distributions\" \/>\n<meta property=\"og:description\" content=\"Ce chargeur est un chargeur 22KW sur tension AC il permet de recharger 2 voitures simultan\u00e9ment sur 32A 230V \u00e0 22KW ils sont aussi disponible en 400V\" \/>\n<meta property=\"og:url\" content=\"https:\/\/www.qevsolutions.be\/fr\/produit\/circontrol-evolve-smart-t-wallbox\/\" \/>\n<meta property=\"og:site_name\" content=\"Q.Ev. Solutions and distributions\" \/>\n<meta property=\"article:modified_time\" content=\"2023-05-16T13:26:38+00:00\" \/>\n<meta property=\"og:image\" content=\"https:\/\/www.qevsolutions.be\/wp-content\/uploads\/2022\/10\/frontal-768x1024.png\" \/>\n\t<meta property=\"og:image:width\" content=\"768\" \/>\n\t<meta property=\"og:image:height\" content=\"1024\" \/>\n\t<meta property=\"og:image:type\" content=\"image\/png\" \/>\n<meta name=\"twitter:card\" content=\"summary_large_image\" \/>\n<meta name=\"twitter:label1\" content=\"Dur\u00e9e de lecture estim\u00e9e\" \/>\n\t<meta name=\"twitter:data1\" content=\"1 minute\" \/>\n<script type=\"application\/ld+json\" class=\"yoast-schema-graph\">{\"@context\":\"https:\\\/\\\/schema.org\",\"@graph\":[{\"@type\":\"WebPage\",\"@id\":\"https:\\\/\\\/www.qevsolutions.be\\\/fr\\\/produit\\\/circontrol-evolve-smart-t-wallbox\\\/\",\"url\":\"https:\\\/\\\/www.qevsolutions.be\\\/fr\\\/produit\\\/circontrol-evolve-smart-t-wallbox\\\/\",\"name\":\"Circontrol eVolve Smart T Wallbox - Q.Ev. Solutions and distributions\",\"isPartOf\":{\"@id\":\"https:\\\/\\\/www.qevsolutions.be\\\/fr\\\/#website\"},\"primaryImageOfPage\":{\"@id\":\"https:\\\/\\\/www.qevsolutions.be\\\/fr\\\/produit\\\/circontrol-evolve-smart-t-wallbox\\\/#primaryimage\"},\"image\":{\"@id\":\"https:\\\/\\\/www.qevsolutions.be\\\/fr\\\/produit\\\/circontrol-evolve-smart-t-wallbox\\\/#primaryimage\"},\"thumbnailUrl\":\"https:\\\/\\\/www.qevsolutions.be\\\/wp-content\\\/uploads\\\/2022\\\/10\\\/frontal.png\",\"datePublished\":\"2022-10-17T15:54:05+00:00\",\"dateModified\":\"2023-05-16T13:26:38+00:00\",\"description\":\"Ce chargeur est un chargeur 22KW sur tension AC il permet de recharger 2 voitures simultan\u00e9ment sur 32A 230V \u00e0 22KW ils sont aussi disponible en 400V\",\"breadcrumb\":{\"@id\":\"https:\\\/\\\/www.qevsolutions.be\\\/fr\\\/produit\\\/circontrol-evolve-smart-t-wallbox\\\/#breadcrumb\"},\"inLanguage\":\"fr-FR\",\"potentialAction\":[{\"@type\":\"ReadAction\",\"target\":[\"https:\\\/\\\/www.qevsolutions.be\\\/fr\\\/produit\\\/circontrol-evolve-smart-t-wallbox\\\/\"]}]},{\"@type\":\"ImageObject\",\"inLanguage\":\"fr-FR\",\"@id\":\"https:\\\/\\\/www.qevsolutions.be\\\/fr\\\/produit\\\/circontrol-evolve-smart-t-wallbox\\\/#primaryimage\",\"url\":\"https:\\\/\\\/www.qevsolutions.be\\\/wp-content\\\/uploads\\\/2022\\\/10\\\/frontal.png\",\"contentUrl\":\"https:\\\/\\\/www.qevsolutions.be\\\/wp-content\\\/uploads\\\/2022\\\/10\\\/frontal.png\",\"width\":3216,\"height\":4288},{\"@type\":\"BreadcrumbList\",\"@id\":\"https:\\\/\\\/www.qevsolutions.be\\\/fr\\\/produit\\\/circontrol-evolve-smart-t-wallbox\\\/#breadcrumb\",\"itemListElement\":[{\"@type\":\"ListItem\",\"position\":1,\"name\":\"Home\",\"item\":\"https:\\\/\\\/www.qevsolutions.be\\\/fr\\\/\"},{\"@type\":\"ListItem\",\"position\":2,\"name\":\"Commandez vos bornes de recharge et accessoires en ligne\",\"item\":\"https:\\\/\\\/www.qevsolutions.be\\\/fr\\\/boutique\\\/\"},{\"@type\":\"ListItem\",\"position\":3,\"name\":\"Circontrol eVolve Smart T Wallbox\"}]},{\"@type\":\"WebSite\",\"@id\":\"https:\\\/\\\/www.qevsolutions.be\\\/fr\\\/#website\",\"url\":\"https:\\\/\\\/www.qevsolutions.be\\\/fr\\\/\",\"name\":\"Q.Ev. Solutions and distributions\",\"description\":\"\",\"potentialAction\":[{\"@type\":\"SearchAction\",\"target\":{\"@type\":\"EntryPoint\",\"urlTemplate\":\"https:\\\/\\\/www.qevsolutions.be\\\/fr\\\/?s={search_term_string}\"},\"query-input\":{\"@type\":\"PropertyValueSpecification\",\"valueRequired\":true,\"valueName\":\"search_term_string\"}}],\"inLanguage\":\"fr-FR\"}]}<\/script>\n<!-- \/ Yoast SEO plugin. -->","yoast_head_json":{"title":"Circontrol eVolve Smart T Wallbox - Q.Ev. Solutions and distributions","description":"Ce chargeur est un chargeur 22KW sur tension AC il permet de recharger 2 voitures simultan\u00e9ment sur 32A 230V \u00e0 22KW ils sont aussi disponible en 400V","robots":{"index":"index","follow":"follow","max-snippet":"max-snippet:-1","max-image-preview":"max-image-preview:large","max-video-preview":"max-video-preview:-1"},"canonical":"https:\/\/www.qevsolutions.be\/fr\/produit\/circontrol-evolve-smart-t-wallbox\/","og_locale":"fr_FR","og_type":"article","og_title":"Circontrol eVolve Smart T Wallbox - Q.Ev. Solutions and distributions","og_description":"Ce chargeur est un chargeur 22KW sur tension AC il permet de recharger 2 voitures simultan\u00e9ment sur 32A 230V \u00e0 22KW ils sont aussi disponible en 400V","og_url":"https:\/\/www.qevsolutions.be\/fr\/produit\/circontrol-evolve-smart-t-wallbox\/","og_site_name":"Q.Ev. Solutions and distributions","article_modified_time":"2023-05-16T13:26:38+00:00","og_image":[{"width":768,"height":1024,"url":"https:\/\/www.qevsolutions.be\/wp-content\/uploads\/2022\/10\/frontal-768x1024.png","type":"image\/png"}],"twitter_card":"summary_large_image","twitter_misc":{"Dur\u00e9e de lecture estim\u00e9e":"1 minute"},"schema":{"@context":"https:\/\/schema.org","@graph":[{"@type":"WebPage","@id":"https:\/\/www.qevsolutions.be\/fr\/produit\/circontrol-evolve-smart-t-wallbox\/","url":"https:\/\/www.qevsolutions.be\/fr\/produit\/circontrol-evolve-smart-t-wallbox\/","name":"Circontrol eVolve Smart T Wallbox - Q.Ev. Solutions and distributions","isPartOf":{"@id":"https:\/\/www.qevsolutions.be\/fr\/#website"},"primaryImageOfPage":{"@id":"https:\/\/www.qevsolutions.be\/fr\/produit\/circontrol-evolve-smart-t-wallbox\/#primaryimage"},"image":{"@id":"https:\/\/www.qevsolutions.be\/fr\/produit\/circontrol-evolve-smart-t-wallbox\/#primaryimage"},"thumbnailUrl":"https:\/\/www.qevsolutions.be\/wp-content\/uploads\/2022\/10\/frontal.png","datePublished":"2022-10-17T15:54:05+00:00","dateModified":"2023-05-16T13:26:38+00:00","description":"Ce chargeur est un chargeur 22KW sur tension AC il permet de recharger 2 voitures simultan\u00e9ment sur 32A 230V \u00e0 22KW ils sont aussi disponible en 400V","breadcrumb":{"@id":"https:\/\/www.qevsolutions.be\/fr\/produit\/circontrol-evolve-smart-t-wallbox\/#breadcrumb"},"inLanguage":"fr-FR","potentialAction":[{"@type":"ReadAction","target":["https:\/\/www.qevsolutions.be\/fr\/produit\/circontrol-evolve-smart-t-wallbox\/"]}]},{"@type":"ImageObject","inLanguage":"fr-FR","@id":"https:\/\/www.qevsolutions.be\/fr\/produit\/circontrol-evolve-smart-t-wallbox\/#primaryimage","url":"https:\/\/www.qevsolutions.be\/wp-content\/uploads\/2022\/10\/frontal.png","contentUrl":"https:\/\/www.qevsolutions.be\/wp-content\/uploads\/2022\/10\/frontal.png","width":3216,"height":4288},{"@type":"BreadcrumbList","@id":"https:\/\/www.qevsolutions.be\/fr\/produit\/circontrol-evolve-smart-t-wallbox\/#breadcrumb","itemListElement":[{"@type":"ListItem","position":1,"name":"Home","item":"https:\/\/www.qevsolutions.be\/fr\/"},{"@type":"ListItem","position":2,"name":"Commandez vos bornes de recharge et accessoires en ligne","item":"https:\/\/www.qevsolutions.be\/fr\/boutique\/"},{"@type":"ListItem","position":3,"name":"Circontrol eVolve Smart T Wallbox"}]},{"@type":"WebSite","@id":"https:\/\/www.qevsolutions.be\/fr\/#website","url":"https:\/\/www.qevsolutions.be\/fr\/","name":"Q.Ev. Solutions and distributions","description":"","potentialAction":[{"@type":"SearchAction","target":{"@type":"EntryPoint","urlTemplate":"https:\/\/www.qevsolutions.be\/fr\/?s={search_term_string}"},"query-input":{"@type":"PropertyValueSpecification","valueRequired":true,"valueName":"search_term_string"}}],"inLanguage":"fr-FR"}]}},"_links":{"self":[{"href":"https:\/\/www.qevsolutions.be\/fr\/wp-json\/wp\/v2\/product\/1831","targetHints":{"allow":["GET"]}}],"collection":[{"href":"https:\/\/www.qevsolutions.be\/fr\/wp-json\/wp\/v2\/product"}],"about":[{"href":"https:\/\/www.qevsolutions.be\/fr\/wp-json\/wp\/v2\/types\/product"}],"wp:featuredmedia":[{"embeddable":true,"href":"https:\/\/www.qevsolutions.be\/fr\/wp-json\/wp\/v2\/media\/2070"}],"wp:attachment":[{"href":"https:\/\/www.qevsolutions.be\/fr\/wp-json\/wp\/v2\/media?parent=1831"}],"wp:term":[{"taxonomy":"product_brand","embeddable":true,"href":"https:\/\/www.qevsolutions.be\/fr\/wp-json\/wp\/v2\/product_brand?post=1831"},{"taxonomy":"product_cat","embeddable":true,"href":"https:\/\/www.qevsolutions.be\/fr\/wp-json\/wp\/v2\/product_cat?post=1831"},{"taxonomy":"product_tag","embeddable":true,"href":"https:\/\/www.qevsolutions.be\/fr\/wp-json\/wp\/v2\/product_tag?post=1831"}],"curies":[{"name":"wp","href":"https:\/\/api.w.org\/{rel}","templated":true}]}}