{"id":1803,"date":"2022-10-13T13:29:59","date_gmt":"2022-10-13T12:29:59","guid":{"rendered":"https:\/\/www.qevsolutions.be\/?post_type=product&#038;p=1803"},"modified":"2022-10-13T13:34:00","modified_gmt":"2022-10-13T12:34:00","slug":"wallbox-wattmetre-3fasen-250a","status":"publish","type":"product","link":"https:\/\/www.qevsolutions.be\/fr\/produit\/wallbox-wattmetre-3fasen-250a\/","title":{"rendered":"Wallbox wattm\u00e8tre 3Fasen 250A"},"content":{"rendered":"<p>Avec cet appareil Wallbox, vous pouvez \u00e9viter les pics de courant, mais en combinaison avec un chargeur Wallbox, vous pouvez \u00e9galement allumer vos panneaux solaires sur le chargeur Wallbox<\/p>\n","protected":false},"excerpt":{"rendered":"<p>Avec cet appareil Wallbox, vous pouvez \u00e9viter les pics de courant, mais en combinaison avec un chargeur Wallbox, vous pouvez \u00e9galement allumer vos panneaux solaires sur le chargeur Wallbox<\/p>\n","protected":false},"featured_media":1799,"template":"","meta":[],"product_brand":[],"product_cat":[310],"product_tag":[],"class_list":{"0":"post-1803","1":"product","2":"type-product","3":"status-publish","4":"has-post-thumbnail","6":"product_cat-accessoires-fr","8":"first","9":"instock","10":"taxable","11":"shipping-taxable","12":"purchasable","13":"product-type-simple"},"yoast_head":"<!-- This site is optimized with the Yoast SEO plugin v27.3 - https:\/\/yoast.com\/product\/yoast-seo-wordpress\/ -->\n<title>Wallbox wattm\u00e8tre 3Fasen 250A - Q.Ev. Solutions and distributions<\/title>\n<meta name=\"description\" content=\"Avec cet appareil Wallbox, vous pouvez \u00e9viter les pics de courant, mais en combinaison avec un chargeur Wallbox, vous pouvez \u00e9galement allumer vos panneaux solaires sur le chargeur Wallbox\" \/>\n<meta name=\"robots\" content=\"index, follow, max-snippet:-1, max-image-preview:large, max-video-preview:-1\" \/>\n<link rel=\"canonical\" href=\"https:\/\/www.qevsolutions.be\/fr\/produit\/wallbox-wattmetre-3fasen-250a\/\" \/>\n<meta property=\"og:locale\" content=\"fr_FR\" \/>\n<meta property=\"og:type\" content=\"article\" \/>\n<meta property=\"og:title\" content=\"Wallbox wattm\u00e8tre 3Fasen 250A - Q.Ev. Solutions and distributions\" \/>\n<meta property=\"og:description\" content=\"Avec cet appareil Wallbox, vous pouvez \u00e9viter les pics de courant, mais en combinaison avec un chargeur Wallbox, vous pouvez \u00e9galement allumer vos panneaux solaires sur le chargeur Wallbox\" \/>\n<meta property=\"og:url\" content=\"https:\/\/www.qevsolutions.be\/fr\/produit\/wallbox-wattmetre-3fasen-250a\/\" \/>\n<meta property=\"og:site_name\" content=\"Q.Ev. Solutions and distributions\" \/>\n<meta property=\"article:modified_time\" content=\"2022-10-13T12:34:00+00:00\" \/>\n<meta property=\"og:image\" content=\"https:\/\/www.qevsolutions.be\/wp-content\/uploads\/2022\/10\/drie-fasen-powermeter.jpg\" \/>\n\t<meta property=\"og:image:width\" content=\"184\" \/>\n\t<meta property=\"og:image:height\" content=\"197\" \/>\n\t<meta property=\"og:image:type\" content=\"image\/jpeg\" \/>\n<meta name=\"twitter:card\" content=\"summary_large_image\" \/>\n<meta name=\"twitter:label1\" content=\"Dur\u00e9e de lecture estim\u00e9e\" \/>\n\t<meta name=\"twitter:data1\" content=\"1 minute\" \/>\n<script type=\"application\/ld+json\" class=\"yoast-schema-graph\">{\"@context\":\"https:\\\/\\\/schema.org\",\"@graph\":[{\"@type\":\"WebPage\",\"@id\":\"https:\\\/\\\/www.qevsolutions.be\\\/fr\\\/produit\\\/wallbox-wattmetre-3fasen-250a\\\/\",\"url\":\"https:\\\/\\\/www.qevsolutions.be\\\/fr\\\/produit\\\/wallbox-wattmetre-3fasen-250a\\\/\",\"name\":\"Wallbox wattm\u00e8tre 3Fasen 250A - Q.Ev. Solutions and distributions\",\"isPartOf\":{\"@id\":\"https:\\\/\\\/www.qevsolutions.be\\\/fr\\\/#website\"},\"primaryImageOfPage\":{\"@id\":\"https:\\\/\\\/www.qevsolutions.be\\\/fr\\\/produit\\\/wallbox-wattmetre-3fasen-250a\\\/#primaryimage\"},\"image\":{\"@id\":\"https:\\\/\\\/www.qevsolutions.be\\\/fr\\\/produit\\\/wallbox-wattmetre-3fasen-250a\\\/#primaryimage\"},\"thumbnailUrl\":\"https:\\\/\\\/www.qevsolutions.be\\\/wp-content\\\/uploads\\\/2022\\\/10\\\/drie-fasen-powermeter.jpg\",\"datePublished\":\"2022-10-13T12:29:59+00:00\",\"dateModified\":\"2022-10-13T12:34:00+00:00\",\"description\":\"Avec cet appareil Wallbox, vous pouvez \u00e9viter les pics de courant, mais en combinaison avec un chargeur Wallbox, vous pouvez \u00e9galement allumer vos panneaux solaires sur le chargeur Wallbox\",\"breadcrumb\":{\"@id\":\"https:\\\/\\\/www.qevsolutions.be\\\/fr\\\/produit\\\/wallbox-wattmetre-3fasen-250a\\\/#breadcrumb\"},\"inLanguage\":\"fr-FR\",\"potentialAction\":[{\"@type\":\"ReadAction\",\"target\":[\"https:\\\/\\\/www.qevsolutions.be\\\/fr\\\/produit\\\/wallbox-wattmetre-3fasen-250a\\\/\"]}]},{\"@type\":\"ImageObject\",\"inLanguage\":\"fr-FR\",\"@id\":\"https:\\\/\\\/www.qevsolutions.be\\\/fr\\\/produit\\\/wallbox-wattmetre-3fasen-250a\\\/#primaryimage\",\"url\":\"https:\\\/\\\/www.qevsolutions.be\\\/wp-content\\\/uploads\\\/2022\\\/10\\\/drie-fasen-powermeter.jpg\",\"contentUrl\":\"https:\\\/\\\/www.qevsolutions.be\\\/wp-content\\\/uploads\\\/2022\\\/10\\\/drie-fasen-powermeter.jpg\",\"width\":184,\"height\":197},{\"@type\":\"BreadcrumbList\",\"@id\":\"https:\\\/\\\/www.qevsolutions.be\\\/fr\\\/produit\\\/wallbox-wattmetre-3fasen-250a\\\/#breadcrumb\",\"itemListElement\":[{\"@type\":\"ListItem\",\"position\":1,\"name\":\"Home\",\"item\":\"https:\\\/\\\/www.qevsolutions.be\\\/fr\\\/\"},{\"@type\":\"ListItem\",\"position\":2,\"name\":\"Commandez vos bornes de recharge et accessoires en ligne\",\"item\":\"https:\\\/\\\/www.qevsolutions.be\\\/fr\\\/boutique\\\/\"},{\"@type\":\"ListItem\",\"position\":3,\"name\":\"Wallbox wattm\u00e8tre 3Fasen 250A\"}]},{\"@type\":\"WebSite\",\"@id\":\"https:\\\/\\\/www.qevsolutions.be\\\/fr\\\/#website\",\"url\":\"https:\\\/\\\/www.qevsolutions.be\\\/fr\\\/\",\"name\":\"Q.Ev. Solutions and distributions\",\"description\":\"\",\"potentialAction\":[{\"@type\":\"SearchAction\",\"target\":{\"@type\":\"EntryPoint\",\"urlTemplate\":\"https:\\\/\\\/www.qevsolutions.be\\\/fr\\\/?s={search_term_string}\"},\"query-input\":{\"@type\":\"PropertyValueSpecification\",\"valueRequired\":true,\"valueName\":\"search_term_string\"}}],\"inLanguage\":\"fr-FR\"}]}<\/script>\n<!-- \/ Yoast SEO plugin. -->","yoast_head_json":{"title":"Wallbox wattm\u00e8tre 3Fasen 250A - Q.Ev. Solutions and distributions","description":"Avec cet appareil Wallbox, vous pouvez \u00e9viter les pics de courant, mais en combinaison avec un chargeur Wallbox, vous pouvez \u00e9galement allumer vos panneaux solaires sur le chargeur Wallbox","robots":{"index":"index","follow":"follow","max-snippet":"max-snippet:-1","max-image-preview":"max-image-preview:large","max-video-preview":"max-video-preview:-1"},"canonical":"https:\/\/www.qevsolutions.be\/fr\/produit\/wallbox-wattmetre-3fasen-250a\/","og_locale":"fr_FR","og_type":"article","og_title":"Wallbox wattm\u00e8tre 3Fasen 250A - Q.Ev. Solutions and distributions","og_description":"Avec cet appareil Wallbox, vous pouvez \u00e9viter les pics de courant, mais en combinaison avec un chargeur Wallbox, vous pouvez \u00e9galement allumer vos panneaux solaires sur le chargeur Wallbox","og_url":"https:\/\/www.qevsolutions.be\/fr\/produit\/wallbox-wattmetre-3fasen-250a\/","og_site_name":"Q.Ev. Solutions and distributions","article_modified_time":"2022-10-13T12:34:00+00:00","og_image":[{"width":184,"height":197,"url":"https:\/\/www.qevsolutions.be\/wp-content\/uploads\/2022\/10\/drie-fasen-powermeter.jpg","type":"image\/jpeg"}],"twitter_card":"summary_large_image","twitter_misc":{"Dur\u00e9e de lecture estim\u00e9e":"1 minute"},"schema":{"@context":"https:\/\/schema.org","@graph":[{"@type":"WebPage","@id":"https:\/\/www.qevsolutions.be\/fr\/produit\/wallbox-wattmetre-3fasen-250a\/","url":"https:\/\/www.qevsolutions.be\/fr\/produit\/wallbox-wattmetre-3fasen-250a\/","name":"Wallbox wattm\u00e8tre 3Fasen 250A - Q.Ev. Solutions and distributions","isPartOf":{"@id":"https:\/\/www.qevsolutions.be\/fr\/#website"},"primaryImageOfPage":{"@id":"https:\/\/www.qevsolutions.be\/fr\/produit\/wallbox-wattmetre-3fasen-250a\/#primaryimage"},"image":{"@id":"https:\/\/www.qevsolutions.be\/fr\/produit\/wallbox-wattmetre-3fasen-250a\/#primaryimage"},"thumbnailUrl":"https:\/\/www.qevsolutions.be\/wp-content\/uploads\/2022\/10\/drie-fasen-powermeter.jpg","datePublished":"2022-10-13T12:29:59+00:00","dateModified":"2022-10-13T12:34:00+00:00","description":"Avec cet appareil Wallbox, vous pouvez \u00e9viter les pics de courant, mais en combinaison avec un chargeur Wallbox, vous pouvez \u00e9galement allumer vos panneaux solaires sur le chargeur Wallbox","breadcrumb":{"@id":"https:\/\/www.qevsolutions.be\/fr\/produit\/wallbox-wattmetre-3fasen-250a\/#breadcrumb"},"inLanguage":"fr-FR","potentialAction":[{"@type":"ReadAction","target":["https:\/\/www.qevsolutions.be\/fr\/produit\/wallbox-wattmetre-3fasen-250a\/"]}]},{"@type":"ImageObject","inLanguage":"fr-FR","@id":"https:\/\/www.qevsolutions.be\/fr\/produit\/wallbox-wattmetre-3fasen-250a\/#primaryimage","url":"https:\/\/www.qevsolutions.be\/wp-content\/uploads\/2022\/10\/drie-fasen-powermeter.jpg","contentUrl":"https:\/\/www.qevsolutions.be\/wp-content\/uploads\/2022\/10\/drie-fasen-powermeter.jpg","width":184,"height":197},{"@type":"BreadcrumbList","@id":"https:\/\/www.qevsolutions.be\/fr\/produit\/wallbox-wattmetre-3fasen-250a\/#breadcrumb","itemListElement":[{"@type":"ListItem","position":1,"name":"Home","item":"https:\/\/www.qevsolutions.be\/fr\/"},{"@type":"ListItem","position":2,"name":"Commandez vos bornes de recharge et accessoires en ligne","item":"https:\/\/www.qevsolutions.be\/fr\/boutique\/"},{"@type":"ListItem","position":3,"name":"Wallbox wattm\u00e8tre 3Fasen 250A"}]},{"@type":"WebSite","@id":"https:\/\/www.qevsolutions.be\/fr\/#website","url":"https:\/\/www.qevsolutions.be\/fr\/","name":"Q.Ev. Solutions and distributions","description":"","potentialAction":[{"@type":"SearchAction","target":{"@type":"EntryPoint","urlTemplate":"https:\/\/www.qevsolutions.be\/fr\/?s={search_term_string}"},"query-input":{"@type":"PropertyValueSpecification","valueRequired":true,"valueName":"search_term_string"}}],"inLanguage":"fr-FR"}]}},"_links":{"self":[{"href":"https:\/\/www.qevsolutions.be\/fr\/wp-json\/wp\/v2\/product\/1803","targetHints":{"allow":["GET"]}}],"collection":[{"href":"https:\/\/www.qevsolutions.be\/fr\/wp-json\/wp\/v2\/product"}],"about":[{"href":"https:\/\/www.qevsolutions.be\/fr\/wp-json\/wp\/v2\/types\/product"}],"wp:featuredmedia":[{"embeddable":true,"href":"https:\/\/www.qevsolutions.be\/fr\/wp-json\/wp\/v2\/media\/1799"}],"wp:attachment":[{"href":"https:\/\/www.qevsolutions.be\/fr\/wp-json\/wp\/v2\/media?parent=1803"}],"wp:term":[{"taxonomy":"product_brand","embeddable":true,"href":"https:\/\/www.qevsolutions.be\/fr\/wp-json\/wp\/v2\/product_brand?post=1803"},{"taxonomy":"product_cat","embeddable":true,"href":"https:\/\/www.qevsolutions.be\/fr\/wp-json\/wp\/v2\/product_cat?post=1803"},{"taxonomy":"product_tag","embeddable":true,"href":"https:\/\/www.qevsolutions.be\/fr\/wp-json\/wp\/v2\/product_tag?post=1803"}],"curies":[{"name":"wp","href":"https:\/\/api.w.org\/{rel}","templated":true}]}}