{"id":1739,"date":"2022-09-16T14:20:41","date_gmt":"2022-09-16T13:20:41","guid":{"rendered":"https:\/\/www.qevsolutions.be\/?post_type=product&#038;p=1739"},"modified":"2022-09-16T14:28:31","modified_gmt":"2022-09-16T13:28:31","slug":"borne-de-recharge-besen-37-22-kw-32a-phase-3-cable-de-charge-6-m-type-2-rfid","status":"publish","type":"product","link":"https:\/\/www.qevsolutions.be\/fr\/produit\/borne-de-recharge-besen-37-22-kw-32a-phase-3-cable-de-charge-6-m-type-2-rfid\/","title":{"rendered":"Borne de recharge Besen 3,7 \u2013 22 kW \u2013 32A phase 3 \u2013 c\u00e2ble de charge 6 M type 2 \u2013 RFID"},"content":{"rendered":"<p class=\"P68B1DB1-Normaalweb4\">Cette borne de recharge Besen dispose d&rsquo;un superbe \u00e9cran LCD sur lequel vous pouvez trouver toutes les informations n\u00e9cessaires \u00e0 la recharge de votre v\u00e9hicule.<\/p>\n<p class=\"P68B1DB1-Normaalweb4\">Les bornes de recharge Besen sont \u00e9quip\u00e9es d&rsquo;une protection int\u00e9gr\u00e9e contre les fuites \u00e0 la terre, une s\u00e9curit\u00e9 contre la surchauffe et les courts-circuits.<\/p>\n<p class=\"P68B1DB1-Normaalweb4\">Cette borne de recharge dispose d&rsquo;un c\u00e2ble de charge de 6 m\u00e8tres de connexion type 2.<\/p>\n<p class=\"P68B1DB1-Normaalweb4\">Avec ce chargeur RFID de base, vous recevez un certain nombre de cartes-cl\u00e9s (5x) avec lesquelles vous pouvez activer et arr\u00eater le chargeur. De cette fa\u00e7on, vous pouvez emp\u00eacher d&rsquo;autres personnes, qui ne poss\u00e8dent pas ces badges, de se recharger \u00e0 votre station.<\/p>\n<p class=\"P68B1DB1-Normaalweb4\">Avec leur indice IP64, les chargeurs conviennent \u00e0 une utilisation en int\u00e9rieur comme en ext\u00e9rieur.<\/p>\n<p class=\"P68B1DB1-Normaalweb4\">Chez nous, vous achetez le produit directement aupr\u00e8s du distributeur pour la Belgique, garantissant ainsi un excellent service et des prix attractifs.<\/p>\n","protected":false},"excerpt":{"rendered":"<p>Cette borne de recharge Besen dispose d&rsquo;un superbe \u00e9cran LCD sur lequel vous pouvez trouver toutes les informations n\u00e9cessaires \u00e0 la recharge de votre v\u00e9hicule. Les bornes de recharge Besen sont \u00e9quip\u00e9es d&rsquo;une protection int\u00e9gr\u00e9e contre les fuites \u00e0 la terre, une s\u00e9curit\u00e9 contre la surchauffe et les courts-circuits. Cette borne de recharge dispose d&rsquo;un [&hellip;]<\/p>\n","protected":false},"featured_media":1716,"template":"","meta":[],"product_brand":[],"product_cat":[325],"product_tag":[],"class_list":{"0":"post-1739","1":"product","2":"type-product","3":"status-publish","4":"has-post-thumbnail","6":"product_cat-chargeur-domestique","8":"first","9":"instock","10":"sale","11":"taxable","12":"shipping-taxable","13":"purchasable","14":"product-type-simple"},"yoast_head":"<!-- This site is optimized with the Yoast SEO plugin v27.3 - https:\/\/yoast.com\/product\/yoast-seo-wordpress\/ -->\n<title>Borne de recharge Besen 3,7 \u2013 22 kW \u2013 32A phase 3 \u2013 c\u00e2ble de charge 6 M type 2 \u2013 RFID - Q.Ev. Solutions and distributions<\/title>\n<meta name=\"description\" content=\"chargeur besen 22KW RFID avec c\u00e2ble de charge 6M\" \/>\n<meta name=\"robots\" content=\"index, follow, max-snippet:-1, max-image-preview:large, max-video-preview:-1\" \/>\n<link rel=\"canonical\" href=\"https:\/\/www.qevsolutions.be\/fr\/produit\/borne-de-recharge-besen-37-22-kw-32a-phase-3-cable-de-charge-6-m-type-2-rfid\/\" \/>\n<meta property=\"og:locale\" content=\"fr_FR\" \/>\n<meta property=\"og:type\" content=\"article\" \/>\n<meta property=\"og:title\" content=\"Borne de recharge Besen 3,7 \u2013 22 kW \u2013 32A phase 3 \u2013 c\u00e2ble de charge 6 M type 2 \u2013 RFID - Q.Ev. Solutions and distributions\" \/>\n<meta property=\"og:description\" content=\"chargeur besen 22KW RFID avec c\u00e2ble de charge 6M\" \/>\n<meta property=\"og:url\" content=\"https:\/\/www.qevsolutions.be\/fr\/produit\/borne-de-recharge-besen-37-22-kw-32a-phase-3-cable-de-charge-6-m-type-2-rfid\/\" \/>\n<meta property=\"og:site_name\" content=\"Q.Ev. Solutions and distributions\" \/>\n<meta property=\"article:modified_time\" content=\"2022-09-16T13:28:31+00:00\" \/>\n<meta property=\"og:image\" content=\"https:\/\/www.qevsolutions.be\/wp-content\/uploads\/2022\/02\/file_01641366246167-1.webp\" \/>\n\t<meta property=\"og:image:width\" content=\"1190\" \/>\n\t<meta property=\"og:image:height\" content=\"1138\" \/>\n\t<meta property=\"og:image:type\" content=\"image\/webp\" \/>\n<meta name=\"twitter:card\" content=\"summary_large_image\" \/>\n<meta name=\"twitter:label1\" content=\"Dur\u00e9e de lecture estim\u00e9e\" \/>\n\t<meta name=\"twitter:data1\" content=\"1 minute\" \/>\n<script type=\"application\/ld+json\" class=\"yoast-schema-graph\">{\"@context\":\"https:\\\/\\\/schema.org\",\"@graph\":[{\"@type\":\"WebPage\",\"@id\":\"https:\\\/\\\/www.qevsolutions.be\\\/fr\\\/produit\\\/borne-de-recharge-besen-37-22-kw-32a-phase-3-cable-de-charge-6-m-type-2-rfid\\\/\",\"url\":\"https:\\\/\\\/www.qevsolutions.be\\\/fr\\\/produit\\\/borne-de-recharge-besen-37-22-kw-32a-phase-3-cable-de-charge-6-m-type-2-rfid\\\/\",\"name\":\"Borne de recharge Besen 3,7 \u2013 22 kW \u2013 32A phase 3 \u2013 c\u00e2ble de charge 6 M type 2 \u2013 RFID - Q.Ev. Solutions and distributions\",\"isPartOf\":{\"@id\":\"https:\\\/\\\/www.qevsolutions.be\\\/fr\\\/#website\"},\"primaryImageOfPage\":{\"@id\":\"https:\\\/\\\/www.qevsolutions.be\\\/fr\\\/produit\\\/borne-de-recharge-besen-37-22-kw-32a-phase-3-cable-de-charge-6-m-type-2-rfid\\\/#primaryimage\"},\"image\":{\"@id\":\"https:\\\/\\\/www.qevsolutions.be\\\/fr\\\/produit\\\/borne-de-recharge-besen-37-22-kw-32a-phase-3-cable-de-charge-6-m-type-2-rfid\\\/#primaryimage\"},\"thumbnailUrl\":\"https:\\\/\\\/www.qevsolutions.be\\\/wp-content\\\/uploads\\\/2022\\\/02\\\/file_01641366246167-1.webp\",\"datePublished\":\"2022-09-16T13:20:41+00:00\",\"dateModified\":\"2022-09-16T13:28:31+00:00\",\"description\":\"chargeur besen 22KW RFID avec c\u00e2ble de charge 6M\",\"breadcrumb\":{\"@id\":\"https:\\\/\\\/www.qevsolutions.be\\\/fr\\\/produit\\\/borne-de-recharge-besen-37-22-kw-32a-phase-3-cable-de-charge-6-m-type-2-rfid\\\/#breadcrumb\"},\"inLanguage\":\"fr-FR\",\"potentialAction\":[{\"@type\":\"ReadAction\",\"target\":[\"https:\\\/\\\/www.qevsolutions.be\\\/fr\\\/produit\\\/borne-de-recharge-besen-37-22-kw-32a-phase-3-cable-de-charge-6-m-type-2-rfid\\\/\"]}]},{\"@type\":\"ImageObject\",\"inLanguage\":\"fr-FR\",\"@id\":\"https:\\\/\\\/www.qevsolutions.be\\\/fr\\\/produit\\\/borne-de-recharge-besen-37-22-kw-32a-phase-3-cable-de-charge-6-m-type-2-rfid\\\/#primaryimage\",\"url\":\"https:\\\/\\\/www.qevsolutions.be\\\/wp-content\\\/uploads\\\/2022\\\/02\\\/file_01641366246167-1.webp\",\"contentUrl\":\"https:\\\/\\\/www.qevsolutions.be\\\/wp-content\\\/uploads\\\/2022\\\/02\\\/file_01641366246167-1.webp\",\"width\":1190,\"height\":1138},{\"@type\":\"BreadcrumbList\",\"@id\":\"https:\\\/\\\/www.qevsolutions.be\\\/fr\\\/produit\\\/borne-de-recharge-besen-37-22-kw-32a-phase-3-cable-de-charge-6-m-type-2-rfid\\\/#breadcrumb\",\"itemListElement\":[{\"@type\":\"ListItem\",\"position\":1,\"name\":\"Home\",\"item\":\"https:\\\/\\\/www.qevsolutions.be\\\/fr\\\/\"},{\"@type\":\"ListItem\",\"position\":2,\"name\":\"Commandez vos bornes de recharge et accessoires en ligne\",\"item\":\"https:\\\/\\\/www.qevsolutions.be\\\/fr\\\/boutique\\\/\"},{\"@type\":\"ListItem\",\"position\":3,\"name\":\"Borne de recharge Besen 3,7 \u2013 22 kW \u2013 32A phase 3 \u2013 c\u00e2ble de charge 6 M type 2 \u2013 RFID\"}]},{\"@type\":\"WebSite\",\"@id\":\"https:\\\/\\\/www.qevsolutions.be\\\/fr\\\/#website\",\"url\":\"https:\\\/\\\/www.qevsolutions.be\\\/fr\\\/\",\"name\":\"Q.Ev. Solutions and distributions\",\"description\":\"\",\"potentialAction\":[{\"@type\":\"SearchAction\",\"target\":{\"@type\":\"EntryPoint\",\"urlTemplate\":\"https:\\\/\\\/www.qevsolutions.be\\\/fr\\\/?s={search_term_string}\"},\"query-input\":{\"@type\":\"PropertyValueSpecification\",\"valueRequired\":true,\"valueName\":\"search_term_string\"}}],\"inLanguage\":\"fr-FR\"}]}<\/script>\n<!-- \/ Yoast SEO plugin. -->","yoast_head_json":{"title":"Borne de recharge Besen 3,7 \u2013 22 kW \u2013 32A phase 3 \u2013 c\u00e2ble de charge 6 M type 2 \u2013 RFID - Q.Ev. Solutions and distributions","description":"chargeur besen 22KW RFID avec c\u00e2ble de charge 6M","robots":{"index":"index","follow":"follow","max-snippet":"max-snippet:-1","max-image-preview":"max-image-preview:large","max-video-preview":"max-video-preview:-1"},"canonical":"https:\/\/www.qevsolutions.be\/fr\/produit\/borne-de-recharge-besen-37-22-kw-32a-phase-3-cable-de-charge-6-m-type-2-rfid\/","og_locale":"fr_FR","og_type":"article","og_title":"Borne de recharge Besen 3,7 \u2013 22 kW \u2013 32A phase 3 \u2013 c\u00e2ble de charge 6 M type 2 \u2013 RFID - Q.Ev. Solutions and distributions","og_description":"chargeur besen 22KW RFID avec c\u00e2ble de charge 6M","og_url":"https:\/\/www.qevsolutions.be\/fr\/produit\/borne-de-recharge-besen-37-22-kw-32a-phase-3-cable-de-charge-6-m-type-2-rfid\/","og_site_name":"Q.Ev. Solutions and distributions","article_modified_time":"2022-09-16T13:28:31+00:00","og_image":[{"width":1190,"height":1138,"url":"https:\/\/www.qevsolutions.be\/wp-content\/uploads\/2022\/02\/file_01641366246167-1.webp","type":"image\/webp"}],"twitter_card":"summary_large_image","twitter_misc":{"Dur\u00e9e de lecture estim\u00e9e":"1 minute"},"schema":{"@context":"https:\/\/schema.org","@graph":[{"@type":"WebPage","@id":"https:\/\/www.qevsolutions.be\/fr\/produit\/borne-de-recharge-besen-37-22-kw-32a-phase-3-cable-de-charge-6-m-type-2-rfid\/","url":"https:\/\/www.qevsolutions.be\/fr\/produit\/borne-de-recharge-besen-37-22-kw-32a-phase-3-cable-de-charge-6-m-type-2-rfid\/","name":"Borne de recharge Besen 3,7 \u2013 22 kW \u2013 32A phase 3 \u2013 c\u00e2ble de charge 6 M type 2 \u2013 RFID - Q.Ev. Solutions and distributions","isPartOf":{"@id":"https:\/\/www.qevsolutions.be\/fr\/#website"},"primaryImageOfPage":{"@id":"https:\/\/www.qevsolutions.be\/fr\/produit\/borne-de-recharge-besen-37-22-kw-32a-phase-3-cable-de-charge-6-m-type-2-rfid\/#primaryimage"},"image":{"@id":"https:\/\/www.qevsolutions.be\/fr\/produit\/borne-de-recharge-besen-37-22-kw-32a-phase-3-cable-de-charge-6-m-type-2-rfid\/#primaryimage"},"thumbnailUrl":"https:\/\/www.qevsolutions.be\/wp-content\/uploads\/2022\/02\/file_01641366246167-1.webp","datePublished":"2022-09-16T13:20:41+00:00","dateModified":"2022-09-16T13:28:31+00:00","description":"chargeur besen 22KW RFID avec c\u00e2ble de charge 6M","breadcrumb":{"@id":"https:\/\/www.qevsolutions.be\/fr\/produit\/borne-de-recharge-besen-37-22-kw-32a-phase-3-cable-de-charge-6-m-type-2-rfid\/#breadcrumb"},"inLanguage":"fr-FR","potentialAction":[{"@type":"ReadAction","target":["https:\/\/www.qevsolutions.be\/fr\/produit\/borne-de-recharge-besen-37-22-kw-32a-phase-3-cable-de-charge-6-m-type-2-rfid\/"]}]},{"@type":"ImageObject","inLanguage":"fr-FR","@id":"https:\/\/www.qevsolutions.be\/fr\/produit\/borne-de-recharge-besen-37-22-kw-32a-phase-3-cable-de-charge-6-m-type-2-rfid\/#primaryimage","url":"https:\/\/www.qevsolutions.be\/wp-content\/uploads\/2022\/02\/file_01641366246167-1.webp","contentUrl":"https:\/\/www.qevsolutions.be\/wp-content\/uploads\/2022\/02\/file_01641366246167-1.webp","width":1190,"height":1138},{"@type":"BreadcrumbList","@id":"https:\/\/www.qevsolutions.be\/fr\/produit\/borne-de-recharge-besen-37-22-kw-32a-phase-3-cable-de-charge-6-m-type-2-rfid\/#breadcrumb","itemListElement":[{"@type":"ListItem","position":1,"name":"Home","item":"https:\/\/www.qevsolutions.be\/fr\/"},{"@type":"ListItem","position":2,"name":"Commandez vos bornes de recharge et accessoires en ligne","item":"https:\/\/www.qevsolutions.be\/fr\/boutique\/"},{"@type":"ListItem","position":3,"name":"Borne de recharge Besen 3,7 \u2013 22 kW \u2013 32A phase 3 \u2013 c\u00e2ble de charge 6 M type 2 \u2013 RFID"}]},{"@type":"WebSite","@id":"https:\/\/www.qevsolutions.be\/fr\/#website","url":"https:\/\/www.qevsolutions.be\/fr\/","name":"Q.Ev. Solutions and distributions","description":"","potentialAction":[{"@type":"SearchAction","target":{"@type":"EntryPoint","urlTemplate":"https:\/\/www.qevsolutions.be\/fr\/?s={search_term_string}"},"query-input":{"@type":"PropertyValueSpecification","valueRequired":true,"valueName":"search_term_string"}}],"inLanguage":"fr-FR"}]}},"_links":{"self":[{"href":"https:\/\/www.qevsolutions.be\/fr\/wp-json\/wp\/v2\/product\/1739","targetHints":{"allow":["GET"]}}],"collection":[{"href":"https:\/\/www.qevsolutions.be\/fr\/wp-json\/wp\/v2\/product"}],"about":[{"href":"https:\/\/www.qevsolutions.be\/fr\/wp-json\/wp\/v2\/types\/product"}],"wp:featuredmedia":[{"embeddable":true,"href":"https:\/\/www.qevsolutions.be\/fr\/wp-json\/wp\/v2\/media\/1716"}],"wp:attachment":[{"href":"https:\/\/www.qevsolutions.be\/fr\/wp-json\/wp\/v2\/media?parent=1739"}],"wp:term":[{"taxonomy":"product_brand","embeddable":true,"href":"https:\/\/www.qevsolutions.be\/fr\/wp-json\/wp\/v2\/product_brand?post=1739"},{"taxonomy":"product_cat","embeddable":true,"href":"https:\/\/www.qevsolutions.be\/fr\/wp-json\/wp\/v2\/product_cat?post=1739"},{"taxonomy":"product_tag","embeddable":true,"href":"https:\/\/www.qevsolutions.be\/fr\/wp-json\/wp\/v2\/product_tag?post=1739"}],"curies":[{"name":"wp","href":"https:\/\/api.w.org\/{rel}","templated":true}]}}