{"id":1645,"date":"2022-09-16T10:24:18","date_gmt":"2022-09-16T09:24:18","guid":{"rendered":"https:\/\/www.qevsolutions.be\/?post_type=product&#038;p=1645"},"modified":"2022-09-16T10:29:49","modified_gmt":"2022-09-16T09:29:49","slug":"chargeur-mobile-besen-type-2-prise-vers-schuko-kopie","status":"publish","type":"product","link":"https:\/\/www.qevsolutions.be\/fr\/produit\/chargeur-mobile-besen-type-2-prise-vers-schuko-kopie\/","title":{"rendered":"Chargeur mobile Besen Type 2 prise vers schuko LCD"},"content":{"rendered":"<p>Ce chargeur mobile Besen pr\u00e9sente une excellente \u00e9tanch\u00e9it\u00e9 \u00e0 l&rsquo;eau gr\u00e2ce \u00e0 sa valeur IP \u00e9lev\u00e9e.<\/p>\n<p>Vous pouvez \u00e9galement r\u00e9gler le courant dont vous avez besoin, de 10 A \u00e0 16 A.<\/p>\n<p>Les LCD avec lesquels vous pouvez suivre l&rsquo;\u00e9tat de charge.<\/p>\n<p>Un disjoncteur diff\u00e9rentiel int\u00e9gr\u00e9 et une protection contre les surtensions, les sous-tensions et la chaleur sont \u00e9galement int\u00e9gr\u00e9s.<\/p>\n<p>Il existe \u00e9galement une fonction de r\u00e9cup\u00e9ration automatique pour les erreurs de charge les plus courantes. Ce chargeur se r\u00e9tablira et reprendra la charge.<\/p>\n","protected":false},"excerpt":{"rendered":"<p>Ce chargeur mobile Besen pr\u00e9sente une excellente \u00e9tanch\u00e9it\u00e9 \u00e0 l&rsquo;eau gr\u00e2ce \u00e0 sa valeur IP \u00e9lev\u00e9e. Vous pouvez \u00e9galement r\u00e9gler le courant dont vous avez besoin, de 10 A \u00e0 16 A. Les LCD avec lesquels vous pouvez suivre l&rsquo;\u00e9tat de charge. Un disjoncteur diff\u00e9rentiel int\u00e9gr\u00e9 et une protection contre les surtensions, les sous-tensions et [&hellip;]<\/p>\n","protected":false},"featured_media":1648,"template":"","meta":[],"product_brand":[],"product_cat":[328],"product_tag":[],"class_list":{"0":"post-1645","1":"product","2":"type-product","3":"status-publish","4":"has-post-thumbnail","6":"product_cat-cables-de-charge-mobiles","8":"first","9":"outofstock","10":"sale","11":"taxable","12":"shipping-taxable","13":"purchasable","14":"product-type-simple"},"yoast_head":"<!-- This site is optimized with the Yoast SEO plugin v27.3 - https:\/\/yoast.com\/product\/yoast-seo-wordpress\/ -->\n<title>Chargeur mobile Besen Type 2 prise vers schuko LCD - Q.Ev. Solutions and distributions<\/title>\n<meta name=\"robots\" content=\"index, follow, max-snippet:-1, max-image-preview:large, max-video-preview:-1\" \/>\n<link rel=\"canonical\" href=\"https:\/\/www.qevsolutions.be\/fr\/produit\/chargeur-mobile-besen-type-2-prise-vers-schuko-kopie\/\" \/>\n<meta property=\"og:locale\" content=\"fr_FR\" \/>\n<meta property=\"og:type\" content=\"article\" \/>\n<meta property=\"og:title\" content=\"Chargeur mobile Besen Type 2 prise vers schuko LCD - Q.Ev. Solutions and distributions\" \/>\n<meta property=\"og:description\" content=\"Ce chargeur mobile Besen pr\u00e9sente une excellente \u00e9tanch\u00e9it\u00e9 \u00e0 l&rsquo;eau gr\u00e2ce \u00e0 sa valeur IP \u00e9lev\u00e9e. Vous pouvez \u00e9galement r\u00e9gler le courant dont vous avez besoin, de 10 A \u00e0 16 A. Les LCD avec lesquels vous pouvez suivre l&rsquo;\u00e9tat de charge. Un disjoncteur diff\u00e9rentiel int\u00e9gr\u00e9 et une protection contre les surtensions, les sous-tensions et [&hellip;]\" \/>\n<meta property=\"og:url\" content=\"https:\/\/www.qevsolutions.be\/fr\/produit\/chargeur-mobile-besen-type-2-prise-vers-schuko-kopie\/\" \/>\n<meta property=\"og:site_name\" content=\"Q.Ev. Solutions and distributions\" \/>\n<meta property=\"article:modified_time\" content=\"2022-09-16T09:29:49+00:00\" \/>\n<meta property=\"og:image\" content=\"https:\/\/www.qevsolutions.be\/wp-content\/uploads\/2022\/09\/file_01640340904788.webp\" \/>\n\t<meta property=\"og:image:width\" content=\"768\" \/>\n\t<meta property=\"og:image:height\" content=\"768\" \/>\n\t<meta property=\"og:image:type\" content=\"image\/webp\" \/>\n<meta name=\"twitter:card\" content=\"summary_large_image\" \/>\n<meta name=\"twitter:label1\" content=\"Dur\u00e9e de lecture estim\u00e9e\" \/>\n\t<meta name=\"twitter:data1\" content=\"1 minute\" \/>\n<script type=\"application\/ld+json\" class=\"yoast-schema-graph\">{\"@context\":\"https:\\\/\\\/schema.org\",\"@graph\":[{\"@type\":\"WebPage\",\"@id\":\"https:\\\/\\\/www.qevsolutions.be\\\/fr\\\/produit\\\/chargeur-mobile-besen-type-2-prise-vers-schuko-kopie\\\/\",\"url\":\"https:\\\/\\\/www.qevsolutions.be\\\/fr\\\/produit\\\/chargeur-mobile-besen-type-2-prise-vers-schuko-kopie\\\/\",\"name\":\"Chargeur mobile Besen Type 2 prise vers schuko LCD - Q.Ev. Solutions and distributions\",\"isPartOf\":{\"@id\":\"https:\\\/\\\/www.qevsolutions.be\\\/fr\\\/#website\"},\"primaryImageOfPage\":{\"@id\":\"https:\\\/\\\/www.qevsolutions.be\\\/fr\\\/produit\\\/chargeur-mobile-besen-type-2-prise-vers-schuko-kopie\\\/#primaryimage\"},\"image\":{\"@id\":\"https:\\\/\\\/www.qevsolutions.be\\\/fr\\\/produit\\\/chargeur-mobile-besen-type-2-prise-vers-schuko-kopie\\\/#primaryimage\"},\"thumbnailUrl\":\"https:\\\/\\\/www.qevsolutions.be\\\/wp-content\\\/uploads\\\/2022\\\/09\\\/file_01640340904788.webp\",\"datePublished\":\"2022-09-16T09:24:18+00:00\",\"dateModified\":\"2022-09-16T09:29:49+00:00\",\"breadcrumb\":{\"@id\":\"https:\\\/\\\/www.qevsolutions.be\\\/fr\\\/produit\\\/chargeur-mobile-besen-type-2-prise-vers-schuko-kopie\\\/#breadcrumb\"},\"inLanguage\":\"fr-FR\",\"potentialAction\":[{\"@type\":\"ReadAction\",\"target\":[\"https:\\\/\\\/www.qevsolutions.be\\\/fr\\\/produit\\\/chargeur-mobile-besen-type-2-prise-vers-schuko-kopie\\\/\"]}]},{\"@type\":\"ImageObject\",\"inLanguage\":\"fr-FR\",\"@id\":\"https:\\\/\\\/www.qevsolutions.be\\\/fr\\\/produit\\\/chargeur-mobile-besen-type-2-prise-vers-schuko-kopie\\\/#primaryimage\",\"url\":\"https:\\\/\\\/www.qevsolutions.be\\\/wp-content\\\/uploads\\\/2022\\\/09\\\/file_01640340904788.webp\",\"contentUrl\":\"https:\\\/\\\/www.qevsolutions.be\\\/wp-content\\\/uploads\\\/2022\\\/09\\\/file_01640340904788.webp\",\"width\":768,\"height\":768},{\"@type\":\"BreadcrumbList\",\"@id\":\"https:\\\/\\\/www.qevsolutions.be\\\/fr\\\/produit\\\/chargeur-mobile-besen-type-2-prise-vers-schuko-kopie\\\/#breadcrumb\",\"itemListElement\":[{\"@type\":\"ListItem\",\"position\":1,\"name\":\"Home\",\"item\":\"https:\\\/\\\/www.qevsolutions.be\\\/fr\\\/\"},{\"@type\":\"ListItem\",\"position\":2,\"name\":\"Commandez vos bornes de recharge et accessoires en ligne\",\"item\":\"https:\\\/\\\/www.qevsolutions.be\\\/fr\\\/boutique\\\/\"},{\"@type\":\"ListItem\",\"position\":3,\"name\":\"Chargeur mobile Besen Type 2 prise vers schuko LCD\"}]},{\"@type\":\"WebSite\",\"@id\":\"https:\\\/\\\/www.qevsolutions.be\\\/fr\\\/#website\",\"url\":\"https:\\\/\\\/www.qevsolutions.be\\\/fr\\\/\",\"name\":\"Q.Ev. Solutions and distributions\",\"description\":\"\",\"potentialAction\":[{\"@type\":\"SearchAction\",\"target\":{\"@type\":\"EntryPoint\",\"urlTemplate\":\"https:\\\/\\\/www.qevsolutions.be\\\/fr\\\/?s={search_term_string}\"},\"query-input\":{\"@type\":\"PropertyValueSpecification\",\"valueRequired\":true,\"valueName\":\"search_term_string\"}}],\"inLanguage\":\"fr-FR\"}]}<\/script>\n<!-- \/ Yoast SEO plugin. -->","yoast_head_json":{"title":"Chargeur mobile Besen Type 2 prise vers schuko LCD - Q.Ev. Solutions and distributions","robots":{"index":"index","follow":"follow","max-snippet":"max-snippet:-1","max-image-preview":"max-image-preview:large","max-video-preview":"max-video-preview:-1"},"canonical":"https:\/\/www.qevsolutions.be\/fr\/produit\/chargeur-mobile-besen-type-2-prise-vers-schuko-kopie\/","og_locale":"fr_FR","og_type":"article","og_title":"Chargeur mobile Besen Type 2 prise vers schuko LCD - Q.Ev. Solutions and distributions","og_description":"Ce chargeur mobile Besen pr\u00e9sente une excellente \u00e9tanch\u00e9it\u00e9 \u00e0 l&rsquo;eau gr\u00e2ce \u00e0 sa valeur IP \u00e9lev\u00e9e. Vous pouvez \u00e9galement r\u00e9gler le courant dont vous avez besoin, de 10 A \u00e0 16 A. Les LCD avec lesquels vous pouvez suivre l&rsquo;\u00e9tat de charge. Un disjoncteur diff\u00e9rentiel int\u00e9gr\u00e9 et une protection contre les surtensions, les sous-tensions et [&hellip;]","og_url":"https:\/\/www.qevsolutions.be\/fr\/produit\/chargeur-mobile-besen-type-2-prise-vers-schuko-kopie\/","og_site_name":"Q.Ev. Solutions and distributions","article_modified_time":"2022-09-16T09:29:49+00:00","og_image":[{"width":768,"height":768,"url":"https:\/\/www.qevsolutions.be\/wp-content\/uploads\/2022\/09\/file_01640340904788.webp","type":"image\/webp"}],"twitter_card":"summary_large_image","twitter_misc":{"Dur\u00e9e de lecture estim\u00e9e":"1 minute"},"schema":{"@context":"https:\/\/schema.org","@graph":[{"@type":"WebPage","@id":"https:\/\/www.qevsolutions.be\/fr\/produit\/chargeur-mobile-besen-type-2-prise-vers-schuko-kopie\/","url":"https:\/\/www.qevsolutions.be\/fr\/produit\/chargeur-mobile-besen-type-2-prise-vers-schuko-kopie\/","name":"Chargeur mobile Besen Type 2 prise vers schuko LCD - Q.Ev. Solutions and distributions","isPartOf":{"@id":"https:\/\/www.qevsolutions.be\/fr\/#website"},"primaryImageOfPage":{"@id":"https:\/\/www.qevsolutions.be\/fr\/produit\/chargeur-mobile-besen-type-2-prise-vers-schuko-kopie\/#primaryimage"},"image":{"@id":"https:\/\/www.qevsolutions.be\/fr\/produit\/chargeur-mobile-besen-type-2-prise-vers-schuko-kopie\/#primaryimage"},"thumbnailUrl":"https:\/\/www.qevsolutions.be\/wp-content\/uploads\/2022\/09\/file_01640340904788.webp","datePublished":"2022-09-16T09:24:18+00:00","dateModified":"2022-09-16T09:29:49+00:00","breadcrumb":{"@id":"https:\/\/www.qevsolutions.be\/fr\/produit\/chargeur-mobile-besen-type-2-prise-vers-schuko-kopie\/#breadcrumb"},"inLanguage":"fr-FR","potentialAction":[{"@type":"ReadAction","target":["https:\/\/www.qevsolutions.be\/fr\/produit\/chargeur-mobile-besen-type-2-prise-vers-schuko-kopie\/"]}]},{"@type":"ImageObject","inLanguage":"fr-FR","@id":"https:\/\/www.qevsolutions.be\/fr\/produit\/chargeur-mobile-besen-type-2-prise-vers-schuko-kopie\/#primaryimage","url":"https:\/\/www.qevsolutions.be\/wp-content\/uploads\/2022\/09\/file_01640340904788.webp","contentUrl":"https:\/\/www.qevsolutions.be\/wp-content\/uploads\/2022\/09\/file_01640340904788.webp","width":768,"height":768},{"@type":"BreadcrumbList","@id":"https:\/\/www.qevsolutions.be\/fr\/produit\/chargeur-mobile-besen-type-2-prise-vers-schuko-kopie\/#breadcrumb","itemListElement":[{"@type":"ListItem","position":1,"name":"Home","item":"https:\/\/www.qevsolutions.be\/fr\/"},{"@type":"ListItem","position":2,"name":"Commandez vos bornes de recharge et accessoires en ligne","item":"https:\/\/www.qevsolutions.be\/fr\/boutique\/"},{"@type":"ListItem","position":3,"name":"Chargeur mobile Besen Type 2 prise vers schuko LCD"}]},{"@type":"WebSite","@id":"https:\/\/www.qevsolutions.be\/fr\/#website","url":"https:\/\/www.qevsolutions.be\/fr\/","name":"Q.Ev. Solutions and distributions","description":"","potentialAction":[{"@type":"SearchAction","target":{"@type":"EntryPoint","urlTemplate":"https:\/\/www.qevsolutions.be\/fr\/?s={search_term_string}"},"query-input":{"@type":"PropertyValueSpecification","valueRequired":true,"valueName":"search_term_string"}}],"inLanguage":"fr-FR"}]}},"_links":{"self":[{"href":"https:\/\/www.qevsolutions.be\/fr\/wp-json\/wp\/v2\/product\/1645","targetHints":{"allow":["GET"]}}],"collection":[{"href":"https:\/\/www.qevsolutions.be\/fr\/wp-json\/wp\/v2\/product"}],"about":[{"href":"https:\/\/www.qevsolutions.be\/fr\/wp-json\/wp\/v2\/types\/product"}],"wp:featuredmedia":[{"embeddable":true,"href":"https:\/\/www.qevsolutions.be\/fr\/wp-json\/wp\/v2\/media\/1648"}],"wp:attachment":[{"href":"https:\/\/www.qevsolutions.be\/fr\/wp-json\/wp\/v2\/media?parent=1645"}],"wp:term":[{"taxonomy":"product_brand","embeddable":true,"href":"https:\/\/www.qevsolutions.be\/fr\/wp-json\/wp\/v2\/product_brand?post=1645"},{"taxonomy":"product_cat","embeddable":true,"href":"https:\/\/www.qevsolutions.be\/fr\/wp-json\/wp\/v2\/product_cat?post=1645"},{"taxonomy":"product_tag","embeddable":true,"href":"https:\/\/www.qevsolutions.be\/fr\/wp-json\/wp\/v2\/product_tag?post=1645"}],"curies":[{"name":"wp","href":"https:\/\/api.w.org\/{rel}","templated":true}]}}