{"id":1486,"date":"2022-06-23T16:34:24","date_gmt":"2022-06-23T15:34:24","guid":{"rendered":"https:\/\/www.qevsolutions.be\/?post_type=product&#038;p=1486"},"modified":"2022-09-07T15:57:55","modified_gmt":"2022-09-07T14:57:55","slug":"poteau-dinstallation-alfen-unipolaire-kopie","status":"publish","type":"product","link":"https:\/\/www.qevsolutions.be\/fr\/produit\/poteau-dinstallation-alfen-unipolaire-kopie\/","title":{"rendered":"Poteau d&rsquo;installation Alfen p\u00f4le unique duo"},"content":{"rendered":"<p>ce poteau de montage est pour le type 2x de ligne alfen Single S<\/p>\n<p>&nbsp;<\/p>\n<p>Vous ne pouvez pas accrocher votre chargeur Alfen au mur ?<\/p>\n<p>Pas de probl\u00e8me, achetez ce poteau d&rsquo;installation.<\/p>\n<p>Tous les c\u00e2bles sont int\u00e9gr\u00e9s dans le poteau, ce qui vous permet d&rsquo;avoir un superbe produit fini.<\/p>\n","protected":false},"excerpt":{"rendered":"<p>ce poteau de montage est pour le type 2x de ligne alfen Single S &nbsp; Vous ne pouvez pas accrocher votre chargeur Alfen au mur ? Pas de probl\u00e8me, achetez ce poteau d&rsquo;installation. Tous les c\u00e2bles sont int\u00e9gr\u00e9s dans le poteau, ce qui vous permet d&rsquo;avoir un superbe produit fini.<\/p>\n","protected":false},"featured_media":1489,"template":"","meta":[],"product_brand":[],"product_cat":[310],"product_tag":[],"class_list":{"0":"post-1486","1":"product","2":"type-product","3":"status-publish","4":"has-post-thumbnail","6":"product_cat-accessoires-fr","8":"first","9":"outofstock","10":"taxable","11":"shipping-taxable","12":"purchasable","13":"product-type-simple"},"yoast_head":"<!-- This site is optimized with the Yoast SEO plugin v27.3 - https:\/\/yoast.com\/product\/yoast-seo-wordpress\/ -->\n<title>Poteau d&#039;installation Alfen p\u00f4le unique duo - Q.Ev. Solutions and distributions<\/title>\n<meta name=\"robots\" content=\"index, follow, max-snippet:-1, max-image-preview:large, max-video-preview:-1\" \/>\n<link rel=\"canonical\" href=\"https:\/\/www.qevsolutions.be\/fr\/produit\/poteau-dinstallation-alfen-unipolaire-kopie\/\" \/>\n<meta property=\"og:locale\" content=\"fr_FR\" \/>\n<meta property=\"og:type\" content=\"article\" \/>\n<meta property=\"og:title\" content=\"Poteau d&#039;installation Alfen p\u00f4le unique duo - Q.Ev. Solutions and distributions\" \/>\n<meta property=\"og:description\" content=\"ce poteau de montage est pour le type 2x de ligne alfen Single S &nbsp; Vous ne pouvez pas accrocher votre chargeur Alfen au mur ? Pas de probl\u00e8me, achetez ce poteau d&rsquo;installation. Tous les c\u00e2bles sont int\u00e9gr\u00e9s dans le poteau, ce qui vous permet d&rsquo;avoir un superbe produit fini.\" \/>\n<meta property=\"og:url\" content=\"https:\/\/www.qevsolutions.be\/fr\/produit\/poteau-dinstallation-alfen-unipolaire-kopie\/\" \/>\n<meta property=\"og:site_name\" content=\"Q.Ev. Solutions and distributions\" \/>\n<meta property=\"article:modified_time\" content=\"2022-09-07T14:57:55+00:00\" \/>\n<meta property=\"og:image\" content=\"https:\/\/www.qevsolutions.be\/wp-content\/uploads\/2022\/06\/alfen-montagepaal-voor-eve-single-duo.jpg\" \/>\n\t<meta property=\"og:image:width\" content=\"1000\" \/>\n\t<meta property=\"og:image:height\" content=\"998\" \/>\n\t<meta property=\"og:image:type\" content=\"image\/jpeg\" \/>\n<meta name=\"twitter:card\" content=\"summary_large_image\" \/>\n<meta name=\"twitter:label1\" content=\"Dur\u00e9e de lecture estim\u00e9e\" \/>\n\t<meta name=\"twitter:data1\" content=\"1 minute\" \/>\n<script type=\"application\/ld+json\" class=\"yoast-schema-graph\">{\"@context\":\"https:\\\/\\\/schema.org\",\"@graph\":[{\"@type\":\"WebPage\",\"@id\":\"https:\\\/\\\/www.qevsolutions.be\\\/fr\\\/produit\\\/poteau-dinstallation-alfen-unipolaire-kopie\\\/\",\"url\":\"https:\\\/\\\/www.qevsolutions.be\\\/fr\\\/produit\\\/poteau-dinstallation-alfen-unipolaire-kopie\\\/\",\"name\":\"Poteau d'installation Alfen p\u00f4le unique duo - Q.Ev. Solutions and distributions\",\"isPartOf\":{\"@id\":\"https:\\\/\\\/www.qevsolutions.be\\\/fr\\\/#website\"},\"primaryImageOfPage\":{\"@id\":\"https:\\\/\\\/www.qevsolutions.be\\\/fr\\\/produit\\\/poteau-dinstallation-alfen-unipolaire-kopie\\\/#primaryimage\"},\"image\":{\"@id\":\"https:\\\/\\\/www.qevsolutions.be\\\/fr\\\/produit\\\/poteau-dinstallation-alfen-unipolaire-kopie\\\/#primaryimage\"},\"thumbnailUrl\":\"https:\\\/\\\/www.qevsolutions.be\\\/wp-content\\\/uploads\\\/2022\\\/06\\\/alfen-montagepaal-voor-eve-single-duo.jpg\",\"datePublished\":\"2022-06-23T15:34:24+00:00\",\"dateModified\":\"2022-09-07T14:57:55+00:00\",\"breadcrumb\":{\"@id\":\"https:\\\/\\\/www.qevsolutions.be\\\/fr\\\/produit\\\/poteau-dinstallation-alfen-unipolaire-kopie\\\/#breadcrumb\"},\"inLanguage\":\"fr-FR\",\"potentialAction\":[{\"@type\":\"ReadAction\",\"target\":[\"https:\\\/\\\/www.qevsolutions.be\\\/fr\\\/produit\\\/poteau-dinstallation-alfen-unipolaire-kopie\\\/\"]}]},{\"@type\":\"ImageObject\",\"inLanguage\":\"fr-FR\",\"@id\":\"https:\\\/\\\/www.qevsolutions.be\\\/fr\\\/produit\\\/poteau-dinstallation-alfen-unipolaire-kopie\\\/#primaryimage\",\"url\":\"https:\\\/\\\/www.qevsolutions.be\\\/wp-content\\\/uploads\\\/2022\\\/06\\\/alfen-montagepaal-voor-eve-single-duo.jpg\",\"contentUrl\":\"https:\\\/\\\/www.qevsolutions.be\\\/wp-content\\\/uploads\\\/2022\\\/06\\\/alfen-montagepaal-voor-eve-single-duo.jpg\",\"width\":1000,\"height\":998},{\"@type\":\"BreadcrumbList\",\"@id\":\"https:\\\/\\\/www.qevsolutions.be\\\/fr\\\/produit\\\/poteau-dinstallation-alfen-unipolaire-kopie\\\/#breadcrumb\",\"itemListElement\":[{\"@type\":\"ListItem\",\"position\":1,\"name\":\"Home\",\"item\":\"https:\\\/\\\/www.qevsolutions.be\\\/fr\\\/\"},{\"@type\":\"ListItem\",\"position\":2,\"name\":\"Commandez vos bornes de recharge et accessoires en ligne\",\"item\":\"https:\\\/\\\/www.qevsolutions.be\\\/fr\\\/boutique\\\/\"},{\"@type\":\"ListItem\",\"position\":3,\"name\":\"Poteau d&#8217;installation Alfen p\u00f4le unique duo\"}]},{\"@type\":\"WebSite\",\"@id\":\"https:\\\/\\\/www.qevsolutions.be\\\/fr\\\/#website\",\"url\":\"https:\\\/\\\/www.qevsolutions.be\\\/fr\\\/\",\"name\":\"Q.Ev. Solutions and distributions\",\"description\":\"\",\"potentialAction\":[{\"@type\":\"SearchAction\",\"target\":{\"@type\":\"EntryPoint\",\"urlTemplate\":\"https:\\\/\\\/www.qevsolutions.be\\\/fr\\\/?s={search_term_string}\"},\"query-input\":{\"@type\":\"PropertyValueSpecification\",\"valueRequired\":true,\"valueName\":\"search_term_string\"}}],\"inLanguage\":\"fr-FR\"}]}<\/script>\n<!-- \/ Yoast SEO plugin. -->","yoast_head_json":{"title":"Poteau d'installation Alfen p\u00f4le unique duo - Q.Ev. Solutions and distributions","robots":{"index":"index","follow":"follow","max-snippet":"max-snippet:-1","max-image-preview":"max-image-preview:large","max-video-preview":"max-video-preview:-1"},"canonical":"https:\/\/www.qevsolutions.be\/fr\/produit\/poteau-dinstallation-alfen-unipolaire-kopie\/","og_locale":"fr_FR","og_type":"article","og_title":"Poteau d'installation Alfen p\u00f4le unique duo - Q.Ev. Solutions and distributions","og_description":"ce poteau de montage est pour le type 2x de ligne alfen Single S &nbsp; Vous ne pouvez pas accrocher votre chargeur Alfen au mur ? Pas de probl\u00e8me, achetez ce poteau d&rsquo;installation. Tous les c\u00e2bles sont int\u00e9gr\u00e9s dans le poteau, ce qui vous permet d&rsquo;avoir un superbe produit fini.","og_url":"https:\/\/www.qevsolutions.be\/fr\/produit\/poteau-dinstallation-alfen-unipolaire-kopie\/","og_site_name":"Q.Ev. Solutions and distributions","article_modified_time":"2022-09-07T14:57:55+00:00","og_image":[{"width":1000,"height":998,"url":"https:\/\/www.qevsolutions.be\/wp-content\/uploads\/2022\/06\/alfen-montagepaal-voor-eve-single-duo.jpg","type":"image\/jpeg"}],"twitter_card":"summary_large_image","twitter_misc":{"Dur\u00e9e de lecture estim\u00e9e":"1 minute"},"schema":{"@context":"https:\/\/schema.org","@graph":[{"@type":"WebPage","@id":"https:\/\/www.qevsolutions.be\/fr\/produit\/poteau-dinstallation-alfen-unipolaire-kopie\/","url":"https:\/\/www.qevsolutions.be\/fr\/produit\/poteau-dinstallation-alfen-unipolaire-kopie\/","name":"Poteau d'installation Alfen p\u00f4le unique duo - Q.Ev. Solutions and distributions","isPartOf":{"@id":"https:\/\/www.qevsolutions.be\/fr\/#website"},"primaryImageOfPage":{"@id":"https:\/\/www.qevsolutions.be\/fr\/produit\/poteau-dinstallation-alfen-unipolaire-kopie\/#primaryimage"},"image":{"@id":"https:\/\/www.qevsolutions.be\/fr\/produit\/poteau-dinstallation-alfen-unipolaire-kopie\/#primaryimage"},"thumbnailUrl":"https:\/\/www.qevsolutions.be\/wp-content\/uploads\/2022\/06\/alfen-montagepaal-voor-eve-single-duo.jpg","datePublished":"2022-06-23T15:34:24+00:00","dateModified":"2022-09-07T14:57:55+00:00","breadcrumb":{"@id":"https:\/\/www.qevsolutions.be\/fr\/produit\/poteau-dinstallation-alfen-unipolaire-kopie\/#breadcrumb"},"inLanguage":"fr-FR","potentialAction":[{"@type":"ReadAction","target":["https:\/\/www.qevsolutions.be\/fr\/produit\/poteau-dinstallation-alfen-unipolaire-kopie\/"]}]},{"@type":"ImageObject","inLanguage":"fr-FR","@id":"https:\/\/www.qevsolutions.be\/fr\/produit\/poteau-dinstallation-alfen-unipolaire-kopie\/#primaryimage","url":"https:\/\/www.qevsolutions.be\/wp-content\/uploads\/2022\/06\/alfen-montagepaal-voor-eve-single-duo.jpg","contentUrl":"https:\/\/www.qevsolutions.be\/wp-content\/uploads\/2022\/06\/alfen-montagepaal-voor-eve-single-duo.jpg","width":1000,"height":998},{"@type":"BreadcrumbList","@id":"https:\/\/www.qevsolutions.be\/fr\/produit\/poteau-dinstallation-alfen-unipolaire-kopie\/#breadcrumb","itemListElement":[{"@type":"ListItem","position":1,"name":"Home","item":"https:\/\/www.qevsolutions.be\/fr\/"},{"@type":"ListItem","position":2,"name":"Commandez vos bornes de recharge et accessoires en ligne","item":"https:\/\/www.qevsolutions.be\/fr\/boutique\/"},{"@type":"ListItem","position":3,"name":"Poteau d&#8217;installation Alfen p\u00f4le unique duo"}]},{"@type":"WebSite","@id":"https:\/\/www.qevsolutions.be\/fr\/#website","url":"https:\/\/www.qevsolutions.be\/fr\/","name":"Q.Ev. Solutions and distributions","description":"","potentialAction":[{"@type":"SearchAction","target":{"@type":"EntryPoint","urlTemplate":"https:\/\/www.qevsolutions.be\/fr\/?s={search_term_string}"},"query-input":{"@type":"PropertyValueSpecification","valueRequired":true,"valueName":"search_term_string"}}],"inLanguage":"fr-FR"}]}},"_links":{"self":[{"href":"https:\/\/www.qevsolutions.be\/fr\/wp-json\/wp\/v2\/product\/1486","targetHints":{"allow":["GET"]}}],"collection":[{"href":"https:\/\/www.qevsolutions.be\/fr\/wp-json\/wp\/v2\/product"}],"about":[{"href":"https:\/\/www.qevsolutions.be\/fr\/wp-json\/wp\/v2\/types\/product"}],"wp:featuredmedia":[{"embeddable":true,"href":"https:\/\/www.qevsolutions.be\/fr\/wp-json\/wp\/v2\/media\/1489"}],"wp:attachment":[{"href":"https:\/\/www.qevsolutions.be\/fr\/wp-json\/wp\/v2\/media?parent=1486"}],"wp:term":[{"taxonomy":"product_brand","embeddable":true,"href":"https:\/\/www.qevsolutions.be\/fr\/wp-json\/wp\/v2\/product_brand?post=1486"},{"taxonomy":"product_cat","embeddable":true,"href":"https:\/\/www.qevsolutions.be\/fr\/wp-json\/wp\/v2\/product_cat?post=1486"},{"taxonomy":"product_tag","embeddable":true,"href":"https:\/\/www.qevsolutions.be\/fr\/wp-json\/wp\/v2\/product_tag?post=1486"}],"curies":[{"name":"wp","href":"https:\/\/api.w.org\/{rel}","templated":true}]}}