{"id":1475,"date":"2022-06-22T16:03:23","date_gmt":"2022-06-22T15:03:23","guid":{"rendered":"https:\/\/www.qevsolutions.be\/?post_type=product&#038;p=1475"},"modified":"2022-09-07T15:59:11","modified_gmt":"2022-09-07T14:59:11","slug":"alfen-eve-double-pro-line-avec-cable-de-chargement-version-triphasee-kopie","status":"publish","type":"product","link":"https:\/\/www.qevsolutions.be\/fr\/produit\/alfen-eve-double-pro-line-avec-cable-de-chargement-version-triphasee-kopie\/","title":{"rendered":"Alfen Eve Double Pro line avec c\u00e2ble de chargement version 1has\u00e9e"},"content":{"rendered":"<p>Le Alfen Eve single S-line est un chargeur sp\u00e9cialement con\u00e7u pour la recharge \u00e0 domicile. Il peut charger \u00e0 partir de 11 kW sur 1 phases 32 A.<\/p>\n<p>Ce chargeur est dot\u00e9 d&rsquo;un c\u00e2ble de chargement de voiture int\u00e9gr\u00e9. Vous pouvez donc laisser votre c\u00e2ble de chargement dans le v\u00e9hicule et ne jamais oublier ce dernier dans d&rsquo;autres endroits.<\/p>\n<p>Ce chargeur est con\u00e7u pour une charge intelligente afin de pouvoir contr\u00f4ler votre facture d&rsquo;\u00e9lectricit\u00e9. Cela signifie qu&rsquo;il v\u00e9rifiera, lorsque le v\u00e9hicule est connect\u00e9 au chargeur, la quantit\u00e9 d&rsquo;\u00e9nergie restante \u00e0 utiliser afin d&rsquo;\u00e9viter les pics de consommation et de se retrouver avec une facture d&rsquo;\u00e9lectricit\u00e9 plus \u00e9lev\u00e9e.<\/p>\n<p>Avec ces chargeurs, vous pouvez b\u00e9n\u00e9ficier de la subvention que le gouvernement vous accorde lorsque vous achetez une borne de recharge intelligente. Retrouvez l&rsquo;explication sur notre page des subventions.<\/p>\n<p>Ces chargeurs sont \u00e9quip\u00e9s d&rsquo;un t\u00e9moin lumineux qui indique si le chargeur est en cours de chargement ou non.<\/p>\n<p>Le chargeur peut \u00eatre install\u00e9 contre le mur mais aussi sur un poteau d&rsquo;installation, ce dernier \u00e9tant une option.<\/p>\n","protected":false},"excerpt":{"rendered":"<p>Le Alfen Eve single S-line est un chargeur sp\u00e9cialement con\u00e7u pour la recharge \u00e0 domicile. Il peut charger \u00e0 partir de 11 kW sur 1 phases 32 A. Ce chargeur est dot\u00e9 d&rsquo;un c\u00e2ble de chargement de voiture int\u00e9gr\u00e9. Vous pouvez donc laisser votre c\u00e2ble de chargement dans le v\u00e9hicule et ne jamais oublier ce [&hellip;]<\/p>\n","protected":false},"featured_media":391,"template":"","meta":[],"product_brand":[],"product_cat":[325],"product_tag":[],"class_list":{"0":"post-1475","1":"product","2":"type-product","3":"status-publish","4":"has-post-thumbnail","6":"product_cat-chargeur-domestique","8":"first","9":"instock","10":"taxable","11":"shipping-taxable","12":"purchasable","13":"product-type-simple"},"yoast_head":"<!-- This site is optimized with the Yoast SEO plugin v27.3 - https:\/\/yoast.com\/product\/yoast-seo-wordpress\/ -->\n<title>Alfen Eve Double Pro line avec c\u00e2ble de chargement version 1has\u00e9e - Q.Ev. Solutions and distributions<\/title>\n<meta name=\"robots\" content=\"index, follow, max-snippet:-1, max-image-preview:large, max-video-preview:-1\" \/>\n<link rel=\"canonical\" href=\"https:\/\/www.qevsolutions.be\/fr\/produit\/alfen-eve-double-pro-line-avec-cable-de-chargement-version-triphasee-kopie\/\" \/>\n<meta property=\"og:locale\" content=\"fr_FR\" \/>\n<meta property=\"og:type\" content=\"article\" \/>\n<meta property=\"og:title\" content=\"Alfen Eve Double Pro line avec c\u00e2ble de chargement version 1has\u00e9e - Q.Ev. Solutions and distributions\" \/>\n<meta property=\"og:description\" content=\"Le Alfen Eve single S-line est un chargeur sp\u00e9cialement con\u00e7u pour la recharge \u00e0 domicile. Il peut charger \u00e0 partir de 11 kW sur 1 phases 32 A. Ce chargeur est dot\u00e9 d&rsquo;un c\u00e2ble de chargement de voiture int\u00e9gr\u00e9. Vous pouvez donc laisser votre c\u00e2ble de chargement dans le v\u00e9hicule et ne jamais oublier ce [&hellip;]\" \/>\n<meta property=\"og:url\" content=\"https:\/\/www.qevsolutions.be\/fr\/produit\/alfen-eve-double-pro-line-avec-cable-de-chargement-version-triphasee-kopie\/\" \/>\n<meta property=\"og:site_name\" content=\"Q.Ev. Solutions and distributions\" \/>\n<meta property=\"article:modified_time\" content=\"2022-09-07T14:59:11+00:00\" \/>\n<meta property=\"og:image\" content=\"https:\/\/www.qevsolutions.be\/wp-content\/uploads\/2022\/02\/alfen-Eve-Single-Sline-cable-zonderpaal-HR.webp\" \/>\n\t<meta property=\"og:image:width\" content=\"184\" \/>\n\t<meta property=\"og:image:height\" content=\"210\" \/>\n\t<meta property=\"og:image:type\" content=\"image\/webp\" \/>\n<meta name=\"twitter:card\" content=\"summary_large_image\" \/>\n<meta name=\"twitter:label1\" content=\"Dur\u00e9e de lecture estim\u00e9e\" \/>\n\t<meta name=\"twitter:data1\" content=\"1 minute\" \/>\n<script type=\"application\/ld+json\" class=\"yoast-schema-graph\">{\"@context\":\"https:\\\/\\\/schema.org\",\"@graph\":[{\"@type\":\"WebPage\",\"@id\":\"https:\\\/\\\/www.qevsolutions.be\\\/fr\\\/produit\\\/alfen-eve-double-pro-line-avec-cable-de-chargement-version-triphasee-kopie\\\/\",\"url\":\"https:\\\/\\\/www.qevsolutions.be\\\/fr\\\/produit\\\/alfen-eve-double-pro-line-avec-cable-de-chargement-version-triphasee-kopie\\\/\",\"name\":\"Alfen Eve Double Pro line avec c\u00e2ble de chargement version 1has\u00e9e - Q.Ev. Solutions and distributions\",\"isPartOf\":{\"@id\":\"https:\\\/\\\/www.qevsolutions.be\\\/fr\\\/#website\"},\"primaryImageOfPage\":{\"@id\":\"https:\\\/\\\/www.qevsolutions.be\\\/fr\\\/produit\\\/alfen-eve-double-pro-line-avec-cable-de-chargement-version-triphasee-kopie\\\/#primaryimage\"},\"image\":{\"@id\":\"https:\\\/\\\/www.qevsolutions.be\\\/fr\\\/produit\\\/alfen-eve-double-pro-line-avec-cable-de-chargement-version-triphasee-kopie\\\/#primaryimage\"},\"thumbnailUrl\":\"https:\\\/\\\/www.qevsolutions.be\\\/wp-content\\\/uploads\\\/2022\\\/02\\\/alfen-Eve-Single-Sline-cable-zonderpaal-HR.webp\",\"datePublished\":\"2022-06-22T15:03:23+00:00\",\"dateModified\":\"2022-09-07T14:59:11+00:00\",\"breadcrumb\":{\"@id\":\"https:\\\/\\\/www.qevsolutions.be\\\/fr\\\/produit\\\/alfen-eve-double-pro-line-avec-cable-de-chargement-version-triphasee-kopie\\\/#breadcrumb\"},\"inLanguage\":\"fr-FR\",\"potentialAction\":[{\"@type\":\"ReadAction\",\"target\":[\"https:\\\/\\\/www.qevsolutions.be\\\/fr\\\/produit\\\/alfen-eve-double-pro-line-avec-cable-de-chargement-version-triphasee-kopie\\\/\"]}]},{\"@type\":\"ImageObject\",\"inLanguage\":\"fr-FR\",\"@id\":\"https:\\\/\\\/www.qevsolutions.be\\\/fr\\\/produit\\\/alfen-eve-double-pro-line-avec-cable-de-chargement-version-triphasee-kopie\\\/#primaryimage\",\"url\":\"https:\\\/\\\/www.qevsolutions.be\\\/wp-content\\\/uploads\\\/2022\\\/02\\\/alfen-Eve-Single-Sline-cable-zonderpaal-HR.webp\",\"contentUrl\":\"https:\\\/\\\/www.qevsolutions.be\\\/wp-content\\\/uploads\\\/2022\\\/02\\\/alfen-Eve-Single-Sline-cable-zonderpaal-HR.webp\",\"width\":184,\"height\":210,\"caption\":\"Alfen Eve single cable\"},{\"@type\":\"BreadcrumbList\",\"@id\":\"https:\\\/\\\/www.qevsolutions.be\\\/fr\\\/produit\\\/alfen-eve-double-pro-line-avec-cable-de-chargement-version-triphasee-kopie\\\/#breadcrumb\",\"itemListElement\":[{\"@type\":\"ListItem\",\"position\":1,\"name\":\"Home\",\"item\":\"https:\\\/\\\/www.qevsolutions.be\\\/fr\\\/\"},{\"@type\":\"ListItem\",\"position\":2,\"name\":\"Commandez vos bornes de recharge et accessoires en ligne\",\"item\":\"https:\\\/\\\/www.qevsolutions.be\\\/fr\\\/boutique\\\/\"},{\"@type\":\"ListItem\",\"position\":3,\"name\":\"Alfen Eve Double Pro line avec c\u00e2ble de chargement version 1has\u00e9e\"}]},{\"@type\":\"WebSite\",\"@id\":\"https:\\\/\\\/www.qevsolutions.be\\\/fr\\\/#website\",\"url\":\"https:\\\/\\\/www.qevsolutions.be\\\/fr\\\/\",\"name\":\"Q.Ev. Solutions and distributions\",\"description\":\"\",\"potentialAction\":[{\"@type\":\"SearchAction\",\"target\":{\"@type\":\"EntryPoint\",\"urlTemplate\":\"https:\\\/\\\/www.qevsolutions.be\\\/fr\\\/?s={search_term_string}\"},\"query-input\":{\"@type\":\"PropertyValueSpecification\",\"valueRequired\":true,\"valueName\":\"search_term_string\"}}],\"inLanguage\":\"fr-FR\"}]}<\/script>\n<!-- \/ Yoast SEO plugin. -->","yoast_head_json":{"title":"Alfen Eve Double Pro line avec c\u00e2ble de chargement version 1has\u00e9e - Q.Ev. Solutions and distributions","robots":{"index":"index","follow":"follow","max-snippet":"max-snippet:-1","max-image-preview":"max-image-preview:large","max-video-preview":"max-video-preview:-1"},"canonical":"https:\/\/www.qevsolutions.be\/fr\/produit\/alfen-eve-double-pro-line-avec-cable-de-chargement-version-triphasee-kopie\/","og_locale":"fr_FR","og_type":"article","og_title":"Alfen Eve Double Pro line avec c\u00e2ble de chargement version 1has\u00e9e - Q.Ev. Solutions and distributions","og_description":"Le Alfen Eve single S-line est un chargeur sp\u00e9cialement con\u00e7u pour la recharge \u00e0 domicile. Il peut charger \u00e0 partir de 11 kW sur 1 phases 32 A. Ce chargeur est dot\u00e9 d&rsquo;un c\u00e2ble de chargement de voiture int\u00e9gr\u00e9. Vous pouvez donc laisser votre c\u00e2ble de chargement dans le v\u00e9hicule et ne jamais oublier ce [&hellip;]","og_url":"https:\/\/www.qevsolutions.be\/fr\/produit\/alfen-eve-double-pro-line-avec-cable-de-chargement-version-triphasee-kopie\/","og_site_name":"Q.Ev. Solutions and distributions","article_modified_time":"2022-09-07T14:59:11+00:00","og_image":[{"width":184,"height":210,"url":"https:\/\/www.qevsolutions.be\/wp-content\/uploads\/2022\/02\/alfen-Eve-Single-Sline-cable-zonderpaal-HR.webp","type":"image\/webp"}],"twitter_card":"summary_large_image","twitter_misc":{"Dur\u00e9e de lecture estim\u00e9e":"1 minute"},"schema":{"@context":"https:\/\/schema.org","@graph":[{"@type":"WebPage","@id":"https:\/\/www.qevsolutions.be\/fr\/produit\/alfen-eve-double-pro-line-avec-cable-de-chargement-version-triphasee-kopie\/","url":"https:\/\/www.qevsolutions.be\/fr\/produit\/alfen-eve-double-pro-line-avec-cable-de-chargement-version-triphasee-kopie\/","name":"Alfen Eve Double Pro line avec c\u00e2ble de chargement version 1has\u00e9e - Q.Ev. Solutions and distributions","isPartOf":{"@id":"https:\/\/www.qevsolutions.be\/fr\/#website"},"primaryImageOfPage":{"@id":"https:\/\/www.qevsolutions.be\/fr\/produit\/alfen-eve-double-pro-line-avec-cable-de-chargement-version-triphasee-kopie\/#primaryimage"},"image":{"@id":"https:\/\/www.qevsolutions.be\/fr\/produit\/alfen-eve-double-pro-line-avec-cable-de-chargement-version-triphasee-kopie\/#primaryimage"},"thumbnailUrl":"https:\/\/www.qevsolutions.be\/wp-content\/uploads\/2022\/02\/alfen-Eve-Single-Sline-cable-zonderpaal-HR.webp","datePublished":"2022-06-22T15:03:23+00:00","dateModified":"2022-09-07T14:59:11+00:00","breadcrumb":{"@id":"https:\/\/www.qevsolutions.be\/fr\/produit\/alfen-eve-double-pro-line-avec-cable-de-chargement-version-triphasee-kopie\/#breadcrumb"},"inLanguage":"fr-FR","potentialAction":[{"@type":"ReadAction","target":["https:\/\/www.qevsolutions.be\/fr\/produit\/alfen-eve-double-pro-line-avec-cable-de-chargement-version-triphasee-kopie\/"]}]},{"@type":"ImageObject","inLanguage":"fr-FR","@id":"https:\/\/www.qevsolutions.be\/fr\/produit\/alfen-eve-double-pro-line-avec-cable-de-chargement-version-triphasee-kopie\/#primaryimage","url":"https:\/\/www.qevsolutions.be\/wp-content\/uploads\/2022\/02\/alfen-Eve-Single-Sline-cable-zonderpaal-HR.webp","contentUrl":"https:\/\/www.qevsolutions.be\/wp-content\/uploads\/2022\/02\/alfen-Eve-Single-Sline-cable-zonderpaal-HR.webp","width":184,"height":210,"caption":"Alfen Eve single cable"},{"@type":"BreadcrumbList","@id":"https:\/\/www.qevsolutions.be\/fr\/produit\/alfen-eve-double-pro-line-avec-cable-de-chargement-version-triphasee-kopie\/#breadcrumb","itemListElement":[{"@type":"ListItem","position":1,"name":"Home","item":"https:\/\/www.qevsolutions.be\/fr\/"},{"@type":"ListItem","position":2,"name":"Commandez vos bornes de recharge et accessoires en ligne","item":"https:\/\/www.qevsolutions.be\/fr\/boutique\/"},{"@type":"ListItem","position":3,"name":"Alfen Eve Double Pro line avec c\u00e2ble de chargement version 1has\u00e9e"}]},{"@type":"WebSite","@id":"https:\/\/www.qevsolutions.be\/fr\/#website","url":"https:\/\/www.qevsolutions.be\/fr\/","name":"Q.Ev. Solutions and distributions","description":"","potentialAction":[{"@type":"SearchAction","target":{"@type":"EntryPoint","urlTemplate":"https:\/\/www.qevsolutions.be\/fr\/?s={search_term_string}"},"query-input":{"@type":"PropertyValueSpecification","valueRequired":true,"valueName":"search_term_string"}}],"inLanguage":"fr-FR"}]}},"_links":{"self":[{"href":"https:\/\/www.qevsolutions.be\/fr\/wp-json\/wp\/v2\/product\/1475","targetHints":{"allow":["GET"]}}],"collection":[{"href":"https:\/\/www.qevsolutions.be\/fr\/wp-json\/wp\/v2\/product"}],"about":[{"href":"https:\/\/www.qevsolutions.be\/fr\/wp-json\/wp\/v2\/types\/product"}],"wp:featuredmedia":[{"embeddable":true,"href":"https:\/\/www.qevsolutions.be\/fr\/wp-json\/wp\/v2\/media\/391"}],"wp:attachment":[{"href":"https:\/\/www.qevsolutions.be\/fr\/wp-json\/wp\/v2\/media?parent=1475"}],"wp:term":[{"taxonomy":"product_brand","embeddable":true,"href":"https:\/\/www.qevsolutions.be\/fr\/wp-json\/wp\/v2\/product_brand?post=1475"},{"taxonomy":"product_cat","embeddable":true,"href":"https:\/\/www.qevsolutions.be\/fr\/wp-json\/wp\/v2\/product_cat?post=1475"},{"taxonomy":"product_tag","embeddable":true,"href":"https:\/\/www.qevsolutions.be\/fr\/wp-json\/wp\/v2\/product_tag?post=1475"}],"curies":[{"name":"wp","href":"https:\/\/api.w.org\/{rel}","templated":true}]}}