{"id":1446,"date":"2022-05-07T11:12:51","date_gmt":"2022-05-07T10:12:51","guid":{"rendered":"https:\/\/www.qevsolutions.be\/?post_type=product&#038;p=1446"},"modified":"2022-09-07T16:01:23","modified_gmt":"2022-09-07T15:01:23","slug":"socle-beton-etrel-pouce-duo-30x30x30cm","status":"publish","type":"product","link":"https:\/\/www.qevsolutions.be\/fr\/produit\/socle-beton-etrel-pouce-duo-30x30x30cm\/","title":{"rendered":"socle en b\u00e9ton Etrel Duo"},"content":{"rendered":"<p>ce socle en b\u00e9ton est destin\u00e9 \u00e0 monter le chargeur autonome d&rsquo;Etrel dans le sol<\/p>\n<p>dimensions 30 x 30 x 30cm<\/p>\n<p>d\u00e9j\u00e0 muni d&rsquo;un trou pour le c\u00e2blage<\/p>\n","protected":false},"excerpt":{"rendered":"<p>socle en b\u00e9ton Etrel Duo<\/p>\n","protected":false},"featured_media":1467,"template":"","meta":[],"product_brand":[],"product_cat":[310],"product_tag":[],"class_list":{"0":"post-1446","1":"product","2":"type-product","3":"status-publish","4":"has-post-thumbnail","6":"product_cat-accessoires-fr","8":"first","9":"outofstock","10":"taxable","11":"shipping-taxable","12":"purchasable","13":"product-type-simple"},"yoast_head":"<!-- This site is optimized with the Yoast SEO plugin v27.5 - https:\/\/yoast.com\/product\/yoast-seo-wordpress\/ -->\n<title>socle en b\u00e9ton Etrel Duo - Q.Ev. Solutions and distributions<\/title>\n<meta name=\"description\" content=\"socle b\u00e9ton pour etrel pouce duo \u00e0 monter en sol meuble un trou pour le c\u00e2blage est d\u00e9j\u00e0 pr\u00e9vu dans le socle, dimension 30x30x30cm\" \/>\n<meta name=\"robots\" content=\"index, follow, max-snippet:-1, max-image-preview:large, max-video-preview:-1\" \/>\n<link rel=\"canonical\" href=\"https:\/\/www.qevsolutions.be\/fr\/produit\/socle-beton-etrel-pouce-duo-30x30x30cm\/\" \/>\n<meta property=\"og:locale\" content=\"fr_FR\" \/>\n<meta property=\"og:type\" content=\"article\" \/>\n<meta property=\"og:title\" content=\"socle en b\u00e9ton Etrel Duo - Q.Ev. Solutions and distributions\" \/>\n<meta property=\"og:description\" content=\"socle b\u00e9ton pour etrel pouce duo \u00e0 monter en sol meuble un trou pour le c\u00e2blage est d\u00e9j\u00e0 pr\u00e9vu dans le socle, dimension 30x30x30cm\" \/>\n<meta property=\"og:url\" content=\"https:\/\/www.qevsolutions.be\/fr\/produit\/socle-beton-etrel-pouce-duo-30x30x30cm\/\" \/>\n<meta property=\"og:site_name\" content=\"Q.Ev. Solutions and distributions\" \/>\n<meta property=\"article:modified_time\" content=\"2022-09-07T15:01:23+00:00\" \/>\n<meta property=\"og:image\" content=\"https:\/\/www.qevsolutions.be\/wp-content\/uploads\/2022\/05\/sokkel-duo.jpg\" \/>\n\t<meta property=\"og:image:width\" content=\"2268\" \/>\n\t<meta property=\"og:image:height\" content=\"2356\" \/>\n\t<meta property=\"og:image:type\" content=\"image\/jpeg\" \/>\n<meta name=\"twitter:card\" content=\"summary_large_image\" \/>\n<meta name=\"twitter:label1\" content=\"Dur\u00e9e de lecture estim\u00e9e\" \/>\n\t<meta name=\"twitter:data1\" content=\"1 minute\" \/>\n<script type=\"application\/ld+json\" class=\"yoast-schema-graph\">{\"@context\":\"https:\\\/\\\/schema.org\",\"@graph\":[{\"@type\":\"WebPage\",\"@id\":\"https:\\\/\\\/www.qevsolutions.be\\\/fr\\\/produit\\\/socle-beton-etrel-pouce-duo-30x30x30cm\\\/\",\"url\":\"https:\\\/\\\/www.qevsolutions.be\\\/fr\\\/produit\\\/socle-beton-etrel-pouce-duo-30x30x30cm\\\/\",\"name\":\"socle en b\u00e9ton Etrel Duo - Q.Ev. Solutions and distributions\",\"isPartOf\":{\"@id\":\"https:\\\/\\\/www.qevsolutions.be\\\/fr\\\/#website\"},\"primaryImageOfPage\":{\"@id\":\"https:\\\/\\\/www.qevsolutions.be\\\/fr\\\/produit\\\/socle-beton-etrel-pouce-duo-30x30x30cm\\\/#primaryimage\"},\"image\":{\"@id\":\"https:\\\/\\\/www.qevsolutions.be\\\/fr\\\/produit\\\/socle-beton-etrel-pouce-duo-30x30x30cm\\\/#primaryimage\"},\"thumbnailUrl\":\"https:\\\/\\\/www.qevsolutions.be\\\/wp-content\\\/uploads\\\/2022\\\/05\\\/sokkel-duo.jpg\",\"datePublished\":\"2022-05-07T10:12:51+00:00\",\"dateModified\":\"2022-09-07T15:01:23+00:00\",\"description\":\"socle b\u00e9ton pour etrel pouce duo \u00e0 monter en sol meuble un trou pour le c\u00e2blage est d\u00e9j\u00e0 pr\u00e9vu dans le socle, dimension 30x30x30cm\",\"breadcrumb\":{\"@id\":\"https:\\\/\\\/www.qevsolutions.be\\\/fr\\\/produit\\\/socle-beton-etrel-pouce-duo-30x30x30cm\\\/#breadcrumb\"},\"inLanguage\":\"fr-FR\",\"potentialAction\":[{\"@type\":\"ReadAction\",\"target\":[\"https:\\\/\\\/www.qevsolutions.be\\\/fr\\\/produit\\\/socle-beton-etrel-pouce-duo-30x30x30cm\\\/\"]}]},{\"@type\":\"ImageObject\",\"inLanguage\":\"fr-FR\",\"@id\":\"https:\\\/\\\/www.qevsolutions.be\\\/fr\\\/produit\\\/socle-beton-etrel-pouce-duo-30x30x30cm\\\/#primaryimage\",\"url\":\"https:\\\/\\\/www.qevsolutions.be\\\/wp-content\\\/uploads\\\/2022\\\/05\\\/sokkel-duo.jpg\",\"contentUrl\":\"https:\\\/\\\/www.qevsolutions.be\\\/wp-content\\\/uploads\\\/2022\\\/05\\\/sokkel-duo.jpg\",\"width\":2268,\"height\":2356},{\"@type\":\"BreadcrumbList\",\"@id\":\"https:\\\/\\\/www.qevsolutions.be\\\/fr\\\/produit\\\/socle-beton-etrel-pouce-duo-30x30x30cm\\\/#breadcrumb\",\"itemListElement\":[{\"@type\":\"ListItem\",\"position\":1,\"name\":\"Home\",\"item\":\"https:\\\/\\\/www.qevsolutions.be\\\/fr\\\/\"},{\"@type\":\"ListItem\",\"position\":2,\"name\":\"Commandez vos bornes de recharge et accessoires en ligne\",\"item\":\"https:\\\/\\\/www.qevsolutions.be\\\/fr\\\/boutique\\\/\"},{\"@type\":\"ListItem\",\"position\":3,\"name\":\"socle en b\u00e9ton Etrel Duo\"}]},{\"@type\":\"WebSite\",\"@id\":\"https:\\\/\\\/www.qevsolutions.be\\\/fr\\\/#website\",\"url\":\"https:\\\/\\\/www.qevsolutions.be\\\/fr\\\/\",\"name\":\"Q.Ev. Solutions and distributions\",\"description\":\"\",\"potentialAction\":[{\"@type\":\"SearchAction\",\"target\":{\"@type\":\"EntryPoint\",\"urlTemplate\":\"https:\\\/\\\/www.qevsolutions.be\\\/fr\\\/?s={search_term_string}\"},\"query-input\":{\"@type\":\"PropertyValueSpecification\",\"valueRequired\":true,\"valueName\":\"search_term_string\"}}],\"inLanguage\":\"fr-FR\"}]}<\/script>\n<!-- \/ Yoast SEO plugin. -->","yoast_head_json":{"title":"socle en b\u00e9ton Etrel Duo - Q.Ev. Solutions and distributions","description":"socle b\u00e9ton pour etrel pouce duo \u00e0 monter en sol meuble un trou pour le c\u00e2blage est d\u00e9j\u00e0 pr\u00e9vu dans le socle, dimension 30x30x30cm","robots":{"index":"index","follow":"follow","max-snippet":"max-snippet:-1","max-image-preview":"max-image-preview:large","max-video-preview":"max-video-preview:-1"},"canonical":"https:\/\/www.qevsolutions.be\/fr\/produit\/socle-beton-etrel-pouce-duo-30x30x30cm\/","og_locale":"fr_FR","og_type":"article","og_title":"socle en b\u00e9ton Etrel Duo - Q.Ev. Solutions and distributions","og_description":"socle b\u00e9ton pour etrel pouce duo \u00e0 monter en sol meuble un trou pour le c\u00e2blage est d\u00e9j\u00e0 pr\u00e9vu dans le socle, dimension 30x30x30cm","og_url":"https:\/\/www.qevsolutions.be\/fr\/produit\/socle-beton-etrel-pouce-duo-30x30x30cm\/","og_site_name":"Q.Ev. Solutions and distributions","article_modified_time":"2022-09-07T15:01:23+00:00","og_image":[{"width":2268,"height":2356,"url":"https:\/\/www.qevsolutions.be\/wp-content\/uploads\/2022\/05\/sokkel-duo.jpg","type":"image\/jpeg"}],"twitter_card":"summary_large_image","twitter_misc":{"Dur\u00e9e de lecture estim\u00e9e":"1 minute"},"schema":{"@context":"https:\/\/schema.org","@graph":[{"@type":"WebPage","@id":"https:\/\/www.qevsolutions.be\/fr\/produit\/socle-beton-etrel-pouce-duo-30x30x30cm\/","url":"https:\/\/www.qevsolutions.be\/fr\/produit\/socle-beton-etrel-pouce-duo-30x30x30cm\/","name":"socle en b\u00e9ton Etrel Duo - Q.Ev. Solutions and distributions","isPartOf":{"@id":"https:\/\/www.qevsolutions.be\/fr\/#website"},"primaryImageOfPage":{"@id":"https:\/\/www.qevsolutions.be\/fr\/produit\/socle-beton-etrel-pouce-duo-30x30x30cm\/#primaryimage"},"image":{"@id":"https:\/\/www.qevsolutions.be\/fr\/produit\/socle-beton-etrel-pouce-duo-30x30x30cm\/#primaryimage"},"thumbnailUrl":"https:\/\/www.qevsolutions.be\/wp-content\/uploads\/2022\/05\/sokkel-duo.jpg","datePublished":"2022-05-07T10:12:51+00:00","dateModified":"2022-09-07T15:01:23+00:00","description":"socle b\u00e9ton pour etrel pouce duo \u00e0 monter en sol meuble un trou pour le c\u00e2blage est d\u00e9j\u00e0 pr\u00e9vu dans le socle, dimension 30x30x30cm","breadcrumb":{"@id":"https:\/\/www.qevsolutions.be\/fr\/produit\/socle-beton-etrel-pouce-duo-30x30x30cm\/#breadcrumb"},"inLanguage":"fr-FR","potentialAction":[{"@type":"ReadAction","target":["https:\/\/www.qevsolutions.be\/fr\/produit\/socle-beton-etrel-pouce-duo-30x30x30cm\/"]}]},{"@type":"ImageObject","inLanguage":"fr-FR","@id":"https:\/\/www.qevsolutions.be\/fr\/produit\/socle-beton-etrel-pouce-duo-30x30x30cm\/#primaryimage","url":"https:\/\/www.qevsolutions.be\/wp-content\/uploads\/2022\/05\/sokkel-duo.jpg","contentUrl":"https:\/\/www.qevsolutions.be\/wp-content\/uploads\/2022\/05\/sokkel-duo.jpg","width":2268,"height":2356},{"@type":"BreadcrumbList","@id":"https:\/\/www.qevsolutions.be\/fr\/produit\/socle-beton-etrel-pouce-duo-30x30x30cm\/#breadcrumb","itemListElement":[{"@type":"ListItem","position":1,"name":"Home","item":"https:\/\/www.qevsolutions.be\/fr\/"},{"@type":"ListItem","position":2,"name":"Commandez vos bornes de recharge et accessoires en ligne","item":"https:\/\/www.qevsolutions.be\/fr\/boutique\/"},{"@type":"ListItem","position":3,"name":"socle en b\u00e9ton Etrel Duo"}]},{"@type":"WebSite","@id":"https:\/\/www.qevsolutions.be\/fr\/#website","url":"https:\/\/www.qevsolutions.be\/fr\/","name":"Q.Ev. Solutions and distributions","description":"","potentialAction":[{"@type":"SearchAction","target":{"@type":"EntryPoint","urlTemplate":"https:\/\/www.qevsolutions.be\/fr\/?s={search_term_string}"},"query-input":{"@type":"PropertyValueSpecification","valueRequired":true,"valueName":"search_term_string"}}],"inLanguage":"fr-FR"}]}},"_links":{"self":[{"href":"https:\/\/www.qevsolutions.be\/fr\/wp-json\/wp\/v2\/product\/1446","targetHints":{"allow":["GET"]}}],"collection":[{"href":"https:\/\/www.qevsolutions.be\/fr\/wp-json\/wp\/v2\/product"}],"about":[{"href":"https:\/\/www.qevsolutions.be\/fr\/wp-json\/wp\/v2\/types\/product"}],"wp:featuredmedia":[{"embeddable":true,"href":"https:\/\/www.qevsolutions.be\/fr\/wp-json\/wp\/v2\/media\/1467"}],"wp:attachment":[{"href":"https:\/\/www.qevsolutions.be\/fr\/wp-json\/wp\/v2\/media?parent=1446"}],"wp:term":[{"taxonomy":"product_brand","embeddable":true,"href":"https:\/\/www.qevsolutions.be\/fr\/wp-json\/wp\/v2\/product_brand?post=1446"},{"taxonomy":"product_cat","embeddable":true,"href":"https:\/\/www.qevsolutions.be\/fr\/wp-json\/wp\/v2\/product_cat?post=1446"},{"taxonomy":"product_tag","embeddable":true,"href":"https:\/\/www.qevsolutions.be\/fr\/wp-json\/wp\/v2\/product_tag?post=1446"}],"curies":[{"name":"wp","href":"https:\/\/api.w.org\/{rel}","templated":true}]}}