{"id":1401,"date":"2022-05-03T14:48:57","date_gmt":"2022-05-03T13:48:57","guid":{"rendered":"https:\/\/www.qevsolutions.be\/?post_type=product&#038;p=1401"},"modified":"2022-05-03T15:41:22","modified_gmt":"2022-05-03T14:41:22","slug":"alpitronic-hypercharger-hyc50","status":"publish","type":"product","link":"https:\/\/www.qevsolutions.be\/fr\/produit\/alpitronic-hypercharger-hyc50\/","title":{"rendered":"ALpitronic Hypercharger HYC50"},"content":{"rendered":"<p>Bient\u00f4t disponible, pr\u00e9vu au quatri\u00e8me trimestre 2022<br \/>\nLes chargeurs DC 50KW d&rsquo;Alpitronic peuvent charger 2 voitures en m\u00eame temps sur tension DC (2x) avec des prises de type 2.<br \/>\nIls peuvent charger 1 x 50KW ou 2 x 25KW \u00e0 150 A.<br \/>\nLe chargeur convient \u00e0 une utilisation int\u00e9rieure et ext\u00e9rieure et a un niveau de bruit ultra faible<\/p>\n<p>Le \u00e9cran LCD affiche clairement toutes les donn\u00e9es n\u00e9cessaires \u00e0 la recharge. <\/p>\n<p>Le bo\u00eetier robuste en mat\u00e9riaux anticorrosion de qualit\u00e9 sup\u00e9rieure conf\u00e8re \u00e0 ce chargeur dur\u00e9e de vie prolong\u00e9e et une grande protection.<\/p>\n<p>Nous pouvons personnaliser tous les chargeurs Alpitronic selon vos souhaits.<\/p>\n<p>Demandez-nous votre devis personnalis\u00e9 et nous vous contacterons pour fixer un rendez-vous sur place.<\/p>\n","protected":false},"excerpt":{"rendered":"<p>Bient\u00f4t disponible, pr\u00e9vu au quatri\u00e8me trimestre 2022 Les chargeurs DC 50KW d&rsquo;Alpitronic peuvent charger 2 voitures en m\u00eame temps sur tension DC (2x) avec des prises de type 2. Ils peuvent charger 1 x 50KW ou 2 x 25KW \u00e0 150 A. Le chargeur convient \u00e0 une utilisation int\u00e9rieure et ext\u00e9rieure et a un niveau [&hellip;]<\/p>\n","protected":false},"featured_media":1404,"template":"","meta":[],"product_brand":[],"product_cat":[],"product_tag":[],"class_list":{"0":"post-1401","1":"product","2":"type-product","3":"status-publish","4":"has-post-thumbnail","7":"first","8":"outofstock","9":"featured","10":"taxable","11":"shipping-taxable","12":"product-type-simple"},"yoast_head":"<!-- This site is optimized with the Yoast SEO plugin v27.3 - https:\/\/yoast.com\/product\/yoast-seo-wordpress\/ -->\n<title>ALpitronic Hypercharger HYC50 - Q.Ev. Solutions and distributions<\/title>\n<meta name=\"robots\" content=\"index, follow, max-snippet:-1, max-image-preview:large, max-video-preview:-1\" \/>\n<link rel=\"canonical\" href=\"https:\/\/www.qevsolutions.be\/fr\/produit\/alpitronic-hypercharger-hyc50\/\" \/>\n<meta property=\"og:locale\" content=\"fr_FR\" \/>\n<meta property=\"og:type\" content=\"article\" \/>\n<meta property=\"og:title\" content=\"ALpitronic Hypercharger HYC50 - Q.Ev. Solutions and distributions\" \/>\n<meta property=\"og:description\" content=\"Bient\u00f4t disponible, pr\u00e9vu au quatri\u00e8me trimestre 2022 Les chargeurs DC 50KW d&rsquo;Alpitronic peuvent charger 2 voitures en m\u00eame temps sur tension DC (2x) avec des prises de type 2. Ils peuvent charger 1 x 50KW ou 2 x 25KW \u00e0 150 A. Le chargeur convient \u00e0 une utilisation int\u00e9rieure et ext\u00e9rieure et a un niveau [&hellip;]\" \/>\n<meta property=\"og:url\" content=\"https:\/\/www.qevsolutions.be\/fr\/produit\/alpitronic-hypercharger-hyc50\/\" \/>\n<meta property=\"og:site_name\" content=\"Q.Ev. Solutions and distributions\" \/>\n<meta property=\"article:modified_time\" content=\"2022-05-03T14:41:22+00:00\" \/>\n<meta property=\"og:image\" content=\"https:\/\/www.qevsolutions.be\/wp-content\/uploads\/2022\/05\/Alpitronic_HYC50-e1639759380960.jpeg\" \/>\n\t<meta property=\"og:image:width\" content=\"1179\" \/>\n\t<meta property=\"og:image:height\" content=\"1700\" \/>\n\t<meta property=\"og:image:type\" content=\"image\/jpeg\" \/>\n<meta name=\"twitter:card\" content=\"summary_large_image\" \/>\n<meta name=\"twitter:label1\" content=\"Dur\u00e9e de lecture estim\u00e9e\" \/>\n\t<meta name=\"twitter:data1\" content=\"1 minute\" \/>\n<script type=\"application\/ld+json\" class=\"yoast-schema-graph\">{\"@context\":\"https:\\\/\\\/schema.org\",\"@graph\":[{\"@type\":\"WebPage\",\"@id\":\"https:\\\/\\\/www.qevsolutions.be\\\/fr\\\/produit\\\/alpitronic-hypercharger-hyc50\\\/\",\"url\":\"https:\\\/\\\/www.qevsolutions.be\\\/fr\\\/produit\\\/alpitronic-hypercharger-hyc50\\\/\",\"name\":\"ALpitronic Hypercharger HYC50 - Q.Ev. Solutions and distributions\",\"isPartOf\":{\"@id\":\"https:\\\/\\\/www.qevsolutions.be\\\/fr\\\/#website\"},\"primaryImageOfPage\":{\"@id\":\"https:\\\/\\\/www.qevsolutions.be\\\/fr\\\/produit\\\/alpitronic-hypercharger-hyc50\\\/#primaryimage\"},\"image\":{\"@id\":\"https:\\\/\\\/www.qevsolutions.be\\\/fr\\\/produit\\\/alpitronic-hypercharger-hyc50\\\/#primaryimage\"},\"thumbnailUrl\":\"https:\\\/\\\/www.qevsolutions.be\\\/wp-content\\\/uploads\\\/2022\\\/05\\\/Alpitronic_HYC50-e1639759380960.jpeg\",\"datePublished\":\"2022-05-03T13:48:57+00:00\",\"dateModified\":\"2022-05-03T14:41:22+00:00\",\"breadcrumb\":{\"@id\":\"https:\\\/\\\/www.qevsolutions.be\\\/fr\\\/produit\\\/alpitronic-hypercharger-hyc50\\\/#breadcrumb\"},\"inLanguage\":\"fr-FR\",\"potentialAction\":[{\"@type\":\"ReadAction\",\"target\":[\"https:\\\/\\\/www.qevsolutions.be\\\/fr\\\/produit\\\/alpitronic-hypercharger-hyc50\\\/\"]}]},{\"@type\":\"ImageObject\",\"inLanguage\":\"fr-FR\",\"@id\":\"https:\\\/\\\/www.qevsolutions.be\\\/fr\\\/produit\\\/alpitronic-hypercharger-hyc50\\\/#primaryimage\",\"url\":\"https:\\\/\\\/www.qevsolutions.be\\\/wp-content\\\/uploads\\\/2022\\\/05\\\/Alpitronic_HYC50-e1639759380960.jpeg\",\"contentUrl\":\"https:\\\/\\\/www.qevsolutions.be\\\/wp-content\\\/uploads\\\/2022\\\/05\\\/Alpitronic_HYC50-e1639759380960.jpeg\",\"width\":1179,\"height\":1700},{\"@type\":\"BreadcrumbList\",\"@id\":\"https:\\\/\\\/www.qevsolutions.be\\\/fr\\\/produit\\\/alpitronic-hypercharger-hyc50\\\/#breadcrumb\",\"itemListElement\":[{\"@type\":\"ListItem\",\"position\":1,\"name\":\"Home\",\"item\":\"https:\\\/\\\/www.qevsolutions.be\\\/fr\\\/\"},{\"@type\":\"ListItem\",\"position\":2,\"name\":\"Commandez vos bornes de recharge et accessoires en ligne\",\"item\":\"https:\\\/\\\/www.qevsolutions.be\\\/fr\\\/boutique\\\/\"},{\"@type\":\"ListItem\",\"position\":3,\"name\":\"ALpitronic Hypercharger HYC50\"}]},{\"@type\":\"WebSite\",\"@id\":\"https:\\\/\\\/www.qevsolutions.be\\\/fr\\\/#website\",\"url\":\"https:\\\/\\\/www.qevsolutions.be\\\/fr\\\/\",\"name\":\"Q.Ev. Solutions and distributions\",\"description\":\"\",\"potentialAction\":[{\"@type\":\"SearchAction\",\"target\":{\"@type\":\"EntryPoint\",\"urlTemplate\":\"https:\\\/\\\/www.qevsolutions.be\\\/fr\\\/?s={search_term_string}\"},\"query-input\":{\"@type\":\"PropertyValueSpecification\",\"valueRequired\":true,\"valueName\":\"search_term_string\"}}],\"inLanguage\":\"fr-FR\"}]}<\/script>\n<!-- \/ Yoast SEO plugin. -->","yoast_head_json":{"title":"ALpitronic Hypercharger HYC50 - Q.Ev. Solutions and distributions","robots":{"index":"index","follow":"follow","max-snippet":"max-snippet:-1","max-image-preview":"max-image-preview:large","max-video-preview":"max-video-preview:-1"},"canonical":"https:\/\/www.qevsolutions.be\/fr\/produit\/alpitronic-hypercharger-hyc50\/","og_locale":"fr_FR","og_type":"article","og_title":"ALpitronic Hypercharger HYC50 - Q.Ev. Solutions and distributions","og_description":"Bient\u00f4t disponible, pr\u00e9vu au quatri\u00e8me trimestre 2022 Les chargeurs DC 50KW d&rsquo;Alpitronic peuvent charger 2 voitures en m\u00eame temps sur tension DC (2x) avec des prises de type 2. Ils peuvent charger 1 x 50KW ou 2 x 25KW \u00e0 150 A. Le chargeur convient \u00e0 une utilisation int\u00e9rieure et ext\u00e9rieure et a un niveau [&hellip;]","og_url":"https:\/\/www.qevsolutions.be\/fr\/produit\/alpitronic-hypercharger-hyc50\/","og_site_name":"Q.Ev. Solutions and distributions","article_modified_time":"2022-05-03T14:41:22+00:00","og_image":[{"width":1179,"height":1700,"url":"https:\/\/www.qevsolutions.be\/wp-content\/uploads\/2022\/05\/Alpitronic_HYC50-e1639759380960.jpeg","type":"image\/jpeg"}],"twitter_card":"summary_large_image","twitter_misc":{"Dur\u00e9e de lecture estim\u00e9e":"1 minute"},"schema":{"@context":"https:\/\/schema.org","@graph":[{"@type":"WebPage","@id":"https:\/\/www.qevsolutions.be\/fr\/produit\/alpitronic-hypercharger-hyc50\/","url":"https:\/\/www.qevsolutions.be\/fr\/produit\/alpitronic-hypercharger-hyc50\/","name":"ALpitronic Hypercharger HYC50 - Q.Ev. Solutions and distributions","isPartOf":{"@id":"https:\/\/www.qevsolutions.be\/fr\/#website"},"primaryImageOfPage":{"@id":"https:\/\/www.qevsolutions.be\/fr\/produit\/alpitronic-hypercharger-hyc50\/#primaryimage"},"image":{"@id":"https:\/\/www.qevsolutions.be\/fr\/produit\/alpitronic-hypercharger-hyc50\/#primaryimage"},"thumbnailUrl":"https:\/\/www.qevsolutions.be\/wp-content\/uploads\/2022\/05\/Alpitronic_HYC50-e1639759380960.jpeg","datePublished":"2022-05-03T13:48:57+00:00","dateModified":"2022-05-03T14:41:22+00:00","breadcrumb":{"@id":"https:\/\/www.qevsolutions.be\/fr\/produit\/alpitronic-hypercharger-hyc50\/#breadcrumb"},"inLanguage":"fr-FR","potentialAction":[{"@type":"ReadAction","target":["https:\/\/www.qevsolutions.be\/fr\/produit\/alpitronic-hypercharger-hyc50\/"]}]},{"@type":"ImageObject","inLanguage":"fr-FR","@id":"https:\/\/www.qevsolutions.be\/fr\/produit\/alpitronic-hypercharger-hyc50\/#primaryimage","url":"https:\/\/www.qevsolutions.be\/wp-content\/uploads\/2022\/05\/Alpitronic_HYC50-e1639759380960.jpeg","contentUrl":"https:\/\/www.qevsolutions.be\/wp-content\/uploads\/2022\/05\/Alpitronic_HYC50-e1639759380960.jpeg","width":1179,"height":1700},{"@type":"BreadcrumbList","@id":"https:\/\/www.qevsolutions.be\/fr\/produit\/alpitronic-hypercharger-hyc50\/#breadcrumb","itemListElement":[{"@type":"ListItem","position":1,"name":"Home","item":"https:\/\/www.qevsolutions.be\/fr\/"},{"@type":"ListItem","position":2,"name":"Commandez vos bornes de recharge et accessoires en ligne","item":"https:\/\/www.qevsolutions.be\/fr\/boutique\/"},{"@type":"ListItem","position":3,"name":"ALpitronic Hypercharger HYC50"}]},{"@type":"WebSite","@id":"https:\/\/www.qevsolutions.be\/fr\/#website","url":"https:\/\/www.qevsolutions.be\/fr\/","name":"Q.Ev. Solutions and distributions","description":"","potentialAction":[{"@type":"SearchAction","target":{"@type":"EntryPoint","urlTemplate":"https:\/\/www.qevsolutions.be\/fr\/?s={search_term_string}"},"query-input":{"@type":"PropertyValueSpecification","valueRequired":true,"valueName":"search_term_string"}}],"inLanguage":"fr-FR"}]}},"_links":{"self":[{"href":"https:\/\/www.qevsolutions.be\/fr\/wp-json\/wp\/v2\/product\/1401","targetHints":{"allow":["GET"]}}],"collection":[{"href":"https:\/\/www.qevsolutions.be\/fr\/wp-json\/wp\/v2\/product"}],"about":[{"href":"https:\/\/www.qevsolutions.be\/fr\/wp-json\/wp\/v2\/types\/product"}],"wp:featuredmedia":[{"embeddable":true,"href":"https:\/\/www.qevsolutions.be\/fr\/wp-json\/wp\/v2\/media\/1404"}],"wp:attachment":[{"href":"https:\/\/www.qevsolutions.be\/fr\/wp-json\/wp\/v2\/media?parent=1401"}],"wp:term":[{"taxonomy":"product_brand","embeddable":true,"href":"https:\/\/www.qevsolutions.be\/fr\/wp-json\/wp\/v2\/product_brand?post=1401"},{"taxonomy":"product_cat","embeddable":true,"href":"https:\/\/www.qevsolutions.be\/fr\/wp-json\/wp\/v2\/product_cat?post=1401"},{"taxonomy":"product_tag","embeddable":true,"href":"https:\/\/www.qevsolutions.be\/fr\/wp-json\/wp\/v2\/product_tag?post=1401"}],"curies":[{"name":"wp","href":"https:\/\/api.w.org\/{rel}","templated":true}]}}