{"id":1130,"date":"2022-02-08T11:10:17","date_gmt":"2022-02-08T10:10:17","guid":{"rendered":"https:\/\/www.qevsolutions.be\/product\/eve-single-pro-line-met-ingebouwde-autokabel\/"},"modified":"2022-09-07T17:18:25","modified_gmt":"2022-09-07T16:18:25","slug":"alfen-eve-single-pro-line-avec-cable-de-vehicule-integre","status":"publish","type":"product","link":"https:\/\/www.qevsolutions.be\/fr\/produit\/alfen-eve-single-pro-line-avec-cable-de-vehicule-integre\/","title":{"rendered":"Alfen Eve Single pro line 3F avec c\u00e2ble de v\u00e9hicule int\u00e9gr\u00e9"},"content":{"rendered":"<p>La borne de recharge professionnelle de Alfen peut \u00eatre obtenue avec un connecteur simple ou un c\u00e2ble de recharge pour v\u00e9hicule int\u00e9gr\u00e9<\/p>\n<p>Ce chargeur est dot\u00e9 d&rsquo;un c\u00e2ble de chargement de voiture Type 2 int\u00e9gr\u00e9, de sorte que vous pouvez arriver et brancher rapidement votre c\u00e2ble pour charger. Vous pouvez laisser votre propre c\u00e2ble de chargement dans la voiture, ce qui vous fait gagner du temps.<\/p>\n<p>Cette borne de recharge peut \u00eatre configur\u00e9e sur diff\u00e9rents taux de charge en\u00a0kW et en amp\u00e8re.<\/p>\n<p>Elle peut \u00eatre utilis\u00e9e \u00e0 des fins priv\u00e9es et semi-publiques.<\/p>\n<p>La station de charge est \u00e9quip\u00e9e d&rsquo;un \u00e9cran LCD couleur de 3,5&Prime; o\u00f9 tout peut \u00eatre clairement affich\u00e9. Par exemple, vous pouvez lire la vitesse de charge, la date, l&rsquo;heure, les taux de charge \u00e9ventuels et m\u00eame ajouter votre propre logo. Un \u00e9cran LCD se pr\u00eaterait aussi parfaitement aux codes QR pour le paiement direct.<\/p>\n<p>Ces stations de recharge peuvent \u00eatre plac\u00e9es dans un\u00a0r\u00e9seau\u00a0de 100 bornes de recharge afin que vous puissiez \u00e9quiper votre parking\u00a0d&rsquo;une station de recharge. Tout ceci est contr\u00f4l\u00e9 par un syst\u00e8me d&rsquo;\u00e9quilibrage de la charge pour fournir\u00a0une vitesse de charge maximale.<\/p>\n<p>Gr\u00e2ce \u00e0 une connexion ICU connect\/EZ, vous pouvez g\u00e9rer vos bornes de recharge en tant qu&rsquo;entreprise, ce qui peut \u00eatre combin\u00e9 avec notre serveur OCPP.<\/p>\n<p>Si vous rendez ce point semi-public,\u00a0les personnes peuvent venir se recharger \u00e0 votre borne de recharge. En tant qu&rsquo;administrateur, vous pouvez d\u00e9finir la facturation du prix par kW via notre serveur OCPP. Vous pouvez \u00e9galement d\u00e9terminer qui doit \u00eatre factur\u00e9 automatiquement et qui ne doit pas l&rsquo;\u00eatre. Laissez votre personnel ou votre famille charger gratuitement, vous choisissez tout.<\/p>\n<p>Demandez d\u00e8s aujourd&rsquo;hui des informations sur nos cartes de recharge et leurs possibilit\u00e9s.<\/p>\n","protected":false},"excerpt":{"rendered":"<p>La borne de recharge professionnelle de Alfen peut \u00eatre obtenue avec un connecteur simple ou un c\u00e2ble de recharge pour v\u00e9hicule int\u00e9gr\u00e9 Ce chargeur est dot\u00e9 d&rsquo;un c\u00e2ble de chargement de voiture Type 2 int\u00e9gr\u00e9, de sorte que vous pouvez arriver et brancher rapidement votre c\u00e2ble pour charger. Vous pouvez laisser votre propre c\u00e2ble de [&hellip;]<\/p>\n","protected":false},"featured_media":235,"template":"","meta":[],"product_brand":[],"product_cat":[322],"product_tag":[],"class_list":{"0":"post-1130","1":"product","2":"type-product","3":"status-publish","4":"has-post-thumbnail","6":"product_cat-chargeurs-dentreprise","8":"first","9":"instock","10":"taxable","11":"shipping-taxable","12":"purchasable","13":"product-type-simple"},"yoast_head":"<!-- This site is optimized with the Yoast SEO plugin v27.3 - https:\/\/yoast.com\/product\/yoast-seo-wordpress\/ -->\n<title>Alfen Eve Single pro line 3F avec c\u00e2ble de v\u00e9hicule int\u00e9gr\u00e9 - Q.Ev. Solutions and distributions<\/title>\n<meta name=\"robots\" content=\"index, follow, max-snippet:-1, max-image-preview:large, max-video-preview:-1\" \/>\n<link rel=\"canonical\" href=\"https:\/\/www.qevsolutions.be\/fr\/produit\/alfen-eve-single-pro-line-avec-cable-de-vehicule-integre\/\" \/>\n<meta property=\"og:locale\" content=\"fr_FR\" \/>\n<meta property=\"og:type\" content=\"article\" \/>\n<meta property=\"og:title\" content=\"Alfen Eve Single pro line 3F avec c\u00e2ble de v\u00e9hicule int\u00e9gr\u00e9 - Q.Ev. Solutions and distributions\" \/>\n<meta property=\"og:description\" content=\"La borne de recharge professionnelle de Alfen peut \u00eatre obtenue avec un connecteur simple ou un c\u00e2ble de recharge pour v\u00e9hicule int\u00e9gr\u00e9 Ce chargeur est dot\u00e9 d&rsquo;un c\u00e2ble de chargement de voiture Type 2 int\u00e9gr\u00e9, de sorte que vous pouvez arriver et brancher rapidement votre c\u00e2ble pour charger. Vous pouvez laisser votre propre c\u00e2ble de [&hellip;]\" \/>\n<meta property=\"og:url\" content=\"https:\/\/www.qevsolutions.be\/fr\/produit\/alfen-eve-single-pro-line-avec-cable-de-vehicule-integre\/\" \/>\n<meta property=\"og:site_name\" content=\"Q.Ev. Solutions and distributions\" \/>\n<meta property=\"article:modified_time\" content=\"2022-09-07T16:18:25+00:00\" \/>\n<meta property=\"og:image\" content=\"https:\/\/www.qevsolutions.be\/wp-content\/uploads\/2022\/02\/alfen-Eve-Single-Proline-cable-zonderpaal-logo-HR.webp\" \/>\n\t<meta property=\"og:image:width\" content=\"184\" \/>\n\t<meta property=\"og:image:height\" content=\"210\" \/>\n\t<meta property=\"og:image:type\" content=\"image\/webp\" \/>\n<meta name=\"twitter:card\" content=\"summary_large_image\" \/>\n<meta name=\"twitter:label1\" content=\"Dur\u00e9e de lecture estim\u00e9e\" \/>\n\t<meta name=\"twitter:data1\" content=\"2 minutes\" \/>\n<script type=\"application\/ld+json\" class=\"yoast-schema-graph\">{\"@context\":\"https:\\\/\\\/schema.org\",\"@graph\":[{\"@type\":\"WebPage\",\"@id\":\"https:\\\/\\\/www.qevsolutions.be\\\/fr\\\/produit\\\/alfen-eve-single-pro-line-avec-cable-de-vehicule-integre\\\/\",\"url\":\"https:\\\/\\\/www.qevsolutions.be\\\/fr\\\/produit\\\/alfen-eve-single-pro-line-avec-cable-de-vehicule-integre\\\/\",\"name\":\"Alfen Eve Single pro line 3F avec c\u00e2ble de v\u00e9hicule int\u00e9gr\u00e9 - Q.Ev. Solutions and distributions\",\"isPartOf\":{\"@id\":\"https:\\\/\\\/www.qevsolutions.be\\\/fr\\\/#website\"},\"primaryImageOfPage\":{\"@id\":\"https:\\\/\\\/www.qevsolutions.be\\\/fr\\\/produit\\\/alfen-eve-single-pro-line-avec-cable-de-vehicule-integre\\\/#primaryimage\"},\"image\":{\"@id\":\"https:\\\/\\\/www.qevsolutions.be\\\/fr\\\/produit\\\/alfen-eve-single-pro-line-avec-cable-de-vehicule-integre\\\/#primaryimage\"},\"thumbnailUrl\":\"https:\\\/\\\/www.qevsolutions.be\\\/wp-content\\\/uploads\\\/2022\\\/02\\\/alfen-Eve-Single-Proline-cable-zonderpaal-logo-HR.webp\",\"datePublished\":\"2022-02-08T10:10:17+00:00\",\"dateModified\":\"2022-09-07T16:18:25+00:00\",\"breadcrumb\":{\"@id\":\"https:\\\/\\\/www.qevsolutions.be\\\/fr\\\/produit\\\/alfen-eve-single-pro-line-avec-cable-de-vehicule-integre\\\/#breadcrumb\"},\"inLanguage\":\"fr-FR\",\"potentialAction\":[{\"@type\":\"ReadAction\",\"target\":[\"https:\\\/\\\/www.qevsolutions.be\\\/fr\\\/produit\\\/alfen-eve-single-pro-line-avec-cable-de-vehicule-integre\\\/\"]}]},{\"@type\":\"ImageObject\",\"inLanguage\":\"fr-FR\",\"@id\":\"https:\\\/\\\/www.qevsolutions.be\\\/fr\\\/produit\\\/alfen-eve-single-pro-line-avec-cable-de-vehicule-integre\\\/#primaryimage\",\"url\":\"https:\\\/\\\/www.qevsolutions.be\\\/wp-content\\\/uploads\\\/2022\\\/02\\\/alfen-Eve-Single-Proline-cable-zonderpaal-logo-HR.webp\",\"contentUrl\":\"https:\\\/\\\/www.qevsolutions.be\\\/wp-content\\\/uploads\\\/2022\\\/02\\\/alfen-Eve-Single-Proline-cable-zonderpaal-logo-HR.webp\",\"width\":184,\"height\":210,\"caption\":\"Alfen eve single proline\"},{\"@type\":\"BreadcrumbList\",\"@id\":\"https:\\\/\\\/www.qevsolutions.be\\\/fr\\\/produit\\\/alfen-eve-single-pro-line-avec-cable-de-vehicule-integre\\\/#breadcrumb\",\"itemListElement\":[{\"@type\":\"ListItem\",\"position\":1,\"name\":\"Home\",\"item\":\"https:\\\/\\\/www.qevsolutions.be\\\/fr\\\/\"},{\"@type\":\"ListItem\",\"position\":2,\"name\":\"Commandez vos bornes de recharge et accessoires en ligne\",\"item\":\"https:\\\/\\\/www.qevsolutions.be\\\/fr\\\/boutique\\\/\"},{\"@type\":\"ListItem\",\"position\":3,\"name\":\"Alfen Eve Single pro line 3F avec c\u00e2ble de v\u00e9hicule int\u00e9gr\u00e9\"}]},{\"@type\":\"WebSite\",\"@id\":\"https:\\\/\\\/www.qevsolutions.be\\\/fr\\\/#website\",\"url\":\"https:\\\/\\\/www.qevsolutions.be\\\/fr\\\/\",\"name\":\"Q.Ev. Solutions and distributions\",\"description\":\"\",\"potentialAction\":[{\"@type\":\"SearchAction\",\"target\":{\"@type\":\"EntryPoint\",\"urlTemplate\":\"https:\\\/\\\/www.qevsolutions.be\\\/fr\\\/?s={search_term_string}\"},\"query-input\":{\"@type\":\"PropertyValueSpecification\",\"valueRequired\":true,\"valueName\":\"search_term_string\"}}],\"inLanguage\":\"fr-FR\"}]}<\/script>\n<!-- \/ Yoast SEO plugin. -->","yoast_head_json":{"title":"Alfen Eve Single pro line 3F avec c\u00e2ble de v\u00e9hicule int\u00e9gr\u00e9 - Q.Ev. Solutions and distributions","robots":{"index":"index","follow":"follow","max-snippet":"max-snippet:-1","max-image-preview":"max-image-preview:large","max-video-preview":"max-video-preview:-1"},"canonical":"https:\/\/www.qevsolutions.be\/fr\/produit\/alfen-eve-single-pro-line-avec-cable-de-vehicule-integre\/","og_locale":"fr_FR","og_type":"article","og_title":"Alfen Eve Single pro line 3F avec c\u00e2ble de v\u00e9hicule int\u00e9gr\u00e9 - Q.Ev. Solutions and distributions","og_description":"La borne de recharge professionnelle de Alfen peut \u00eatre obtenue avec un connecteur simple ou un c\u00e2ble de recharge pour v\u00e9hicule int\u00e9gr\u00e9 Ce chargeur est dot\u00e9 d&rsquo;un c\u00e2ble de chargement de voiture Type 2 int\u00e9gr\u00e9, de sorte que vous pouvez arriver et brancher rapidement votre c\u00e2ble pour charger. Vous pouvez laisser votre propre c\u00e2ble de [&hellip;]","og_url":"https:\/\/www.qevsolutions.be\/fr\/produit\/alfen-eve-single-pro-line-avec-cable-de-vehicule-integre\/","og_site_name":"Q.Ev. Solutions and distributions","article_modified_time":"2022-09-07T16:18:25+00:00","og_image":[{"width":184,"height":210,"url":"https:\/\/www.qevsolutions.be\/wp-content\/uploads\/2022\/02\/alfen-Eve-Single-Proline-cable-zonderpaal-logo-HR.webp","type":"image\/webp"}],"twitter_card":"summary_large_image","twitter_misc":{"Dur\u00e9e de lecture estim\u00e9e":"2 minutes"},"schema":{"@context":"https:\/\/schema.org","@graph":[{"@type":"WebPage","@id":"https:\/\/www.qevsolutions.be\/fr\/produit\/alfen-eve-single-pro-line-avec-cable-de-vehicule-integre\/","url":"https:\/\/www.qevsolutions.be\/fr\/produit\/alfen-eve-single-pro-line-avec-cable-de-vehicule-integre\/","name":"Alfen Eve Single pro line 3F avec c\u00e2ble de v\u00e9hicule int\u00e9gr\u00e9 - Q.Ev. Solutions and distributions","isPartOf":{"@id":"https:\/\/www.qevsolutions.be\/fr\/#website"},"primaryImageOfPage":{"@id":"https:\/\/www.qevsolutions.be\/fr\/produit\/alfen-eve-single-pro-line-avec-cable-de-vehicule-integre\/#primaryimage"},"image":{"@id":"https:\/\/www.qevsolutions.be\/fr\/produit\/alfen-eve-single-pro-line-avec-cable-de-vehicule-integre\/#primaryimage"},"thumbnailUrl":"https:\/\/www.qevsolutions.be\/wp-content\/uploads\/2022\/02\/alfen-Eve-Single-Proline-cable-zonderpaal-logo-HR.webp","datePublished":"2022-02-08T10:10:17+00:00","dateModified":"2022-09-07T16:18:25+00:00","breadcrumb":{"@id":"https:\/\/www.qevsolutions.be\/fr\/produit\/alfen-eve-single-pro-line-avec-cable-de-vehicule-integre\/#breadcrumb"},"inLanguage":"fr-FR","potentialAction":[{"@type":"ReadAction","target":["https:\/\/www.qevsolutions.be\/fr\/produit\/alfen-eve-single-pro-line-avec-cable-de-vehicule-integre\/"]}]},{"@type":"ImageObject","inLanguage":"fr-FR","@id":"https:\/\/www.qevsolutions.be\/fr\/produit\/alfen-eve-single-pro-line-avec-cable-de-vehicule-integre\/#primaryimage","url":"https:\/\/www.qevsolutions.be\/wp-content\/uploads\/2022\/02\/alfen-Eve-Single-Proline-cable-zonderpaal-logo-HR.webp","contentUrl":"https:\/\/www.qevsolutions.be\/wp-content\/uploads\/2022\/02\/alfen-Eve-Single-Proline-cable-zonderpaal-logo-HR.webp","width":184,"height":210,"caption":"Alfen eve single proline"},{"@type":"BreadcrumbList","@id":"https:\/\/www.qevsolutions.be\/fr\/produit\/alfen-eve-single-pro-line-avec-cable-de-vehicule-integre\/#breadcrumb","itemListElement":[{"@type":"ListItem","position":1,"name":"Home","item":"https:\/\/www.qevsolutions.be\/fr\/"},{"@type":"ListItem","position":2,"name":"Commandez vos bornes de recharge et accessoires en ligne","item":"https:\/\/www.qevsolutions.be\/fr\/boutique\/"},{"@type":"ListItem","position":3,"name":"Alfen Eve Single pro line 3F avec c\u00e2ble de v\u00e9hicule int\u00e9gr\u00e9"}]},{"@type":"WebSite","@id":"https:\/\/www.qevsolutions.be\/fr\/#website","url":"https:\/\/www.qevsolutions.be\/fr\/","name":"Q.Ev. Solutions and distributions","description":"","potentialAction":[{"@type":"SearchAction","target":{"@type":"EntryPoint","urlTemplate":"https:\/\/www.qevsolutions.be\/fr\/?s={search_term_string}"},"query-input":{"@type":"PropertyValueSpecification","valueRequired":true,"valueName":"search_term_string"}}],"inLanguage":"fr-FR"}]}},"_links":{"self":[{"href":"https:\/\/www.qevsolutions.be\/fr\/wp-json\/wp\/v2\/product\/1130","targetHints":{"allow":["GET"]}}],"collection":[{"href":"https:\/\/www.qevsolutions.be\/fr\/wp-json\/wp\/v2\/product"}],"about":[{"href":"https:\/\/www.qevsolutions.be\/fr\/wp-json\/wp\/v2\/types\/product"}],"wp:featuredmedia":[{"embeddable":true,"href":"https:\/\/www.qevsolutions.be\/fr\/wp-json\/wp\/v2\/media\/235"}],"wp:attachment":[{"href":"https:\/\/www.qevsolutions.be\/fr\/wp-json\/wp\/v2\/media?parent=1130"}],"wp:term":[{"taxonomy":"product_brand","embeddable":true,"href":"https:\/\/www.qevsolutions.be\/fr\/wp-json\/wp\/v2\/product_brand?post=1130"},{"taxonomy":"product_cat","embeddable":true,"href":"https:\/\/www.qevsolutions.be\/fr\/wp-json\/wp\/v2\/product_cat?post=1130"},{"taxonomy":"product_tag","embeddable":true,"href":"https:\/\/www.qevsolutions.be\/fr\/wp-json\/wp\/v2\/product_tag?post=1130"}],"curies":[{"name":"wp","href":"https:\/\/api.w.org\/{rel}","templated":true}]}}