{"id":1122,"date":"2022-02-08T13:53:27","date_gmt":"2022-02-08T12:53:27","guid":{"rendered":"https:\/\/www.qevsolutions.be\/product\/beny-32a-enkel-fase-7-4kw-met-kabel-2\/"},"modified":"2022-09-07T17:02:19","modified_gmt":"2022-09-07T16:02:19","slug":"beny-32-a-monophase-74-kw-avec-cable-3","status":"publish","type":"product","link":"https:\/\/www.qevsolutions.be\/fr\/produit\/beny-32-a-monophase-74-kw-avec-cable-3\/","title":{"rendered":"Beny 32 A monophas\u00e9 7,4 kW avec c\u00e2ble"},"content":{"rendered":"<p>Ce chargeur domestique de Beny b\u00e9n\u00e9ficie d&rsquo;une excellente garantie de 5 ans qui le rend unique dans sa gamme.<\/p>\n<p>Ces bornes de recharge proviennent d&rsquo;un fabricant chinois et b\u00e9n\u00e9ficient tous de la certification CE. Nous, Q. EV. Solutions est charg\u00e9e de l&rsquo;importation de ces appareils, ce qui nous permet de proposer un prix tr\u00e8s attractif.<\/p>\n<p>Le fabricant est un nom \u00e9tabli en Europe pour tout ce qui concerne l&rsquo;\u00e9lectricit\u00e9 et les composants.<\/p>\n<p>Voici le mod\u00e8le-phare des bornes de recharge de Beny ; celui-ci dispose de toutes les options que Beny peut offrir au meilleur prix.<\/p>\n<p>La borne de recharge peut \u00eatre commut\u00e9e \u00e0 32 A avec une charge maximale de 7,4 kW en monophas\u00e9.<\/p>\n<p>Cette borne de recharge est une borne de recharge intelligente avec le bo\u00eetier DLB et le c\u00e2ble Ethernet (inclus 5 m). Elle surveille votre consommation d&rsquo;appareils \u00e9lectrom\u00e9nagers lorsque le v\u00e9hicule est connect\u00e9 \u00e0 la borne de recharge et vous \u00e9vitera ainsi des factures \u00e9lev\u00e9es.<\/p>\n<p>Avec l&rsquo;APPLI intelligente, vous pouvez tout surveiller sur votre borne de recharge.<\/p>\n<p>Les grands t\u00e9moins lumineux indiquent clairement quand le chargeur est actif ou \u00e9teint.<\/p>\n<p>Un bouton d&rsquo;arr\u00eat d&rsquo;urgence et un bouton de d\u00e9tection des fuites sont fournis sur ce chargeur pour que tout soit s\u00e9curis\u00e9 lors de la charge.<\/p>\n<p>Le lecteur RFID permet de d\u00e9marrer facilement le chargeur. Vous recevez une paire de badges fournis que vous pouvez tenir devant le lecteur RFID pour d\u00e9marrer le chargeur, ce qui vous \u00e9vite des actions compliqu\u00e9es pour charger.<\/p>\n<p>Ce chargeur Beny de ce type est \u00e9quip\u00e9 d&rsquo;un contr\u00f4le d&rsquo;erreur PEN, ce qui signifie que si la prise tombe dans l&rsquo;eau, il coupe imm\u00e9diatement le courant.<\/p>\n","protected":false},"excerpt":{"rendered":"<p>Ce chargeur domestique de Beny b\u00e9n\u00e9ficie d&rsquo;une excellente garantie de 5 ans qui le rend unique dans sa gamme. Ces bornes de recharge proviennent d&rsquo;un fabricant chinois et b\u00e9n\u00e9ficient tous de la certification CE. Nous, Q. EV. Solutions est charg\u00e9e de l&rsquo;importation de ces appareils, ce qui nous permet de proposer un prix tr\u00e8s attractif. [&hellip;]<\/p>\n","protected":false},"featured_media":406,"template":"","meta":[],"product_brand":[],"product_cat":[325],"product_tag":[],"class_list":{"0":"post-1122","1":"product","2":"type-product","3":"status-publish","4":"has-post-thumbnail","6":"product_cat-chargeur-domestique","8":"first","9":"instock","10":"sale","11":"taxable","12":"shipping-taxable","13":"purchasable","14":"product-type-simple"},"yoast_head":"<!-- This site is optimized with the Yoast SEO plugin v27.3 - https:\/\/yoast.com\/product\/yoast-seo-wordpress\/ -->\n<title>Beny 32 A monophas\u00e9 7,4 kW avec c\u00e2ble - Q.Ev. Solutions and distributions<\/title>\n<meta name=\"robots\" content=\"index, follow, max-snippet:-1, max-image-preview:large, max-video-preview:-1\" \/>\n<link rel=\"canonical\" href=\"https:\/\/www.qevsolutions.be\/fr\/produit\/beny-32-a-monophase-74-kw-avec-cable-3\/\" \/>\n<meta property=\"og:locale\" content=\"fr_FR\" \/>\n<meta property=\"og:type\" content=\"article\" \/>\n<meta property=\"og:title\" content=\"Beny 32 A monophas\u00e9 7,4 kW avec c\u00e2ble - Q.Ev. Solutions and distributions\" \/>\n<meta property=\"og:description\" content=\"Ce chargeur domestique de Beny b\u00e9n\u00e9ficie d&rsquo;une excellente garantie de 5 ans qui le rend unique dans sa gamme. Ces bornes de recharge proviennent d&rsquo;un fabricant chinois et b\u00e9n\u00e9ficient tous de la certification CE. Nous, Q. EV. Solutions est charg\u00e9e de l&rsquo;importation de ces appareils, ce qui nous permet de proposer un prix tr\u00e8s attractif. [&hellip;]\" \/>\n<meta property=\"og:url\" content=\"https:\/\/www.qevsolutions.be\/fr\/produit\/beny-32-a-monophase-74-kw-avec-cable-3\/\" \/>\n<meta property=\"og:site_name\" content=\"Q.Ev. Solutions and distributions\" \/>\n<meta property=\"article:modified_time\" content=\"2022-09-07T16:02:19+00:00\" \/>\n<meta property=\"og:image\" content=\"https:\/\/www.qevsolutions.be\/wp-content\/uploads\/2022\/02\/AC-EV-Charger-Photo-3.webp\" \/>\n\t<meta property=\"og:image:width\" content=\"608\" \/>\n\t<meta property=\"og:image:height\" content=\"1024\" \/>\n\t<meta property=\"og:image:type\" content=\"image\/webp\" \/>\n<meta name=\"twitter:card\" content=\"summary_large_image\" \/>\n<meta name=\"twitter:label1\" content=\"Dur\u00e9e de lecture estim\u00e9e\" \/>\n\t<meta name=\"twitter:data1\" content=\"2 minutes\" \/>\n<script type=\"application\/ld+json\" class=\"yoast-schema-graph\">{\"@context\":\"https:\\\/\\\/schema.org\",\"@graph\":[{\"@type\":\"WebPage\",\"@id\":\"https:\\\/\\\/www.qevsolutions.be\\\/fr\\\/produit\\\/beny-32-a-monophase-74-kw-avec-cable-3\\\/\",\"url\":\"https:\\\/\\\/www.qevsolutions.be\\\/fr\\\/produit\\\/beny-32-a-monophase-74-kw-avec-cable-3\\\/\",\"name\":\"Beny 32 A monophas\u00e9 7,4 kW avec c\u00e2ble - Q.Ev. Solutions and distributions\",\"isPartOf\":{\"@id\":\"https:\\\/\\\/www.qevsolutions.be\\\/fr\\\/#website\"},\"primaryImageOfPage\":{\"@id\":\"https:\\\/\\\/www.qevsolutions.be\\\/fr\\\/produit\\\/beny-32-a-monophase-74-kw-avec-cable-3\\\/#primaryimage\"},\"image\":{\"@id\":\"https:\\\/\\\/www.qevsolutions.be\\\/fr\\\/produit\\\/beny-32-a-monophase-74-kw-avec-cable-3\\\/#primaryimage\"},\"thumbnailUrl\":\"https:\\\/\\\/www.qevsolutions.be\\\/wp-content\\\/uploads\\\/2022\\\/02\\\/AC-EV-Charger-Photo-3.webp\",\"datePublished\":\"2022-02-08T12:53:27+00:00\",\"dateModified\":\"2022-09-07T16:02:19+00:00\",\"breadcrumb\":{\"@id\":\"https:\\\/\\\/www.qevsolutions.be\\\/fr\\\/produit\\\/beny-32-a-monophase-74-kw-avec-cable-3\\\/#breadcrumb\"},\"inLanguage\":\"fr-FR\",\"potentialAction\":[{\"@type\":\"ReadAction\",\"target\":[\"https:\\\/\\\/www.qevsolutions.be\\\/fr\\\/produit\\\/beny-32-a-monophase-74-kw-avec-cable-3\\\/\"]}]},{\"@type\":\"ImageObject\",\"inLanguage\":\"fr-FR\",\"@id\":\"https:\\\/\\\/www.qevsolutions.be\\\/fr\\\/produit\\\/beny-32-a-monophase-74-kw-avec-cable-3\\\/#primaryimage\",\"url\":\"https:\\\/\\\/www.qevsolutions.be\\\/wp-content\\\/uploads\\\/2022\\\/02\\\/AC-EV-Charger-Photo-3.webp\",\"contentUrl\":\"https:\\\/\\\/www.qevsolutions.be\\\/wp-content\\\/uploads\\\/2022\\\/02\\\/AC-EV-Charger-Photo-3.webp\",\"width\":608,\"height\":1024,\"caption\":\"Beny elektrische auto opladen\"},{\"@type\":\"BreadcrumbList\",\"@id\":\"https:\\\/\\\/www.qevsolutions.be\\\/fr\\\/produit\\\/beny-32-a-monophase-74-kw-avec-cable-3\\\/#breadcrumb\",\"itemListElement\":[{\"@type\":\"ListItem\",\"position\":1,\"name\":\"Home\",\"item\":\"https:\\\/\\\/www.qevsolutions.be\\\/fr\\\/\"},{\"@type\":\"ListItem\",\"position\":2,\"name\":\"Commandez vos bornes de recharge et accessoires en ligne\",\"item\":\"https:\\\/\\\/www.qevsolutions.be\\\/fr\\\/boutique\\\/\"},{\"@type\":\"ListItem\",\"position\":3,\"name\":\"Beny 32 A monophas\u00e9 7,4 kW avec c\u00e2ble\"}]},{\"@type\":\"WebSite\",\"@id\":\"https:\\\/\\\/www.qevsolutions.be\\\/fr\\\/#website\",\"url\":\"https:\\\/\\\/www.qevsolutions.be\\\/fr\\\/\",\"name\":\"Q.Ev. Solutions and distributions\",\"description\":\"\",\"potentialAction\":[{\"@type\":\"SearchAction\",\"target\":{\"@type\":\"EntryPoint\",\"urlTemplate\":\"https:\\\/\\\/www.qevsolutions.be\\\/fr\\\/?s={search_term_string}\"},\"query-input\":{\"@type\":\"PropertyValueSpecification\",\"valueRequired\":true,\"valueName\":\"search_term_string\"}}],\"inLanguage\":\"fr-FR\"}]}<\/script>\n<!-- \/ Yoast SEO plugin. -->","yoast_head_json":{"title":"Beny 32 A monophas\u00e9 7,4 kW avec c\u00e2ble - Q.Ev. Solutions and distributions","robots":{"index":"index","follow":"follow","max-snippet":"max-snippet:-1","max-image-preview":"max-image-preview:large","max-video-preview":"max-video-preview:-1"},"canonical":"https:\/\/www.qevsolutions.be\/fr\/produit\/beny-32-a-monophase-74-kw-avec-cable-3\/","og_locale":"fr_FR","og_type":"article","og_title":"Beny 32 A monophas\u00e9 7,4 kW avec c\u00e2ble - Q.Ev. Solutions and distributions","og_description":"Ce chargeur domestique de Beny b\u00e9n\u00e9ficie d&rsquo;une excellente garantie de 5 ans qui le rend unique dans sa gamme. Ces bornes de recharge proviennent d&rsquo;un fabricant chinois et b\u00e9n\u00e9ficient tous de la certification CE. Nous, Q. EV. Solutions est charg\u00e9e de l&rsquo;importation de ces appareils, ce qui nous permet de proposer un prix tr\u00e8s attractif. [&hellip;]","og_url":"https:\/\/www.qevsolutions.be\/fr\/produit\/beny-32-a-monophase-74-kw-avec-cable-3\/","og_site_name":"Q.Ev. Solutions and distributions","article_modified_time":"2022-09-07T16:02:19+00:00","og_image":[{"width":608,"height":1024,"url":"https:\/\/www.qevsolutions.be\/wp-content\/uploads\/2022\/02\/AC-EV-Charger-Photo-3.webp","type":"image\/webp"}],"twitter_card":"summary_large_image","twitter_misc":{"Dur\u00e9e de lecture estim\u00e9e":"2 minutes"},"schema":{"@context":"https:\/\/schema.org","@graph":[{"@type":"WebPage","@id":"https:\/\/www.qevsolutions.be\/fr\/produit\/beny-32-a-monophase-74-kw-avec-cable-3\/","url":"https:\/\/www.qevsolutions.be\/fr\/produit\/beny-32-a-monophase-74-kw-avec-cable-3\/","name":"Beny 32 A monophas\u00e9 7,4 kW avec c\u00e2ble - Q.Ev. Solutions and distributions","isPartOf":{"@id":"https:\/\/www.qevsolutions.be\/fr\/#website"},"primaryImageOfPage":{"@id":"https:\/\/www.qevsolutions.be\/fr\/produit\/beny-32-a-monophase-74-kw-avec-cable-3\/#primaryimage"},"image":{"@id":"https:\/\/www.qevsolutions.be\/fr\/produit\/beny-32-a-monophase-74-kw-avec-cable-3\/#primaryimage"},"thumbnailUrl":"https:\/\/www.qevsolutions.be\/wp-content\/uploads\/2022\/02\/AC-EV-Charger-Photo-3.webp","datePublished":"2022-02-08T12:53:27+00:00","dateModified":"2022-09-07T16:02:19+00:00","breadcrumb":{"@id":"https:\/\/www.qevsolutions.be\/fr\/produit\/beny-32-a-monophase-74-kw-avec-cable-3\/#breadcrumb"},"inLanguage":"fr-FR","potentialAction":[{"@type":"ReadAction","target":["https:\/\/www.qevsolutions.be\/fr\/produit\/beny-32-a-monophase-74-kw-avec-cable-3\/"]}]},{"@type":"ImageObject","inLanguage":"fr-FR","@id":"https:\/\/www.qevsolutions.be\/fr\/produit\/beny-32-a-monophase-74-kw-avec-cable-3\/#primaryimage","url":"https:\/\/www.qevsolutions.be\/wp-content\/uploads\/2022\/02\/AC-EV-Charger-Photo-3.webp","contentUrl":"https:\/\/www.qevsolutions.be\/wp-content\/uploads\/2022\/02\/AC-EV-Charger-Photo-3.webp","width":608,"height":1024,"caption":"Beny elektrische auto opladen"},{"@type":"BreadcrumbList","@id":"https:\/\/www.qevsolutions.be\/fr\/produit\/beny-32-a-monophase-74-kw-avec-cable-3\/#breadcrumb","itemListElement":[{"@type":"ListItem","position":1,"name":"Home","item":"https:\/\/www.qevsolutions.be\/fr\/"},{"@type":"ListItem","position":2,"name":"Commandez vos bornes de recharge et accessoires en ligne","item":"https:\/\/www.qevsolutions.be\/fr\/boutique\/"},{"@type":"ListItem","position":3,"name":"Beny 32 A monophas\u00e9 7,4 kW avec c\u00e2ble"}]},{"@type":"WebSite","@id":"https:\/\/www.qevsolutions.be\/fr\/#website","url":"https:\/\/www.qevsolutions.be\/fr\/","name":"Q.Ev. Solutions and distributions","description":"","potentialAction":[{"@type":"SearchAction","target":{"@type":"EntryPoint","urlTemplate":"https:\/\/www.qevsolutions.be\/fr\/?s={search_term_string}"},"query-input":{"@type":"PropertyValueSpecification","valueRequired":true,"valueName":"search_term_string"}}],"inLanguage":"fr-FR"}]}},"_links":{"self":[{"href":"https:\/\/www.qevsolutions.be\/fr\/wp-json\/wp\/v2\/product\/1122","targetHints":{"allow":["GET"]}}],"collection":[{"href":"https:\/\/www.qevsolutions.be\/fr\/wp-json\/wp\/v2\/product"}],"about":[{"href":"https:\/\/www.qevsolutions.be\/fr\/wp-json\/wp\/v2\/types\/product"}],"wp:featuredmedia":[{"embeddable":true,"href":"https:\/\/www.qevsolutions.be\/fr\/wp-json\/wp\/v2\/media\/406"}],"wp:attachment":[{"href":"https:\/\/www.qevsolutions.be\/fr\/wp-json\/wp\/v2\/media?parent=1122"}],"wp:term":[{"taxonomy":"product_brand","embeddable":true,"href":"https:\/\/www.qevsolutions.be\/fr\/wp-json\/wp\/v2\/product_brand?post=1122"},{"taxonomy":"product_cat","embeddable":true,"href":"https:\/\/www.qevsolutions.be\/fr\/wp-json\/wp\/v2\/product_cat?post=1122"},{"taxonomy":"product_tag","embeddable":true,"href":"https:\/\/www.qevsolutions.be\/fr\/wp-json\/wp\/v2\/product_tag?post=1122"}],"curies":[{"name":"wp","href":"https:\/\/api.w.org\/{rel}","templated":true}]}}