{"id":1120,"date":"2022-02-08T14:04:57","date_gmt":"2022-02-08T13:04:57","guid":{"rendered":"https:\/\/www.qevsolutions.be\/product\/beny-32a-enkel-fase-7-4kw-met-socket\/"},"modified":"2022-09-07T16:57:33","modified_gmt":"2022-09-07T15:57:33","slug":"beny-32-a-monophase-74-kw-avec-connecteur","status":"publish","type":"product","link":"https:\/\/www.qevsolutions.be\/fr\/produit\/beny-32-a-monophase-74-kw-avec-connecteur\/","title":{"rendered":"Beny 32 A monophas\u00e9 7,4 kW avec connecteur"},"content":{"rendered":"<p>Ce chargeur domestique de Beny b\u00e9n\u00e9ficie d&rsquo;une excellente garantie de 5 ans qui le rend unique dans sa gamme.<\/p>\n<p>Ces bornes de recharge proviennent d&rsquo;un fabricant chinois et b\u00e9n\u00e9ficient tous de la certification CE. Nous, Q. EV. Solutions est charg\u00e9e de l&rsquo;importation de ces appareils, ce qui nous permet de proposer un prix tr\u00e8s attractif.<\/p>\n<p>Le fabricant est un nom \u00e9tabli en Europe pour tout ce qui concerne l&rsquo;\u00e9lectricit\u00e9 et les composants.<\/p>\n<p>Cette borne de recharge de Beny dispose d&rsquo;un connecteur et ne dispose pas de c\u00e2ble de recharge int\u00e9gr\u00e9.<\/p>\n<p>La borne de recharge peut \u00eatre commut\u00e9e \u00e0 32 A (7,4 kW) en monophas\u00e9.<\/p>\n<p>Les grands t\u00e9moins lumineux indiquent clairement quand le chargeur est actif ou \u00e9teint.<\/p>\n<p>Un bouton d&rsquo;arr\u00eat d&rsquo;urgence et un bouton de d\u00e9tection des fuites sont fournis sur ce chargeur pour que tout soit s\u00e9curis\u00e9 lors de la charge.<\/p>\n<p>Le lecteur RFID permet de d\u00e9marrer facilement le chargeur. Vous recevez une paire de badges fournis que vous pouvez tenir devant le lecteur RFID pour d\u00e9marrer le chargeur, ce qui vous \u00e9vite des actions compliqu\u00e9es pour charger.<\/p>\n<p>Vous ne pouvez pas obtenir de subvention du gouvernement pour cette borne de recharge !<\/p>\n","protected":false},"excerpt":{"rendered":"<p>Ce chargeur domestique de Beny b\u00e9n\u00e9ficie d&rsquo;une excellente garantie de 5 ans qui le rend unique dans sa gamme. Ces bornes de recharge proviennent d&rsquo;un fabricant chinois et b\u00e9n\u00e9ficient tous de la certification CE. Nous, Q. EV. Solutions est charg\u00e9e de l&rsquo;importation de ces appareils, ce qui nous permet de proposer un prix tr\u00e8s attractif. [&hellip;]<\/p>\n","protected":false},"featured_media":1310,"template":"","meta":[],"product_brand":[],"product_cat":[325],"product_tag":[],"class_list":{"0":"post-1120","1":"product","2":"type-product","3":"status-publish","4":"has-post-thumbnail","6":"product_cat-chargeur-domestique","8":"first","9":"instock","10":"sale","11":"taxable","12":"shipping-taxable","13":"purchasable","14":"product-type-simple"},"yoast_head":"<!-- This site is optimized with the Yoast SEO plugin v27.5 - https:\/\/yoast.com\/product\/yoast-seo-wordpress\/ -->\n<title>Beny 32 A monophas\u00e9 7,4 kW avec connecteur - Q.Ev. Solutions and distributions<\/title>\n<meta name=\"robots\" content=\"index, follow, max-snippet:-1, max-image-preview:large, max-video-preview:-1\" \/>\n<link rel=\"canonical\" href=\"https:\/\/www.qevsolutions.be\/fr\/produit\/beny-32-a-monophase-74-kw-avec-connecteur\/\" \/>\n<meta property=\"og:locale\" content=\"fr_FR\" \/>\n<meta property=\"og:type\" content=\"article\" \/>\n<meta property=\"og:title\" content=\"Beny 32 A monophas\u00e9 7,4 kW avec connecteur - Q.Ev. Solutions and distributions\" \/>\n<meta property=\"og:description\" content=\"Ce chargeur domestique de Beny b\u00e9n\u00e9ficie d&rsquo;une excellente garantie de 5 ans qui le rend unique dans sa gamme. Ces bornes de recharge proviennent d&rsquo;un fabricant chinois et b\u00e9n\u00e9ficient tous de la certification CE. Nous, Q. EV. Solutions est charg\u00e9e de l&rsquo;importation de ces appareils, ce qui nous permet de proposer un prix tr\u00e8s attractif. [&hellip;]\" \/>\n<meta property=\"og:url\" content=\"https:\/\/www.qevsolutions.be\/fr\/produit\/beny-32-a-monophase-74-kw-avec-connecteur\/\" \/>\n<meta property=\"og:site_name\" content=\"Q.Ev. Solutions and distributions\" \/>\n<meta property=\"article:modified_time\" content=\"2022-09-07T15:57:33+00:00\" \/>\n<meta property=\"og:image\" content=\"https:\/\/www.qevsolutions.be\/wp-content\/uploads\/2022\/02\/AC-EV-Charger-Photo-4-1.png\" \/>\n\t<meta property=\"og:image:width\" content=\"1544\" \/>\n\t<meta property=\"og:image:height\" content=\"2876\" \/>\n\t<meta property=\"og:image:type\" content=\"image\/png\" \/>\n<meta name=\"twitter:card\" content=\"summary_large_image\" \/>\n<meta name=\"twitter:label1\" content=\"Dur\u00e9e de lecture estim\u00e9e\" \/>\n\t<meta name=\"twitter:data1\" content=\"1 minute\" \/>\n<script type=\"application\/ld+json\" class=\"yoast-schema-graph\">{\"@context\":\"https:\\\/\\\/schema.org\",\"@graph\":[{\"@type\":\"WebPage\",\"@id\":\"https:\\\/\\\/www.qevsolutions.be\\\/fr\\\/produit\\\/beny-32-a-monophase-74-kw-avec-connecteur\\\/\",\"url\":\"https:\\\/\\\/www.qevsolutions.be\\\/fr\\\/produit\\\/beny-32-a-monophase-74-kw-avec-connecteur\\\/\",\"name\":\"Beny 32 A monophas\u00e9 7,4 kW avec connecteur - Q.Ev. Solutions and distributions\",\"isPartOf\":{\"@id\":\"https:\\\/\\\/www.qevsolutions.be\\\/fr\\\/#website\"},\"primaryImageOfPage\":{\"@id\":\"https:\\\/\\\/www.qevsolutions.be\\\/fr\\\/produit\\\/beny-32-a-monophase-74-kw-avec-connecteur\\\/#primaryimage\"},\"image\":{\"@id\":\"https:\\\/\\\/www.qevsolutions.be\\\/fr\\\/produit\\\/beny-32-a-monophase-74-kw-avec-connecteur\\\/#primaryimage\"},\"thumbnailUrl\":\"https:\\\/\\\/www.qevsolutions.be\\\/wp-content\\\/uploads\\\/2022\\\/02\\\/AC-EV-Charger-Photo-4-1.png\",\"datePublished\":\"2022-02-08T13:04:57+00:00\",\"dateModified\":\"2022-09-07T15:57:33+00:00\",\"breadcrumb\":{\"@id\":\"https:\\\/\\\/www.qevsolutions.be\\\/fr\\\/produit\\\/beny-32-a-monophase-74-kw-avec-connecteur\\\/#breadcrumb\"},\"inLanguage\":\"fr-FR\",\"potentialAction\":[{\"@type\":\"ReadAction\",\"target\":[\"https:\\\/\\\/www.qevsolutions.be\\\/fr\\\/produit\\\/beny-32-a-monophase-74-kw-avec-connecteur\\\/\"]}]},{\"@type\":\"ImageObject\",\"inLanguage\":\"fr-FR\",\"@id\":\"https:\\\/\\\/www.qevsolutions.be\\\/fr\\\/produit\\\/beny-32-a-monophase-74-kw-avec-connecteur\\\/#primaryimage\",\"url\":\"https:\\\/\\\/www.qevsolutions.be\\\/wp-content\\\/uploads\\\/2022\\\/02\\\/AC-EV-Charger-Photo-4-1.png\",\"contentUrl\":\"https:\\\/\\\/www.qevsolutions.be\\\/wp-content\\\/uploads\\\/2022\\\/02\\\/AC-EV-Charger-Photo-4-1.png\",\"width\":1544,\"height\":2876},{\"@type\":\"BreadcrumbList\",\"@id\":\"https:\\\/\\\/www.qevsolutions.be\\\/fr\\\/produit\\\/beny-32-a-monophase-74-kw-avec-connecteur\\\/#breadcrumb\",\"itemListElement\":[{\"@type\":\"ListItem\",\"position\":1,\"name\":\"Home\",\"item\":\"https:\\\/\\\/www.qevsolutions.be\\\/fr\\\/\"},{\"@type\":\"ListItem\",\"position\":2,\"name\":\"Commandez vos bornes de recharge et accessoires en ligne\",\"item\":\"https:\\\/\\\/www.qevsolutions.be\\\/fr\\\/boutique\\\/\"},{\"@type\":\"ListItem\",\"position\":3,\"name\":\"Beny 32 A monophas\u00e9 7,4 kW avec connecteur\"}]},{\"@type\":\"WebSite\",\"@id\":\"https:\\\/\\\/www.qevsolutions.be\\\/fr\\\/#website\",\"url\":\"https:\\\/\\\/www.qevsolutions.be\\\/fr\\\/\",\"name\":\"Q.Ev. Solutions and distributions\",\"description\":\"\",\"potentialAction\":[{\"@type\":\"SearchAction\",\"target\":{\"@type\":\"EntryPoint\",\"urlTemplate\":\"https:\\\/\\\/www.qevsolutions.be\\\/fr\\\/?s={search_term_string}\"},\"query-input\":{\"@type\":\"PropertyValueSpecification\",\"valueRequired\":true,\"valueName\":\"search_term_string\"}}],\"inLanguage\":\"fr-FR\"}]}<\/script>\n<!-- \/ Yoast SEO plugin. -->","yoast_head_json":{"title":"Beny 32 A monophas\u00e9 7,4 kW avec connecteur - Q.Ev. Solutions and distributions","robots":{"index":"index","follow":"follow","max-snippet":"max-snippet:-1","max-image-preview":"max-image-preview:large","max-video-preview":"max-video-preview:-1"},"canonical":"https:\/\/www.qevsolutions.be\/fr\/produit\/beny-32-a-monophase-74-kw-avec-connecteur\/","og_locale":"fr_FR","og_type":"article","og_title":"Beny 32 A monophas\u00e9 7,4 kW avec connecteur - Q.Ev. Solutions and distributions","og_description":"Ce chargeur domestique de Beny b\u00e9n\u00e9ficie d&rsquo;une excellente garantie de 5 ans qui le rend unique dans sa gamme. Ces bornes de recharge proviennent d&rsquo;un fabricant chinois et b\u00e9n\u00e9ficient tous de la certification CE. Nous, Q. EV. Solutions est charg\u00e9e de l&rsquo;importation de ces appareils, ce qui nous permet de proposer un prix tr\u00e8s attractif. [&hellip;]","og_url":"https:\/\/www.qevsolutions.be\/fr\/produit\/beny-32-a-monophase-74-kw-avec-connecteur\/","og_site_name":"Q.Ev. Solutions and distributions","article_modified_time":"2022-09-07T15:57:33+00:00","og_image":[{"width":1544,"height":2876,"url":"https:\/\/www.qevsolutions.be\/wp-content\/uploads\/2022\/02\/AC-EV-Charger-Photo-4-1.png","type":"image\/png"}],"twitter_card":"summary_large_image","twitter_misc":{"Dur\u00e9e de lecture estim\u00e9e":"1 minute"},"schema":{"@context":"https:\/\/schema.org","@graph":[{"@type":"WebPage","@id":"https:\/\/www.qevsolutions.be\/fr\/produit\/beny-32-a-monophase-74-kw-avec-connecteur\/","url":"https:\/\/www.qevsolutions.be\/fr\/produit\/beny-32-a-monophase-74-kw-avec-connecteur\/","name":"Beny 32 A monophas\u00e9 7,4 kW avec connecteur - Q.Ev. Solutions and distributions","isPartOf":{"@id":"https:\/\/www.qevsolutions.be\/fr\/#website"},"primaryImageOfPage":{"@id":"https:\/\/www.qevsolutions.be\/fr\/produit\/beny-32-a-monophase-74-kw-avec-connecteur\/#primaryimage"},"image":{"@id":"https:\/\/www.qevsolutions.be\/fr\/produit\/beny-32-a-monophase-74-kw-avec-connecteur\/#primaryimage"},"thumbnailUrl":"https:\/\/www.qevsolutions.be\/wp-content\/uploads\/2022\/02\/AC-EV-Charger-Photo-4-1.png","datePublished":"2022-02-08T13:04:57+00:00","dateModified":"2022-09-07T15:57:33+00:00","breadcrumb":{"@id":"https:\/\/www.qevsolutions.be\/fr\/produit\/beny-32-a-monophase-74-kw-avec-connecteur\/#breadcrumb"},"inLanguage":"fr-FR","potentialAction":[{"@type":"ReadAction","target":["https:\/\/www.qevsolutions.be\/fr\/produit\/beny-32-a-monophase-74-kw-avec-connecteur\/"]}]},{"@type":"ImageObject","inLanguage":"fr-FR","@id":"https:\/\/www.qevsolutions.be\/fr\/produit\/beny-32-a-monophase-74-kw-avec-connecteur\/#primaryimage","url":"https:\/\/www.qevsolutions.be\/wp-content\/uploads\/2022\/02\/AC-EV-Charger-Photo-4-1.png","contentUrl":"https:\/\/www.qevsolutions.be\/wp-content\/uploads\/2022\/02\/AC-EV-Charger-Photo-4-1.png","width":1544,"height":2876},{"@type":"BreadcrumbList","@id":"https:\/\/www.qevsolutions.be\/fr\/produit\/beny-32-a-monophase-74-kw-avec-connecteur\/#breadcrumb","itemListElement":[{"@type":"ListItem","position":1,"name":"Home","item":"https:\/\/www.qevsolutions.be\/fr\/"},{"@type":"ListItem","position":2,"name":"Commandez vos bornes de recharge et accessoires en ligne","item":"https:\/\/www.qevsolutions.be\/fr\/boutique\/"},{"@type":"ListItem","position":3,"name":"Beny 32 A monophas\u00e9 7,4 kW avec connecteur"}]},{"@type":"WebSite","@id":"https:\/\/www.qevsolutions.be\/fr\/#website","url":"https:\/\/www.qevsolutions.be\/fr\/","name":"Q.Ev. Solutions and distributions","description":"","potentialAction":[{"@type":"SearchAction","target":{"@type":"EntryPoint","urlTemplate":"https:\/\/www.qevsolutions.be\/fr\/?s={search_term_string}"},"query-input":{"@type":"PropertyValueSpecification","valueRequired":true,"valueName":"search_term_string"}}],"inLanguage":"fr-FR"}]}},"_links":{"self":[{"href":"https:\/\/www.qevsolutions.be\/fr\/wp-json\/wp\/v2\/product\/1120","targetHints":{"allow":["GET"]}}],"collection":[{"href":"https:\/\/www.qevsolutions.be\/fr\/wp-json\/wp\/v2\/product"}],"about":[{"href":"https:\/\/www.qevsolutions.be\/fr\/wp-json\/wp\/v2\/types\/product"}],"wp:featuredmedia":[{"embeddable":true,"href":"https:\/\/www.qevsolutions.be\/fr\/wp-json\/wp\/v2\/media\/1310"}],"wp:attachment":[{"href":"https:\/\/www.qevsolutions.be\/fr\/wp-json\/wp\/v2\/media?parent=1120"}],"wp:term":[{"taxonomy":"product_brand","embeddable":true,"href":"https:\/\/www.qevsolutions.be\/fr\/wp-json\/wp\/v2\/product_brand?post=1120"},{"taxonomy":"product_cat","embeddable":true,"href":"https:\/\/www.qevsolutions.be\/fr\/wp-json\/wp\/v2\/product_cat?post=1120"},{"taxonomy":"product_tag","embeddable":true,"href":"https:\/\/www.qevsolutions.be\/fr\/wp-json\/wp\/v2\/product_tag?post=1120"}],"curies":[{"name":"wp","href":"https:\/\/api.w.org\/{rel}","templated":true}]}}