{"id":1115,"date":"2022-02-08T14:33:57","date_gmt":"2022-02-08T13:33:57","guid":{"rendered":"https:\/\/www.qevsolutions.be\/product\/laadpaal-besen-74-kw-32a-fase-1-type-2-6-meter-slimme-laadpaal\/"},"modified":"2022-03-22T10:14:56","modified_gmt":"2022-03-22T09:14:56","slug":"borne-de-recharge-besen-74-kw-32-a-phase-1-type-2-6-metres-borne-de-recharge-intelligente","status":"publish","type":"product","link":"https:\/\/www.qevsolutions.be\/fr\/produit\/borne-de-recharge-besen-74-kw-32-a-phase-1-type-2-6-metres-borne-de-recharge-intelligente\/","title":{"rendered":"Borne de recharge Besen &#8211; 7,4 kW &#8211; 32 A phase 1 &#8211; type 2 &#8211; 6 m\u00e8tres &#8211; Borne de recharge intelligente"},"content":{"rendered":"<p class=\"P68B1DB1-Normaalweb4\">Cette borne de recharge intelligente de Besen dispose d&rsquo;un superbe \u00e9cran LCD sur lequel vous pouvez trouver toutes les informations n\u00e9cessaires \u00e0 la recharge de votre v\u00e9hicule.<\/p>\n<p class=\"P68B1DB1-Normaalweb4\">L&rsquo;\u00e9quilibrage de charge r\u00e9glable vous permet de charger intelligemment, vous d\u00e9cidez des heures, de la puissance, etc&#8230;<\/p>\n<p class=\"P68B1DB1-Normaalweb4\">Les bornes de recharge Besen sont \u00e9quip\u00e9es d&rsquo;une protection int\u00e9gr\u00e9e contre les fuites \u00e0 la terre, une s\u00e9curit\u00e9 contre la surchauffe et les courts-circuits.<\/p>\n<p class=\"P68B1DB1-Normaalweb4\">Vous pouvez t\u00e9l\u00e9charger la fonction EVSE Master APP et y param\u00e9trer toutes les fonctions intelligentes. Vous pouvez \u00e9galement associer des noms \u00e0 la borne de recharge afin que seules ces personnes puissent travailler avec les bornes. Vous pouvez \u00e9galement d\u00e9finir des mots de passe pour la s\u00e9curit\u00e9 et tirer des statistiques des sessions de recharge.<\/p>\n<p class=\"P68B1DB1-Normaalweb4\">Avec leur indice IP64, les chargeurs conviennent \u00e0 une utilisation en int\u00e9rieur comme en ext\u00e9rieur.<\/p>\n<p class=\"P68B1DB1-Normaalweb4\">Chez nous, vous achetez le produit directement aupr\u00e8s du distributeur pour la Belgique, garantissant ainsi un excellent service et des prix attractifs.<\/p>\n<p class=\"P68B1DB1-Normaalweb4\">En achetant cette borne de recharge en combinaison avec une installation professionnelle, vous pouvez b\u00e9n\u00e9ficier d&rsquo;une subvention de notre gouvernement en Belgique. Veuillez consulter notre page relative aux subventions.<\/p>\n","protected":false},"excerpt":{"rendered":"<p>Cette borne de recharge intelligente de Besen dispose d&rsquo;un superbe \u00e9cran LCD sur lequel vous pouvez trouver toutes les informations n\u00e9cessaires \u00e0 la recharge de votre v\u00e9hicule. L&rsquo;\u00e9quilibrage de charge r\u00e9glable vous permet de charger intelligemment, vous d\u00e9cidez des heures, de la puissance, etc&#8230; Les bornes de recharge Besen sont \u00e9quip\u00e9es d&rsquo;une protection int\u00e9gr\u00e9e contre [&hellip;]<\/p>\n","protected":false},"featured_media":449,"template":"","meta":[],"product_brand":[],"product_cat":[325],"product_tag":[],"class_list":{"0":"post-1115","1":"product","2":"type-product","3":"status-publish","4":"has-post-thumbnail","6":"product_cat-chargeur-domestique","8":"first","9":"outofstock","10":"taxable","11":"shipping-taxable","12":"purchasable","13":"product-type-simple"},"yoast_head":"<!-- This site is optimized with the Yoast SEO plugin v27.3 - https:\/\/yoast.com\/product\/yoast-seo-wordpress\/ -->\n<title>Borne de recharge Besen - 7,4 kW - 32 A phase 1 - type 2 - 6 m\u00e8tres - Borne de recharge intelligente - Q.Ev. Solutions and distributions<\/title>\n<meta name=\"robots\" content=\"index, follow, max-snippet:-1, max-image-preview:large, max-video-preview:-1\" \/>\n<link rel=\"canonical\" href=\"https:\/\/www.qevsolutions.be\/fr\/produit\/borne-de-recharge-besen-74-kw-32-a-phase-1-type-2-6-metres-borne-de-recharge-intelligente\/\" \/>\n<meta property=\"og:locale\" content=\"fr_FR\" \/>\n<meta property=\"og:type\" content=\"article\" \/>\n<meta property=\"og:title\" content=\"Borne de recharge Besen - 7,4 kW - 32 A phase 1 - type 2 - 6 m\u00e8tres - Borne de recharge intelligente - Q.Ev. Solutions and distributions\" \/>\n<meta property=\"og:description\" content=\"Cette borne de recharge intelligente de Besen dispose d&rsquo;un superbe \u00e9cran LCD sur lequel vous pouvez trouver toutes les informations n\u00e9cessaires \u00e0 la recharge de votre v\u00e9hicule. L&rsquo;\u00e9quilibrage de charge r\u00e9glable vous permet de charger intelligemment, vous d\u00e9cidez des heures, de la puissance, etc&#8230; Les bornes de recharge Besen sont \u00e9quip\u00e9es d&rsquo;une protection int\u00e9gr\u00e9e contre [&hellip;]\" \/>\n<meta property=\"og:url\" content=\"https:\/\/www.qevsolutions.be\/fr\/produit\/borne-de-recharge-besen-74-kw-32-a-phase-1-type-2-6-metres-borne-de-recharge-intelligente\/\" \/>\n<meta property=\"og:site_name\" content=\"Q.Ev. Solutions and distributions\" \/>\n<meta property=\"article:modified_time\" content=\"2022-03-22T09:14:56+00:00\" \/>\n<meta property=\"og:image\" content=\"https:\/\/www.qevsolutions.be\/wp-content\/uploads\/2022\/02\/BS20-BC-7KW-APP.webp\" \/>\n\t<meta property=\"og:image:width\" content=\"600\" \/>\n\t<meta property=\"og:image:height\" content=\"600\" \/>\n\t<meta property=\"og:image:type\" content=\"image\/webp\" \/>\n<meta name=\"twitter:card\" content=\"summary_large_image\" \/>\n<meta name=\"twitter:label1\" content=\"Dur\u00e9e de lecture estim\u00e9e\" \/>\n\t<meta name=\"twitter:data1\" content=\"1 minute\" \/>\n<script type=\"application\/ld+json\" class=\"yoast-schema-graph\">{\"@context\":\"https:\\\/\\\/schema.org\",\"@graph\":[{\"@type\":\"WebPage\",\"@id\":\"https:\\\/\\\/www.qevsolutions.be\\\/fr\\\/produit\\\/borne-de-recharge-besen-74-kw-32-a-phase-1-type-2-6-metres-borne-de-recharge-intelligente\\\/\",\"url\":\"https:\\\/\\\/www.qevsolutions.be\\\/fr\\\/produit\\\/borne-de-recharge-besen-74-kw-32-a-phase-1-type-2-6-metres-borne-de-recharge-intelligente\\\/\",\"name\":\"Borne de recharge Besen - 7,4 kW - 32 A phase 1 - type 2 - 6 m\u00e8tres - Borne de recharge intelligente - Q.Ev. Solutions and distributions\",\"isPartOf\":{\"@id\":\"https:\\\/\\\/www.qevsolutions.be\\\/fr\\\/#website\"},\"primaryImageOfPage\":{\"@id\":\"https:\\\/\\\/www.qevsolutions.be\\\/fr\\\/produit\\\/borne-de-recharge-besen-74-kw-32-a-phase-1-type-2-6-metres-borne-de-recharge-intelligente\\\/#primaryimage\"},\"image\":{\"@id\":\"https:\\\/\\\/www.qevsolutions.be\\\/fr\\\/produit\\\/borne-de-recharge-besen-74-kw-32-a-phase-1-type-2-6-metres-borne-de-recharge-intelligente\\\/#primaryimage\"},\"thumbnailUrl\":\"https:\\\/\\\/www.qevsolutions.be\\\/wp-content\\\/uploads\\\/2022\\\/02\\\/BS20-BC-7KW-APP.webp\",\"datePublished\":\"2022-02-08T13:33:57+00:00\",\"dateModified\":\"2022-03-22T09:14:56+00:00\",\"breadcrumb\":{\"@id\":\"https:\\\/\\\/www.qevsolutions.be\\\/fr\\\/produit\\\/borne-de-recharge-besen-74-kw-32-a-phase-1-type-2-6-metres-borne-de-recharge-intelligente\\\/#breadcrumb\"},\"inLanguage\":\"fr-FR\",\"potentialAction\":[{\"@type\":\"ReadAction\",\"target\":[\"https:\\\/\\\/www.qevsolutions.be\\\/fr\\\/produit\\\/borne-de-recharge-besen-74-kw-32-a-phase-1-type-2-6-metres-borne-de-recharge-intelligente\\\/\"]}]},{\"@type\":\"ImageObject\",\"inLanguage\":\"fr-FR\",\"@id\":\"https:\\\/\\\/www.qevsolutions.be\\\/fr\\\/produit\\\/borne-de-recharge-besen-74-kw-32-a-phase-1-type-2-6-metres-borne-de-recharge-intelligente\\\/#primaryimage\",\"url\":\"https:\\\/\\\/www.qevsolutions.be\\\/wp-content\\\/uploads\\\/2022\\\/02\\\/BS20-BC-7KW-APP.webp\",\"contentUrl\":\"https:\\\/\\\/www.qevsolutions.be\\\/wp-content\\\/uploads\\\/2022\\\/02\\\/BS20-BC-7KW-APP.webp\",\"width\":600,\"height\":600,\"caption\":\"Laadpaal Besen elektrische auto\"},{\"@type\":\"BreadcrumbList\",\"@id\":\"https:\\\/\\\/www.qevsolutions.be\\\/fr\\\/produit\\\/borne-de-recharge-besen-74-kw-32-a-phase-1-type-2-6-metres-borne-de-recharge-intelligente\\\/#breadcrumb\",\"itemListElement\":[{\"@type\":\"ListItem\",\"position\":1,\"name\":\"Home\",\"item\":\"https:\\\/\\\/www.qevsolutions.be\\\/fr\\\/\"},{\"@type\":\"ListItem\",\"position\":2,\"name\":\"Commandez vos bornes de recharge et accessoires en ligne\",\"item\":\"https:\\\/\\\/www.qevsolutions.be\\\/fr\\\/boutique\\\/\"},{\"@type\":\"ListItem\",\"position\":3,\"name\":\"Borne de recharge Besen &#8211; 7,4 kW &#8211; 32 A phase 1 &#8211; type 2 &#8211; 6 m\u00e8tres &#8211; Borne de recharge intelligente\"}]},{\"@type\":\"WebSite\",\"@id\":\"https:\\\/\\\/www.qevsolutions.be\\\/fr\\\/#website\",\"url\":\"https:\\\/\\\/www.qevsolutions.be\\\/fr\\\/\",\"name\":\"Q.Ev. Solutions and distributions\",\"description\":\"\",\"potentialAction\":[{\"@type\":\"SearchAction\",\"target\":{\"@type\":\"EntryPoint\",\"urlTemplate\":\"https:\\\/\\\/www.qevsolutions.be\\\/fr\\\/?s={search_term_string}\"},\"query-input\":{\"@type\":\"PropertyValueSpecification\",\"valueRequired\":true,\"valueName\":\"search_term_string\"}}],\"inLanguage\":\"fr-FR\"}]}<\/script>\n<!-- \/ Yoast SEO plugin. -->","yoast_head_json":{"title":"Borne de recharge Besen - 7,4 kW - 32 A phase 1 - type 2 - 6 m\u00e8tres - Borne de recharge intelligente - Q.Ev. Solutions and distributions","robots":{"index":"index","follow":"follow","max-snippet":"max-snippet:-1","max-image-preview":"max-image-preview:large","max-video-preview":"max-video-preview:-1"},"canonical":"https:\/\/www.qevsolutions.be\/fr\/produit\/borne-de-recharge-besen-74-kw-32-a-phase-1-type-2-6-metres-borne-de-recharge-intelligente\/","og_locale":"fr_FR","og_type":"article","og_title":"Borne de recharge Besen - 7,4 kW - 32 A phase 1 - type 2 - 6 m\u00e8tres - Borne de recharge intelligente - Q.Ev. Solutions and distributions","og_description":"Cette borne de recharge intelligente de Besen dispose d&rsquo;un superbe \u00e9cran LCD sur lequel vous pouvez trouver toutes les informations n\u00e9cessaires \u00e0 la recharge de votre v\u00e9hicule. L&rsquo;\u00e9quilibrage de charge r\u00e9glable vous permet de charger intelligemment, vous d\u00e9cidez des heures, de la puissance, etc&#8230; Les bornes de recharge Besen sont \u00e9quip\u00e9es d&rsquo;une protection int\u00e9gr\u00e9e contre [&hellip;]","og_url":"https:\/\/www.qevsolutions.be\/fr\/produit\/borne-de-recharge-besen-74-kw-32-a-phase-1-type-2-6-metres-borne-de-recharge-intelligente\/","og_site_name":"Q.Ev. Solutions and distributions","article_modified_time":"2022-03-22T09:14:56+00:00","og_image":[{"width":600,"height":600,"url":"https:\/\/www.qevsolutions.be\/wp-content\/uploads\/2022\/02\/BS20-BC-7KW-APP.webp","type":"image\/webp"}],"twitter_card":"summary_large_image","twitter_misc":{"Dur\u00e9e de lecture estim\u00e9e":"1 minute"},"schema":{"@context":"https:\/\/schema.org","@graph":[{"@type":"WebPage","@id":"https:\/\/www.qevsolutions.be\/fr\/produit\/borne-de-recharge-besen-74-kw-32-a-phase-1-type-2-6-metres-borne-de-recharge-intelligente\/","url":"https:\/\/www.qevsolutions.be\/fr\/produit\/borne-de-recharge-besen-74-kw-32-a-phase-1-type-2-6-metres-borne-de-recharge-intelligente\/","name":"Borne de recharge Besen - 7,4 kW - 32 A phase 1 - type 2 - 6 m\u00e8tres - Borne de recharge intelligente - Q.Ev. Solutions and distributions","isPartOf":{"@id":"https:\/\/www.qevsolutions.be\/fr\/#website"},"primaryImageOfPage":{"@id":"https:\/\/www.qevsolutions.be\/fr\/produit\/borne-de-recharge-besen-74-kw-32-a-phase-1-type-2-6-metres-borne-de-recharge-intelligente\/#primaryimage"},"image":{"@id":"https:\/\/www.qevsolutions.be\/fr\/produit\/borne-de-recharge-besen-74-kw-32-a-phase-1-type-2-6-metres-borne-de-recharge-intelligente\/#primaryimage"},"thumbnailUrl":"https:\/\/www.qevsolutions.be\/wp-content\/uploads\/2022\/02\/BS20-BC-7KW-APP.webp","datePublished":"2022-02-08T13:33:57+00:00","dateModified":"2022-03-22T09:14:56+00:00","breadcrumb":{"@id":"https:\/\/www.qevsolutions.be\/fr\/produit\/borne-de-recharge-besen-74-kw-32-a-phase-1-type-2-6-metres-borne-de-recharge-intelligente\/#breadcrumb"},"inLanguage":"fr-FR","potentialAction":[{"@type":"ReadAction","target":["https:\/\/www.qevsolutions.be\/fr\/produit\/borne-de-recharge-besen-74-kw-32-a-phase-1-type-2-6-metres-borne-de-recharge-intelligente\/"]}]},{"@type":"ImageObject","inLanguage":"fr-FR","@id":"https:\/\/www.qevsolutions.be\/fr\/produit\/borne-de-recharge-besen-74-kw-32-a-phase-1-type-2-6-metres-borne-de-recharge-intelligente\/#primaryimage","url":"https:\/\/www.qevsolutions.be\/wp-content\/uploads\/2022\/02\/BS20-BC-7KW-APP.webp","contentUrl":"https:\/\/www.qevsolutions.be\/wp-content\/uploads\/2022\/02\/BS20-BC-7KW-APP.webp","width":600,"height":600,"caption":"Laadpaal Besen elektrische auto"},{"@type":"BreadcrumbList","@id":"https:\/\/www.qevsolutions.be\/fr\/produit\/borne-de-recharge-besen-74-kw-32-a-phase-1-type-2-6-metres-borne-de-recharge-intelligente\/#breadcrumb","itemListElement":[{"@type":"ListItem","position":1,"name":"Home","item":"https:\/\/www.qevsolutions.be\/fr\/"},{"@type":"ListItem","position":2,"name":"Commandez vos bornes de recharge et accessoires en ligne","item":"https:\/\/www.qevsolutions.be\/fr\/boutique\/"},{"@type":"ListItem","position":3,"name":"Borne de recharge Besen &#8211; 7,4 kW &#8211; 32 A phase 1 &#8211; type 2 &#8211; 6 m\u00e8tres &#8211; Borne de recharge intelligente"}]},{"@type":"WebSite","@id":"https:\/\/www.qevsolutions.be\/fr\/#website","url":"https:\/\/www.qevsolutions.be\/fr\/","name":"Q.Ev. Solutions and distributions","description":"","potentialAction":[{"@type":"SearchAction","target":{"@type":"EntryPoint","urlTemplate":"https:\/\/www.qevsolutions.be\/fr\/?s={search_term_string}"},"query-input":{"@type":"PropertyValueSpecification","valueRequired":true,"valueName":"search_term_string"}}],"inLanguage":"fr-FR"}]}},"_links":{"self":[{"href":"https:\/\/www.qevsolutions.be\/fr\/wp-json\/wp\/v2\/product\/1115","targetHints":{"allow":["GET"]}}],"collection":[{"href":"https:\/\/www.qevsolutions.be\/fr\/wp-json\/wp\/v2\/product"}],"about":[{"href":"https:\/\/www.qevsolutions.be\/fr\/wp-json\/wp\/v2\/types\/product"}],"wp:featuredmedia":[{"embeddable":true,"href":"https:\/\/www.qevsolutions.be\/fr\/wp-json\/wp\/v2\/media\/449"}],"wp:attachment":[{"href":"https:\/\/www.qevsolutions.be\/fr\/wp-json\/wp\/v2\/media?parent=1115"}],"wp:term":[{"taxonomy":"product_brand","embeddable":true,"href":"https:\/\/www.qevsolutions.be\/fr\/wp-json\/wp\/v2\/product_brand?post=1115"},{"taxonomy":"product_cat","embeddable":true,"href":"https:\/\/www.qevsolutions.be\/fr\/wp-json\/wp\/v2\/product_cat?post=1115"},{"taxonomy":"product_tag","embeddable":true,"href":"https:\/\/www.qevsolutions.be\/fr\/wp-json\/wp\/v2\/product_tag?post=1115"}],"curies":[{"name":"wp","href":"https:\/\/api.w.org\/{rel}","templated":true}]}}