{"id":1111,"date":"2022-02-08T15:00:02","date_gmt":"2022-02-08T14:00:02","guid":{"rendered":"https:\/\/www.qevsolutions.be\/product\/laadpaal-besen-22-kw-32a-fase-3-type-2-6-meter-smartcharge\/"},"modified":"2022-09-11T19:03:05","modified_gmt":"2022-09-11T18:03:05","slug":"borne-de-recharge-besen-22-kw-32-a-phase-3-type-2-6-metres-smartcharge","status":"publish","type":"product","link":"https:\/\/www.qevsolutions.be\/fr\/produit\/borne-de-recharge-besen-22-kw-32-a-phase-3-type-2-6-metres-smartcharge\/","title":{"rendered":"Borne de recharge Besen &#8211; 22 kW &#8211; 32 A phase 3 &#8211; type 2 &#8211; 6 m\u00e8tres \u2013 Smartcharge"},"content":{"rendered":"<p class=\"P68B1DB1-Normaalweb4\">Cette borne de recharge Besen haut de gamme est \u00e9quip\u00e9e de tout ce dont vous avez besoin pour faciliter au maximum la recharge \u00e0 domicile. Elle dispose d&rsquo;un superbe \u00e9cran LCD o\u00f9 vous trouverez toutes les informations n\u00e9cessaires \u00e0 la recharge de votre v\u00e9hicule.<\/p>\n<p class=\"P68B1DB1-Normaalweb4\">Cette borne de recharge intelligente de Besen dispose d&rsquo;un \u00e9quilibrage de charge r\u00e9glable ce qui permet une recharge intelligente, vous d\u00e9cidez des heures, de la puissance, etc &#8230;<\/p>\n<p class=\"P68B1DB1-Normaalweb4\">Les bornes de recharge Besen sont \u00e9quip\u00e9es d&rsquo;une protection int\u00e9gr\u00e9e contre les fuites \u00e0 la terre, une s\u00e9curit\u00e9 contre la surchauffe et les courts-circuits.<\/p>\n<p class=\"P68B1DB1-Normaalweb4\">Avec sa vitesse de charge de 22 kW, elle fait partie des meilleures ventes en mati\u00e8re de recharge rapide. Si votre v\u00e9hicule peut accepter cette vitesse, vous chargez \u00e0 la rapidit\u00e9 maximale pour un chargeur domestique.<\/p>\n<p class=\"P68B1DB1-Normaalweb4\">Vous pouvez t\u00e9l\u00e9charger la fonction EVSE Master APP et y param\u00e9trer toutes les fonctions intelligentes. Vous pouvez \u00e9galement associer des noms \u00e0 la borne de recharge afin que seules ces personnes puissent travailler avec les borne. Vous pouvez \u00e9galement d\u00e9finir des mots de passe pour la s\u00e9curit\u00e9 et tirer des statistiques des sessions de recharge.<\/p>\n<p class=\"P68B1DB1-Normaalweb4\">Avec leur indice IP64, les chargeurs conviennent \u00e0 une utilisation en int\u00e9rieur comme en ext\u00e9rieur.<\/p>\n<p class=\"P68B1DB1-Normaalweb4\">Chez nous, vous achetez le produit directement aupr\u00e8s du distributeur pour la Belgique, garantissant ainsi un excellent service et des prix attractifs.<\/p>\n<p class=\"P68B1DB1-Normaalweb4\">En achetant cette borne de recharge en combinaison avec une installation professionnelle, vous pouvez b\u00e9n\u00e9ficier d&rsquo;une subvention de notre gouvernement en Belgique. Veuillez consulter notre page relative aux subventions.<\/p>\n","protected":false},"excerpt":{"rendered":"<p>Cette borne de recharge Besen haut de gamme est \u00e9quip\u00e9e de tout ce dont vous avez besoin pour faciliter au maximum la recharge \u00e0 domicile. Elle dispose d&rsquo;un superbe \u00e9cran LCD o\u00f9 vous trouverez toutes les informations n\u00e9cessaires \u00e0 la recharge de votre v\u00e9hicule. Cette borne de recharge intelligente de Besen dispose d&rsquo;un \u00e9quilibrage de [&hellip;]<\/p>\n","protected":false},"featured_media":456,"template":"","meta":[],"product_brand":[],"product_cat":[325],"product_tag":[],"class_list":{"0":"post-1111","1":"product","2":"type-product","3":"status-publish","4":"has-post-thumbnail","6":"product_cat-chargeur-domestique","8":"first","9":"instock","10":"sale","11":"featured","12":"taxable","13":"shipping-taxable","14":"purchasable","15":"product-type-simple"},"yoast_head":"<!-- This site is optimized with the Yoast SEO plugin v27.3 - https:\/\/yoast.com\/product\/yoast-seo-wordpress\/ -->\n<title>Borne de recharge Besen - 22 kW - 32 A phase 3 - type 2 - 6 m\u00e8tres \u2013 Smartcharge - Q.Ev. Solutions and distributions<\/title>\n<meta name=\"robots\" content=\"index, follow, max-snippet:-1, max-image-preview:large, max-video-preview:-1\" \/>\n<link rel=\"canonical\" href=\"https:\/\/www.qevsolutions.be\/fr\/produit\/borne-de-recharge-besen-22-kw-32-a-phase-3-type-2-6-metres-smartcharge\/\" \/>\n<meta property=\"og:locale\" content=\"fr_FR\" \/>\n<meta property=\"og:type\" content=\"article\" \/>\n<meta property=\"og:title\" content=\"Borne de recharge Besen - 22 kW - 32 A phase 3 - type 2 - 6 m\u00e8tres \u2013 Smartcharge - Q.Ev. Solutions and distributions\" \/>\n<meta property=\"og:description\" content=\"Cette borne de recharge Besen haut de gamme est \u00e9quip\u00e9e de tout ce dont vous avez besoin pour faciliter au maximum la recharge \u00e0 domicile. Elle dispose d&rsquo;un superbe \u00e9cran LCD o\u00f9 vous trouverez toutes les informations n\u00e9cessaires \u00e0 la recharge de votre v\u00e9hicule. Cette borne de recharge intelligente de Besen dispose d&rsquo;un \u00e9quilibrage de [&hellip;]\" \/>\n<meta property=\"og:url\" content=\"https:\/\/www.qevsolutions.be\/fr\/produit\/borne-de-recharge-besen-22-kw-32-a-phase-3-type-2-6-metres-smartcharge\/\" \/>\n<meta property=\"og:site_name\" content=\"Q.Ev. Solutions and distributions\" \/>\n<meta property=\"article:modified_time\" content=\"2022-09-11T18:03:05+00:00\" \/>\n<meta property=\"og:image\" content=\"https:\/\/www.qevsolutions.be\/wp-content\/uploads\/2022\/02\/BS20-BC-22KW-APP.webp\" \/>\n\t<meta property=\"og:image:width\" content=\"240\" \/>\n\t<meta property=\"og:image:height\" content=\"240\" \/>\n\t<meta property=\"og:image:type\" content=\"image\/webp\" \/>\n<meta name=\"twitter:card\" content=\"summary_large_image\" \/>\n<meta name=\"twitter:label1\" content=\"Dur\u00e9e de lecture estim\u00e9e\" \/>\n\t<meta name=\"twitter:data1\" content=\"2 minutes\" \/>\n<script type=\"application\/ld+json\" class=\"yoast-schema-graph\">{\"@context\":\"https:\\\/\\\/schema.org\",\"@graph\":[{\"@type\":\"WebPage\",\"@id\":\"https:\\\/\\\/www.qevsolutions.be\\\/fr\\\/produit\\\/borne-de-recharge-besen-22-kw-32-a-phase-3-type-2-6-metres-smartcharge\\\/\",\"url\":\"https:\\\/\\\/www.qevsolutions.be\\\/fr\\\/produit\\\/borne-de-recharge-besen-22-kw-32-a-phase-3-type-2-6-metres-smartcharge\\\/\",\"name\":\"Borne de recharge Besen - 22 kW - 32 A phase 3 - type 2 - 6 m\u00e8tres \u2013 Smartcharge - Q.Ev. Solutions and distributions\",\"isPartOf\":{\"@id\":\"https:\\\/\\\/www.qevsolutions.be\\\/fr\\\/#website\"},\"primaryImageOfPage\":{\"@id\":\"https:\\\/\\\/www.qevsolutions.be\\\/fr\\\/produit\\\/borne-de-recharge-besen-22-kw-32-a-phase-3-type-2-6-metres-smartcharge\\\/#primaryimage\"},\"image\":{\"@id\":\"https:\\\/\\\/www.qevsolutions.be\\\/fr\\\/produit\\\/borne-de-recharge-besen-22-kw-32-a-phase-3-type-2-6-metres-smartcharge\\\/#primaryimage\"},\"thumbnailUrl\":\"https:\\\/\\\/www.qevsolutions.be\\\/wp-content\\\/uploads\\\/2022\\\/02\\\/BS20-BC-22KW-APP.webp\",\"datePublished\":\"2022-02-08T14:00:02+00:00\",\"dateModified\":\"2022-09-11T18:03:05+00:00\",\"breadcrumb\":{\"@id\":\"https:\\\/\\\/www.qevsolutions.be\\\/fr\\\/produit\\\/borne-de-recharge-besen-22-kw-32-a-phase-3-type-2-6-metres-smartcharge\\\/#breadcrumb\"},\"inLanguage\":\"fr-FR\",\"potentialAction\":[{\"@type\":\"ReadAction\",\"target\":[\"https:\\\/\\\/www.qevsolutions.be\\\/fr\\\/produit\\\/borne-de-recharge-besen-22-kw-32-a-phase-3-type-2-6-metres-smartcharge\\\/\"]}]},{\"@type\":\"ImageObject\",\"inLanguage\":\"fr-FR\",\"@id\":\"https:\\\/\\\/www.qevsolutions.be\\\/fr\\\/produit\\\/borne-de-recharge-besen-22-kw-32-a-phase-3-type-2-6-metres-smartcharge\\\/#primaryimage\",\"url\":\"https:\\\/\\\/www.qevsolutions.be\\\/wp-content\\\/uploads\\\/2022\\\/02\\\/BS20-BC-22KW-APP.webp\",\"contentUrl\":\"https:\\\/\\\/www.qevsolutions.be\\\/wp-content\\\/uploads\\\/2022\\\/02\\\/BS20-BC-22KW-APP.webp\",\"width\":240,\"height\":240,\"caption\":\"Besen laadpaal\"},{\"@type\":\"BreadcrumbList\",\"@id\":\"https:\\\/\\\/www.qevsolutions.be\\\/fr\\\/produit\\\/borne-de-recharge-besen-22-kw-32-a-phase-3-type-2-6-metres-smartcharge\\\/#breadcrumb\",\"itemListElement\":[{\"@type\":\"ListItem\",\"position\":1,\"name\":\"Home\",\"item\":\"https:\\\/\\\/www.qevsolutions.be\\\/fr\\\/\"},{\"@type\":\"ListItem\",\"position\":2,\"name\":\"Commandez vos bornes de recharge et accessoires en ligne\",\"item\":\"https:\\\/\\\/www.qevsolutions.be\\\/fr\\\/boutique\\\/\"},{\"@type\":\"ListItem\",\"position\":3,\"name\":\"Borne de recharge Besen &#8211; 22 kW &#8211; 32 A phase 3 &#8211; type 2 &#8211; 6 m\u00e8tres \u2013 Smartcharge\"}]},{\"@type\":\"WebSite\",\"@id\":\"https:\\\/\\\/www.qevsolutions.be\\\/fr\\\/#website\",\"url\":\"https:\\\/\\\/www.qevsolutions.be\\\/fr\\\/\",\"name\":\"Q.Ev. Solutions and distributions\",\"description\":\"\",\"potentialAction\":[{\"@type\":\"SearchAction\",\"target\":{\"@type\":\"EntryPoint\",\"urlTemplate\":\"https:\\\/\\\/www.qevsolutions.be\\\/fr\\\/?s={search_term_string}\"},\"query-input\":{\"@type\":\"PropertyValueSpecification\",\"valueRequired\":true,\"valueName\":\"search_term_string\"}}],\"inLanguage\":\"fr-FR\"}]}<\/script>\n<!-- \/ Yoast SEO plugin. -->","yoast_head_json":{"title":"Borne de recharge Besen - 22 kW - 32 A phase 3 - type 2 - 6 m\u00e8tres \u2013 Smartcharge - Q.Ev. Solutions and distributions","robots":{"index":"index","follow":"follow","max-snippet":"max-snippet:-1","max-image-preview":"max-image-preview:large","max-video-preview":"max-video-preview:-1"},"canonical":"https:\/\/www.qevsolutions.be\/fr\/produit\/borne-de-recharge-besen-22-kw-32-a-phase-3-type-2-6-metres-smartcharge\/","og_locale":"fr_FR","og_type":"article","og_title":"Borne de recharge Besen - 22 kW - 32 A phase 3 - type 2 - 6 m\u00e8tres \u2013 Smartcharge - Q.Ev. Solutions and distributions","og_description":"Cette borne de recharge Besen haut de gamme est \u00e9quip\u00e9e de tout ce dont vous avez besoin pour faciliter au maximum la recharge \u00e0 domicile. Elle dispose d&rsquo;un superbe \u00e9cran LCD o\u00f9 vous trouverez toutes les informations n\u00e9cessaires \u00e0 la recharge de votre v\u00e9hicule. Cette borne de recharge intelligente de Besen dispose d&rsquo;un \u00e9quilibrage de [&hellip;]","og_url":"https:\/\/www.qevsolutions.be\/fr\/produit\/borne-de-recharge-besen-22-kw-32-a-phase-3-type-2-6-metres-smartcharge\/","og_site_name":"Q.Ev. Solutions and distributions","article_modified_time":"2022-09-11T18:03:05+00:00","og_image":[{"width":240,"height":240,"url":"https:\/\/www.qevsolutions.be\/wp-content\/uploads\/2022\/02\/BS20-BC-22KW-APP.webp","type":"image\/webp"}],"twitter_card":"summary_large_image","twitter_misc":{"Dur\u00e9e de lecture estim\u00e9e":"2 minutes"},"schema":{"@context":"https:\/\/schema.org","@graph":[{"@type":"WebPage","@id":"https:\/\/www.qevsolutions.be\/fr\/produit\/borne-de-recharge-besen-22-kw-32-a-phase-3-type-2-6-metres-smartcharge\/","url":"https:\/\/www.qevsolutions.be\/fr\/produit\/borne-de-recharge-besen-22-kw-32-a-phase-3-type-2-6-metres-smartcharge\/","name":"Borne de recharge Besen - 22 kW - 32 A phase 3 - type 2 - 6 m\u00e8tres \u2013 Smartcharge - Q.Ev. Solutions and distributions","isPartOf":{"@id":"https:\/\/www.qevsolutions.be\/fr\/#website"},"primaryImageOfPage":{"@id":"https:\/\/www.qevsolutions.be\/fr\/produit\/borne-de-recharge-besen-22-kw-32-a-phase-3-type-2-6-metres-smartcharge\/#primaryimage"},"image":{"@id":"https:\/\/www.qevsolutions.be\/fr\/produit\/borne-de-recharge-besen-22-kw-32-a-phase-3-type-2-6-metres-smartcharge\/#primaryimage"},"thumbnailUrl":"https:\/\/www.qevsolutions.be\/wp-content\/uploads\/2022\/02\/BS20-BC-22KW-APP.webp","datePublished":"2022-02-08T14:00:02+00:00","dateModified":"2022-09-11T18:03:05+00:00","breadcrumb":{"@id":"https:\/\/www.qevsolutions.be\/fr\/produit\/borne-de-recharge-besen-22-kw-32-a-phase-3-type-2-6-metres-smartcharge\/#breadcrumb"},"inLanguage":"fr-FR","potentialAction":[{"@type":"ReadAction","target":["https:\/\/www.qevsolutions.be\/fr\/produit\/borne-de-recharge-besen-22-kw-32-a-phase-3-type-2-6-metres-smartcharge\/"]}]},{"@type":"ImageObject","inLanguage":"fr-FR","@id":"https:\/\/www.qevsolutions.be\/fr\/produit\/borne-de-recharge-besen-22-kw-32-a-phase-3-type-2-6-metres-smartcharge\/#primaryimage","url":"https:\/\/www.qevsolutions.be\/wp-content\/uploads\/2022\/02\/BS20-BC-22KW-APP.webp","contentUrl":"https:\/\/www.qevsolutions.be\/wp-content\/uploads\/2022\/02\/BS20-BC-22KW-APP.webp","width":240,"height":240,"caption":"Besen laadpaal"},{"@type":"BreadcrumbList","@id":"https:\/\/www.qevsolutions.be\/fr\/produit\/borne-de-recharge-besen-22-kw-32-a-phase-3-type-2-6-metres-smartcharge\/#breadcrumb","itemListElement":[{"@type":"ListItem","position":1,"name":"Home","item":"https:\/\/www.qevsolutions.be\/fr\/"},{"@type":"ListItem","position":2,"name":"Commandez vos bornes de recharge et accessoires en ligne","item":"https:\/\/www.qevsolutions.be\/fr\/boutique\/"},{"@type":"ListItem","position":3,"name":"Borne de recharge Besen &#8211; 22 kW &#8211; 32 A phase 3 &#8211; type 2 &#8211; 6 m\u00e8tres \u2013 Smartcharge"}]},{"@type":"WebSite","@id":"https:\/\/www.qevsolutions.be\/fr\/#website","url":"https:\/\/www.qevsolutions.be\/fr\/","name":"Q.Ev. Solutions and distributions","description":"","potentialAction":[{"@type":"SearchAction","target":{"@type":"EntryPoint","urlTemplate":"https:\/\/www.qevsolutions.be\/fr\/?s={search_term_string}"},"query-input":{"@type":"PropertyValueSpecification","valueRequired":true,"valueName":"search_term_string"}}],"inLanguage":"fr-FR"}]}},"_links":{"self":[{"href":"https:\/\/www.qevsolutions.be\/fr\/wp-json\/wp\/v2\/product\/1111","targetHints":{"allow":["GET"]}}],"collection":[{"href":"https:\/\/www.qevsolutions.be\/fr\/wp-json\/wp\/v2\/product"}],"about":[{"href":"https:\/\/www.qevsolutions.be\/fr\/wp-json\/wp\/v2\/types\/product"}],"wp:featuredmedia":[{"embeddable":true,"href":"https:\/\/www.qevsolutions.be\/fr\/wp-json\/wp\/v2\/media\/456"}],"wp:attachment":[{"href":"https:\/\/www.qevsolutions.be\/fr\/wp-json\/wp\/v2\/media?parent=1111"}],"wp:term":[{"taxonomy":"product_brand","embeddable":true,"href":"https:\/\/www.qevsolutions.be\/fr\/wp-json\/wp\/v2\/product_brand?post=1111"},{"taxonomy":"product_cat","embeddable":true,"href":"https:\/\/www.qevsolutions.be\/fr\/wp-json\/wp\/v2\/product_cat?post=1111"},{"taxonomy":"product_tag","embeddable":true,"href":"https:\/\/www.qevsolutions.be\/fr\/wp-json\/wp\/v2\/product_tag?post=1111"}],"curies":[{"name":"wp","href":"https:\/\/api.w.org\/{rel}","templated":true}]}}