{"id":1103,"date":"2022-02-17T09:31:09","date_gmt":"2022-02-17T08:31:09","guid":{"rendered":"https:\/\/www.qevsolutions.be\/product\/besen-mobiele-lader-type-2-stekker-naar-schuko\/"},"modified":"2022-09-11T11:33:07","modified_gmt":"2022-09-11T10:33:07","slug":"chargeur-mobile-besen-type-2-prise-vers-schuko","status":"publish","type":"product","link":"https:\/\/www.qevsolutions.be\/fr\/produit\/chargeur-mobile-besen-type-2-prise-vers-schuko\/","title":{"rendered":"Chargeur mobile Besen Type 2 prise vers schuko"},"content":{"rendered":"<p>Ce chargeur mobile Besen pr\u00e9sente une excellente \u00e9tanch\u00e9it\u00e9 \u00e0 l&rsquo;eau gr\u00e2ce \u00e0 sa valeur IP \u00e9lev\u00e9e.<\/p>\n<p>Vous pouvez \u00e9galement r\u00e9gler le courant dont vous avez besoin, de 10 A \u00e0 16 A.<\/p>\n<p>Les t\u00e9moins lumineux avec lesquels vous pouvez suivre l&rsquo;\u00e9tat de charge.<\/p>\n<p>Un disjoncteur diff\u00e9rentiel int\u00e9gr\u00e9 et une protection contre les surtensions, les sous-tensions et la chaleur sont \u00e9galement int\u00e9gr\u00e9s.<\/p>\n<p>Il existe \u00e9galement une fonction de r\u00e9cup\u00e9ration automatique pour les erreurs de charge les plus courantes. Ce chargeur se r\u00e9tablira et reprendra la charge.<\/p>\n","protected":false},"excerpt":{"rendered":"<p>Ce chargeur mobile Besen pr\u00e9sente une excellente \u00e9tanch\u00e9it\u00e9 \u00e0 l&rsquo;eau gr\u00e2ce \u00e0 sa valeur IP \u00e9lev\u00e9e. Vous pouvez \u00e9galement r\u00e9gler le courant dont vous avez besoin, de 10 A \u00e0 16 A. Les t\u00e9moins lumineux avec lesquels vous pouvez suivre l&rsquo;\u00e9tat de charge. Un disjoncteur diff\u00e9rentiel int\u00e9gr\u00e9 et une protection contre les surtensions, les sous-tensions [&hellip;]<\/p>\n","protected":false},"featured_media":523,"template":"","meta":[],"product_brand":[],"product_cat":[328],"product_tag":[],"class_list":{"0":"post-1103","1":"product","2":"type-product","3":"status-publish","4":"has-post-thumbnail","6":"product_cat-cables-de-charge-mobiles","8":"first","9":"instock","10":"sale","11":"taxable","12":"shipping-taxable","13":"purchasable","14":"product-type-simple"},"yoast_head":"<!-- This site is optimized with the Yoast SEO plugin v27.3 - https:\/\/yoast.com\/product\/yoast-seo-wordpress\/ -->\n<title>Chargeur mobile Besen Type 2 prise vers schuko - Q.Ev. Solutions and distributions<\/title>\n<meta name=\"robots\" content=\"index, follow, max-snippet:-1, max-image-preview:large, max-video-preview:-1\" \/>\n<link rel=\"canonical\" href=\"https:\/\/www.qevsolutions.be\/fr\/produit\/chargeur-mobile-besen-type-2-prise-vers-schuko\/\" \/>\n<meta property=\"og:locale\" content=\"fr_FR\" \/>\n<meta property=\"og:type\" content=\"article\" \/>\n<meta property=\"og:title\" content=\"Chargeur mobile Besen Type 2 prise vers schuko - Q.Ev. Solutions and distributions\" \/>\n<meta property=\"og:description\" content=\"Ce chargeur mobile Besen pr\u00e9sente une excellente \u00e9tanch\u00e9it\u00e9 \u00e0 l&rsquo;eau gr\u00e2ce \u00e0 sa valeur IP \u00e9lev\u00e9e. Vous pouvez \u00e9galement r\u00e9gler le courant dont vous avez besoin, de 10 A \u00e0 16 A. Les t\u00e9moins lumineux avec lesquels vous pouvez suivre l&rsquo;\u00e9tat de charge. Un disjoncteur diff\u00e9rentiel int\u00e9gr\u00e9 et une protection contre les surtensions, les sous-tensions [&hellip;]\" \/>\n<meta property=\"og:url\" content=\"https:\/\/www.qevsolutions.be\/fr\/produit\/chargeur-mobile-besen-type-2-prise-vers-schuko\/\" \/>\n<meta property=\"og:site_name\" content=\"Q.Ev. Solutions and distributions\" \/>\n<meta property=\"article:modified_time\" content=\"2022-09-11T10:33:07+00:00\" \/>\n<meta property=\"og:image\" content=\"https:\/\/www.qevsolutions.be\/wp-content\/uploads\/2022\/02\/BS-PCD020-T2-5M.webp\" \/>\n\t<meta property=\"og:image:width\" content=\"1024\" \/>\n\t<meta property=\"og:image:height\" content=\"1024\" \/>\n\t<meta property=\"og:image:type\" content=\"image\/webp\" \/>\n<meta name=\"twitter:card\" content=\"summary_large_image\" \/>\n<meta name=\"twitter:label1\" content=\"Dur\u00e9e de lecture estim\u00e9e\" \/>\n\t<meta name=\"twitter:data1\" content=\"1 minute\" \/>\n<script type=\"application\/ld+json\" class=\"yoast-schema-graph\">{\"@context\":\"https:\\\/\\\/schema.org\",\"@graph\":[{\"@type\":\"WebPage\",\"@id\":\"https:\\\/\\\/www.qevsolutions.be\\\/fr\\\/produit\\\/chargeur-mobile-besen-type-2-prise-vers-schuko\\\/\",\"url\":\"https:\\\/\\\/www.qevsolutions.be\\\/fr\\\/produit\\\/chargeur-mobile-besen-type-2-prise-vers-schuko\\\/\",\"name\":\"Chargeur mobile Besen Type 2 prise vers schuko - Q.Ev. Solutions and distributions\",\"isPartOf\":{\"@id\":\"https:\\\/\\\/www.qevsolutions.be\\\/fr\\\/#website\"},\"primaryImageOfPage\":{\"@id\":\"https:\\\/\\\/www.qevsolutions.be\\\/fr\\\/produit\\\/chargeur-mobile-besen-type-2-prise-vers-schuko\\\/#primaryimage\"},\"image\":{\"@id\":\"https:\\\/\\\/www.qevsolutions.be\\\/fr\\\/produit\\\/chargeur-mobile-besen-type-2-prise-vers-schuko\\\/#primaryimage\"},\"thumbnailUrl\":\"https:\\\/\\\/www.qevsolutions.be\\\/wp-content\\\/uploads\\\/2022\\\/02\\\/BS-PCD020-T2-5M.webp\",\"datePublished\":\"2022-02-17T08:31:09+00:00\",\"dateModified\":\"2022-09-11T10:33:07+00:00\",\"breadcrumb\":{\"@id\":\"https:\\\/\\\/www.qevsolutions.be\\\/fr\\\/produit\\\/chargeur-mobile-besen-type-2-prise-vers-schuko\\\/#breadcrumb\"},\"inLanguage\":\"fr-FR\",\"potentialAction\":[{\"@type\":\"ReadAction\",\"target\":[\"https:\\\/\\\/www.qevsolutions.be\\\/fr\\\/produit\\\/chargeur-mobile-besen-type-2-prise-vers-schuko\\\/\"]}]},{\"@type\":\"ImageObject\",\"inLanguage\":\"fr-FR\",\"@id\":\"https:\\\/\\\/www.qevsolutions.be\\\/fr\\\/produit\\\/chargeur-mobile-besen-type-2-prise-vers-schuko\\\/#primaryimage\",\"url\":\"https:\\\/\\\/www.qevsolutions.be\\\/wp-content\\\/uploads\\\/2022\\\/02\\\/BS-PCD020-T2-5M.webp\",\"contentUrl\":\"https:\\\/\\\/www.qevsolutions.be\\\/wp-content\\\/uploads\\\/2022\\\/02\\\/BS-PCD020-T2-5M.webp\",\"width\":1024,\"height\":1024},{\"@type\":\"BreadcrumbList\",\"@id\":\"https:\\\/\\\/www.qevsolutions.be\\\/fr\\\/produit\\\/chargeur-mobile-besen-type-2-prise-vers-schuko\\\/#breadcrumb\",\"itemListElement\":[{\"@type\":\"ListItem\",\"position\":1,\"name\":\"Home\",\"item\":\"https:\\\/\\\/www.qevsolutions.be\\\/fr\\\/\"},{\"@type\":\"ListItem\",\"position\":2,\"name\":\"Commandez vos bornes de recharge et accessoires en ligne\",\"item\":\"https:\\\/\\\/www.qevsolutions.be\\\/fr\\\/boutique\\\/\"},{\"@type\":\"ListItem\",\"position\":3,\"name\":\"Chargeur mobile Besen Type 2 prise vers schuko\"}]},{\"@type\":\"WebSite\",\"@id\":\"https:\\\/\\\/www.qevsolutions.be\\\/fr\\\/#website\",\"url\":\"https:\\\/\\\/www.qevsolutions.be\\\/fr\\\/\",\"name\":\"Q.Ev. Solutions and distributions\",\"description\":\"\",\"potentialAction\":[{\"@type\":\"SearchAction\",\"target\":{\"@type\":\"EntryPoint\",\"urlTemplate\":\"https:\\\/\\\/www.qevsolutions.be\\\/fr\\\/?s={search_term_string}\"},\"query-input\":{\"@type\":\"PropertyValueSpecification\",\"valueRequired\":true,\"valueName\":\"search_term_string\"}}],\"inLanguage\":\"fr-FR\"}]}<\/script>\n<!-- \/ Yoast SEO plugin. -->","yoast_head_json":{"title":"Chargeur mobile Besen Type 2 prise vers schuko - Q.Ev. Solutions and distributions","robots":{"index":"index","follow":"follow","max-snippet":"max-snippet:-1","max-image-preview":"max-image-preview:large","max-video-preview":"max-video-preview:-1"},"canonical":"https:\/\/www.qevsolutions.be\/fr\/produit\/chargeur-mobile-besen-type-2-prise-vers-schuko\/","og_locale":"fr_FR","og_type":"article","og_title":"Chargeur mobile Besen Type 2 prise vers schuko - Q.Ev. Solutions and distributions","og_description":"Ce chargeur mobile Besen pr\u00e9sente une excellente \u00e9tanch\u00e9it\u00e9 \u00e0 l&rsquo;eau gr\u00e2ce \u00e0 sa valeur IP \u00e9lev\u00e9e. Vous pouvez \u00e9galement r\u00e9gler le courant dont vous avez besoin, de 10 A \u00e0 16 A. Les t\u00e9moins lumineux avec lesquels vous pouvez suivre l&rsquo;\u00e9tat de charge. Un disjoncteur diff\u00e9rentiel int\u00e9gr\u00e9 et une protection contre les surtensions, les sous-tensions [&hellip;]","og_url":"https:\/\/www.qevsolutions.be\/fr\/produit\/chargeur-mobile-besen-type-2-prise-vers-schuko\/","og_site_name":"Q.Ev. Solutions and distributions","article_modified_time":"2022-09-11T10:33:07+00:00","og_image":[{"width":1024,"height":1024,"url":"https:\/\/www.qevsolutions.be\/wp-content\/uploads\/2022\/02\/BS-PCD020-T2-5M.webp","type":"image\/webp"}],"twitter_card":"summary_large_image","twitter_misc":{"Dur\u00e9e de lecture estim\u00e9e":"1 minute"},"schema":{"@context":"https:\/\/schema.org","@graph":[{"@type":"WebPage","@id":"https:\/\/www.qevsolutions.be\/fr\/produit\/chargeur-mobile-besen-type-2-prise-vers-schuko\/","url":"https:\/\/www.qevsolutions.be\/fr\/produit\/chargeur-mobile-besen-type-2-prise-vers-schuko\/","name":"Chargeur mobile Besen Type 2 prise vers schuko - Q.Ev. Solutions and distributions","isPartOf":{"@id":"https:\/\/www.qevsolutions.be\/fr\/#website"},"primaryImageOfPage":{"@id":"https:\/\/www.qevsolutions.be\/fr\/produit\/chargeur-mobile-besen-type-2-prise-vers-schuko\/#primaryimage"},"image":{"@id":"https:\/\/www.qevsolutions.be\/fr\/produit\/chargeur-mobile-besen-type-2-prise-vers-schuko\/#primaryimage"},"thumbnailUrl":"https:\/\/www.qevsolutions.be\/wp-content\/uploads\/2022\/02\/BS-PCD020-T2-5M.webp","datePublished":"2022-02-17T08:31:09+00:00","dateModified":"2022-09-11T10:33:07+00:00","breadcrumb":{"@id":"https:\/\/www.qevsolutions.be\/fr\/produit\/chargeur-mobile-besen-type-2-prise-vers-schuko\/#breadcrumb"},"inLanguage":"fr-FR","potentialAction":[{"@type":"ReadAction","target":["https:\/\/www.qevsolutions.be\/fr\/produit\/chargeur-mobile-besen-type-2-prise-vers-schuko\/"]}]},{"@type":"ImageObject","inLanguage":"fr-FR","@id":"https:\/\/www.qevsolutions.be\/fr\/produit\/chargeur-mobile-besen-type-2-prise-vers-schuko\/#primaryimage","url":"https:\/\/www.qevsolutions.be\/wp-content\/uploads\/2022\/02\/BS-PCD020-T2-5M.webp","contentUrl":"https:\/\/www.qevsolutions.be\/wp-content\/uploads\/2022\/02\/BS-PCD020-T2-5M.webp","width":1024,"height":1024},{"@type":"BreadcrumbList","@id":"https:\/\/www.qevsolutions.be\/fr\/produit\/chargeur-mobile-besen-type-2-prise-vers-schuko\/#breadcrumb","itemListElement":[{"@type":"ListItem","position":1,"name":"Home","item":"https:\/\/www.qevsolutions.be\/fr\/"},{"@type":"ListItem","position":2,"name":"Commandez vos bornes de recharge et accessoires en ligne","item":"https:\/\/www.qevsolutions.be\/fr\/boutique\/"},{"@type":"ListItem","position":3,"name":"Chargeur mobile Besen Type 2 prise vers schuko"}]},{"@type":"WebSite","@id":"https:\/\/www.qevsolutions.be\/fr\/#website","url":"https:\/\/www.qevsolutions.be\/fr\/","name":"Q.Ev. Solutions and distributions","description":"","potentialAction":[{"@type":"SearchAction","target":{"@type":"EntryPoint","urlTemplate":"https:\/\/www.qevsolutions.be\/fr\/?s={search_term_string}"},"query-input":{"@type":"PropertyValueSpecification","valueRequired":true,"valueName":"search_term_string"}}],"inLanguage":"fr-FR"}]}},"_links":{"self":[{"href":"https:\/\/www.qevsolutions.be\/fr\/wp-json\/wp\/v2\/product\/1103","targetHints":{"allow":["GET"]}}],"collection":[{"href":"https:\/\/www.qevsolutions.be\/fr\/wp-json\/wp\/v2\/product"}],"about":[{"href":"https:\/\/www.qevsolutions.be\/fr\/wp-json\/wp\/v2\/types\/product"}],"wp:featuredmedia":[{"embeddable":true,"href":"https:\/\/www.qevsolutions.be\/fr\/wp-json\/wp\/v2\/media\/523"}],"wp:attachment":[{"href":"https:\/\/www.qevsolutions.be\/fr\/wp-json\/wp\/v2\/media?parent=1103"}],"wp:term":[{"taxonomy":"product_brand","embeddable":true,"href":"https:\/\/www.qevsolutions.be\/fr\/wp-json\/wp\/v2\/product_brand?post=1103"},{"taxonomy":"product_cat","embeddable":true,"href":"https:\/\/www.qevsolutions.be\/fr\/wp-json\/wp\/v2\/product_cat?post=1103"},{"taxonomy":"product_tag","embeddable":true,"href":"https:\/\/www.qevsolutions.be\/fr\/wp-json\/wp\/v2\/product_tag?post=1103"}],"curies":[{"name":"wp","href":"https:\/\/api.w.org\/{rel}","templated":true}]}}