{"id":1094,"date":"2022-02-17T09:41:24","date_gmt":"2022-02-17T08:41:24","guid":{"rendered":"https:\/\/www.qevsolutions.be\/product\/alfen-vervangkabel-type-2-naar-open-enkel-fase-7-5m\/"},"modified":"2022-09-07T16:27:03","modified_gmt":"2022-09-07T15:27:03","slug":"cable-de-remplacement-alfen-type-2-vers-ouvert-monophase-75-m","status":"publish","type":"product","link":"https:\/\/www.qevsolutions.be\/fr\/produit\/cable-de-remplacement-alfen-type-2-vers-ouvert-monophase-75-m\/","title":{"rendered":"C\u00e2ble de remplacement Alfen type 2 vers ouvert monophas\u00e9 7,5 M"},"content":{"rendered":"<p>Ce c\u00e2ble de remplacement Alfen de 7,5 m poss\u00e8de une prise de type 2 d&rsquo;un c\u00f4t\u00e9 et rien de l&rsquo;autre. Vous pouvez fabriquer avec cela un nouveau c\u00e2ble d&rsquo;extension ou remplacer le c\u00e2ble existant sur votre chargeur (nous recommandons que ce dernier soit effectu\u00e9 par un installateur reconnu)<\/p>\n<p>Ce c\u00e2ble peut recevoir au maximum : 32 A et 230 V<\/p>\n","protected":false},"excerpt":{"rendered":"<p>Ce c\u00e2ble de remplacement Alfen de 7,5 m poss\u00e8de une prise de type 2 d&rsquo;un c\u00f4t\u00e9 et rien de l&rsquo;autre. Vous pouvez fabriquer avec cela un nouveau c\u00e2ble d&rsquo;extension ou remplacer le c\u00e2ble existant sur votre chargeur (nous recommandons que ce dernier soit effectu\u00e9 par un installateur reconnu) Ce c\u00e2ble peut recevoir au maximum : [&hellip;]<\/p>\n","protected":false},"featured_media":493,"template":"","meta":[],"product_brand":[],"product_cat":[316],"product_tag":[],"class_list":{"0":"post-1094","1":"product","2":"type-product","3":"status-publish","4":"has-post-thumbnail","6":"product_cat-cables-de-charge","8":"first","9":"instock","10":"taxable","11":"shipping-taxable","12":"purchasable","13":"product-type-simple"},"yoast_head":"<!-- This site is optimized with the Yoast SEO plugin v27.3 - https:\/\/yoast.com\/product\/yoast-seo-wordpress\/ -->\n<title>C\u00e2ble de remplacement Alfen type 2 vers ouvert monophas\u00e9 7,5 M - Q.Ev. Solutions and distributions<\/title>\n<meta name=\"robots\" content=\"index, follow, max-snippet:-1, max-image-preview:large, max-video-preview:-1\" \/>\n<link rel=\"canonical\" href=\"https:\/\/www.qevsolutions.be\/fr\/produit\/cable-de-remplacement-alfen-type-2-vers-ouvert-monophase-75-m\/\" \/>\n<meta property=\"og:locale\" content=\"fr_FR\" \/>\n<meta property=\"og:type\" content=\"article\" \/>\n<meta property=\"og:title\" content=\"C\u00e2ble de remplacement Alfen type 2 vers ouvert monophas\u00e9 7,5 M - Q.Ev. Solutions and distributions\" \/>\n<meta property=\"og:description\" content=\"Ce c\u00e2ble de remplacement Alfen de 7,5 m poss\u00e8de une prise de type 2 d&rsquo;un c\u00f4t\u00e9 et rien de l&rsquo;autre. Vous pouvez fabriquer avec cela un nouveau c\u00e2ble d&rsquo;extension ou remplacer le c\u00e2ble existant sur votre chargeur (nous recommandons que ce dernier soit effectu\u00e9 par un installateur reconnu) Ce c\u00e2ble peut recevoir au maximum : [&hellip;]\" \/>\n<meta property=\"og:url\" content=\"https:\/\/www.qevsolutions.be\/fr\/produit\/cable-de-remplacement-alfen-type-2-vers-ouvert-monophase-75-m\/\" \/>\n<meta property=\"og:site_name\" content=\"Q.Ev. Solutions and distributions\" \/>\n<meta property=\"article:modified_time\" content=\"2022-09-07T15:27:03+00:00\" \/>\n<meta property=\"og:image\" content=\"https:\/\/www.qevsolutions.be\/wp-content\/uploads\/2022\/02\/Alfen-vervangkabel-type-2-naar-open-enkel-fase-7.5M.webp\" \/>\n\t<meta property=\"og:image:width\" content=\"176\" \/>\n\t<meta property=\"og:image:height\" content=\"163\" \/>\n\t<meta property=\"og:image:type\" content=\"image\/webp\" \/>\n<meta name=\"twitter:card\" content=\"summary_large_image\" \/>\n<meta name=\"twitter:label1\" content=\"Dur\u00e9e de lecture estim\u00e9e\" \/>\n\t<meta name=\"twitter:data1\" content=\"1 minute\" \/>\n<script type=\"application\/ld+json\" class=\"yoast-schema-graph\">{\"@context\":\"https:\\\/\\\/schema.org\",\"@graph\":[{\"@type\":\"WebPage\",\"@id\":\"https:\\\/\\\/www.qevsolutions.be\\\/fr\\\/produit\\\/cable-de-remplacement-alfen-type-2-vers-ouvert-monophase-75-m\\\/\",\"url\":\"https:\\\/\\\/www.qevsolutions.be\\\/fr\\\/produit\\\/cable-de-remplacement-alfen-type-2-vers-ouvert-monophase-75-m\\\/\",\"name\":\"C\u00e2ble de remplacement Alfen type 2 vers ouvert monophas\u00e9 7,5 M - Q.Ev. Solutions and distributions\",\"isPartOf\":{\"@id\":\"https:\\\/\\\/www.qevsolutions.be\\\/fr\\\/#website\"},\"primaryImageOfPage\":{\"@id\":\"https:\\\/\\\/www.qevsolutions.be\\\/fr\\\/produit\\\/cable-de-remplacement-alfen-type-2-vers-ouvert-monophase-75-m\\\/#primaryimage\"},\"image\":{\"@id\":\"https:\\\/\\\/www.qevsolutions.be\\\/fr\\\/produit\\\/cable-de-remplacement-alfen-type-2-vers-ouvert-monophase-75-m\\\/#primaryimage\"},\"thumbnailUrl\":\"https:\\\/\\\/www.qevsolutions.be\\\/wp-content\\\/uploads\\\/2022\\\/02\\\/Alfen-vervangkabel-type-2-naar-open-enkel-fase-7.5M.webp\",\"datePublished\":\"2022-02-17T08:41:24+00:00\",\"dateModified\":\"2022-09-07T15:27:03+00:00\",\"breadcrumb\":{\"@id\":\"https:\\\/\\\/www.qevsolutions.be\\\/fr\\\/produit\\\/cable-de-remplacement-alfen-type-2-vers-ouvert-monophase-75-m\\\/#breadcrumb\"},\"inLanguage\":\"fr-FR\",\"potentialAction\":[{\"@type\":\"ReadAction\",\"target\":[\"https:\\\/\\\/www.qevsolutions.be\\\/fr\\\/produit\\\/cable-de-remplacement-alfen-type-2-vers-ouvert-monophase-75-m\\\/\"]}]},{\"@type\":\"ImageObject\",\"inLanguage\":\"fr-FR\",\"@id\":\"https:\\\/\\\/www.qevsolutions.be\\\/fr\\\/produit\\\/cable-de-remplacement-alfen-type-2-vers-ouvert-monophase-75-m\\\/#primaryimage\",\"url\":\"https:\\\/\\\/www.qevsolutions.be\\\/wp-content\\\/uploads\\\/2022\\\/02\\\/Alfen-vervangkabel-type-2-naar-open-enkel-fase-7.5M.webp\",\"contentUrl\":\"https:\\\/\\\/www.qevsolutions.be\\\/wp-content\\\/uploads\\\/2022\\\/02\\\/Alfen-vervangkabel-type-2-naar-open-enkel-fase-7.5M.webp\",\"width\":176,\"height\":163,\"caption\":\"Alfen vervangkabel type 2\"},{\"@type\":\"BreadcrumbList\",\"@id\":\"https:\\\/\\\/www.qevsolutions.be\\\/fr\\\/produit\\\/cable-de-remplacement-alfen-type-2-vers-ouvert-monophase-75-m\\\/#breadcrumb\",\"itemListElement\":[{\"@type\":\"ListItem\",\"position\":1,\"name\":\"Home\",\"item\":\"https:\\\/\\\/www.qevsolutions.be\\\/fr\\\/\"},{\"@type\":\"ListItem\",\"position\":2,\"name\":\"Commandez vos bornes de recharge et accessoires en ligne\",\"item\":\"https:\\\/\\\/www.qevsolutions.be\\\/fr\\\/boutique\\\/\"},{\"@type\":\"ListItem\",\"position\":3,\"name\":\"C\u00e2ble de remplacement Alfen type 2 vers ouvert monophas\u00e9 7,5 M\"}]},{\"@type\":\"WebSite\",\"@id\":\"https:\\\/\\\/www.qevsolutions.be\\\/fr\\\/#website\",\"url\":\"https:\\\/\\\/www.qevsolutions.be\\\/fr\\\/\",\"name\":\"Q.Ev. Solutions and distributions\",\"description\":\"\",\"potentialAction\":[{\"@type\":\"SearchAction\",\"target\":{\"@type\":\"EntryPoint\",\"urlTemplate\":\"https:\\\/\\\/www.qevsolutions.be\\\/fr\\\/?s={search_term_string}\"},\"query-input\":{\"@type\":\"PropertyValueSpecification\",\"valueRequired\":true,\"valueName\":\"search_term_string\"}}],\"inLanguage\":\"fr-FR\"}]}<\/script>\n<!-- \/ Yoast SEO plugin. -->","yoast_head_json":{"title":"C\u00e2ble de remplacement Alfen type 2 vers ouvert monophas\u00e9 7,5 M - Q.Ev. Solutions and distributions","robots":{"index":"index","follow":"follow","max-snippet":"max-snippet:-1","max-image-preview":"max-image-preview:large","max-video-preview":"max-video-preview:-1"},"canonical":"https:\/\/www.qevsolutions.be\/fr\/produit\/cable-de-remplacement-alfen-type-2-vers-ouvert-monophase-75-m\/","og_locale":"fr_FR","og_type":"article","og_title":"C\u00e2ble de remplacement Alfen type 2 vers ouvert monophas\u00e9 7,5 M - Q.Ev. Solutions and distributions","og_description":"Ce c\u00e2ble de remplacement Alfen de 7,5 m poss\u00e8de une prise de type 2 d&rsquo;un c\u00f4t\u00e9 et rien de l&rsquo;autre. Vous pouvez fabriquer avec cela un nouveau c\u00e2ble d&rsquo;extension ou remplacer le c\u00e2ble existant sur votre chargeur (nous recommandons que ce dernier soit effectu\u00e9 par un installateur reconnu) Ce c\u00e2ble peut recevoir au maximum : [&hellip;]","og_url":"https:\/\/www.qevsolutions.be\/fr\/produit\/cable-de-remplacement-alfen-type-2-vers-ouvert-monophase-75-m\/","og_site_name":"Q.Ev. Solutions and distributions","article_modified_time":"2022-09-07T15:27:03+00:00","og_image":[{"width":176,"height":163,"url":"https:\/\/www.qevsolutions.be\/wp-content\/uploads\/2022\/02\/Alfen-vervangkabel-type-2-naar-open-enkel-fase-7.5M.webp","type":"image\/webp"}],"twitter_card":"summary_large_image","twitter_misc":{"Dur\u00e9e de lecture estim\u00e9e":"1 minute"},"schema":{"@context":"https:\/\/schema.org","@graph":[{"@type":"WebPage","@id":"https:\/\/www.qevsolutions.be\/fr\/produit\/cable-de-remplacement-alfen-type-2-vers-ouvert-monophase-75-m\/","url":"https:\/\/www.qevsolutions.be\/fr\/produit\/cable-de-remplacement-alfen-type-2-vers-ouvert-monophase-75-m\/","name":"C\u00e2ble de remplacement Alfen type 2 vers ouvert monophas\u00e9 7,5 M - Q.Ev. Solutions and distributions","isPartOf":{"@id":"https:\/\/www.qevsolutions.be\/fr\/#website"},"primaryImageOfPage":{"@id":"https:\/\/www.qevsolutions.be\/fr\/produit\/cable-de-remplacement-alfen-type-2-vers-ouvert-monophase-75-m\/#primaryimage"},"image":{"@id":"https:\/\/www.qevsolutions.be\/fr\/produit\/cable-de-remplacement-alfen-type-2-vers-ouvert-monophase-75-m\/#primaryimage"},"thumbnailUrl":"https:\/\/www.qevsolutions.be\/wp-content\/uploads\/2022\/02\/Alfen-vervangkabel-type-2-naar-open-enkel-fase-7.5M.webp","datePublished":"2022-02-17T08:41:24+00:00","dateModified":"2022-09-07T15:27:03+00:00","breadcrumb":{"@id":"https:\/\/www.qevsolutions.be\/fr\/produit\/cable-de-remplacement-alfen-type-2-vers-ouvert-monophase-75-m\/#breadcrumb"},"inLanguage":"fr-FR","potentialAction":[{"@type":"ReadAction","target":["https:\/\/www.qevsolutions.be\/fr\/produit\/cable-de-remplacement-alfen-type-2-vers-ouvert-monophase-75-m\/"]}]},{"@type":"ImageObject","inLanguage":"fr-FR","@id":"https:\/\/www.qevsolutions.be\/fr\/produit\/cable-de-remplacement-alfen-type-2-vers-ouvert-monophase-75-m\/#primaryimage","url":"https:\/\/www.qevsolutions.be\/wp-content\/uploads\/2022\/02\/Alfen-vervangkabel-type-2-naar-open-enkel-fase-7.5M.webp","contentUrl":"https:\/\/www.qevsolutions.be\/wp-content\/uploads\/2022\/02\/Alfen-vervangkabel-type-2-naar-open-enkel-fase-7.5M.webp","width":176,"height":163,"caption":"Alfen vervangkabel type 2"},{"@type":"BreadcrumbList","@id":"https:\/\/www.qevsolutions.be\/fr\/produit\/cable-de-remplacement-alfen-type-2-vers-ouvert-monophase-75-m\/#breadcrumb","itemListElement":[{"@type":"ListItem","position":1,"name":"Home","item":"https:\/\/www.qevsolutions.be\/fr\/"},{"@type":"ListItem","position":2,"name":"Commandez vos bornes de recharge et accessoires en ligne","item":"https:\/\/www.qevsolutions.be\/fr\/boutique\/"},{"@type":"ListItem","position":3,"name":"C\u00e2ble de remplacement Alfen type 2 vers ouvert monophas\u00e9 7,5 M"}]},{"@type":"WebSite","@id":"https:\/\/www.qevsolutions.be\/fr\/#website","url":"https:\/\/www.qevsolutions.be\/fr\/","name":"Q.Ev. Solutions and distributions","description":"","potentialAction":[{"@type":"SearchAction","target":{"@type":"EntryPoint","urlTemplate":"https:\/\/www.qevsolutions.be\/fr\/?s={search_term_string}"},"query-input":{"@type":"PropertyValueSpecification","valueRequired":true,"valueName":"search_term_string"}}],"inLanguage":"fr-FR"}]}},"_links":{"self":[{"href":"https:\/\/www.qevsolutions.be\/fr\/wp-json\/wp\/v2\/product\/1094","targetHints":{"allow":["GET"]}}],"collection":[{"href":"https:\/\/www.qevsolutions.be\/fr\/wp-json\/wp\/v2\/product"}],"about":[{"href":"https:\/\/www.qevsolutions.be\/fr\/wp-json\/wp\/v2\/types\/product"}],"wp:featuredmedia":[{"embeddable":true,"href":"https:\/\/www.qevsolutions.be\/fr\/wp-json\/wp\/v2\/media\/493"}],"wp:attachment":[{"href":"https:\/\/www.qevsolutions.be\/fr\/wp-json\/wp\/v2\/media?parent=1094"}],"wp:term":[{"taxonomy":"product_brand","embeddable":true,"href":"https:\/\/www.qevsolutions.be\/fr\/wp-json\/wp\/v2\/product_brand?post=1094"},{"taxonomy":"product_cat","embeddable":true,"href":"https:\/\/www.qevsolutions.be\/fr\/wp-json\/wp\/v2\/product_cat?post=1094"},{"taxonomy":"product_tag","embeddable":true,"href":"https:\/\/www.qevsolutions.be\/fr\/wp-json\/wp\/v2\/product_tag?post=1094"}],"curies":[{"name":"wp","href":"https:\/\/api.w.org\/{rel}","templated":true}]}}