{"id":1067,"date":"2022-02-08T16:20:44","date_gmt":"2022-02-08T15:20:44","guid":{"rendered":"https:\/\/www.qevsolutions.be\/?page_id=1067"},"modified":"2022-04-14T10:57:17","modified_gmt":"2022-04-14T09:57:17","slug":"devenir-un-partenaire","status":"publish","type":"page","link":"https:\/\/www.qevsolutions.be\/fr\/devenir-un-partenaire\/","title":{"rendered":"Devenir un partenaire"},"content":{"rendered":"<div id=\"pl-gb1067-69dfe44d9cdb9\"  class=\"panel-layout\" ><div id=\"pg-gb1067-69dfe44d9cdb9-0\"  class=\"panel-grid panel-has-style\" ><div class=\"banner bannerpage siteorigin-panels-stretch lazy rocket-lazyload panel-row-style panel-row-style-for-gb1067-69dfe44d9cdb9-0\" data-stretch-type=\"full\" data-bg=\"https:\/\/www.qevsolutions.be\/wp-content\/uploads\/2022\/02\/partner-worden-qev-solutions-e1645607571134.webp\" ><div id=\"pgc-gb1067-69dfe44d9cdb9-0-0\"  class=\"panel-grid-cell\" ><div id=\"panel-gb1067-69dfe44d9cdb9-0-0-0\" class=\"so-panel widget widget_sow-editor panel-first-child panel-last-child\" data-index=\"0\" ><div\n\t\t\t\n\t\t\tclass=\"so-widget-sow-editor so-widget-sow-editor-base\"\n\t\t\t\n\t\t>\n<div class=\"siteorigin-widget-tinymce textwidget\">\n\t<h1 style=\"text-align: center;\">Devenir un partenaire<\/h1>\n<\/div>\n<\/div><\/div><\/div><\/div><\/div><div id=\"pg-gb1067-69dfe44d9cdb9-1\"  class=\"panel-grid panel-has-style\" ><div class=\"rij1_laadpas rij1 panel-row-style panel-row-style-for-gb1067-69dfe44d9cdb9-1\" ><div id=\"pgc-gb1067-69dfe44d9cdb9-1-0\"  class=\"panel-grid-cell\" ><div id=\"panel-gb1067-69dfe44d9cdb9-1-0-0\" class=\"so-panel widget widget_sow-image panel-first-child panel-last-child\" data-index=\"1\" ><div\n\t\t\t\n\t\t\tclass=\"so-widget-sow-image so-widget-sow-image-default-8b5b6f678277-1067\"\n\t\t\t\n\t\t>\n<div class=\"sow-image-container\">\n\t\t<img \n\tsrc=\"https:\/\/www.qevsolutions.be\/wp-content\/uploads\/2022\/02\/login-qev-solutions.webp\" width=\"658\" height=\"453\" srcset=\"https:\/\/www.qevsolutions.be\/wp-content\/uploads\/2022\/02\/login-qev-solutions.webp 658w, https:\/\/www.qevsolutions.be\/wp-content\/uploads\/2022\/02\/login-qev-solutions-600x413.webp 600w, https:\/\/www.qevsolutions.be\/wp-content\/uploads\/2022\/02\/login-qev-solutions-300x207.webp 300w\" sizes=\"(max-width: 658px) 100vw, 658px\" alt=\"Laadpas\" \t\tclass=\"so-widget-image\"\/>\n\t<\/div>\n\n<\/div><\/div><\/div><div id=\"pgc-gb1067-69dfe44d9cdb9-1-1\"  class=\"panel-grid-cell\" ><div id=\"panel-gb1067-69dfe44d9cdb9-1-1-0\" class=\"so-panel widget widget_sow-editor panel-first-child panel-last-child\" data-index=\"2\" ><div class=\"knop knop_intern panel-widget-style panel-widget-style-for-gb1067-69dfe44d9cdb9-1-1-0\" ><div\n\t\t\t\n\t\t\tclass=\"so-widget-sow-editor so-widget-sow-editor-base\"\n\t\t\t\n\t\t>\n<div class=\"siteorigin-widget-tinymce textwidget\">\n\t<p>Si vous \u00eates un concessionnaire automobile, une soci\u00e9t\u00e9 de leasing, un installateur, un magasin, ou autres et que vous souhaitez vendre des bornes de recharge, vous \u00eates au bon endroit. Q.EV. Solutions and distributions est une soci\u00e9t\u00e9 d&rsquo;importation et de vente en gros en Belgique. Nous livrons nos produits dans diff\u00e9rents pays voisins.<\/p>\n<p><strong>Commander chez nous pr\u00e9sente de nombreux avantages <\/strong><\/p>\n<ul>\n<li>Un contact direct<\/li>\n<li>Des prix d&rsquo;achat avantageux<\/li>\n<li>Un excellent service<\/li>\n<li>Des livraisons rapides<\/li>\n<li>Une plateforme partenaire d\u00e9di\u00e9e sur notre site internet<\/li>\n<li>Une collaboration pour les placements de nos produits que nous vendons aux entreprises et aux particuliers<\/li>\n<li>Vous pouvez commander \u00e0 l&rsquo;unit\u00e9<\/li>\n<\/ul>\n<p><a href=\"#aanvraag\">Je veux devenir partenaire<\/a><\/p>\n<\/div>\n<\/div><\/div><\/div><\/div><\/div><\/div><div id=\"pg-gb1067-69dfe44d9cdb9-2\"  class=\"panel-grid panel-has-style\" ><div class=\"tussenbanner siteorigin-panels-stretch lazy rocket-lazyload panel-row-style panel-row-style-for-gb1067-69dfe44d9cdb9-2\" data-stretch-type=\"full\" data-bg=\"https:\/\/www.qevsolutions.be\/wp-content\/uploads\/2022\/02\/partner-worden.webp\" ><div id=\"pgc-gb1067-69dfe44d9cdb9-2-0\"  class=\"panel-grid-cell\" ><div id=\"panel-gb1067-69dfe44d9cdb9-2-0-0\" class=\"so-panel widget widget_sow-editor panel-first-child panel-last-child\" data-index=\"3\" ><div\n\t\t\t\n\t\t\tclass=\"so-widget-sow-editor so-widget-sow-editor-base\"\n\t\t\t\n\t\t>\n<div class=\"siteorigin-widget-tinymce textwidget\">\n\t<h2>Une question sur votre borne de recharge ?<\/h2>\n<\/div>\n<\/div><\/div><\/div><div id=\"pgc-gb1067-69dfe44d9cdb9-2-1\"  class=\"panel-grid-cell\" ><div id=\"panel-gb1067-69dfe44d9cdb9-2-1-0\" class=\"so-panel widget widget_sow-editor panel-first-child panel-last-child\" data-index=\"4\" ><div class=\"knop panel-widget-style panel-widget-style-for-gb1067-69dfe44d9cdb9-2-1-0\" ><div\n\t\t\t\n\t\t\tclass=\"so-widget-sow-editor so-widget-sow-editor-base\"\n\t\t\t\n\t\t>\n<div class=\"siteorigin-widget-tinymce textwidget\">\n\t<p style=\"text-align: center;\"><a href=\"https:\/\/www.qevsolutions.be\/fr\/contact\/\">Contactez-nous aujourd&rsquo;hui<\/a><\/p>\n<\/div>\n<\/div><\/div><\/div><\/div><\/div><\/div><div id=\"pg-gb1067-69dfe44d9cdb9-3\"  class=\"panel-grid panel-has-style\" ><div class=\"rij2_laadpas rij2 panel-row-style panel-row-style-for-gb1067-69dfe44d9cdb9-3\" id=\"aanvraag\" ><div id=\"pgc-gb1067-69dfe44d9cdb9-3-0\"  class=\"panel-grid-cell\" ><div id=\"panel-gb1067-69dfe44d9cdb9-3-0-0\" class=\"so-panel widget widget_sow-editor panel-first-child panel-last-child\" data-index=\"5\" ><div class=\"knop knop_intern panel-widget-style panel-widget-style-for-gb1067-69dfe44d9cdb9-3-0-0\" ><div\n\t\t\t\n\t\t\tclass=\"so-widget-sow-editor so-widget-sow-editor-base\"\n\t\t\t\n\t\t>\n<div class=\"siteorigin-widget-tinymce textwidget\">\n\t<h3>Je veux devenir partenaire<\/h3>\n\n<div class=\"wpcf7 no-js\" id=\"wpcf7-f1276-o1\" lang=\"fr-FR\" dir=\"ltr\" data-wpcf7-id=\"1276\">\n<div class=\"screen-reader-response\"><p role=\"status\" aria-live=\"polite\" aria-atomic=\"true\"><\/p> <ul><\/ul><\/div>\n<form action=\"\/fr\/wp-json\/wp\/v2\/pages\/1067#wpcf7-f1276-o1\" method=\"post\" class=\"wpcf7-form init\" aria-label=\"Formulaire de contact\" novalidate=\"novalidate\" data-status=\"init\">\n<fieldset class=\"hidden-fields-container\"><input type=\"hidden\" name=\"_wpcf7\" value=\"1276\" \/><input type=\"hidden\" name=\"_wpcf7_version\" value=\"6.1.5\" \/><input type=\"hidden\" name=\"_wpcf7_locale\" value=\"fr_FR\" \/><input type=\"hidden\" name=\"_wpcf7_unit_tag\" value=\"wpcf7-f1276-o1\" \/><input type=\"hidden\" name=\"_wpcf7_container_post\" value=\"0\" \/><input type=\"hidden\" name=\"_wpcf7_posted_data_hash\" value=\"\" \/><input type=\"hidden\" name=\"_wpcf7_recaptcha_response\" value=\"\" \/>\n<\/fieldset>\n<p><label>Nome<br \/>\n<span class=\"wpcf7-form-control-wrap\" data-name=\"your-name\"><input size=\"40\" maxlength=\"400\" class=\"wpcf7-form-control wpcf7-text wpcf7-validates-as-required\" aria-required=\"true\" aria-invalid=\"false\" value=\"\" type=\"text\" name=\"your-name\" \/><\/span> <\/label>\n<\/p>\n<p><label>Entreprise<br \/>\n<span class=\"wpcf7-form-control-wrap\" data-name=\"your-bedrijf\"><input size=\"40\" maxlength=\"400\" class=\"wpcf7-form-control wpcf7-text\" aria-invalid=\"false\" value=\"\" type=\"text\" name=\"your-bedrijf\" \/><\/span> <\/label>\n<\/p>\n<p><label>Num\u00e9ro de TVA.<br \/>\n<span class=\"wpcf7-form-control-wrap\" data-name=\"your-btw\"><input size=\"40\" maxlength=\"400\" class=\"wpcf7-form-control wpcf7-text\" aria-invalid=\"false\" value=\"\" type=\"text\" name=\"your-btw\" \/><\/span> <\/label>\n<\/p>\n<p><label>Adresse email<br \/>\n<span class=\"wpcf7-form-control-wrap\" data-name=\"your-email\"><input size=\"40\" maxlength=\"400\" class=\"wpcf7-form-control wpcf7-email wpcf7-validates-as-required wpcf7-text wpcf7-validates-as-email\" aria-required=\"true\" aria-invalid=\"false\" value=\"\" type=\"email\" name=\"your-email\" \/><\/span> <\/label>\n<\/p>\n<p><label>Adresse<br \/>\n<span class=\"wpcf7-form-control-wrap\" data-name=\"your-adres\"><input size=\"40\" maxlength=\"400\" class=\"wpcf7-form-control wpcf7-text wpcf7-validates-as-required\" aria-required=\"true\" aria-invalid=\"false\" value=\"\" type=\"text\" name=\"your-adres\" \/><\/span> <\/label>\n<\/p>\n<p><label>T\u00e9l\u00e9phone<br \/>\n<span class=\"wpcf7-form-control-wrap\" data-name=\"your-telefoon\"><input size=\"40\" maxlength=\"400\" class=\"wpcf7-form-control wpcf7-text wpcf7-validates-as-required\" aria-required=\"true\" aria-invalid=\"false\" value=\"\" type=\"text\" name=\"your-telefoon\" \/><\/span> <\/label>\n<\/p>\n<p><label>Demande \/ Message<br \/>\n<span class=\"wpcf7-form-control-wrap\" data-name=\"your-message\"><textarea cols=\"40\" rows=\"10\" maxlength=\"2000\" class=\"wpcf7-form-control wpcf7-textarea\" aria-invalid=\"false\" name=\"your-message\"><\/textarea><\/span> <\/label>\n<\/p>\n<p><input class=\"wpcf7-form-control wpcf7-submit has-spinner\" type=\"submit\" value=\"Envoyer une demande\" \/>\n<\/p><div class=\"wpcf7-response-output\" aria-hidden=\"true\"><\/div>\n<\/form>\n<\/div>\n\n<\/div>\n<\/div><\/div><\/div><\/div><div id=\"pgc-gb1067-69dfe44d9cdb9-3-1\"  class=\"panel-grid-cell\" ><div id=\"panel-gb1067-69dfe44d9cdb9-3-1-0\" class=\"so-panel widget widget_sow-image panel-first-child panel-last-child\" data-index=\"6\" ><div\n\t\t\t\n\t\t\tclass=\"so-widget-sow-image so-widget-sow-image-default-8b5b6f678277-1067\"\n\t\t\t\n\t\t>\n<div class=\"sow-image-container\">\n\t\t<img \n\tsrc=\"https:\/\/www.qevsolutions.be\/wp-content\/uploads\/2022\/02\/efacec1.webp\" width=\"910\" height=\"584\" srcset=\"https:\/\/www.qevsolutions.be\/wp-content\/uploads\/2022\/02\/efacec1.webp 910w, https:\/\/www.qevsolutions.be\/wp-content\/uploads\/2022\/02\/efacec1-600x385.webp 600w, https:\/\/www.qevsolutions.be\/wp-content\/uploads\/2022\/02\/efacec1-300x193.webp 300w, https:\/\/www.qevsolutions.be\/wp-content\/uploads\/2022\/02\/efacec1-768x493.webp 768w\" sizes=\"(max-width: 910px) 100vw, 910px\" title=\"efacec(1)\" alt=\"Laadpas aanvragen\" \t\tclass=\"so-widget-image\"\/>\n\t<\/div>\n\n<\/div><\/div><\/div><\/div><\/div><\/div>","protected":false},"excerpt":{"rendered":"<p>Devenir un partenaire Si vous \u00eates un concessionnaire automobile, une soci\u00e9t\u00e9 de leasing, un installateur, un magasin, ou autres et que vous souhaitez vendre des bornes de recharge, vous \u00eates au bon endroit. Q.EV. Solutions and distributions est une soci\u00e9t\u00e9 d&rsquo;importation et de vente en gros en Belgique. Nous livrons nos produits dans diff\u00e9rents pays [&hellip;]<\/p>\n","protected":false},"author":1,"featured_media":0,"parent":0,"menu_order":0,"comment_status":"closed","ping_status":"closed","template":"","meta":{"footnotes":""},"class_list":["post-1067","page","type-page","status-publish","hentry"],"yoast_head":"<!-- This site is optimized with the Yoast SEO plugin v27.3 - https:\/\/yoast.com\/product\/yoast-seo-wordpress\/ -->\n<title>Devenir partenaire professionnel de Q. EV Solutions.<\/title>\n<meta name=\"description\" content=\"Vous \u00eates un concessionnaire automobile, une soci\u00e9t\u00e9 de leasing, ... et vous souhaitez vendre des bornes de recharge, alors vous \u00eates au bon endroit.\" \/>\n<meta name=\"robots\" content=\"index, follow, max-snippet:-1, max-image-preview:large, max-video-preview:-1\" \/>\n<link rel=\"canonical\" href=\"https:\/\/www.qevsolutions.be\/fr\/devenir-un-partenaire\/\" \/>\n<meta property=\"og:locale\" content=\"fr_FR\" \/>\n<meta property=\"og:type\" content=\"article\" \/>\n<meta property=\"og:title\" content=\"Devenir partenaire professionnel de Q. EV Solutions.\" \/>\n<meta property=\"og:description\" content=\"Vous \u00eates un concessionnaire automobile, une soci\u00e9t\u00e9 de leasing, ... et vous souhaitez vendre des bornes de recharge, alors vous \u00eates au bon endroit.\" \/>\n<meta property=\"og:url\" content=\"https:\/\/www.qevsolutions.be\/fr\/devenir-un-partenaire\/\" \/>\n<meta property=\"og:site_name\" content=\"Q.Ev. Solutions and distributions\" \/>\n<meta property=\"article:modified_time\" content=\"2022-04-14T09:57:17+00:00\" \/>\n<meta property=\"og:image\" content=\"https:\/\/www.qevsolutions.be\/wp-content\/uploads\/2022\/02\/login-qev-solutions.webp\" \/>\n<meta name=\"twitter:card\" content=\"summary_large_image\" \/>\n<meta name=\"twitter:label1\" content=\"Dur\u00e9e de lecture estim\u00e9e\" \/>\n\t<meta name=\"twitter:data1\" content=\"2 minutes\" \/>\n<script type=\"application\/ld+json\" class=\"yoast-schema-graph\">{\"@context\":\"https:\\\/\\\/schema.org\",\"@graph\":[{\"@type\":\"WebPage\",\"@id\":\"https:\\\/\\\/www.qevsolutions.be\\\/fr\\\/devenir-un-partenaire\\\/\",\"url\":\"https:\\\/\\\/www.qevsolutions.be\\\/fr\\\/devenir-un-partenaire\\\/\",\"name\":\"Devenir partenaire professionnel de Q. EV Solutions.\",\"isPartOf\":{\"@id\":\"https:\\\/\\\/www.qevsolutions.be\\\/fr\\\/#website\"},\"primaryImageOfPage\":{\"@id\":\"https:\\\/\\\/www.qevsolutions.be\\\/fr\\\/devenir-un-partenaire\\\/#primaryimage\"},\"image\":{\"@id\":\"https:\\\/\\\/www.qevsolutions.be\\\/fr\\\/devenir-un-partenaire\\\/#primaryimage\"},\"thumbnailUrl\":\"https:\\\/\\\/www.qevsolutions.be\\\/wp-content\\\/uploads\\\/2022\\\/02\\\/login-qev-solutions.webp\",\"datePublished\":\"2022-02-08T15:20:44+00:00\",\"dateModified\":\"2022-04-14T09:57:17+00:00\",\"description\":\"Vous \u00eates un concessionnaire automobile, une soci\u00e9t\u00e9 de leasing, ... et vous souhaitez vendre des bornes de recharge, alors vous \u00eates au bon endroit.\",\"breadcrumb\":{\"@id\":\"https:\\\/\\\/www.qevsolutions.be\\\/fr\\\/devenir-un-partenaire\\\/#breadcrumb\"},\"inLanguage\":\"fr-FR\",\"potentialAction\":[{\"@type\":\"ReadAction\",\"target\":[\"https:\\\/\\\/www.qevsolutions.be\\\/fr\\\/devenir-un-partenaire\\\/\"]}]},{\"@type\":\"ImageObject\",\"inLanguage\":\"fr-FR\",\"@id\":\"https:\\\/\\\/www.qevsolutions.be\\\/fr\\\/devenir-un-partenaire\\\/#primaryimage\",\"url\":\"https:\\\/\\\/www.qevsolutions.be\\\/wp-content\\\/uploads\\\/2022\\\/02\\\/login-qev-solutions.webp\",\"contentUrl\":\"https:\\\/\\\/www.qevsolutions.be\\\/wp-content\\\/uploads\\\/2022\\\/02\\\/login-qev-solutions.webp\"},{\"@type\":\"BreadcrumbList\",\"@id\":\"https:\\\/\\\/www.qevsolutions.be\\\/fr\\\/devenir-un-partenaire\\\/#breadcrumb\",\"itemListElement\":[{\"@type\":\"ListItem\",\"position\":1,\"name\":\"Home\",\"item\":\"https:\\\/\\\/www.qevsolutions.be\\\/fr\\\/\"},{\"@type\":\"ListItem\",\"position\":2,\"name\":\"Devenir un partenaire\"}]},{\"@type\":\"WebSite\",\"@id\":\"https:\\\/\\\/www.qevsolutions.be\\\/fr\\\/#website\",\"url\":\"https:\\\/\\\/www.qevsolutions.be\\\/fr\\\/\",\"name\":\"Q.Ev. Solutions and distributions\",\"description\":\"\",\"potentialAction\":[{\"@type\":\"SearchAction\",\"target\":{\"@type\":\"EntryPoint\",\"urlTemplate\":\"https:\\\/\\\/www.qevsolutions.be\\\/fr\\\/?s={search_term_string}\"},\"query-input\":{\"@type\":\"PropertyValueSpecification\",\"valueRequired\":true,\"valueName\":\"search_term_string\"}}],\"inLanguage\":\"fr-FR\"}]}<\/script>\n<!-- \/ Yoast SEO plugin. -->","yoast_head_json":{"title":"Devenir partenaire professionnel de Q. EV Solutions.","description":"Vous \u00eates un concessionnaire automobile, une soci\u00e9t\u00e9 de leasing, ... et vous souhaitez vendre des bornes de recharge, alors vous \u00eates au bon endroit.","robots":{"index":"index","follow":"follow","max-snippet":"max-snippet:-1","max-image-preview":"max-image-preview:large","max-video-preview":"max-video-preview:-1"},"canonical":"https:\/\/www.qevsolutions.be\/fr\/devenir-un-partenaire\/","og_locale":"fr_FR","og_type":"article","og_title":"Devenir partenaire professionnel de Q. EV Solutions.","og_description":"Vous \u00eates un concessionnaire automobile, une soci\u00e9t\u00e9 de leasing, ... et vous souhaitez vendre des bornes de recharge, alors vous \u00eates au bon endroit.","og_url":"https:\/\/www.qevsolutions.be\/fr\/devenir-un-partenaire\/","og_site_name":"Q.Ev. Solutions and distributions","article_modified_time":"2022-04-14T09:57:17+00:00","og_image":[{"url":"https:\/\/www.qevsolutions.be\/wp-content\/uploads\/2022\/02\/login-qev-solutions.webp","type":"","width":"","height":""}],"twitter_card":"summary_large_image","twitter_misc":{"Dur\u00e9e de lecture estim\u00e9e":"2 minutes"},"schema":{"@context":"https:\/\/schema.org","@graph":[{"@type":"WebPage","@id":"https:\/\/www.qevsolutions.be\/fr\/devenir-un-partenaire\/","url":"https:\/\/www.qevsolutions.be\/fr\/devenir-un-partenaire\/","name":"Devenir partenaire professionnel de Q. EV Solutions.","isPartOf":{"@id":"https:\/\/www.qevsolutions.be\/fr\/#website"},"primaryImageOfPage":{"@id":"https:\/\/www.qevsolutions.be\/fr\/devenir-un-partenaire\/#primaryimage"},"image":{"@id":"https:\/\/www.qevsolutions.be\/fr\/devenir-un-partenaire\/#primaryimage"},"thumbnailUrl":"https:\/\/www.qevsolutions.be\/wp-content\/uploads\/2022\/02\/login-qev-solutions.webp","datePublished":"2022-02-08T15:20:44+00:00","dateModified":"2022-04-14T09:57:17+00:00","description":"Vous \u00eates un concessionnaire automobile, une soci\u00e9t\u00e9 de leasing, ... et vous souhaitez vendre des bornes de recharge, alors vous \u00eates au bon endroit.","breadcrumb":{"@id":"https:\/\/www.qevsolutions.be\/fr\/devenir-un-partenaire\/#breadcrumb"},"inLanguage":"fr-FR","potentialAction":[{"@type":"ReadAction","target":["https:\/\/www.qevsolutions.be\/fr\/devenir-un-partenaire\/"]}]},{"@type":"ImageObject","inLanguage":"fr-FR","@id":"https:\/\/www.qevsolutions.be\/fr\/devenir-un-partenaire\/#primaryimage","url":"https:\/\/www.qevsolutions.be\/wp-content\/uploads\/2022\/02\/login-qev-solutions.webp","contentUrl":"https:\/\/www.qevsolutions.be\/wp-content\/uploads\/2022\/02\/login-qev-solutions.webp"},{"@type":"BreadcrumbList","@id":"https:\/\/www.qevsolutions.be\/fr\/devenir-un-partenaire\/#breadcrumb","itemListElement":[{"@type":"ListItem","position":1,"name":"Home","item":"https:\/\/www.qevsolutions.be\/fr\/"},{"@type":"ListItem","position":2,"name":"Devenir un partenaire"}]},{"@type":"WebSite","@id":"https:\/\/www.qevsolutions.be\/fr\/#website","url":"https:\/\/www.qevsolutions.be\/fr\/","name":"Q.Ev. Solutions and distributions","description":"","potentialAction":[{"@type":"SearchAction","target":{"@type":"EntryPoint","urlTemplate":"https:\/\/www.qevsolutions.be\/fr\/?s={search_term_string}"},"query-input":{"@type":"PropertyValueSpecification","valueRequired":true,"valueName":"search_term_string"}}],"inLanguage":"fr-FR"}]}},"_links":{"self":[{"href":"https:\/\/www.qevsolutions.be\/fr\/wp-json\/wp\/v2\/pages\/1067","targetHints":{"allow":["GET"]}}],"collection":[{"href":"https:\/\/www.qevsolutions.be\/fr\/wp-json\/wp\/v2\/pages"}],"about":[{"href":"https:\/\/www.qevsolutions.be\/fr\/wp-json\/wp\/v2\/types\/page"}],"author":[{"embeddable":true,"href":"https:\/\/www.qevsolutions.be\/fr\/wp-json\/wp\/v2\/users\/1"}],"replies":[{"embeddable":true,"href":"https:\/\/www.qevsolutions.be\/fr\/wp-json\/wp\/v2\/comments?post=1067"}],"version-history":[{"count":3,"href":"https:\/\/www.qevsolutions.be\/fr\/wp-json\/wp\/v2\/pages\/1067\/revisions"}],"predecessor-version":[{"id":1275,"href":"https:\/\/www.qevsolutions.be\/fr\/wp-json\/wp\/v2\/pages\/1067\/revisions\/1275"}],"wp:attachment":[{"href":"https:\/\/www.qevsolutions.be\/fr\/wp-json\/wp\/v2\/media?parent=1067"}],"curies":[{"name":"wp","href":"https:\/\/api.w.org\/{rel}","templated":true}]}}