{"id":1065,"date":"2022-02-21T10:51:46","date_gmt":"2022-02-21T09:51:46","guid":{"rendered":"https:\/\/www.qevsolutions.be\/?page_id=1065"},"modified":"2022-04-14T10:10:16","modified_gmt":"2022-04-14T09:10:16","slug":"a-propos-de-q-ev-solutions-et-distributions","status":"publish","type":"page","link":"https:\/\/www.qevsolutions.be\/fr\/a-propos-de-q-ev-solutions-et-distributions\/","title":{"rendered":"A propos de Q.Ev. Solutions et distributions"},"content":{"rendered":"<div id=\"pl-gb1065-69dfe41ec7d78\"  class=\"panel-layout\" ><div id=\"pg-gb1065-69dfe41ec7d78-0\"  class=\"panel-grid panel-has-style\" ><div class=\"banner bannerpage siteorigin-panels-stretch lazy rocket-lazyload panel-row-style panel-row-style-for-gb1065-69dfe41ec7d78-0\" data-stretch-type=\"full\" data-bg=\"https:\/\/www.qevsolutions.be\/wp-content\/uploads\/2022\/02\/over-qev-e1645607158264.webp\" ><div id=\"pgc-gb1065-69dfe41ec7d78-0-0\"  class=\"panel-grid-cell\" ><div id=\"panel-gb1065-69dfe41ec7d78-0-0-0\" class=\"so-panel widget widget_sow-editor panel-first-child panel-last-child\" data-index=\"0\" ><div\n\t\t\t\n\t\t\tclass=\"so-widget-sow-editor so-widget-sow-editor-base\"\n\t\t\t\n\t\t>\n<div class=\"siteorigin-widget-tinymce textwidget\">\n\t<h1 style=\"text-align: center;\">A propos de Q.Ev. Solutions et distributions<\/h1>\n<\/div>\n<\/div><\/div><\/div><\/div><\/div><div id=\"pg-gb1065-69dfe41ec7d78-1\"  class=\"panel-grid panel-has-style\" ><div class=\"rij1_over rij1 panel-row-style panel-row-style-for-gb1065-69dfe41ec7d78-1\" ><div id=\"pgc-gb1065-69dfe41ec7d78-1-0\"  class=\"panel-grid-cell\" ><div id=\"panel-gb1065-69dfe41ec7d78-1-0-0\" class=\"so-panel widget widget_sow-image panel-first-child panel-last-child\" data-index=\"1\" ><div\n\t\t\t\n\t\t\tclass=\"so-widget-sow-image so-widget-sow-image-default-8b5b6f678277-1065\"\n\t\t\t\n\t\t>\n<div class=\"sow-image-container\">\n\t\t<img \n\tsrc=\"https:\/\/www.qevsolutions.be\/wp-content\/uploads\/2022\/02\/login-qev-solutions.webp\" width=\"658\" height=\"453\" srcset=\"https:\/\/www.qevsolutions.be\/wp-content\/uploads\/2022\/02\/login-qev-solutions.webp 658w, https:\/\/www.qevsolutions.be\/wp-content\/uploads\/2022\/02\/login-qev-solutions-600x413.webp 600w, https:\/\/www.qevsolutions.be\/wp-content\/uploads\/2022\/02\/login-qev-solutions-300x207.webp 300w\" sizes=\"(max-width: 658px) 100vw, 658px\" alt=\"Q. ev solutions laadpalen\" \t\tclass=\"so-widget-image\"\/>\n\t<\/div>\n\n<\/div><\/div><\/div><div id=\"pgc-gb1065-69dfe41ec7d78-1-1\"  class=\"panel-grid-cell\" ><div id=\"panel-gb1065-69dfe41ec7d78-1-1-0\" class=\"so-panel widget widget_sow-editor panel-first-child panel-last-child\" data-index=\"2\" ><div\n\t\t\t\n\t\t\tclass=\"so-widget-sow-editor so-widget-sow-editor-base\"\n\t\t\t\n\t\t>\n<div class=\"siteorigin-widget-tinymce textwidget\">\n\t<p>Nous sommes un grossiste\/distributeur qui distribue directement des importations d&rsquo;Orient ainsi que des marques A d&rsquo;Europe.<\/p>\n<p>Pour Gunther Quid\u00e9 le PDG de Q. EV. Solutions et distributions ce n&rsquo;est pas son premier exp\u00e9rience . Il a d\u00e9j\u00e0 28 ans d&rsquo;exp\u00e9rience dans les achats et les ventes, il a occup\u00e9 sous lui divers postes de direction et entreprises qui sont toujours dirig\u00e9es avec succ\u00e8s aujourd&rsquo;hui.<\/p>\n<p>Notre entreprise est synonyme de service et, surtout, de passion pour la conduite \u00e9lectrique.<\/p>\n<p>Nous commen\u00e7ons cette ann\u00e9e avec un large r\u00e9seau d&rsquo;installateurs, ce qui nous permet de basculer rapidement entre nos clients et l&rsquo;installation, mais le service est aussi pour nous un th\u00e8me tr\u00e8s important sur lequel nous nous concentrons.<\/p>\n<\/div>\n<\/div><\/div><\/div><\/div><\/div><div id=\"pg-gb1065-69dfe41ec7d78-2\"  class=\"panel-grid panel-has-style\" ><div class=\"tussenbanner siteorigin-panels-stretch lazy rocket-lazyload panel-row-style panel-row-style-for-gb1065-69dfe41ec7d78-2\" data-stretch-type=\"full\" data-bg=\"https:\/\/www.qevsolutions.be\/wp-content\/uploads\/2022\/02\/over-qev-solutions.webp\" ><div id=\"pgc-gb1065-69dfe41ec7d78-2-0\"  class=\"panel-grid-cell\" ><div id=\"panel-gb1065-69dfe41ec7d78-2-0-0\" class=\"so-panel widget widget_sow-editor panel-first-child panel-last-child\" data-index=\"3\" ><div\n\t\t\t\n\t\t\tclass=\"so-widget-sow-editor so-widget-sow-editor-base\"\n\t\t\t\n\t\t>\n<div class=\"siteorigin-widget-tinymce textwidget\">\n\t<h2>Une question sur votre borne de recharge ?<\/h2>\n<\/div>\n<\/div><\/div><\/div><div id=\"pgc-gb1065-69dfe41ec7d78-2-1\"  class=\"panel-grid-cell\" ><div id=\"panel-gb1065-69dfe41ec7d78-2-1-0\" class=\"so-panel widget widget_sow-editor panel-first-child panel-last-child\" data-index=\"4\" ><div class=\"knop panel-widget-style panel-widget-style-for-gb1065-69dfe41ec7d78-2-1-0\" ><div\n\t\t\t\n\t\t\tclass=\"so-widget-sow-editor so-widget-sow-editor-base\"\n\t\t\t\n\t\t>\n<div class=\"siteorigin-widget-tinymce textwidget\">\n\t<p style=\"text-align: center;\"><a href=\"https:\/\/www.qevsolutions.be\/fr\/contact\/\">Contactez-nous aujourd&rsquo;hui<\/a><\/p>\n<\/div>\n<\/div><\/div><\/div><\/div><\/div><\/div><div id=\"pg-gb1065-69dfe41ec7d78-3\"  class=\"panel-grid panel-has-style\" ><div class=\"rij1_over rij1 panel-row-style panel-row-style-for-gb1065-69dfe41ec7d78-3\" ><div id=\"pgc-gb1065-69dfe41ec7d78-3-0\"  class=\"panel-grid-cell\" ><div id=\"panel-gb1065-69dfe41ec7d78-3-0-0\" class=\"so-panel widget widget_sow-editor panel-first-child panel-last-child\" data-index=\"5\" ><div\n\t\t\t\n\t\t\tclass=\"so-widget-sow-editor so-widget-sow-editor-base\"\n\t\t\t\n\t\t>\n<div class=\"siteorigin-widget-tinymce textwidget\">\n\t<p>Les particuliers comme les ind\u00e9pendants peuvent trouver leurs bornes de recharge chez nous, nous offrons une solution pour chaque client avec notre entreprise.<\/p>\n<p>Par exemple, nous avons nos propres cartes de paiement et serveurs CPO afin de pouvoir offrir une solution compl\u00e8te \u00e0 nos clients.<\/p>\n<p>Nous sommes une entreprise en pleine croissance sur un march\u00e9 des v\u00e9hicules \u00e9lectriques en pleine croissance.<\/p>\n<p>Bref chez Q. EV. en tant que client, vous \u00eates le roi des solutions et des distributions, nos partenaires et nos clients sont les plus importants pour nous.<\/p>\n<\/div>\n<\/div><\/div><\/div><div id=\"pgc-gb1065-69dfe41ec7d78-3-1\"  class=\"panel-grid-cell\" ><div id=\"panel-gb1065-69dfe41ec7d78-3-1-0\" class=\"so-panel widget widget_sow-image panel-first-child panel-last-child\" data-index=\"6\" ><div\n\t\t\t\n\t\t\tclass=\"so-widget-sow-image so-widget-sow-image-default-8b5b6f678277-1065\"\n\t\t\t\n\t\t>\n<div class=\"sow-image-container\">\n\t\t<img \n\tsrc=\"https:\/\/www.qevsolutions.be\/wp-content\/uploads\/2022\/01\/subsidies-laadpalen.webp\" width=\"1024\" height=\"576\" srcset=\"https:\/\/www.qevsolutions.be\/wp-content\/uploads\/2022\/01\/subsidies-laadpalen.webp 1024w, https:\/\/www.qevsolutions.be\/wp-content\/uploads\/2022\/01\/subsidies-laadpalen-600x338.webp 600w, https:\/\/www.qevsolutions.be\/wp-content\/uploads\/2022\/01\/subsidies-laadpalen-300x169.webp 300w, https:\/\/www.qevsolutions.be\/wp-content\/uploads\/2022\/01\/subsidies-laadpalen-768x432.webp 768w, https:\/\/www.qevsolutions.be\/wp-content\/uploads\/2022\/01\/subsidies-laadpalen-625x351.webp 625w\" sizes=\"(max-width: 1024px) 100vw, 1024px\" alt=\"thuislader elektrische wagen\" \t\tclass=\"so-widget-image\"\/>\n\t<\/div>\n\n<\/div><\/div><\/div><\/div><\/div><\/div>","protected":false},"excerpt":{"rendered":"<p>A propos de Q.Ev. Solutions et distributions Nous sommes un grossiste\/distributeur qui distribue directement des importations d&rsquo;Orient ainsi que des marques A d&rsquo;Europe. Pour Gunther Quid\u00e9 le PDG de Q. EV. Solutions et distributions ce n&rsquo;est pas son premier exp\u00e9rience . Il a d\u00e9j\u00e0 28 ans d&rsquo;exp\u00e9rience dans les achats et les ventes, il a [&hellip;]<\/p>\n","protected":false},"author":1,"featured_media":0,"parent":0,"menu_order":0,"comment_status":"closed","ping_status":"closed","template":"","meta":{"footnotes":""},"class_list":["post-1065","page","type-page","status-publish","hentry"],"yoast_head":"<!-- This site is optimized with the Yoast SEO plugin v27.3 - https:\/\/yoast.com\/product\/yoast-seo-wordpress\/ -->\n<title>En savoir plus sur les bornes de recharge Q. EV Solutions &amp; Distributions<\/title>\n<meta name=\"description\" content=\"Q. EV Solutions est un grossiste de bornes de recharge de haute qualit\u00e9 pour votre voiture \u00e9lectrique ainsi qu&#039;un distributeur de cartes de recharge.\" \/>\n<meta name=\"robots\" content=\"index, follow, max-snippet:-1, max-image-preview:large, max-video-preview:-1\" \/>\n<link rel=\"canonical\" href=\"https:\/\/www.qevsolutions.be\/fr\/a-propos-de-q-ev-solutions-et-distributions\/\" \/>\n<meta property=\"og:locale\" content=\"fr_FR\" \/>\n<meta property=\"og:type\" content=\"article\" \/>\n<meta property=\"og:title\" content=\"En savoir plus sur les bornes de recharge Q. EV Solutions &amp; Distributions\" \/>\n<meta property=\"og:description\" content=\"Q. EV Solutions est un grossiste de bornes de recharge de haute qualit\u00e9 pour votre voiture \u00e9lectrique ainsi qu&#039;un distributeur de cartes de recharge.\" \/>\n<meta property=\"og:url\" content=\"https:\/\/www.qevsolutions.be\/fr\/a-propos-de-q-ev-solutions-et-distributions\/\" \/>\n<meta property=\"og:site_name\" content=\"Q.Ev. Solutions and distributions\" \/>\n<meta property=\"article:modified_time\" content=\"2022-04-14T09:10:16+00:00\" \/>\n<meta property=\"og:image\" content=\"https:\/\/www.qevsolutions.be\/wp-content\/uploads\/2022\/02\/login-qev-solutions.webp\" \/>\n<meta name=\"twitter:card\" content=\"summary_large_image\" \/>\n<meta name=\"twitter:label1\" content=\"Dur\u00e9e de lecture estim\u00e9e\" \/>\n\t<meta name=\"twitter:data1\" content=\"2 minutes\" \/>\n<script type=\"application\/ld+json\" class=\"yoast-schema-graph\">{\"@context\":\"https:\\\/\\\/schema.org\",\"@graph\":[{\"@type\":\"WebPage\",\"@id\":\"https:\\\/\\\/www.qevsolutions.be\\\/fr\\\/a-propos-de-q-ev-solutions-et-distributions\\\/\",\"url\":\"https:\\\/\\\/www.qevsolutions.be\\\/fr\\\/a-propos-de-q-ev-solutions-et-distributions\\\/\",\"name\":\"En savoir plus sur les bornes de recharge Q. EV Solutions & Distributions\",\"isPartOf\":{\"@id\":\"https:\\\/\\\/www.qevsolutions.be\\\/fr\\\/#website\"},\"primaryImageOfPage\":{\"@id\":\"https:\\\/\\\/www.qevsolutions.be\\\/fr\\\/a-propos-de-q-ev-solutions-et-distributions\\\/#primaryimage\"},\"image\":{\"@id\":\"https:\\\/\\\/www.qevsolutions.be\\\/fr\\\/a-propos-de-q-ev-solutions-et-distributions\\\/#primaryimage\"},\"thumbnailUrl\":\"https:\\\/\\\/www.qevsolutions.be\\\/wp-content\\\/uploads\\\/2022\\\/02\\\/login-qev-solutions.webp\",\"datePublished\":\"2022-02-21T09:51:46+00:00\",\"dateModified\":\"2022-04-14T09:10:16+00:00\",\"description\":\"Q. EV Solutions est un grossiste de bornes de recharge de haute qualit\u00e9 pour votre voiture \u00e9lectrique ainsi qu'un distributeur de cartes de recharge.\",\"breadcrumb\":{\"@id\":\"https:\\\/\\\/www.qevsolutions.be\\\/fr\\\/a-propos-de-q-ev-solutions-et-distributions\\\/#breadcrumb\"},\"inLanguage\":\"fr-FR\",\"potentialAction\":[{\"@type\":\"ReadAction\",\"target\":[\"https:\\\/\\\/www.qevsolutions.be\\\/fr\\\/a-propos-de-q-ev-solutions-et-distributions\\\/\"]}]},{\"@type\":\"ImageObject\",\"inLanguage\":\"fr-FR\",\"@id\":\"https:\\\/\\\/www.qevsolutions.be\\\/fr\\\/a-propos-de-q-ev-solutions-et-distributions\\\/#primaryimage\",\"url\":\"https:\\\/\\\/www.qevsolutions.be\\\/wp-content\\\/uploads\\\/2022\\\/02\\\/login-qev-solutions.webp\",\"contentUrl\":\"https:\\\/\\\/www.qevsolutions.be\\\/wp-content\\\/uploads\\\/2022\\\/02\\\/login-qev-solutions.webp\"},{\"@type\":\"BreadcrumbList\",\"@id\":\"https:\\\/\\\/www.qevsolutions.be\\\/fr\\\/a-propos-de-q-ev-solutions-et-distributions\\\/#breadcrumb\",\"itemListElement\":[{\"@type\":\"ListItem\",\"position\":1,\"name\":\"Home\",\"item\":\"https:\\\/\\\/www.qevsolutions.be\\\/fr\\\/\"},{\"@type\":\"ListItem\",\"position\":2,\"name\":\"A propos de Q.Ev. Solutions et distributions\"}]},{\"@type\":\"WebSite\",\"@id\":\"https:\\\/\\\/www.qevsolutions.be\\\/fr\\\/#website\",\"url\":\"https:\\\/\\\/www.qevsolutions.be\\\/fr\\\/\",\"name\":\"Q.Ev. Solutions and distributions\",\"description\":\"\",\"potentialAction\":[{\"@type\":\"SearchAction\",\"target\":{\"@type\":\"EntryPoint\",\"urlTemplate\":\"https:\\\/\\\/www.qevsolutions.be\\\/fr\\\/?s={search_term_string}\"},\"query-input\":{\"@type\":\"PropertyValueSpecification\",\"valueRequired\":true,\"valueName\":\"search_term_string\"}}],\"inLanguage\":\"fr-FR\"}]}<\/script>\n<!-- \/ Yoast SEO plugin. -->","yoast_head_json":{"title":"En savoir plus sur les bornes de recharge Q. EV Solutions & Distributions","description":"Q. EV Solutions est un grossiste de bornes de recharge de haute qualit\u00e9 pour votre voiture \u00e9lectrique ainsi qu'un distributeur de cartes de recharge.","robots":{"index":"index","follow":"follow","max-snippet":"max-snippet:-1","max-image-preview":"max-image-preview:large","max-video-preview":"max-video-preview:-1"},"canonical":"https:\/\/www.qevsolutions.be\/fr\/a-propos-de-q-ev-solutions-et-distributions\/","og_locale":"fr_FR","og_type":"article","og_title":"En savoir plus sur les bornes de recharge Q. EV Solutions & Distributions","og_description":"Q. EV Solutions est un grossiste de bornes de recharge de haute qualit\u00e9 pour votre voiture \u00e9lectrique ainsi qu'un distributeur de cartes de recharge.","og_url":"https:\/\/www.qevsolutions.be\/fr\/a-propos-de-q-ev-solutions-et-distributions\/","og_site_name":"Q.Ev. Solutions and distributions","article_modified_time":"2022-04-14T09:10:16+00:00","og_image":[{"url":"https:\/\/www.qevsolutions.be\/wp-content\/uploads\/2022\/02\/login-qev-solutions.webp","type":"","width":"","height":""}],"twitter_card":"summary_large_image","twitter_misc":{"Dur\u00e9e de lecture estim\u00e9e":"2 minutes"},"schema":{"@context":"https:\/\/schema.org","@graph":[{"@type":"WebPage","@id":"https:\/\/www.qevsolutions.be\/fr\/a-propos-de-q-ev-solutions-et-distributions\/","url":"https:\/\/www.qevsolutions.be\/fr\/a-propos-de-q-ev-solutions-et-distributions\/","name":"En savoir plus sur les bornes de recharge Q. EV Solutions & Distributions","isPartOf":{"@id":"https:\/\/www.qevsolutions.be\/fr\/#website"},"primaryImageOfPage":{"@id":"https:\/\/www.qevsolutions.be\/fr\/a-propos-de-q-ev-solutions-et-distributions\/#primaryimage"},"image":{"@id":"https:\/\/www.qevsolutions.be\/fr\/a-propos-de-q-ev-solutions-et-distributions\/#primaryimage"},"thumbnailUrl":"https:\/\/www.qevsolutions.be\/wp-content\/uploads\/2022\/02\/login-qev-solutions.webp","datePublished":"2022-02-21T09:51:46+00:00","dateModified":"2022-04-14T09:10:16+00:00","description":"Q. EV Solutions est un grossiste de bornes de recharge de haute qualit\u00e9 pour votre voiture \u00e9lectrique ainsi qu'un distributeur de cartes de recharge.","breadcrumb":{"@id":"https:\/\/www.qevsolutions.be\/fr\/a-propos-de-q-ev-solutions-et-distributions\/#breadcrumb"},"inLanguage":"fr-FR","potentialAction":[{"@type":"ReadAction","target":["https:\/\/www.qevsolutions.be\/fr\/a-propos-de-q-ev-solutions-et-distributions\/"]}]},{"@type":"ImageObject","inLanguage":"fr-FR","@id":"https:\/\/www.qevsolutions.be\/fr\/a-propos-de-q-ev-solutions-et-distributions\/#primaryimage","url":"https:\/\/www.qevsolutions.be\/wp-content\/uploads\/2022\/02\/login-qev-solutions.webp","contentUrl":"https:\/\/www.qevsolutions.be\/wp-content\/uploads\/2022\/02\/login-qev-solutions.webp"},{"@type":"BreadcrumbList","@id":"https:\/\/www.qevsolutions.be\/fr\/a-propos-de-q-ev-solutions-et-distributions\/#breadcrumb","itemListElement":[{"@type":"ListItem","position":1,"name":"Home","item":"https:\/\/www.qevsolutions.be\/fr\/"},{"@type":"ListItem","position":2,"name":"A propos de Q.Ev. Solutions et distributions"}]},{"@type":"WebSite","@id":"https:\/\/www.qevsolutions.be\/fr\/#website","url":"https:\/\/www.qevsolutions.be\/fr\/","name":"Q.Ev. Solutions and distributions","description":"","potentialAction":[{"@type":"SearchAction","target":{"@type":"EntryPoint","urlTemplate":"https:\/\/www.qevsolutions.be\/fr\/?s={search_term_string}"},"query-input":{"@type":"PropertyValueSpecification","valueRequired":true,"valueName":"search_term_string"}}],"inLanguage":"fr-FR"}]}},"_links":{"self":[{"href":"https:\/\/www.qevsolutions.be\/fr\/wp-json\/wp\/v2\/pages\/1065","targetHints":{"allow":["GET"]}}],"collection":[{"href":"https:\/\/www.qevsolutions.be\/fr\/wp-json\/wp\/v2\/pages"}],"about":[{"href":"https:\/\/www.qevsolutions.be\/fr\/wp-json\/wp\/v2\/types\/page"}],"author":[{"embeddable":true,"href":"https:\/\/www.qevsolutions.be\/fr\/wp-json\/wp\/v2\/users\/1"}],"replies":[{"embeddable":true,"href":"https:\/\/www.qevsolutions.be\/fr\/wp-json\/wp\/v2\/comments?post=1065"}],"version-history":[{"count":2,"href":"https:\/\/www.qevsolutions.be\/fr\/wp-json\/wp\/v2\/pages\/1065\/revisions"}],"predecessor-version":[{"id":1243,"href":"https:\/\/www.qevsolutions.be\/fr\/wp-json\/wp\/v2\/pages\/1065\/revisions\/1243"}],"wp:attachment":[{"href":"https:\/\/www.qevsolutions.be\/fr\/wp-json\/wp\/v2\/media?parent=1065"}],"curies":[{"name":"wp","href":"https:\/\/api.w.org\/{rel}","templated":true}]}}