{"id":1059,"date":"2022-03-07T10:26:23","date_gmt":"2022-03-07T09:26:23","guid":{"rendered":"https:\/\/www.qevsolutions.be\/?page_id=1059"},"modified":"2022-08-12T12:07:30","modified_gmt":"2022-08-12T11:07:30","slug":"installation","status":"publish","type":"page","link":"https:\/\/www.qevsolutions.be\/fr\/installation\/","title":{"rendered":"Installation"},"content":{"rendered":"<div id=\"pl-gb1059-69e1154e327d2\"  class=\"panel-layout\" ><div id=\"pg-gb1059-69e1154e327d2-0\"  class=\"panel-grid panel-has-style\" ><div class=\"banner bannerpage siteorigin-panels-stretch lazy rocket-lazyload panel-row-style panel-row-style-for-gb1059-69e1154e327d2-0\" data-stretch-type=\"full\" data-bg=\"https:\/\/www.qevsolutions.be\/wp-content\/uploads\/2016\/06\/navigatie-qev-solutions-laadpalen-laadkabels.webp\" ><div id=\"pgc-gb1059-69e1154e327d2-0-0\"  class=\"panel-grid-cell\" ><div id=\"panel-gb1059-69e1154e327d2-0-0-0\" class=\"so-panel widget widget_sow-editor panel-first-child panel-last-child\" data-index=\"0\" ><div\n\t\t\t\n\t\t\tclass=\"so-widget-sow-editor so-widget-sow-editor-base\"\n\t\t\t\n\t\t>\n<div class=\"siteorigin-widget-tinymce textwidget\">\n\t<h1 style=\"text-align: center;\">Installation<\/h1>\n<\/div>\n<\/div><\/div><\/div><\/div><\/div><div id=\"pg-gb1059-69e1154e327d2-1\"  class=\"panel-grid panel-has-style\" ><div class=\"rij1_laadpas rij1 panel-row-style panel-row-style-for-gb1059-69e1154e327d2-1\" ><div id=\"pgc-gb1059-69e1154e327d2-1-0\"  class=\"panel-grid-cell\" ><div id=\"panel-gb1059-69e1154e327d2-1-0-0\" class=\"so-panel widget widget_sow-image panel-first-child panel-last-child\" data-index=\"1\" ><div\n\t\t\t\n\t\t\tclass=\"so-widget-sow-image so-widget-sow-image-default-8b5b6f678277-1059\"\n\t\t\t\n\t\t>\n<div class=\"sow-image-container\">\n\t\t<img \n\tsrc=\"https:\/\/www.qevsolutions.be\/wp-content\/uploads\/2022\/02\/beny-laadpaal.webp\" width=\"1000\" height=\"550\" srcset=\"https:\/\/www.qevsolutions.be\/wp-content\/uploads\/2022\/02\/beny-laadpaal.webp 1000w, https:\/\/www.qevsolutions.be\/wp-content\/uploads\/2022\/02\/beny-laadpaal-600x330.webp 600w, https:\/\/www.qevsolutions.be\/wp-content\/uploads\/2022\/02\/beny-laadpaal-300x165.webp 300w, https:\/\/www.qevsolutions.be\/wp-content\/uploads\/2022\/02\/beny-laadpaal-768x422.webp 768w\" sizes=\"(max-width: 1000px) 100vw, 1000px\" alt=\"Montage laadpalen qev-solutions\" \t\tclass=\"so-widget-image\"\/>\n\t<\/div>\n\n<\/div><\/div><\/div><div id=\"pgc-gb1059-69e1154e327d2-1-1\"  class=\"panel-grid-cell\" ><div id=\"panel-gb1059-69e1154e327d2-1-1-0\" class=\"so-panel widget widget_sow-editor panel-first-child panel-last-child\" data-index=\"2\" ><div class=\"knop panel-widget-style panel-widget-style-for-gb1059-69e1154e327d2-1-1-0\" ><div\n\t\t\t\n\t\t\tclass=\"so-widget-sow-editor so-widget-sow-editor-base\"\n\t\t\t\n\t\t>\n<div class=\"siteorigin-widget-tinymce textwidget\">\n\t<p>Faites installer votre borne de recharge sans souci, Q. EV. Solutions and distributions s&rsquo;en chargera. Nos techniciens certifi\u00e9s se rendent \u00e0 votre domicile ou \u00e0 votre entreprise pour installer les chargeurs. Lorsque vous commandez le chargeur sur notre boutique en ligne, vous pouvez indiquer l&rsquo;installation. Il s&rsquo;agit d&rsquo;une installation standard qui se compose de<\/p>\n<ul>\n<li>Frais de d\u00e9placement<\/li>\n<li>Co\u00fbts de la main-d&rsquo;\u0153uvre du technicien<\/li>\n<li>Terrassements de 5 m\u00e8tres (uniquement en terre meuble ou en pierres)<\/li>\n<li>5 m\u00e8tres de c\u00e2ble d&rsquo;alimentation connexion monophas\u00e9e<\/li>\n<li>Connexion au bo\u00eetier \u00e0 fusibles<\/li>\n<li>2 forages de mur<\/li>\n<li>3 m\u00e8tres de tuyau en PVC<\/li>\n<li>Explication du chargeur<\/li>\n<\/ul>\n<p>Ces frais d&rsquo;installation de base s&rsquo;\u00e9l\u00e8vent \u00e0 450 euros, TTC.<\/p>\n<p><a href=\"https:\/\/www.qevsolutions.be\/fr\/contact\/\">Contactez Q.Ev. Solutions<\/a><\/p>\n<\/div>\n<\/div><\/div><\/div><\/div><\/div><\/div><div id=\"pg-gb1059-69e1154e327d2-2\"  class=\"panel-grid panel-has-style\" ><div class=\"rij1_laadpas rij1 panel-row-style panel-row-style-for-gb1059-69e1154e327d2-2\" ><div id=\"pgc-gb1059-69e1154e327d2-2-0\"  class=\"panel-grid-cell\" ><div id=\"panel-gb1059-69e1154e327d2-2-0-0\" class=\"so-panel widget widget_sow-editor panel-first-child panel-last-child\" data-index=\"3\" ><div class=\"knop panel-widget-style panel-widget-style-for-gb1059-69e1154e327d2-2-0-0\" ><div\n\t\t\t\n\t\t\tclass=\"so-widget-sow-editor so-widget-sow-editor-base\"\n\t\t\t\n\t\t>\n<div class=\"siteorigin-widget-tinymce textwidget\">\n\t<p>Les frais suppl\u00e9mentaires seront factur\u00e9s sur place, cela se fait par l&rsquo;APPLI de banque sur le t\u00e9l\u00e9phone mobile, nous ne recevons pas d&rsquo;argent liquide.<\/p>\n<p><strong>En quoi peuvent consister les frais suppl\u00e9mentaires ?<\/strong><\/p>\n<ul>\n<li>Interrupteur de fuite \u00e0 la terre suppl\u00e9mentaire<\/li>\n<li>M\u00e8tres suppl\u00e9mentaires de c\u00e2ble d&rsquo;alimentation ou c\u00e2ble d&rsquo;alimentation plus important en raison d&rsquo;une trop longue distance entre le bo\u00eetier \u00e0 fusibles et le chargeur<\/li>\n<li>Compteur num\u00e9rique de Kwh pour une utilisation intelligente du chargeur<\/li>\n<li>Rupture des surfaces dures<\/li>\n<li>Placement du chargeur sur un poteau d&rsquo;installation<\/li>\n<li>etc. &#8230;<\/li>\n<\/ul>\n<\/div>\n<\/div><\/div><\/div><\/div><div id=\"pgc-gb1059-69e1154e327d2-2-1\"  class=\"panel-grid-cell\" ><div id=\"panel-gb1059-69e1154e327d2-2-1-0\" class=\"so-panel widget widget_sow-image panel-first-child panel-last-child\" data-index=\"4\" ><div\n\t\t\t\n\t\t\tclass=\"so-widget-sow-image so-widget-sow-image-default-8b5b6f678277-1059\"\n\t\t\t\n\t\t>\n<div class=\"sow-image-container\">\n\t\t<img \n\tsrc=\"https:\/\/www.qevsolutions.be\/wp-content\/uploads\/2022\/02\/qev-solutions-laadpassen.webp\" width=\"1900\" height=\"1267\" srcset=\"https:\/\/www.qevsolutions.be\/wp-content\/uploads\/2022\/02\/qev-solutions-laadpassen.webp 1900w, https:\/\/www.qevsolutions.be\/wp-content\/uploads\/2022\/02\/qev-solutions-laadpassen-600x400.webp 600w, https:\/\/www.qevsolutions.be\/wp-content\/uploads\/2022\/02\/qev-solutions-laadpassen-300x200.webp 300w, https:\/\/www.qevsolutions.be\/wp-content\/uploads\/2022\/02\/qev-solutions-laadpassen-1024x683.webp 1024w, https:\/\/www.qevsolutions.be\/wp-content\/uploads\/2022\/02\/qev-solutions-laadpassen-768x512.webp 768w, https:\/\/www.qevsolutions.be\/wp-content\/uploads\/2022\/02\/qev-solutions-laadpassen-1536x1024.webp 1536w, https:\/\/www.qevsolutions.be\/wp-content\/uploads\/2022\/02\/qev-solutions-laadpassen-272x182.webp 272w\" sizes=\"(max-width: 1900px) 100vw, 1900px\" alt=\"Laadpaal monteren via Q. EV solutions\" \t\tclass=\"so-widget-image\"\/>\n\t<\/div>\n\n<\/div><\/div><\/div><\/div><\/div><div id=\"pg-gb1059-69e1154e327d2-3\"  class=\"panel-grid panel-has-style\" ><div class=\"rij1_laadpas rij1 panel-row-style panel-row-style-for-gb1059-69e1154e327d2-3\" ><div id=\"pgc-gb1059-69e1154e327d2-3-0\"  class=\"panel-grid-cell\" ><div id=\"panel-gb1059-69e1154e327d2-3-0-0\" class=\"so-panel widget widget_sow-image panel-first-child panel-last-child\" data-index=\"5\" ><div\n\t\t\t\n\t\t\tclass=\"so-widget-sow-image so-widget-sow-image-default-8b5b6f678277-1059\"\n\t\t\t\n\t\t>\n<div class=\"sow-image-container\">\n\t\t<img \n\tsrc=\"https:\/\/www.qevsolutions.be\/wp-content\/uploads\/2022\/02\/etrel-laadpaal-muur.webp\" width=\"1024\" height=\"790\" srcset=\"https:\/\/www.qevsolutions.be\/wp-content\/uploads\/2022\/02\/etrel-laadpaal-muur.webp 1024w, https:\/\/www.qevsolutions.be\/wp-content\/uploads\/2022\/02\/etrel-laadpaal-muur-600x463.webp 600w, https:\/\/www.qevsolutions.be\/wp-content\/uploads\/2022\/02\/etrel-laadpaal-muur-300x231.webp 300w, https:\/\/www.qevsolutions.be\/wp-content\/uploads\/2022\/02\/etrel-laadpaal-muur-768x592.webp 768w, https:\/\/www.qevsolutions.be\/wp-content\/uploads\/2022\/02\/etrel-laadpaal-muur-1536x1185.webp 1536w\" sizes=\"(max-width: 1024px) 100vw, 1024px\" alt=\"Montage laadpalen\" \t\tclass=\"so-widget-image\"\/>\n\t<\/div>\n\n<\/div><\/div><\/div><div id=\"pgc-gb1059-69e1154e327d2-3-1\"  class=\"panel-grid-cell\" ><div id=\"panel-gb1059-69e1154e327d2-3-1-0\" class=\"so-panel widget widget_sow-editor panel-first-child panel-last-child\" data-index=\"6\" ><div\n\t\t\t\n\t\t\tclass=\"so-widget-sow-editor so-widget-sow-editor-base\"\n\t\t\t\n\t\t>\n<div class=\"siteorigin-widget-tinymce textwidget\">\n\t<p>Si vous achetez un chargeur chez nous en tant qu&rsquo;entreprise et que vous souhaitez travailler avec des cartes de charge, vous achetez un poteau de charge intelligent qui doit \u00eatre configur\u00e9. Nous \u00e9tablissons donc une offre personnalis\u00e9e pour votre entreprise et le prix d&rsquo;installation standard mentionn\u00e9 ci-dessus n&rsquo;est pas applicable. Pour cela, vous pouvez nous envoyer un mail \u00e0 <a href=\"mailto:info@qevsolutions.be\">info@qevsolutions.be<\/a>. Si vous avez effectu\u00e9 un achat via notre boutique en ligne, vous pouvez inclure le num\u00e9ro de commande afin que nous puissions \u00e9galement vous contacter.<\/p>\n<p>Apr\u00e8s l&rsquo;installation, vous pouvez commencer \u00e0 charger imm\u00e9diatement, mais un contr\u00f4le du raccordement sera effectu\u00e9 par un inspecteur externe d\u00e9sign\u00e9 pour les installations \u00e9lectriques. Il s&rsquo;agit d&rsquo;une obligation l\u00e9gale pour chaque ajustement de votre armoire \u00e9lectrique et co\u00fbte 150 euros. Nous nous en chargeons afin que vous, le client, n&rsquo;ayez aucun souci \u00e0 vous faire.<\/p>\n<\/div>\n<\/div><\/div><\/div><\/div><\/div><\/div>","protected":false},"excerpt":{"rendered":"<p>Installation Faites installer votre borne de recharge sans souci, Q. EV. Solutions and distributions s&rsquo;en chargera. Nos techniciens certifi\u00e9s se rendent \u00e0 votre domicile ou \u00e0 votre entreprise pour installer les chargeurs. Lorsque vous commandez le chargeur sur notre boutique en ligne, vous pouvez indiquer l&rsquo;installation. Il s&rsquo;agit d&rsquo;une installation standard qui se compose de [&hellip;]<\/p>\n","protected":false},"author":1,"featured_media":0,"parent":0,"menu_order":0,"comment_status":"closed","ping_status":"closed","template":"","meta":{"footnotes":""},"class_list":["post-1059","page","type-page","status-publish","hentry"],"yoast_head":"<!-- This site is optimized with the Yoast SEO plugin v27.3 - https:\/\/yoast.com\/product\/yoast-seo-wordpress\/ -->\n<title>Faites installer votre borne de recharge pour votre voiture | Q EV. solutions<\/title>\n<meta name=\"description\" content=\"Faites installer votre borne de recharge devant votre voiture sans aucun souci. Vous pouvez le faire sur Q. EV. Solutions and distributions.\" \/>\n<meta name=\"robots\" content=\"index, follow, max-snippet:-1, max-image-preview:large, max-video-preview:-1\" \/>\n<link rel=\"canonical\" href=\"https:\/\/www.qevsolutions.be\/fr\/installation\/\" \/>\n<meta property=\"og:locale\" content=\"fr_FR\" \/>\n<meta property=\"og:type\" content=\"article\" \/>\n<meta property=\"og:title\" content=\"Faites installer votre borne de recharge pour votre voiture | Q EV. solutions\" \/>\n<meta property=\"og:description\" content=\"Faites installer votre borne de recharge devant votre voiture sans aucun souci. Vous pouvez le faire sur Q. EV. Solutions and distributions.\" \/>\n<meta property=\"og:url\" content=\"https:\/\/www.qevsolutions.be\/fr\/installation\/\" \/>\n<meta property=\"og:site_name\" content=\"Q.Ev. Solutions and distributions\" \/>\n<meta property=\"article:modified_time\" content=\"2022-08-12T11:07:30+00:00\" \/>\n<meta property=\"og:image\" content=\"https:\/\/www.qevsolutions.be\/wp-content\/uploads\/2022\/02\/beny-laadpaal.webp\" \/>\n<meta name=\"twitter:card\" content=\"summary_large_image\" \/>\n<meta name=\"twitter:label1\" content=\"Dur\u00e9e de lecture estim\u00e9e\" \/>\n\t<meta name=\"twitter:data1\" content=\"3 minutes\" \/>\n<script type=\"application\/ld+json\" class=\"yoast-schema-graph\">{\"@context\":\"https:\\\/\\\/schema.org\",\"@graph\":[{\"@type\":\"WebPage\",\"@id\":\"https:\\\/\\\/www.qevsolutions.be\\\/fr\\\/installation\\\/\",\"url\":\"https:\\\/\\\/www.qevsolutions.be\\\/fr\\\/installation\\\/\",\"name\":\"Faites installer votre borne de recharge pour votre voiture | Q EV. solutions\",\"isPartOf\":{\"@id\":\"https:\\\/\\\/www.qevsolutions.be\\\/fr\\\/#website\"},\"primaryImageOfPage\":{\"@id\":\"https:\\\/\\\/www.qevsolutions.be\\\/fr\\\/installation\\\/#primaryimage\"},\"image\":{\"@id\":\"https:\\\/\\\/www.qevsolutions.be\\\/fr\\\/installation\\\/#primaryimage\"},\"thumbnailUrl\":\"https:\\\/\\\/www.qevsolutions.be\\\/wp-content\\\/uploads\\\/2022\\\/02\\\/beny-laadpaal.webp\",\"datePublished\":\"2022-03-07T09:26:23+00:00\",\"dateModified\":\"2022-08-12T11:07:30+00:00\",\"description\":\"Faites installer votre borne de recharge devant votre voiture sans aucun souci. Vous pouvez le faire sur Q. EV. Solutions and distributions.\",\"breadcrumb\":{\"@id\":\"https:\\\/\\\/www.qevsolutions.be\\\/fr\\\/installation\\\/#breadcrumb\"},\"inLanguage\":\"fr-FR\",\"potentialAction\":[{\"@type\":\"ReadAction\",\"target\":[\"https:\\\/\\\/www.qevsolutions.be\\\/fr\\\/installation\\\/\"]}]},{\"@type\":\"ImageObject\",\"inLanguage\":\"fr-FR\",\"@id\":\"https:\\\/\\\/www.qevsolutions.be\\\/fr\\\/installation\\\/#primaryimage\",\"url\":\"https:\\\/\\\/www.qevsolutions.be\\\/wp-content\\\/uploads\\\/2022\\\/02\\\/beny-laadpaal.webp\",\"contentUrl\":\"https:\\\/\\\/www.qevsolutions.be\\\/wp-content\\\/uploads\\\/2022\\\/02\\\/beny-laadpaal.webp\"},{\"@type\":\"BreadcrumbList\",\"@id\":\"https:\\\/\\\/www.qevsolutions.be\\\/fr\\\/installation\\\/#breadcrumb\",\"itemListElement\":[{\"@type\":\"ListItem\",\"position\":1,\"name\":\"Home\",\"item\":\"https:\\\/\\\/www.qevsolutions.be\\\/fr\\\/\"},{\"@type\":\"ListItem\",\"position\":2,\"name\":\"Installation\"}]},{\"@type\":\"WebSite\",\"@id\":\"https:\\\/\\\/www.qevsolutions.be\\\/fr\\\/#website\",\"url\":\"https:\\\/\\\/www.qevsolutions.be\\\/fr\\\/\",\"name\":\"Q.Ev. Solutions and distributions\",\"description\":\"\",\"potentialAction\":[{\"@type\":\"SearchAction\",\"target\":{\"@type\":\"EntryPoint\",\"urlTemplate\":\"https:\\\/\\\/www.qevsolutions.be\\\/fr\\\/?s={search_term_string}\"},\"query-input\":{\"@type\":\"PropertyValueSpecification\",\"valueRequired\":true,\"valueName\":\"search_term_string\"}}],\"inLanguage\":\"fr-FR\"}]}<\/script>\n<!-- \/ Yoast SEO plugin. -->","yoast_head_json":{"title":"Faites installer votre borne de recharge pour votre voiture | Q EV. solutions","description":"Faites installer votre borne de recharge devant votre voiture sans aucun souci. Vous pouvez le faire sur Q. EV. Solutions and distributions.","robots":{"index":"index","follow":"follow","max-snippet":"max-snippet:-1","max-image-preview":"max-image-preview:large","max-video-preview":"max-video-preview:-1"},"canonical":"https:\/\/www.qevsolutions.be\/fr\/installation\/","og_locale":"fr_FR","og_type":"article","og_title":"Faites installer votre borne de recharge pour votre voiture | Q EV. solutions","og_description":"Faites installer votre borne de recharge devant votre voiture sans aucun souci. Vous pouvez le faire sur Q. EV. Solutions and distributions.","og_url":"https:\/\/www.qevsolutions.be\/fr\/installation\/","og_site_name":"Q.Ev. Solutions and distributions","article_modified_time":"2022-08-12T11:07:30+00:00","og_image":[{"url":"https:\/\/www.qevsolutions.be\/wp-content\/uploads\/2022\/02\/beny-laadpaal.webp","type":"","width":"","height":""}],"twitter_card":"summary_large_image","twitter_misc":{"Dur\u00e9e de lecture estim\u00e9e":"3 minutes"},"schema":{"@context":"https:\/\/schema.org","@graph":[{"@type":"WebPage","@id":"https:\/\/www.qevsolutions.be\/fr\/installation\/","url":"https:\/\/www.qevsolutions.be\/fr\/installation\/","name":"Faites installer votre borne de recharge pour votre voiture | Q EV. solutions","isPartOf":{"@id":"https:\/\/www.qevsolutions.be\/fr\/#website"},"primaryImageOfPage":{"@id":"https:\/\/www.qevsolutions.be\/fr\/installation\/#primaryimage"},"image":{"@id":"https:\/\/www.qevsolutions.be\/fr\/installation\/#primaryimage"},"thumbnailUrl":"https:\/\/www.qevsolutions.be\/wp-content\/uploads\/2022\/02\/beny-laadpaal.webp","datePublished":"2022-03-07T09:26:23+00:00","dateModified":"2022-08-12T11:07:30+00:00","description":"Faites installer votre borne de recharge devant votre voiture sans aucun souci. Vous pouvez le faire sur Q. EV. Solutions and distributions.","breadcrumb":{"@id":"https:\/\/www.qevsolutions.be\/fr\/installation\/#breadcrumb"},"inLanguage":"fr-FR","potentialAction":[{"@type":"ReadAction","target":["https:\/\/www.qevsolutions.be\/fr\/installation\/"]}]},{"@type":"ImageObject","inLanguage":"fr-FR","@id":"https:\/\/www.qevsolutions.be\/fr\/installation\/#primaryimage","url":"https:\/\/www.qevsolutions.be\/wp-content\/uploads\/2022\/02\/beny-laadpaal.webp","contentUrl":"https:\/\/www.qevsolutions.be\/wp-content\/uploads\/2022\/02\/beny-laadpaal.webp"},{"@type":"BreadcrumbList","@id":"https:\/\/www.qevsolutions.be\/fr\/installation\/#breadcrumb","itemListElement":[{"@type":"ListItem","position":1,"name":"Home","item":"https:\/\/www.qevsolutions.be\/fr\/"},{"@type":"ListItem","position":2,"name":"Installation"}]},{"@type":"WebSite","@id":"https:\/\/www.qevsolutions.be\/fr\/#website","url":"https:\/\/www.qevsolutions.be\/fr\/","name":"Q.Ev. Solutions and distributions","description":"","potentialAction":[{"@type":"SearchAction","target":{"@type":"EntryPoint","urlTemplate":"https:\/\/www.qevsolutions.be\/fr\/?s={search_term_string}"},"query-input":{"@type":"PropertyValueSpecification","valueRequired":true,"valueName":"search_term_string"}}],"inLanguage":"fr-FR"}]}},"_links":{"self":[{"href":"https:\/\/www.qevsolutions.be\/fr\/wp-json\/wp\/v2\/pages\/1059","targetHints":{"allow":["GET"]}}],"collection":[{"href":"https:\/\/www.qevsolutions.be\/fr\/wp-json\/wp\/v2\/pages"}],"about":[{"href":"https:\/\/www.qevsolutions.be\/fr\/wp-json\/wp\/v2\/types\/page"}],"author":[{"embeddable":true,"href":"https:\/\/www.qevsolutions.be\/fr\/wp-json\/wp\/v2\/users\/1"}],"replies":[{"embeddable":true,"href":"https:\/\/www.qevsolutions.be\/fr\/wp-json\/wp\/v2\/comments?post=1059"}],"version-history":[{"count":5,"href":"https:\/\/www.qevsolutions.be\/fr\/wp-json\/wp\/v2\/pages\/1059\/revisions"}],"predecessor-version":[{"id":1602,"href":"https:\/\/www.qevsolutions.be\/fr\/wp-json\/wp\/v2\/pages\/1059\/revisions\/1602"}],"wp:attachment":[{"href":"https:\/\/www.qevsolutions.be\/fr\/wp-json\/wp\/v2\/media?parent=1059"}],"curies":[{"name":"wp","href":"https:\/\/api.w.org\/{rel}","templated":true}]}}