{"id":1054,"date":"2022-03-02T09:43:19","date_gmt":"2022-03-02T08:43:19","guid":{"rendered":"https:\/\/www.qevsolutions.be\/?page_id=1054"},"modified":"2022-04-14T10:14:08","modified_gmt":"2022-04-14T09:14:08","slug":"emplois","status":"publish","type":"page","link":"https:\/\/www.qevsolutions.be\/fr\/emplois\/","title":{"rendered":"Emplois"},"content":{"rendered":"<div id=\"pl-gb1054-69f9d9f5edd90\"  class=\"panel-layout\" ><div id=\"pg-gb1054-69f9d9f5edd90-0\"  class=\"panel-grid panel-has-style\" ><div class=\"banner bannerpage siteorigin-panels-stretch lazy rocket-lazyload panel-row-style panel-row-style-for-gb1054-69f9d9f5edd90-0\" data-stretch-type=\"full\" data-bg=\"https:\/\/www.qevsolutions.be\/wp-content\/uploads\/2022\/02\/partner-worden-qev-solutions-e1645607571134.webp\" ><div id=\"pgc-gb1054-69f9d9f5edd90-0-0\"  class=\"panel-grid-cell\" ><div id=\"panel-gb1054-69f9d9f5edd90-0-0-0\" class=\"so-panel widget widget_sow-editor panel-first-child panel-last-child\" data-index=\"0\" ><div\n\t\t\t\n\t\t\tclass=\"so-widget-sow-editor so-widget-sow-editor-base\"\n\t\t\t\n\t\t>\n<div class=\"siteorigin-widget-tinymce textwidget\">\n\t<h1 style=\"text-align: center;\">Emplois<\/h1>\n<\/div>\n<\/div><\/div><\/div><\/div><\/div><div id=\"pg-gb1054-69f9d9f5edd90-1\"  class=\"panel-grid panel-has-style\" ><div class=\"rij1_laadpas rij1 panel-row-style panel-row-style-for-gb1054-69f9d9f5edd90-1\" ><div id=\"pgc-gb1054-69f9d9f5edd90-1-0\"  class=\"panel-grid-cell\" ><div id=\"panel-gb1054-69f9d9f5edd90-1-0-0\" class=\"so-panel widget widget_sow-image panel-first-child panel-last-child\" data-index=\"1\" ><div\n\t\t\t\n\t\t\tclass=\"so-widget-sow-image so-widget-sow-image-default-8b5b6f678277-1054\"\n\t\t\t\n\t\t>\n<div class=\"sow-image-container\">\n\t\t<img \n\tsrc=\"https:\/\/www.qevsolutions.be\/wp-content\/uploads\/2022\/02\/login-qev-solutions.webp\" width=\"658\" height=\"453\" srcset=\"https:\/\/www.qevsolutions.be\/wp-content\/uploads\/2022\/02\/login-qev-solutions.webp 658w, https:\/\/www.qevsolutions.be\/wp-content\/uploads\/2022\/02\/login-qev-solutions-600x413.webp 600w, https:\/\/www.qevsolutions.be\/wp-content\/uploads\/2022\/02\/login-qev-solutions-300x207.webp 300w\" sizes=\"(max-width: 658px) 100vw, 658px\" alt=\"Zelfstandig technieker worden bij Q. EV Solutions\" \t\tclass=\"so-widget-image\"\/>\n\t<\/div>\n\n<\/div><\/div><\/div><div id=\"pgc-gb1054-69f9d9f5edd90-1-1\"  class=\"panel-grid-cell\" ><div id=\"panel-gb1054-69f9d9f5edd90-1-1-0\" class=\"so-panel widget widget_sow-editor panel-first-child panel-last-child\" data-index=\"2\" ><div class=\"knop panel-widget-style panel-widget-style-for-gb1054-69f9d9f5edd90-1-1-0\" ><div\n\t\t\t\n\t\t\tclass=\"so-widget-sow-editor so-widget-sow-editor-base\"\n\t\t\t\n\t\t>\n<div class=\"siteorigin-widget-tinymce textwidget\">\n\t<h2>Technicien ind\u00e9pendant<\/h2>\n<p>Vous \u00eates \u00e9lectricien ind\u00e9pendant, vous ne faites pas encore de bornes de recharge?  Nous vous offrons un futur en tant que partenaire de notre entreprise.  Vous achetez les bornes de recharge pour vos clients directement aupr\u00e8s du grossiste Q EV solutions et distributions. Nous vous transmettons nos clients qui viennent par le site d\u2019internet pour les placer.  Nous proposons \u00e9galement des formations pour nos marques. <\/p>\n<p><a href=\"https:\/\/www.qevsolutions.be\/fr\/contact\/\">Contactez-nous rapidement.<\/a><\/p>\n<\/div>\n<\/div><\/div><\/div><\/div><\/div><\/div><div id=\"pg-gb1054-69f9d9f5edd90-2\"  class=\"panel-grid panel-has-style\" ><div class=\"rij1_laadpas rij1 panel-row-style panel-row-style-for-gb1054-69f9d9f5edd90-2\" ><div id=\"pgc-gb1054-69f9d9f5edd90-2-0\"  class=\"panel-grid-cell\" ><div id=\"panel-gb1054-69f9d9f5edd90-2-0-0\" class=\"so-panel widget widget_sow-editor panel-first-child panel-last-child\" data-index=\"3\" ><div class=\"knop panel-widget-style panel-widget-style-for-gb1054-69f9d9f5edd90-2-0-0\" ><div\n\t\t\t\n\t\t\tclass=\"so-widget-sow-editor so-widget-sow-editor-base\"\n\t\t\t\n\t\t>\n<div class=\"siteorigin-widget-tinymce textwidget\">\n\t<h2>Repr\u00e9sentant ind\u00e9pendant<\/h2>\n<p>Vous \u00eates un repr\u00e9sentant ind\u00e9pendant, vous souhaitez contribuer \u00e0 un futur plus beau et plus respectueux de l&rsquo;environnement, alors vous \u00eates au bon endroit. Nous donnons une belle commission pour chaque produit vendu, nous r\u00e9percutons \u00e9galement les clients qui nous ont contact\u00e9s par notre site pour un devis. Nous mendions partout en Belgique &#8211; Pays-Bas et Luxembourg, vous choisissez donc votre r\u00e9gion si elle est encore disponible. <\/p>\n<p><a href=\"https:\/\/www.qevsolutions.be\/fr\/contact\/\">Contactez-nous rapidement.<\/a><\/p>\n<\/div>\n<\/div><\/div><\/div><\/div><div id=\"pgc-gb1054-69f9d9f5edd90-2-1\"  class=\"panel-grid-cell\" ><div id=\"panel-gb1054-69f9d9f5edd90-2-1-0\" class=\"so-panel widget widget_sow-image panel-first-child panel-last-child\" data-index=\"4\" ><div\n\t\t\t\n\t\t\tclass=\"so-widget-sow-image so-widget-sow-image-default-8b5b6f678277-1054\"\n\t\t\t\n\t\t>\n<div class=\"sow-image-container\">\n\t\t<img \n\tsrc=\"https:\/\/www.qevsolutions.be\/wp-content\/uploads\/2022\/02\/qev-solutions-laadpassen.webp\" width=\"1900\" height=\"1267\" srcset=\"https:\/\/www.qevsolutions.be\/wp-content\/uploads\/2022\/02\/qev-solutions-laadpassen.webp 1900w, https:\/\/www.qevsolutions.be\/wp-content\/uploads\/2022\/02\/qev-solutions-laadpassen-600x400.webp 600w, https:\/\/www.qevsolutions.be\/wp-content\/uploads\/2022\/02\/qev-solutions-laadpassen-300x200.webp 300w, https:\/\/www.qevsolutions.be\/wp-content\/uploads\/2022\/02\/qev-solutions-laadpassen-1024x683.webp 1024w, https:\/\/www.qevsolutions.be\/wp-content\/uploads\/2022\/02\/qev-solutions-laadpassen-768x512.webp 768w, https:\/\/www.qevsolutions.be\/wp-content\/uploads\/2022\/02\/qev-solutions-laadpassen-1536x1024.webp 1536w, https:\/\/www.qevsolutions.be\/wp-content\/uploads\/2022\/02\/qev-solutions-laadpassen-272x182.webp 272w\" sizes=\"(max-width: 1900px) 100vw, 1900px\" alt=\"Zelfstandige vertegenwoordiger worden bij Q. EV Solutions\" \t\tclass=\"so-widget-image\"\/>\n\t<\/div>\n\n<\/div><\/div><\/div><\/div><\/div><\/div>","protected":false},"excerpt":{"rendered":"<p>Emplois Technicien ind\u00e9pendant Vous \u00eates \u00e9lectricien ind\u00e9pendant, vous ne faites pas encore de bornes de recharge? Nous vous offrons un futur en tant que partenaire de notre entreprise. Vous achetez les bornes de recharge pour vos clients directement aupr\u00e8s du grossiste Q EV solutions et distributions. Nous vous transmettons nos clients qui viennent par le [&hellip;]<\/p>\n","protected":false},"author":1,"featured_media":0,"parent":0,"menu_order":0,"comment_status":"closed","ping_status":"closed","template":"","meta":{"footnotes":""},"class_list":["post-1054","page","type-page","status-publish","hentry"],"yoast_head":"<!-- This site is optimized with the Yoast SEO plugin v27.5 - https:\/\/yoast.com\/product\/yoast-seo-wordpress\/ -->\n<title>Emplois - Q.Ev. Solutions and distributions<\/title>\n<meta name=\"robots\" content=\"index, follow, max-snippet:-1, max-image-preview:large, max-video-preview:-1\" \/>\n<link rel=\"canonical\" href=\"https:\/\/www.qevsolutions.be\/fr\/emplois\/\" \/>\n<meta property=\"og:locale\" content=\"fr_FR\" \/>\n<meta property=\"og:type\" content=\"article\" \/>\n<meta property=\"og:title\" content=\"Emplois - Q.Ev. Solutions and distributions\" \/>\n<meta property=\"og:description\" content=\"Emplois Technicien ind\u00e9pendant Vous \u00eates \u00e9lectricien ind\u00e9pendant, vous ne faites pas encore de bornes de recharge? Nous vous offrons un futur en tant que partenaire de notre entreprise. Vous achetez les bornes de recharge pour vos clients directement aupr\u00e8s du grossiste Q EV solutions et distributions. Nous vous transmettons nos clients qui viennent par le [&hellip;]\" \/>\n<meta property=\"og:url\" content=\"https:\/\/www.qevsolutions.be\/fr\/emplois\/\" \/>\n<meta property=\"og:site_name\" content=\"Q.Ev. Solutions and distributions\" \/>\n<meta property=\"article:modified_time\" content=\"2022-04-14T09:14:08+00:00\" \/>\n<meta property=\"og:image\" content=\"https:\/\/www.qevsolutions.be\/wp-content\/uploads\/2022\/02\/login-qev-solutions.webp\" \/>\n<meta name=\"twitter:card\" content=\"summary_large_image\" \/>\n<meta name=\"twitter:label1\" content=\"Dur\u00e9e de lecture estim\u00e9e\" \/>\n\t<meta name=\"twitter:data1\" content=\"2 minutes\" \/>\n<script type=\"application\/ld+json\" class=\"yoast-schema-graph\">{\"@context\":\"https:\\\/\\\/schema.org\",\"@graph\":[{\"@type\":\"WebPage\",\"@id\":\"https:\\\/\\\/www.qevsolutions.be\\\/fr\\\/emplois\\\/\",\"url\":\"https:\\\/\\\/www.qevsolutions.be\\\/fr\\\/emplois\\\/\",\"name\":\"Emplois - Q.Ev. Solutions and distributions\",\"isPartOf\":{\"@id\":\"https:\\\/\\\/www.qevsolutions.be\\\/fr\\\/#website\"},\"primaryImageOfPage\":{\"@id\":\"https:\\\/\\\/www.qevsolutions.be\\\/fr\\\/emplois\\\/#primaryimage\"},\"image\":{\"@id\":\"https:\\\/\\\/www.qevsolutions.be\\\/fr\\\/emplois\\\/#primaryimage\"},\"thumbnailUrl\":\"https:\\\/\\\/www.qevsolutions.be\\\/wp-content\\\/uploads\\\/2022\\\/02\\\/login-qev-solutions.webp\",\"datePublished\":\"2022-03-02T08:43:19+00:00\",\"dateModified\":\"2022-04-14T09:14:08+00:00\",\"breadcrumb\":{\"@id\":\"https:\\\/\\\/www.qevsolutions.be\\\/fr\\\/emplois\\\/#breadcrumb\"},\"inLanguage\":\"fr-FR\",\"potentialAction\":[{\"@type\":\"ReadAction\",\"target\":[\"https:\\\/\\\/www.qevsolutions.be\\\/fr\\\/emplois\\\/\"]}]},{\"@type\":\"ImageObject\",\"inLanguage\":\"fr-FR\",\"@id\":\"https:\\\/\\\/www.qevsolutions.be\\\/fr\\\/emplois\\\/#primaryimage\",\"url\":\"https:\\\/\\\/www.qevsolutions.be\\\/wp-content\\\/uploads\\\/2022\\\/02\\\/login-qev-solutions.webp\",\"contentUrl\":\"https:\\\/\\\/www.qevsolutions.be\\\/wp-content\\\/uploads\\\/2022\\\/02\\\/login-qev-solutions.webp\"},{\"@type\":\"BreadcrumbList\",\"@id\":\"https:\\\/\\\/www.qevsolutions.be\\\/fr\\\/emplois\\\/#breadcrumb\",\"itemListElement\":[{\"@type\":\"ListItem\",\"position\":1,\"name\":\"Home\",\"item\":\"https:\\\/\\\/www.qevsolutions.be\\\/fr\\\/\"},{\"@type\":\"ListItem\",\"position\":2,\"name\":\"Emplois\"}]},{\"@type\":\"WebSite\",\"@id\":\"https:\\\/\\\/www.qevsolutions.be\\\/fr\\\/#website\",\"url\":\"https:\\\/\\\/www.qevsolutions.be\\\/fr\\\/\",\"name\":\"Q.Ev. Solutions and distributions\",\"description\":\"\",\"potentialAction\":[{\"@type\":\"SearchAction\",\"target\":{\"@type\":\"EntryPoint\",\"urlTemplate\":\"https:\\\/\\\/www.qevsolutions.be\\\/fr\\\/?s={search_term_string}\"},\"query-input\":{\"@type\":\"PropertyValueSpecification\",\"valueRequired\":true,\"valueName\":\"search_term_string\"}}],\"inLanguage\":\"fr-FR\"}]}<\/script>\n<!-- \/ Yoast SEO plugin. -->","yoast_head_json":{"title":"Emplois - Q.Ev. Solutions and distributions","robots":{"index":"index","follow":"follow","max-snippet":"max-snippet:-1","max-image-preview":"max-image-preview:large","max-video-preview":"max-video-preview:-1"},"canonical":"https:\/\/www.qevsolutions.be\/fr\/emplois\/","og_locale":"fr_FR","og_type":"article","og_title":"Emplois - Q.Ev. Solutions and distributions","og_description":"Emplois Technicien ind\u00e9pendant Vous \u00eates \u00e9lectricien ind\u00e9pendant, vous ne faites pas encore de bornes de recharge? Nous vous offrons un futur en tant que partenaire de notre entreprise. Vous achetez les bornes de recharge pour vos clients directement aupr\u00e8s du grossiste Q EV solutions et distributions. Nous vous transmettons nos clients qui viennent par le [&hellip;]","og_url":"https:\/\/www.qevsolutions.be\/fr\/emplois\/","og_site_name":"Q.Ev. Solutions and distributions","article_modified_time":"2022-04-14T09:14:08+00:00","og_image":[{"url":"https:\/\/www.qevsolutions.be\/wp-content\/uploads\/2022\/02\/login-qev-solutions.webp","type":"","width":"","height":""}],"twitter_card":"summary_large_image","twitter_misc":{"Dur\u00e9e de lecture estim\u00e9e":"2 minutes"},"schema":{"@context":"https:\/\/schema.org","@graph":[{"@type":"WebPage","@id":"https:\/\/www.qevsolutions.be\/fr\/emplois\/","url":"https:\/\/www.qevsolutions.be\/fr\/emplois\/","name":"Emplois - Q.Ev. Solutions and distributions","isPartOf":{"@id":"https:\/\/www.qevsolutions.be\/fr\/#website"},"primaryImageOfPage":{"@id":"https:\/\/www.qevsolutions.be\/fr\/emplois\/#primaryimage"},"image":{"@id":"https:\/\/www.qevsolutions.be\/fr\/emplois\/#primaryimage"},"thumbnailUrl":"https:\/\/www.qevsolutions.be\/wp-content\/uploads\/2022\/02\/login-qev-solutions.webp","datePublished":"2022-03-02T08:43:19+00:00","dateModified":"2022-04-14T09:14:08+00:00","breadcrumb":{"@id":"https:\/\/www.qevsolutions.be\/fr\/emplois\/#breadcrumb"},"inLanguage":"fr-FR","potentialAction":[{"@type":"ReadAction","target":["https:\/\/www.qevsolutions.be\/fr\/emplois\/"]}]},{"@type":"ImageObject","inLanguage":"fr-FR","@id":"https:\/\/www.qevsolutions.be\/fr\/emplois\/#primaryimage","url":"https:\/\/www.qevsolutions.be\/wp-content\/uploads\/2022\/02\/login-qev-solutions.webp","contentUrl":"https:\/\/www.qevsolutions.be\/wp-content\/uploads\/2022\/02\/login-qev-solutions.webp"},{"@type":"BreadcrumbList","@id":"https:\/\/www.qevsolutions.be\/fr\/emplois\/#breadcrumb","itemListElement":[{"@type":"ListItem","position":1,"name":"Home","item":"https:\/\/www.qevsolutions.be\/fr\/"},{"@type":"ListItem","position":2,"name":"Emplois"}]},{"@type":"WebSite","@id":"https:\/\/www.qevsolutions.be\/fr\/#website","url":"https:\/\/www.qevsolutions.be\/fr\/","name":"Q.Ev. Solutions and distributions","description":"","potentialAction":[{"@type":"SearchAction","target":{"@type":"EntryPoint","urlTemplate":"https:\/\/www.qevsolutions.be\/fr\/?s={search_term_string}"},"query-input":{"@type":"PropertyValueSpecification","valueRequired":true,"valueName":"search_term_string"}}],"inLanguage":"fr-FR"}]}},"_links":{"self":[{"href":"https:\/\/www.qevsolutions.be\/fr\/wp-json\/wp\/v2\/pages\/1054","targetHints":{"allow":["GET"]}}],"collection":[{"href":"https:\/\/www.qevsolutions.be\/fr\/wp-json\/wp\/v2\/pages"}],"about":[{"href":"https:\/\/www.qevsolutions.be\/fr\/wp-json\/wp\/v2\/types\/page"}],"author":[{"embeddable":true,"href":"https:\/\/www.qevsolutions.be\/fr\/wp-json\/wp\/v2\/users\/1"}],"replies":[{"embeddable":true,"href":"https:\/\/www.qevsolutions.be\/fr\/wp-json\/wp\/v2\/comments?post=1054"}],"version-history":[{"count":3,"href":"https:\/\/www.qevsolutions.be\/fr\/wp-json\/wp\/v2\/pages\/1054\/revisions"}],"predecessor-version":[{"id":1247,"href":"https:\/\/www.qevsolutions.be\/fr\/wp-json\/wp\/v2\/pages\/1054\/revisions\/1247"}],"wp:attachment":[{"href":"https:\/\/www.qevsolutions.be\/fr\/wp-json\/wp\/v2\/media?parent=1054"}],"curies":[{"name":"wp","href":"https:\/\/api.w.org\/{rel}","templated":true}]}}