{"id":1049,"date":"2022-02-16T10:37:40","date_gmt":"2022-02-16T09:37:40","guid":{"rendered":"https:\/\/www.qevsolutions.be\/?page_id=1049"},"modified":"2022-04-14T08:48:26","modified_gmt":"2022-04-14T07:48:26","slug":"conditions-de-facturation","status":"publish","type":"page","link":"https:\/\/www.qevsolutions.be\/fr\/conditions-de-facturation\/","title":{"rendered":"Conditions de facturation"},"content":{"rendered":"<div id=\"pl-gb1049-69f18b6b2b9fb\"  class=\"panel-layout\" ><div id=\"pg-gb1049-69f18b6b2b9fb-0\"  class=\"panel-grid panel-has-style\" ><div class=\"banner bannerpage siteorigin-panels-stretch lazy rocket-lazyload panel-row-style panel-row-style-for-gb1049-69f18b6b2b9fb-0\" data-stretch-type=\"full\" data-bg=\"https:\/\/www.qevsolutions.be\/wp-content\/uploads\/2022\/01\/laadpalen-qevsolutions.webp\" ><div id=\"pgc-gb1049-69f18b6b2b9fb-0-0\"  class=\"panel-grid-cell\" ><div id=\"panel-gb1049-69f18b6b2b9fb-0-0-0\" class=\"so-panel widget widget_sow-editor panel-first-child panel-last-child\" data-index=\"0\" ><div\n\t\t\t\n\t\t\tclass=\"so-widget-sow-editor so-widget-sow-editor-base\"\n\t\t\t\n\t\t>\n<div class=\"siteorigin-widget-tinymce textwidget\">\n\t<h1 style=\"text-align: center;\">Conditions de facturation<\/h1>\n<\/div>\n<\/div><\/div><\/div><\/div><\/div><div id=\"pg-gb1049-69f18b6b2b9fb-1\"  class=\"panel-grid panel-has-style\" ><div class=\"rij1_voorwaarden rij1 panel-row-style panel-row-style-for-gb1049-69f18b6b2b9fb-1\" ><div id=\"pgc-gb1049-69f18b6b2b9fb-1-0\"  class=\"panel-grid-cell\" ><div id=\"panel-gb1049-69f18b6b2b9fb-1-0-0\" class=\"so-panel widget widget_sow-editor panel-first-child\" data-index=\"1\" ><div\n\t\t\t\n\t\t\tclass=\"so-widget-sow-editor so-widget-sow-editor-base\"\n\t\t\t\n\t\t>\n<div class=\"siteorigin-widget-tinymce textwidget\">\n\t<h2>Professionnels<\/h2>\n<p>1. Les devis ou offres de prix ne sont valables que s&rsquo;ils sont accept\u00e9s dans les 15 jours suivant la date qui y est indiqu\u00e9e par la signature du contrat.<\/p>\n<p>Par la signature d&rsquo;un contrat, le client accepte les conditions g\u00e9n\u00e9rales stipul\u00e9es ci-dessous.<\/p>\n<p>Les conditions contraires ne sont valables que si elles sont express\u00e9ment confirm\u00e9es par \u00e9crit par le vendeur.<\/p>\n<p>2. Toute contestation relative \u00e0 la facturation doit \u00eatre notifi\u00e9e par courrier recommand\u00e9 dans les 8 jours suivant sa r\u00e9ception.<\/p>\n<p>Toute protestation ult\u00e9rieure est consid\u00e9r\u00e9e comme irr\u00e9vocablement tardive et vaut acceptation des marchandises achet\u00e9es.<\/p>\n<p>3. Sauf indication contraire sur la facture, chaque paiement doit \u00eatre effectu\u00e9 dans les 15 jours suivant la r\u00e9ception de la facture.<\/p>\n<p>Les factures sont payables \u00e0 Lebbeke. Tout retard de paiement entra\u00eene un int\u00e9r\u00eat de retard de 8% par an sans qu&rsquo;une mise en demeure ne soit n\u00e9cessaire, et ce en plus d&rsquo;une indemnit\u00e9 forfaitaire de 10% calcul\u00e9e sur la somme principale TTC avec un minimum de 50 euros.<\/p>\n<p>4. Pour tous les litiges, les tribunaux de l&rsquo;arrondissement Est \u2013 d\u00e9partement Flandre Dendermonde sont seuls comp\u00e9tents. L&rsquo;application de la Convention de Vienne sur les ventes est express\u00e9ment exclue.<\/p>\n<\/div>\n<\/div><\/div><div id=\"panel-gb1049-69f18b6b2b9fb-1-0-1\" class=\"so-panel widget widget_sow-editor panel-last-child\" data-index=\"2\" ><div\n\t\t\t\n\t\t\tclass=\"so-widget-sow-editor so-widget-sow-editor-base\"\n\t\t\t\n\t\t>\n<div class=\"siteorigin-widget-tinymce textwidget\">\n\t<h2>Particuliers<\/h2>\n<p>1. Les devis ou offres de prix ne sont valables que s&rsquo;ils sont accept\u00e9s dans les 30 jours suivant la date qui y est indiqu\u00e9e par la signature du contrat.<\/p>\n<p>En signant un contrat, le client &#8211; \u00e9galement un particulier &#8211; accepte les conditions g\u00e9n\u00e9rales stipul\u00e9es ci-dessous.<\/p>\n<p>Les conditions contraires ne sont valables que si elles sont express\u00e9ment confirm\u00e9es par \u00e9crit par le contractant.<\/p>\n<p>2. Toute contestation relative \u00e0 la facturation doit \u00eatre notifi\u00e9e par courrier recommand\u00e9 dans les 8 jours suivant sa r\u00e9ception.<\/p>\n<p>Toute protestation ult\u00e9rieure est consid\u00e9r\u00e9e comme irr\u00e9vocablement tardive et vaut acceptation de l&rsquo;ex\u00e9cution des travaux.<\/p>\n<p>3. Sauf indication contraire sur la facture, chaque paiement doit \u00eatre effectu\u00e9 dans les 15 jours suivant la r\u00e9ception de la facture.<\/p>\n<p>Les factures sont payables \u00e0 Lebbeke. Tout retard de paiement entra\u00eene un int\u00e9r\u00eat de retard de 1% par mois sans qu&rsquo;une mise en demeure ne soit n\u00e9cessaire, et ce en plus d&rsquo;une indemnit\u00e9 forfaitaire de 10% calcul\u00e9e sur la somme principale TTC avec un minimum de 50 euros.<\/p>\n<p>4. Seuls le Tribunal de Premi\u00e8re Instance et le Tribunal de Commerce de Termonde sont comp\u00e9tents pour tout litige, \u00e0 moins que le contractant ne choisisse d&rsquo;appliquer les r\u00e8gles de droit commun.<\/p>\n<\/div>\n<\/div><\/div><\/div><\/div><\/div><\/div>","protected":false},"excerpt":{"rendered":"<p>Conditions de facturation Professionnels 1. Les devis ou offres de prix ne sont valables que s&rsquo;ils sont accept\u00e9s dans les 15 jours suivant la date qui y est indiqu\u00e9e par la signature du contrat. Par la signature d&rsquo;un contrat, le client accepte les conditions g\u00e9n\u00e9rales stipul\u00e9es ci-dessous. Les conditions contraires ne sont valables que si [&hellip;]<\/p>\n","protected":false},"author":1,"featured_media":0,"parent":0,"menu_order":0,"comment_status":"closed","ping_status":"closed","template":"","meta":{"footnotes":""},"class_list":["post-1049","page","type-page","status-publish","hentry"],"yoast_head":"<!-- This site is optimized with the Yoast SEO plugin v27.3 - https:\/\/yoast.com\/product\/yoast-seo-wordpress\/ -->\n<title>Conditions de facturation - Q.Ev. Solutions and distributions<\/title>\n<meta name=\"robots\" content=\"index, follow, max-snippet:-1, max-image-preview:large, max-video-preview:-1\" \/>\n<link rel=\"canonical\" href=\"https:\/\/www.qevsolutions.be\/fr\/conditions-de-facturation\/\" \/>\n<meta property=\"og:locale\" content=\"fr_FR\" \/>\n<meta property=\"og:type\" content=\"article\" \/>\n<meta property=\"og:title\" content=\"Conditions de facturation - Q.Ev. Solutions and distributions\" \/>\n<meta property=\"og:description\" content=\"Conditions de facturation Professionnels 1. Les devis ou offres de prix ne sont valables que s&#039;ils sont accept\u00e9s dans les 15 jours suivant la date qui y est indiqu\u00e9e par la signature du contrat. Par la signature d&#039;un contrat, le client accepte les conditions g\u00e9n\u00e9rales stipul\u00e9es ci-dessous. Les conditions contraires ne sont valables que si [&hellip;]\" \/>\n<meta property=\"og:url\" content=\"https:\/\/www.qevsolutions.be\/fr\/conditions-de-facturation\/\" \/>\n<meta property=\"og:site_name\" content=\"Q.Ev. Solutions and distributions\" \/>\n<meta property=\"article:modified_time\" content=\"2022-04-14T07:48:26+00:00\" \/>\n<meta name=\"twitter:card\" content=\"summary_large_image\" \/>\n<meta name=\"twitter:label1\" content=\"Dur\u00e9e de lecture estim\u00e9e\" \/>\n\t<meta name=\"twitter:data1\" content=\"2 minutes\" \/>\n<script type=\"application\/ld+json\" class=\"yoast-schema-graph\">{\"@context\":\"https:\\\/\\\/schema.org\",\"@graph\":[{\"@type\":\"WebPage\",\"@id\":\"https:\\\/\\\/www.qevsolutions.be\\\/fr\\\/conditions-de-facturation\\\/\",\"url\":\"https:\\\/\\\/www.qevsolutions.be\\\/fr\\\/conditions-de-facturation\\\/\",\"name\":\"Conditions de facturation - Q.Ev. Solutions and distributions\",\"isPartOf\":{\"@id\":\"https:\\\/\\\/www.qevsolutions.be\\\/fr\\\/#website\"},\"datePublished\":\"2022-02-16T09:37:40+00:00\",\"dateModified\":\"2022-04-14T07:48:26+00:00\",\"breadcrumb\":{\"@id\":\"https:\\\/\\\/www.qevsolutions.be\\\/fr\\\/conditions-de-facturation\\\/#breadcrumb\"},\"inLanguage\":\"fr-FR\",\"potentialAction\":[{\"@type\":\"ReadAction\",\"target\":[\"https:\\\/\\\/www.qevsolutions.be\\\/fr\\\/conditions-de-facturation\\\/\"]}]},{\"@type\":\"BreadcrumbList\",\"@id\":\"https:\\\/\\\/www.qevsolutions.be\\\/fr\\\/conditions-de-facturation\\\/#breadcrumb\",\"itemListElement\":[{\"@type\":\"ListItem\",\"position\":1,\"name\":\"Home\",\"item\":\"https:\\\/\\\/www.qevsolutions.be\\\/fr\\\/\"},{\"@type\":\"ListItem\",\"position\":2,\"name\":\"Conditions de facturation\"}]},{\"@type\":\"WebSite\",\"@id\":\"https:\\\/\\\/www.qevsolutions.be\\\/fr\\\/#website\",\"url\":\"https:\\\/\\\/www.qevsolutions.be\\\/fr\\\/\",\"name\":\"Q.Ev. Solutions and distributions\",\"description\":\"\",\"potentialAction\":[{\"@type\":\"SearchAction\",\"target\":{\"@type\":\"EntryPoint\",\"urlTemplate\":\"https:\\\/\\\/www.qevsolutions.be\\\/fr\\\/?s={search_term_string}\"},\"query-input\":{\"@type\":\"PropertyValueSpecification\",\"valueRequired\":true,\"valueName\":\"search_term_string\"}}],\"inLanguage\":\"fr-FR\"}]}<\/script>\n<!-- \/ Yoast SEO plugin. -->","yoast_head_json":{"title":"Conditions de facturation - Q.Ev. Solutions and distributions","robots":{"index":"index","follow":"follow","max-snippet":"max-snippet:-1","max-image-preview":"max-image-preview:large","max-video-preview":"max-video-preview:-1"},"canonical":"https:\/\/www.qevsolutions.be\/fr\/conditions-de-facturation\/","og_locale":"fr_FR","og_type":"article","og_title":"Conditions de facturation - Q.Ev. Solutions and distributions","og_description":"Conditions de facturation Professionnels 1. Les devis ou offres de prix ne sont valables que s'ils sont accept\u00e9s dans les 15 jours suivant la date qui y est indiqu\u00e9e par la signature du contrat. Par la signature d'un contrat, le client accepte les conditions g\u00e9n\u00e9rales stipul\u00e9es ci-dessous. Les conditions contraires ne sont valables que si [&hellip;]","og_url":"https:\/\/www.qevsolutions.be\/fr\/conditions-de-facturation\/","og_site_name":"Q.Ev. Solutions and distributions","article_modified_time":"2022-04-14T07:48:26+00:00","twitter_card":"summary_large_image","twitter_misc":{"Dur\u00e9e de lecture estim\u00e9e":"2 minutes"},"schema":{"@context":"https:\/\/schema.org","@graph":[{"@type":"WebPage","@id":"https:\/\/www.qevsolutions.be\/fr\/conditions-de-facturation\/","url":"https:\/\/www.qevsolutions.be\/fr\/conditions-de-facturation\/","name":"Conditions de facturation - Q.Ev. Solutions and distributions","isPartOf":{"@id":"https:\/\/www.qevsolutions.be\/fr\/#website"},"datePublished":"2022-02-16T09:37:40+00:00","dateModified":"2022-04-14T07:48:26+00:00","breadcrumb":{"@id":"https:\/\/www.qevsolutions.be\/fr\/conditions-de-facturation\/#breadcrumb"},"inLanguage":"fr-FR","potentialAction":[{"@type":"ReadAction","target":["https:\/\/www.qevsolutions.be\/fr\/conditions-de-facturation\/"]}]},{"@type":"BreadcrumbList","@id":"https:\/\/www.qevsolutions.be\/fr\/conditions-de-facturation\/#breadcrumb","itemListElement":[{"@type":"ListItem","position":1,"name":"Home","item":"https:\/\/www.qevsolutions.be\/fr\/"},{"@type":"ListItem","position":2,"name":"Conditions de facturation"}]},{"@type":"WebSite","@id":"https:\/\/www.qevsolutions.be\/fr\/#website","url":"https:\/\/www.qevsolutions.be\/fr\/","name":"Q.Ev. Solutions and distributions","description":"","potentialAction":[{"@type":"SearchAction","target":{"@type":"EntryPoint","urlTemplate":"https:\/\/www.qevsolutions.be\/fr\/?s={search_term_string}"},"query-input":{"@type":"PropertyValueSpecification","valueRequired":true,"valueName":"search_term_string"}}],"inLanguage":"fr-FR"}]}},"_links":{"self":[{"href":"https:\/\/www.qevsolutions.be\/fr\/wp-json\/wp\/v2\/pages\/1049","targetHints":{"allow":["GET"]}}],"collection":[{"href":"https:\/\/www.qevsolutions.be\/fr\/wp-json\/wp\/v2\/pages"}],"about":[{"href":"https:\/\/www.qevsolutions.be\/fr\/wp-json\/wp\/v2\/types\/page"}],"author":[{"embeddable":true,"href":"https:\/\/www.qevsolutions.be\/fr\/wp-json\/wp\/v2\/users\/1"}],"replies":[{"embeddable":true,"href":"https:\/\/www.qevsolutions.be\/fr\/wp-json\/wp\/v2\/comments?post=1049"}],"version-history":[{"count":4,"href":"https:\/\/www.qevsolutions.be\/fr\/wp-json\/wp\/v2\/pages\/1049\/revisions"}],"predecessor-version":[{"id":1237,"href":"https:\/\/www.qevsolutions.be\/fr\/wp-json\/wp\/v2\/pages\/1049\/revisions\/1237"}],"wp:attachment":[{"href":"https:\/\/www.qevsolutions.be\/fr\/wp-json\/wp\/v2\/media?parent=1049"}],"curies":[{"name":"wp","href":"https:\/\/api.w.org\/{rel}","templated":true}]}}